{"id":469,"date":"2024-09-24T06:43:03","date_gmt":"2024-09-24T06:43:03","guid":{"rendered":"https:\/\/1xbets.plus\/vi\/?page_id=469"},"modified":"2025-02-09T10:09:46","modified_gmt":"2025-02-09T10:09:46","slug":"app","status":"publish","type":"page","link":"https:\/\/1xbets.plus\/vi\/app\/","title":{"rendered":"\u1ee8ng d\u1ee5ng"},"content":{"rendered":"","protected":false},"excerpt":{"rendered":"","protected":false},"author":1,"featured_media":0,"parent":0,"menu_order":0,"comment_status":"closed","ping_status":"closed","template":"","meta":{"footnotes":""},"class_list":["post-469","page","type-page","status-publish","hentry"],"yoast_head":"<!-- This site is optimized with the Yoast SEO plugin v26.2 - https:\/\/yoast.com\/wordpress\/plugins\/seo\/ -->\n<title>1xBet \u1ee8ng d\u1ee5ng \u25b6\ufe0f T\u1ea3i xu\u1ed1ng mi\u1ec5n ph\u00ed cho Android v\u00e0 iOS<\/title>\n<meta name=\"description\" content=\"C\u00e1ch t\u1ea3i xu\u1ed1ng v\u00e0 c\u00e0i \u0111\u1eb7t phi\u00ean b\u1ea3n m\u1edbi nh\u1ea5t c\u1ee7a \u1ee9ng d\u1ee5ng 1xBet Vi\u1ec7t Nam cho \u0111i\u1ec7n tho\u1ea1i di \u0111\u1ed9ng ho\u1eb7c m\u00e1y t\u00ednh b\u1ea3ng c\u1ee7a b\u1ea1n | Kh\u00e1m ph\u00e1 t\u1ea5t c\u1ea3 c\u00e1c t\u00ednh n\u0103ng c\u1ee7a \u1ee8ng d\u1ee5ng 1xBet v\u00e0 Ti\u1ec1n th\u01b0\u1edfng &amp; Khuy\u1ebfn m\u00e3i tr\u00ean thi\u1ebft b\u1ecb di \u0111\u1ed9ng 1xBet | C\u00e1 c\u01b0\u1ee3c th\u1ec3 thao v\u00e0 s\u00f2ng b\u1ea1c trong \u1ee8ng d\u1ee5ng di \u0111\u1ed9ng 1xBet\" \/>\n<meta name=\"robots\" content=\"index, follow, max-snippet:-1, max-image-preview:large, max-video-preview:-1\" \/>\n<meta property=\"og:locale\" content=\"vi_VN\" \/>\n<meta property=\"og:type\" content=\"article\" \/>\n<meta property=\"og:title\" content=\"1xBet \u1ee8ng d\u1ee5ng \u25b6\ufe0f T\u1ea3i xu\u1ed1ng mi\u1ec5n ph\u00ed cho Android v\u00e0 iOS\" \/>\n<meta property=\"og:description\" content=\"C\u00e1ch t\u1ea3i xu\u1ed1ng v\u00e0 c\u00e0i \u0111\u1eb7t phi\u00ean b\u1ea3n m\u1edbi nh\u1ea5t c\u1ee7a \u1ee9ng d\u1ee5ng 1xBet Vi\u1ec7t Nam cho \u0111i\u1ec7n tho\u1ea1i di \u0111\u1ed9ng ho\u1eb7c m\u00e1y t\u00ednh b\u1ea3ng c\u1ee7a b\u1ea1n | Kh\u00e1m ph\u00e1 t\u1ea5t c\u1ea3 c\u00e1c t\u00ednh n\u0103ng c\u1ee7a \u1ee8ng d\u1ee5ng 1xBet v\u00e0 Ti\u1ec1n th\u01b0\u1edfng &amp; Khuy\u1ebfn m\u00e3i tr\u00ean thi\u1ebft b\u1ecb di \u0111\u1ed9ng 1xBet | C\u00e1 c\u01b0\u1ee3c th\u1ec3 thao v\u00e0 s\u00f2ng b\u1ea1c trong \u1ee8ng d\u1ee5ng di \u0111\u1ed9ng 1xBet\" \/>\n<meta property=\"og:url\" content=\"https:\/\/1xbets.plus\/vi\/app\/\" \/>\n<meta property=\"og:site_name\" content=\"1xbet Boost vi\" \/>\n<meta property=\"article:modified_time\" content=\"2025-02-09T10:09:46+00:00\" \/>\n<meta name=\"twitter:card\" content=\"summary_large_image\" \/>\n<script type=\"application\/ld+json\" class=\"yoast-schema-graph\">{\"@context\":\"https:\/\/schema.org\",\"@graph\":[{\"@type\":\"WebPage\",\"@id\":\"https:\/\/1xbets.plus\/vi\/app\/\",\"url\":\"https:\/\/1xbets.plus\/vi\/app\/\",\"name\":\"1xBet \u1ee8ng d\u1ee5ng \u25b6\ufe0f T\u1ea3i xu\u1ed1ng mi\u1ec5n ph\u00ed cho Android v\u00e0 iOS\",\"isPartOf\":{\"@id\":\"https:\/\/1xbets.plus\/vi\/#website\"},\"datePublished\":\"2024-09-24T06:43:03+00:00\",\"dateModified\":\"2025-02-09T10:09:46+00:00\",\"description\":\"C\u00e1ch t\u1ea3i xu\u1ed1ng v\u00e0 c\u00e0i \u0111\u1eb7t phi\u00ean b\u1ea3n m\u1edbi nh\u1ea5t c\u1ee7a \u1ee9ng d\u1ee5ng 1xBet Vi\u1ec7t Nam cho \u0111i\u1ec7n tho\u1ea1i di \u0111\u1ed9ng ho\u1eb7c m\u00e1y t\u00ednh b\u1ea3ng c\u1ee7a b\u1ea1n | Kh\u00e1m ph\u00e1 t\u1ea5t c\u1ea3 c\u00e1c t\u00ednh n\u0103ng c\u1ee7a \u1ee8ng d\u1ee5ng 1xBet v\u00e0 Ti\u1ec1n th\u01b0\u1edfng & Khuy\u1ebfn m\u00e3i tr\u00ean thi\u1ebft b\u1ecb di \u0111\u1ed9ng 1xBet | C\u00e1 c\u01b0\u1ee3c th\u1ec3 thao v\u00e0 s\u00f2ng b\u1ea1c trong \u1ee8ng d\u1ee5ng di \u0111\u1ed9ng 1xBet\",\"inLanguage\":\"vi\",\"potentialAction\":[{\"@type\":\"ReadAction\",\"target\":[\"https:\/\/1xbets.plus\/vi\/app\/\"]}]},{\"@type\":\"WebSite\",\"@id\":\"https:\/\/1xbets.plus\/vi\/#website\",\"url\":\"https:\/\/1xbets.plus\/vi\/\",\"name\":\"1xbet Boost vi\",\"description\":\"My WordPress Blog\",\"potentialAction\":[{\"@type\":\"SearchAction\",\"target\":{\"@type\":\"EntryPoint\",\"urlTemplate\":\"https:\/\/1xbets.plus\/vi\/?s={search_term_string}\"},\"query-input\":{\"@type\":\"PropertyValueSpecification\",\"valueRequired\":true,\"valueName\":\"search_term_string\"}}],\"inLanguage\":\"vi\"}]}<\/script>\n<!-- \/ Yoast SEO plugin. -->","yoast_head_json":{"title":"1xBet \u1ee8ng d\u1ee5ng \u25b6\ufe0f T\u1ea3i xu\u1ed1ng mi\u1ec5n ph\u00ed cho Android v\u00e0 iOS","description":"C\u00e1ch t\u1ea3i xu\u1ed1ng v\u00e0 c\u00e0i \u0111\u1eb7t phi\u00ean b\u1ea3n m\u1edbi nh\u1ea5t c\u1ee7a \u1ee9ng d\u1ee5ng 1xBet Vi\u1ec7t Nam cho \u0111i\u1ec7n tho\u1ea1i di \u0111\u1ed9ng ho\u1eb7c m\u00e1y t\u00ednh b\u1ea3ng c\u1ee7a b\u1ea1n | Kh\u00e1m ph\u00e1 t\u1ea5t c\u1ea3 c\u00e1c t\u00ednh n\u0103ng c\u1ee7a \u1ee8ng d\u1ee5ng 1xBet v\u00e0 Ti\u1ec1n th\u01b0\u1edfng & Khuy\u1ebfn m\u00e3i tr\u00ean thi\u1ebft b\u1ecb di \u0111\u1ed9ng 1xBet | C\u00e1 c\u01b0\u1ee3c th\u1ec3 thao v\u00e0 s\u00f2ng b\u1ea1c trong \u1ee8ng d\u1ee5ng di \u0111\u1ed9ng 1xBet","robots":{"index":"index","follow":"follow","max-snippet":"max-snippet:-1","max-image-preview":"max-image-preview:large","max-video-preview":"max-video-preview:-1"},"og_locale":"vi_VN","og_type":"article","og_title":"1xBet \u1ee8ng d\u1ee5ng \u25b6\ufe0f T\u1ea3i xu\u1ed1ng mi\u1ec5n ph\u00ed cho Android v\u00e0 iOS","og_description":"C\u00e1ch t\u1ea3i xu\u1ed1ng v\u00e0 c\u00e0i \u0111\u1eb7t phi\u00ean b\u1ea3n m\u1edbi nh\u1ea5t c\u1ee7a \u1ee9ng d\u1ee5ng 1xBet Vi\u1ec7t Nam cho \u0111i\u1ec7n tho\u1ea1i di \u0111\u1ed9ng ho\u1eb7c m\u00e1y t\u00ednh b\u1ea3ng c\u1ee7a b\u1ea1n | Kh\u00e1m ph\u00e1 t\u1ea5t c\u1ea3 c\u00e1c t\u00ednh n\u0103ng c\u1ee7a \u1ee8ng d\u1ee5ng 1xBet v\u00e0 Ti\u1ec1n th\u01b0\u1edfng & Khuy\u1ebfn m\u00e3i tr\u00ean thi\u1ebft b\u1ecb di \u0111\u1ed9ng 1xBet | C\u00e1 c\u01b0\u1ee3c th\u1ec3 thao v\u00e0 s\u00f2ng b\u1ea1c trong \u1ee8ng d\u1ee5ng di \u0111\u1ed9ng 1xBet","og_url":"https:\/\/1xbets.plus\/vi\/app\/","og_site_name":"1xbet Boost vi","article_modified_time":"2025-02-09T10:09:46+00:00","twitter_card":"summary_large_image","schema":{"@context":"https:\/\/schema.org","@graph":[{"@type":"WebPage","@id":"https:\/\/1xbets.plus\/vi\/app\/","url":"https:\/\/1xbets.plus\/vi\/app\/","name":"1xBet \u1ee8ng d\u1ee5ng \u25b6\ufe0f T\u1ea3i xu\u1ed1ng mi\u1ec5n ph\u00ed cho Android v\u00e0 iOS","isPartOf":{"@id":"https:\/\/1xbets.plus\/vi\/#website"},"datePublished":"2024-09-24T06:43:03+00:00","dateModified":"2025-02-09T10:09:46+00:00","description":"C\u00e1ch t\u1ea3i xu\u1ed1ng v\u00e0 c\u00e0i \u0111\u1eb7t phi\u00ean b\u1ea3n m\u1edbi nh\u1ea5t c\u1ee7a \u1ee9ng d\u1ee5ng 1xBet Vi\u1ec7t Nam cho \u0111i\u1ec7n tho\u1ea1i di \u0111\u1ed9ng ho\u1eb7c m\u00e1y t\u00ednh b\u1ea3ng c\u1ee7a b\u1ea1n | Kh\u00e1m ph\u00e1 t\u1ea5t c\u1ea3 c\u00e1c t\u00ednh n\u0103ng c\u1ee7a \u1ee8ng d\u1ee5ng 1xBet v\u00e0 Ti\u1ec1n th\u01b0\u1edfng & Khuy\u1ebfn m\u00e3i tr\u00ean thi\u1ebft b\u1ecb di \u0111\u1ed9ng 1xBet | C\u00e1 c\u01b0\u1ee3c th\u1ec3 thao v\u00e0 s\u00f2ng b\u1ea1c trong \u1ee8ng d\u1ee5ng di \u0111\u1ed9ng 1xBet","inLanguage":"vi","potentialAction":[{"@type":"ReadAction","target":["https:\/\/1xbets.plus\/vi\/app\/"]}]},{"@type":"WebSite","@id":"https:\/\/1xbets.plus\/vi\/#website","url":"https:\/\/1xbets.plus\/vi\/","name":"1xbet Boost vi","description":"My WordPress Blog","potentialAction":[{"@type":"SearchAction","target":{"@type":"EntryPoint","urlTemplate":"https:\/\/1xbets.plus\/vi\/?s={search_term_string}"},"query-input":{"@type":"PropertyValueSpecification","valueRequired":true,"valueName":"search_term_string"}}],"inLanguage":"vi"}]}},"_links":{"self":[{"href":"https:\/\/1xbets.plus\/vi\/wp-json\/wp\/v2\/pages\/469","targetHints":{"allow":["GET"]}}],"collection":[{"href":"https:\/\/1xbets.plus\/vi\/wp-json\/wp\/v2\/pages"}],"about":[{"href":"https:\/\/1xbets.plus\/vi\/wp-json\/wp\/v2\/types\/page"}],"author":[{"embeddable":true,"href":"https:\/\/1xbets.plus\/vi\/wp-json\/wp\/v2\/users\/1"}],"replies":[{"embeddable":true,"href":"https:\/\/1xbets.plus\/vi\/wp-json\/wp\/v2\/comments?post=469"}],"version-history":[{"count":17,"href":"https:\/\/1xbets.plus\/vi\/wp-json\/wp\/v2\/pages\/469\/revisions"}],"predecessor-version":[{"id":596,"href":"https:\/\/1xbets.plus\/vi\/wp-json\/wp\/v2\/pages\/469\/revisions\/596"}],"wp:attachment":[{"href":"https:\/\/1xbets.plus\/vi\/wp-json\/wp\/v2\/media?parent=469"}],"curies":[{"name":"wp","href":"https:\/\/api.w.org\/{rel}","templated":true}]}}