{"id":466,"date":"2024-09-24T06:36:26","date_gmt":"2024-09-24T06:36:26","guid":{"rendered":"https:\/\/1xbets.plus\/vi\/?page_id=466"},"modified":"2025-02-09T12:43:01","modified_gmt":"2025-02-09T12:43:01","slug":"promo-code","status":"publish","type":"page","link":"https:\/\/1xbets.plus\/vi\/promo-code\/","title":{"rendered":"M\u00e3 khuy\u1ebfn m\u00e3i"},"content":{"rendered":"","protected":false},"excerpt":{"rendered":"","protected":false},"author":1,"featured_media":0,"parent":0,"menu_order":0,"comment_status":"closed","ping_status":"closed","template":"","meta":{"footnotes":""},"class_list":["post-466","page","type-page","status-publish","hentry"],"yoast_head":"<!-- This site is optimized with the Yoast SEO plugin v26.2 - https:\/\/yoast.com\/wordpress\/plugins\/seo\/ -->\n<title>1xBet M\u00e3 khuy\u1ebfn m\u1ea1i 2025 \u2b50\ufe0f T\u1ea5t c\u1ea3 m\u00e3 khuy\u1ebfn m\u00e3i v\u00e0 m\u00e3 th\u01b0\u1edfng<\/title>\n<meta name=\"description\" content=\"Nh\u1eadp m\u00e3 th\u01b0\u1edfng 1xBet Vi\u1ec7t Nam v\u00e0o m\u1eabu \u0111\u0103ng k\u00fd v\u00e0 nh\u1eadn th\u00eam ti\u1ec1n th\u01b0\u1edfng tr\u00ean trang 1xBet \u27a5 M\u00e3 khuy\u1ebfn m\u00e3i 1xBet mang \u0111\u1ebfn cho b\u1ea1n c\u01a1 h\u1ed9i nh\u1eadn \u0111\u01b0\u1ee3c ph\u1ea7n th\u01b0\u1edfng ch\u00e0o m\u1eebng th\u1ec3 thao \u0111\u1ed9c quy\u1ec1n | \u0110\u1ed5i \u0111i\u1ec3m th\u01b0\u1edfng l\u1ea5y m\u00e3 khuy\u1ebfn m\u00e3i 1xBet\" \/>\n<meta name=\"robots\" content=\"index, follow, max-snippet:-1, max-image-preview:large, max-video-preview:-1\" \/>\n<meta property=\"og:locale\" content=\"vi_VN\" \/>\n<meta property=\"og:type\" content=\"article\" \/>\n<meta property=\"og:title\" content=\"1xBet M\u00e3 khuy\u1ebfn m\u1ea1i 2025 \u2b50\ufe0f T\u1ea5t c\u1ea3 m\u00e3 khuy\u1ebfn m\u00e3i v\u00e0 m\u00e3 th\u01b0\u1edfng\" \/>\n<meta property=\"og:description\" content=\"Nh\u1eadp m\u00e3 th\u01b0\u1edfng 1xBet Vi\u1ec7t Nam v\u00e0o m\u1eabu \u0111\u0103ng k\u00fd v\u00e0 nh\u1eadn th\u00eam ti\u1ec1n th\u01b0\u1edfng tr\u00ean trang 1xBet \u27a5 M\u00e3 khuy\u1ebfn m\u00e3i 1xBet mang \u0111\u1ebfn cho b\u1ea1n c\u01a1 h\u1ed9i nh\u1eadn \u0111\u01b0\u1ee3c ph\u1ea7n th\u01b0\u1edfng ch\u00e0o m\u1eebng th\u1ec3 thao \u0111\u1ed9c quy\u1ec1n | \u0110\u1ed5i \u0111i\u1ec3m th\u01b0\u1edfng l\u1ea5y m\u00e3 khuy\u1ebfn m\u00e3i 1xBet\" \/>\n<meta property=\"og:url\" content=\"https:\/\/1xbets.plus\/vi\/promo-code\/\" \/>\n<meta property=\"og:site_name\" content=\"1xbet Boost vi\" \/>\n<meta property=\"article:modified_time\" content=\"2025-02-09T12:43:01+00:00\" \/>\n<meta name=\"twitter:card\" content=\"summary_large_image\" \/>\n<script type=\"application\/ld+json\" class=\"yoast-schema-graph\">{\"@context\":\"https:\/\/schema.org\",\"@graph\":[{\"@type\":\"WebPage\",\"@id\":\"https:\/\/1xbets.plus\/vi\/promo-code\/\",\"url\":\"https:\/\/1xbets.plus\/vi\/promo-code\/\",\"name\":\"1xBet M\u00e3 khuy\u1ebfn m\u1ea1i 2025 \u2b50\ufe0f T\u1ea5t c\u1ea3 m\u00e3 khuy\u1ebfn m\u00e3i v\u00e0 m\u00e3 th\u01b0\u1edfng\",\"isPartOf\":{\"@id\":\"https:\/\/1xbets.plus\/vi\/#website\"},\"datePublished\":\"2024-09-24T06:36:26+00:00\",\"dateModified\":\"2025-02-09T12:43:01+00:00\",\"description\":\"Nh\u1eadp m\u00e3 th\u01b0\u1edfng 1xBet Vi\u1ec7t Nam v\u00e0o m\u1eabu \u0111\u0103ng k\u00fd v\u00e0 nh\u1eadn th\u00eam ti\u1ec1n th\u01b0\u1edfng tr\u00ean trang 1xBet \u27a5 M\u00e3 khuy\u1ebfn m\u00e3i 1xBet mang \u0111\u1ebfn cho b\u1ea1n c\u01a1 h\u1ed9i nh\u1eadn \u0111\u01b0\u1ee3c ph\u1ea7n th\u01b0\u1edfng ch\u00e0o m\u1eebng th\u1ec3 thao \u0111\u1ed9c quy\u1ec1n | \u0110\u1ed5i \u0111i\u1ec3m th\u01b0\u1edfng l\u1ea5y m\u00e3 khuy\u1ebfn m\u00e3i 1xBet\",\"inLanguage\":\"vi\",\"potentialAction\":[{\"@type\":\"ReadAction\",\"target\":[\"https:\/\/1xbets.plus\/vi\/promo-code\/\"]}]},{\"@type\":\"WebSite\",\"@id\":\"https:\/\/1xbets.plus\/vi\/#website\",\"url\":\"https:\/\/1xbets.plus\/vi\/\",\"name\":\"1xbet Boost vi\",\"description\":\"My WordPress Blog\",\"potentialAction\":[{\"@type\":\"SearchAction\",\"target\":{\"@type\":\"EntryPoint\",\"urlTemplate\":\"https:\/\/1xbets.plus\/vi\/?s={search_term_string}\"},\"query-input\":{\"@type\":\"PropertyValueSpecification\",\"valueRequired\":true,\"valueName\":\"search_term_string\"}}],\"inLanguage\":\"vi\"}]}<\/script>\n<!-- \/ Yoast SEO plugin. -->","yoast_head_json":{"title":"1xBet M\u00e3 khuy\u1ebfn m\u1ea1i 2025 \u2b50\ufe0f T\u1ea5t c\u1ea3 m\u00e3 khuy\u1ebfn m\u00e3i v\u00e0 m\u00e3 th\u01b0\u1edfng","description":"Nh\u1eadp m\u00e3 th\u01b0\u1edfng 1xBet Vi\u1ec7t Nam v\u00e0o m\u1eabu \u0111\u0103ng k\u00fd v\u00e0 nh\u1eadn th\u00eam ti\u1ec1n th\u01b0\u1edfng tr\u00ean trang 1xBet \u27a5 M\u00e3 khuy\u1ebfn m\u00e3i 1xBet mang \u0111\u1ebfn cho b\u1ea1n c\u01a1 h\u1ed9i nh\u1eadn \u0111\u01b0\u1ee3c ph\u1ea7n th\u01b0\u1edfng ch\u00e0o m\u1eebng th\u1ec3 thao \u0111\u1ed9c quy\u1ec1n | \u0110\u1ed5i \u0111i\u1ec3m th\u01b0\u1edfng l\u1ea5y m\u00e3 khuy\u1ebfn m\u00e3i 1xBet","robots":{"index":"index","follow":"follow","max-snippet":"max-snippet:-1","max-image-preview":"max-image-preview:large","max-video-preview":"max-video-preview:-1"},"og_locale":"vi_VN","og_type":"article","og_title":"1xBet M\u00e3 khuy\u1ebfn m\u1ea1i 2025 \u2b50\ufe0f T\u1ea5t c\u1ea3 m\u00e3 khuy\u1ebfn m\u00e3i v\u00e0 m\u00e3 th\u01b0\u1edfng","og_description":"Nh\u1eadp m\u00e3 th\u01b0\u1edfng 1xBet Vi\u1ec7t Nam v\u00e0o m\u1eabu \u0111\u0103ng k\u00fd v\u00e0 nh\u1eadn th\u00eam ti\u1ec1n th\u01b0\u1edfng tr\u00ean trang 1xBet \u27a5 M\u00e3 khuy\u1ebfn m\u00e3i 1xBet mang \u0111\u1ebfn cho b\u1ea1n c\u01a1 h\u1ed9i nh\u1eadn \u0111\u01b0\u1ee3c ph\u1ea7n th\u01b0\u1edfng ch\u00e0o m\u1eebng th\u1ec3 thao \u0111\u1ed9c quy\u1ec1n | \u0110\u1ed5i \u0111i\u1ec3m th\u01b0\u1edfng l\u1ea5y m\u00e3 khuy\u1ebfn m\u00e3i 1xBet","og_url":"https:\/\/1xbets.plus\/vi\/promo-code\/","og_site_name":"1xbet Boost vi","article_modified_time":"2025-02-09T12:43:01+00:00","twitter_card":"summary_large_image","schema":{"@context":"https:\/\/schema.org","@graph":[{"@type":"WebPage","@id":"https:\/\/1xbets.plus\/vi\/promo-code\/","url":"https:\/\/1xbets.plus\/vi\/promo-code\/","name":"1xBet M\u00e3 khuy\u1ebfn m\u1ea1i 2025 \u2b50\ufe0f T\u1ea5t c\u1ea3 m\u00e3 khuy\u1ebfn m\u00e3i v\u00e0 m\u00e3 th\u01b0\u1edfng","isPartOf":{"@id":"https:\/\/1xbets.plus\/vi\/#website"},"datePublished":"2024-09-24T06:36:26+00:00","dateModified":"2025-02-09T12:43:01+00:00","description":"Nh\u1eadp m\u00e3 th\u01b0\u1edfng 1xBet Vi\u1ec7t Nam v\u00e0o m\u1eabu \u0111\u0103ng k\u00fd v\u00e0 nh\u1eadn th\u00eam ti\u1ec1n th\u01b0\u1edfng tr\u00ean trang 1xBet \u27a5 M\u00e3 khuy\u1ebfn m\u00e3i 1xBet mang \u0111\u1ebfn cho b\u1ea1n c\u01a1 h\u1ed9i nh\u1eadn \u0111\u01b0\u1ee3c ph\u1ea7n th\u01b0\u1edfng ch\u00e0o m\u1eebng th\u1ec3 thao \u0111\u1ed9c quy\u1ec1n | \u0110\u1ed5i \u0111i\u1ec3m th\u01b0\u1edfng l\u1ea5y m\u00e3 khuy\u1ebfn m\u00e3i 1xBet","inLanguage":"vi","potentialAction":[{"@type":"ReadAction","target":["https:\/\/1xbets.plus\/vi\/promo-code\/"]}]},{"@type":"WebSite","@id":"https:\/\/1xbets.plus\/vi\/#website","url":"https:\/\/1xbets.plus\/vi\/","name":"1xbet Boost vi","description":"My WordPress Blog","potentialAction":[{"@type":"SearchAction","target":{"@type":"EntryPoint","urlTemplate":"https:\/\/1xbets.plus\/vi\/?s={search_term_string}"},"query-input":{"@type":"PropertyValueSpecification","valueRequired":true,"valueName":"search_term_string"}}],"inLanguage":"vi"}]}},"_links":{"self":[{"href":"https:\/\/1xbets.plus\/vi\/wp-json\/wp\/v2\/pages\/466","targetHints":{"allow":["GET"]}}],"collection":[{"href":"https:\/\/1xbets.plus\/vi\/wp-json\/wp\/v2\/pages"}],"about":[{"href":"https:\/\/1xbets.plus\/vi\/wp-json\/wp\/v2\/types\/page"}],"author":[{"embeddable":true,"href":"https:\/\/1xbets.plus\/vi\/wp-json\/wp\/v2\/users\/1"}],"replies":[{"embeddable":true,"href":"https:\/\/1xbets.plus\/vi\/wp-json\/wp\/v2\/comments?post=466"}],"version-history":[{"count":13,"href":"https:\/\/1xbets.plus\/vi\/wp-json\/wp\/v2\/pages\/466\/revisions"}],"predecessor-version":[{"id":605,"href":"https:\/\/1xbets.plus\/vi\/wp-json\/wp\/v2\/pages\/466\/revisions\/605"}],"wp:attachment":[{"href":"https:\/\/1xbets.plus\/vi\/wp-json\/wp\/v2\/media?parent=466"}],"curies":[{"name":"wp","href":"https:\/\/api.w.org\/{rel}","templated":true}]}}