{"id":463,"date":"2024-09-24T06:27:55","date_gmt":"2024-09-24T06:27:55","guid":{"rendered":"https:\/\/1xbets.plus\/vi\/?page_id=463"},"modified":"2025-02-09T12:04:20","modified_gmt":"2025-02-09T12:04:20","slug":"login","status":"publish","type":"page","link":"https:\/\/1xbets.plus\/vi\/login\/","title":{"rendered":"\u0110\u0103ng nh\u1eadp"},"content":{"rendered":"","protected":false},"excerpt":{"rendered":"","protected":false},"author":1,"featured_media":0,"parent":0,"menu_order":0,"comment_status":"closed","ping_status":"closed","template":"","meta":{"footnotes":""},"class_list":["post-463","page","type-page","status-publish","hentry"],"yoast_head":"<!-- This site is optimized with the Yoast SEO plugin v26.2 - https:\/\/yoast.com\/wordpress\/plugins\/seo\/ -->\n<title>1xBet Vi\u1ec7t Nam \u0110\u0103ng nh\u1eadp \u1409 C\u00e1 c\u01b0\u1ee3c th\u1ec3 thao v\u00e0 s\u00f2ng b\u1ea1c<\/title>\n<meta name=\"description\" content=\"C\u00e1ch \u0111\u0103ng nh\u1eadp t\u00e0i kho\u1ea3n 1xBet | Quy tr\u00ecnh \u0111\u0103ng nh\u1eadp 1xBet \u2713 \u0110\u0103ng nh\u1eadp di \u0111\u1ed9ng 1xBet \u2713 H\u01b0\u1edbng d\u1eabn c\u1ee7a ch\u00fang t\u00f4i s\u1ebd cho b\u1ea1n bi\u1ebft c\u00e1ch \u0111\u0103ng k\u00fd tr\u00ean trang 1xBet t\u1eebng b\u01b0\u1edbc v\u00e0 nhanh ch\u00f3ng \u0111\u0103ng nh\u1eadp v\u00e0o t\u00e0i kho\u1ea3n c\u1ee7a b\u1ea1n\" \/>\n<meta name=\"robots\" content=\"index, follow, max-snippet:-1, max-image-preview:large, max-video-preview:-1\" \/>\n<meta property=\"og:locale\" content=\"vi_VN\" \/>\n<meta property=\"og:type\" content=\"article\" \/>\n<meta property=\"og:title\" content=\"1xBet Vi\u1ec7t Nam \u0110\u0103ng nh\u1eadp \u1409 C\u00e1 c\u01b0\u1ee3c th\u1ec3 thao v\u00e0 s\u00f2ng b\u1ea1c\" \/>\n<meta property=\"og:description\" content=\"C\u00e1ch \u0111\u0103ng nh\u1eadp t\u00e0i kho\u1ea3n 1xBet | Quy tr\u00ecnh \u0111\u0103ng nh\u1eadp 1xBet \u2713 \u0110\u0103ng nh\u1eadp di \u0111\u1ed9ng 1xBet \u2713 H\u01b0\u1edbng d\u1eabn c\u1ee7a ch\u00fang t\u00f4i s\u1ebd cho b\u1ea1n bi\u1ebft c\u00e1ch \u0111\u0103ng k\u00fd tr\u00ean trang 1xBet t\u1eebng b\u01b0\u1edbc v\u00e0 nhanh ch\u00f3ng \u0111\u0103ng nh\u1eadp v\u00e0o t\u00e0i kho\u1ea3n c\u1ee7a b\u1ea1n\" \/>\n<meta property=\"og:url\" content=\"https:\/\/1xbets.plus\/vi\/login\/\" \/>\n<meta property=\"og:site_name\" content=\"1xbet Boost vi\" \/>\n<meta property=\"article:modified_time\" content=\"2025-02-09T12:04:20+00:00\" \/>\n<meta name=\"twitter:card\" content=\"summary_large_image\" \/>\n<script type=\"application\/ld+json\" class=\"yoast-schema-graph\">{\"@context\":\"https:\/\/schema.org\",\"@graph\":[{\"@type\":\"WebPage\",\"@id\":\"https:\/\/1xbets.plus\/vi\/login\/\",\"url\":\"https:\/\/1xbets.plus\/vi\/login\/\",\"name\":\"1xBet Vi\u1ec7t Nam \u0110\u0103ng nh\u1eadp \u1409 C\u00e1 c\u01b0\u1ee3c th\u1ec3 thao v\u00e0 s\u00f2ng b\u1ea1c\",\"isPartOf\":{\"@id\":\"https:\/\/1xbets.plus\/vi\/#website\"},\"datePublished\":\"2024-09-24T06:27:55+00:00\",\"dateModified\":\"2025-02-09T12:04:20+00:00\",\"description\":\"C\u00e1ch \u0111\u0103ng nh\u1eadp t\u00e0i kho\u1ea3n 1xBet | Quy tr\u00ecnh \u0111\u0103ng nh\u1eadp 1xBet \u2713 \u0110\u0103ng nh\u1eadp di \u0111\u1ed9ng 1xBet \u2713 H\u01b0\u1edbng d\u1eabn c\u1ee7a ch\u00fang t\u00f4i s\u1ebd cho b\u1ea1n bi\u1ebft c\u00e1ch \u0111\u0103ng k\u00fd tr\u00ean trang 1xBet t\u1eebng b\u01b0\u1edbc v\u00e0 nhanh ch\u00f3ng \u0111\u0103ng nh\u1eadp v\u00e0o t\u00e0i kho\u1ea3n c\u1ee7a b\u1ea1n\",\"inLanguage\":\"vi\",\"potentialAction\":[{\"@type\":\"ReadAction\",\"target\":[\"https:\/\/1xbets.plus\/vi\/login\/\"]}]},{\"@type\":\"WebSite\",\"@id\":\"https:\/\/1xbets.plus\/vi\/#website\",\"url\":\"https:\/\/1xbets.plus\/vi\/\",\"name\":\"1xbet Boost vi\",\"description\":\"My WordPress Blog\",\"potentialAction\":[{\"@type\":\"SearchAction\",\"target\":{\"@type\":\"EntryPoint\",\"urlTemplate\":\"https:\/\/1xbets.plus\/vi\/?s={search_term_string}\"},\"query-input\":{\"@type\":\"PropertyValueSpecification\",\"valueRequired\":true,\"valueName\":\"search_term_string\"}}],\"inLanguage\":\"vi\"}]}<\/script>\n<!-- \/ Yoast SEO plugin. -->","yoast_head_json":{"title":"1xBet Vi\u1ec7t Nam \u0110\u0103ng nh\u1eadp \u1409 C\u00e1 c\u01b0\u1ee3c th\u1ec3 thao v\u00e0 s\u00f2ng b\u1ea1c","description":"C\u00e1ch \u0111\u0103ng nh\u1eadp t\u00e0i kho\u1ea3n 1xBet | Quy tr\u00ecnh \u0111\u0103ng nh\u1eadp 1xBet \u2713 \u0110\u0103ng nh\u1eadp di \u0111\u1ed9ng 1xBet \u2713 H\u01b0\u1edbng d\u1eabn c\u1ee7a ch\u00fang t\u00f4i s\u1ebd cho b\u1ea1n bi\u1ebft c\u00e1ch \u0111\u0103ng k\u00fd tr\u00ean trang 1xBet t\u1eebng b\u01b0\u1edbc v\u00e0 nhanh ch\u00f3ng \u0111\u0103ng nh\u1eadp v\u00e0o t\u00e0i kho\u1ea3n c\u1ee7a b\u1ea1n","robots":{"index":"index","follow":"follow","max-snippet":"max-snippet:-1","max-image-preview":"max-image-preview:large","max-video-preview":"max-video-preview:-1"},"og_locale":"vi_VN","og_type":"article","og_title":"1xBet Vi\u1ec7t Nam \u0110\u0103ng nh\u1eadp \u1409 C\u00e1 c\u01b0\u1ee3c th\u1ec3 thao v\u00e0 s\u00f2ng b\u1ea1c","og_description":"C\u00e1ch \u0111\u0103ng nh\u1eadp t\u00e0i kho\u1ea3n 1xBet | Quy tr\u00ecnh \u0111\u0103ng nh\u1eadp 1xBet \u2713 \u0110\u0103ng nh\u1eadp di \u0111\u1ed9ng 1xBet \u2713 H\u01b0\u1edbng d\u1eabn c\u1ee7a ch\u00fang t\u00f4i s\u1ebd cho b\u1ea1n bi\u1ebft c\u00e1ch \u0111\u0103ng k\u00fd tr\u00ean trang 1xBet t\u1eebng b\u01b0\u1edbc v\u00e0 nhanh ch\u00f3ng \u0111\u0103ng nh\u1eadp v\u00e0o t\u00e0i kho\u1ea3n c\u1ee7a b\u1ea1n","og_url":"https:\/\/1xbets.plus\/vi\/login\/","og_site_name":"1xbet Boost vi","article_modified_time":"2025-02-09T12:04:20+00:00","twitter_card":"summary_large_image","schema":{"@context":"https:\/\/schema.org","@graph":[{"@type":"WebPage","@id":"https:\/\/1xbets.plus\/vi\/login\/","url":"https:\/\/1xbets.plus\/vi\/login\/","name":"1xBet Vi\u1ec7t Nam \u0110\u0103ng nh\u1eadp \u1409 C\u00e1 c\u01b0\u1ee3c th\u1ec3 thao v\u00e0 s\u00f2ng b\u1ea1c","isPartOf":{"@id":"https:\/\/1xbets.plus\/vi\/#website"},"datePublished":"2024-09-24T06:27:55+00:00","dateModified":"2025-02-09T12:04:20+00:00","description":"C\u00e1ch \u0111\u0103ng nh\u1eadp t\u00e0i kho\u1ea3n 1xBet | Quy tr\u00ecnh \u0111\u0103ng nh\u1eadp 1xBet \u2713 \u0110\u0103ng nh\u1eadp di \u0111\u1ed9ng 1xBet \u2713 H\u01b0\u1edbng d\u1eabn c\u1ee7a ch\u00fang t\u00f4i s\u1ebd cho b\u1ea1n bi\u1ebft c\u00e1ch \u0111\u0103ng k\u00fd tr\u00ean trang 1xBet t\u1eebng b\u01b0\u1edbc v\u00e0 nhanh ch\u00f3ng \u0111\u0103ng nh\u1eadp v\u00e0o t\u00e0i kho\u1ea3n c\u1ee7a b\u1ea1n","inLanguage":"vi","potentialAction":[{"@type":"ReadAction","target":["https:\/\/1xbets.plus\/vi\/login\/"]}]},{"@type":"WebSite","@id":"https:\/\/1xbets.plus\/vi\/#website","url":"https:\/\/1xbets.plus\/vi\/","name":"1xbet Boost vi","description":"My WordPress Blog","potentialAction":[{"@type":"SearchAction","target":{"@type":"EntryPoint","urlTemplate":"https:\/\/1xbets.plus\/vi\/?s={search_term_string}"},"query-input":{"@type":"PropertyValueSpecification","valueRequired":true,"valueName":"search_term_string"}}],"inLanguage":"vi"}]}},"_links":{"self":[{"href":"https:\/\/1xbets.plus\/vi\/wp-json\/wp\/v2\/pages\/463","targetHints":{"allow":["GET"]}}],"collection":[{"href":"https:\/\/1xbets.plus\/vi\/wp-json\/wp\/v2\/pages"}],"about":[{"href":"https:\/\/1xbets.plus\/vi\/wp-json\/wp\/v2\/types\/page"}],"author":[{"embeddable":true,"href":"https:\/\/1xbets.plus\/vi\/wp-json\/wp\/v2\/users\/1"}],"replies":[{"embeddable":true,"href":"https:\/\/1xbets.plus\/vi\/wp-json\/wp\/v2\/comments?post=463"}],"version-history":[{"count":16,"href":"https:\/\/1xbets.plus\/vi\/wp-json\/wp\/v2\/pages\/463\/revisions"}],"predecessor-version":[{"id":601,"href":"https:\/\/1xbets.plus\/vi\/wp-json\/wp\/v2\/pages\/463\/revisions\/601"}],"wp:attachment":[{"href":"https:\/\/1xbets.plus\/vi\/wp-json\/wp\/v2\/media?parent=463"}],"curies":[{"name":"wp","href":"https:\/\/api.w.org\/{rel}","templated":true}]}}