{"id":426,"date":"2024-09-20T06:13:55","date_gmt":"2024-09-20T06:13:55","guid":{"rendered":"https:\/\/1xbets.plus\/vi\/?page_id=426"},"modified":"2025-02-09T11:45:14","modified_gmt":"2025-02-09T11:45:14","slug":"casino","status":"publish","type":"page","link":"https:\/\/1xbets.plus\/vi\/casino\/","title":{"rendered":"S\u00f2ng b\u1ea1c"},"content":{"rendered":"","protected":false},"excerpt":{"rendered":"","protected":false},"author":1,"featured_media":0,"parent":0,"menu_order":0,"comment_status":"closed","ping_status":"closed","template":"","meta":{"footnotes":""},"class_list":["post-426","page","type-page","status-publish","hentry"],"yoast_head":"<!-- This site is optimized with the Yoast SEO plugin v26.2 - https:\/\/yoast.com\/wordpress\/plugins\/seo\/ -->\n<title>1xBet Vi\u1ec7t Nam S\u00f2ng b\u1ea1c \u21d2 Ch\u01a1i tr\u00f2 ch\u01a1i s\u00f2ng b\u1ea1c b\u1eb1ng ti\u1ec1n th\u1eadt<\/title>\n<meta name=\"description\" content=\"Trang web S\u00f2ng b\u1ea1c 1xBet ch\u00ednh th\u1ee9c \u2713 \u0110\u0103ng k\u00fd v\u00e0 nh\u1eadn ti\u1ec1n th\u01b0\u1edfng \u0111\u0103ng k\u00fd v\u1edbi v\u00f2ng quay mi\u1ec5n ph\u00ed \u26a1\ufe0f Ch\u01a1i m\u00e1y \u0111\u00e1nh b\u1ea1c \u1edf ch\u1ebf \u0111\u1ed9 demo ho\u1eb7c b\u1eb1ng ti\u1ec1n th\u1eadt \u2b50 M\u1ed9t lo\u1ea1t tr\u00f2 ch\u01a1i s\u00f2ng b\u1ea1c v\u00e0 ng\u01b0\u1eddi chia b\u00e0i tr\u1ef1c ti\u1ebfp t\u1ea1i S\u00f2ng b\u1ea1c 1xBet\" \/>\n<meta name=\"robots\" content=\"index, follow, max-snippet:-1, max-image-preview:large, max-video-preview:-1\" \/>\n<meta property=\"og:locale\" content=\"vi_VN\" \/>\n<meta property=\"og:type\" content=\"article\" \/>\n<meta property=\"og:title\" content=\"1xBet Vi\u1ec7t Nam S\u00f2ng b\u1ea1c \u21d2 Ch\u01a1i tr\u00f2 ch\u01a1i s\u00f2ng b\u1ea1c b\u1eb1ng ti\u1ec1n th\u1eadt\" \/>\n<meta property=\"og:description\" content=\"Trang web S\u00f2ng b\u1ea1c 1xBet ch\u00ednh th\u1ee9c \u2713 \u0110\u0103ng k\u00fd v\u00e0 nh\u1eadn ti\u1ec1n th\u01b0\u1edfng \u0111\u0103ng k\u00fd v\u1edbi v\u00f2ng quay mi\u1ec5n ph\u00ed \u26a1\ufe0f Ch\u01a1i m\u00e1y \u0111\u00e1nh b\u1ea1c \u1edf ch\u1ebf \u0111\u1ed9 demo ho\u1eb7c b\u1eb1ng ti\u1ec1n th\u1eadt \u2b50 M\u1ed9t lo\u1ea1t tr\u00f2 ch\u01a1i s\u00f2ng b\u1ea1c v\u00e0 ng\u01b0\u1eddi chia b\u00e0i tr\u1ef1c ti\u1ebfp t\u1ea1i S\u00f2ng b\u1ea1c 1xBet\" \/>\n<meta property=\"og:url\" content=\"https:\/\/1xbets.plus\/vi\/casino\/\" \/>\n<meta property=\"og:site_name\" content=\"1xbet Boost vi\" \/>\n<meta property=\"article:modified_time\" content=\"2025-02-09T11:45:14+00:00\" \/>\n<meta name=\"twitter:card\" content=\"summary_large_image\" \/>\n<script type=\"application\/ld+json\" class=\"yoast-schema-graph\">{\"@context\":\"https:\/\/schema.org\",\"@graph\":[{\"@type\":\"WebPage\",\"@id\":\"https:\/\/1xbets.plus\/vi\/casino\/\",\"url\":\"https:\/\/1xbets.plus\/vi\/casino\/\",\"name\":\"1xBet Vi\u1ec7t Nam S\u00f2ng b\u1ea1c \u21d2 Ch\u01a1i tr\u00f2 ch\u01a1i s\u00f2ng b\u1ea1c b\u1eb1ng ti\u1ec1n th\u1eadt\",\"isPartOf\":{\"@id\":\"https:\/\/1xbets.plus\/vi\/#website\"},\"datePublished\":\"2024-09-20T06:13:55+00:00\",\"dateModified\":\"2025-02-09T11:45:14+00:00\",\"description\":\"Trang web S\u00f2ng b\u1ea1c 1xBet ch\u00ednh th\u1ee9c \u2713 \u0110\u0103ng k\u00fd v\u00e0 nh\u1eadn ti\u1ec1n th\u01b0\u1edfng \u0111\u0103ng k\u00fd v\u1edbi v\u00f2ng quay mi\u1ec5n ph\u00ed \u26a1\ufe0f Ch\u01a1i m\u00e1y \u0111\u00e1nh b\u1ea1c \u1edf ch\u1ebf \u0111\u1ed9 demo ho\u1eb7c b\u1eb1ng ti\u1ec1n th\u1eadt \u2b50 M\u1ed9t lo\u1ea1t tr\u00f2 ch\u01a1i s\u00f2ng b\u1ea1c v\u00e0 ng\u01b0\u1eddi chia b\u00e0i tr\u1ef1c ti\u1ebfp t\u1ea1i S\u00f2ng b\u1ea1c 1xBet\",\"inLanguage\":\"vi\",\"potentialAction\":[{\"@type\":\"ReadAction\",\"target\":[\"https:\/\/1xbets.plus\/vi\/casino\/\"]}]},{\"@type\":\"WebSite\",\"@id\":\"https:\/\/1xbets.plus\/vi\/#website\",\"url\":\"https:\/\/1xbets.plus\/vi\/\",\"name\":\"1xbet Boost vi\",\"description\":\"My WordPress Blog\",\"potentialAction\":[{\"@type\":\"SearchAction\",\"target\":{\"@type\":\"EntryPoint\",\"urlTemplate\":\"https:\/\/1xbets.plus\/vi\/?s={search_term_string}\"},\"query-input\":{\"@type\":\"PropertyValueSpecification\",\"valueRequired\":true,\"valueName\":\"search_term_string\"}}],\"inLanguage\":\"vi\"}]}<\/script>\n<!-- \/ Yoast SEO plugin. -->","yoast_head_json":{"title":"1xBet Vi\u1ec7t Nam S\u00f2ng b\u1ea1c \u21d2 Ch\u01a1i tr\u00f2 ch\u01a1i s\u00f2ng b\u1ea1c b\u1eb1ng ti\u1ec1n th\u1eadt","description":"Trang web S\u00f2ng b\u1ea1c 1xBet ch\u00ednh th\u1ee9c \u2713 \u0110\u0103ng k\u00fd v\u00e0 nh\u1eadn ti\u1ec1n th\u01b0\u1edfng \u0111\u0103ng k\u00fd v\u1edbi v\u00f2ng quay mi\u1ec5n ph\u00ed \u26a1\ufe0f Ch\u01a1i m\u00e1y \u0111\u00e1nh b\u1ea1c \u1edf ch\u1ebf \u0111\u1ed9 demo ho\u1eb7c b\u1eb1ng ti\u1ec1n th\u1eadt \u2b50 M\u1ed9t lo\u1ea1t tr\u00f2 ch\u01a1i s\u00f2ng b\u1ea1c v\u00e0 ng\u01b0\u1eddi chia b\u00e0i tr\u1ef1c ti\u1ebfp t\u1ea1i S\u00f2ng b\u1ea1c 1xBet","robots":{"index":"index","follow":"follow","max-snippet":"max-snippet:-1","max-image-preview":"max-image-preview:large","max-video-preview":"max-video-preview:-1"},"og_locale":"vi_VN","og_type":"article","og_title":"1xBet Vi\u1ec7t Nam S\u00f2ng b\u1ea1c \u21d2 Ch\u01a1i tr\u00f2 ch\u01a1i s\u00f2ng b\u1ea1c b\u1eb1ng ti\u1ec1n th\u1eadt","og_description":"Trang web S\u00f2ng b\u1ea1c 1xBet ch\u00ednh th\u1ee9c \u2713 \u0110\u0103ng k\u00fd v\u00e0 nh\u1eadn ti\u1ec1n th\u01b0\u1edfng \u0111\u0103ng k\u00fd v\u1edbi v\u00f2ng quay mi\u1ec5n ph\u00ed \u26a1\ufe0f Ch\u01a1i m\u00e1y \u0111\u00e1nh b\u1ea1c \u1edf ch\u1ebf \u0111\u1ed9 demo ho\u1eb7c b\u1eb1ng ti\u1ec1n th\u1eadt \u2b50 M\u1ed9t lo\u1ea1t tr\u00f2 ch\u01a1i s\u00f2ng b\u1ea1c v\u00e0 ng\u01b0\u1eddi chia b\u00e0i tr\u1ef1c ti\u1ebfp t\u1ea1i S\u00f2ng b\u1ea1c 1xBet","og_url":"https:\/\/1xbets.plus\/vi\/casino\/","og_site_name":"1xbet Boost vi","article_modified_time":"2025-02-09T11:45:14+00:00","twitter_card":"summary_large_image","schema":{"@context":"https:\/\/schema.org","@graph":[{"@type":"WebPage","@id":"https:\/\/1xbets.plus\/vi\/casino\/","url":"https:\/\/1xbets.plus\/vi\/casino\/","name":"1xBet Vi\u1ec7t Nam S\u00f2ng b\u1ea1c \u21d2 Ch\u01a1i tr\u00f2 ch\u01a1i s\u00f2ng b\u1ea1c b\u1eb1ng ti\u1ec1n th\u1eadt","isPartOf":{"@id":"https:\/\/1xbets.plus\/vi\/#website"},"datePublished":"2024-09-20T06:13:55+00:00","dateModified":"2025-02-09T11:45:14+00:00","description":"Trang web S\u00f2ng b\u1ea1c 1xBet ch\u00ednh th\u1ee9c \u2713 \u0110\u0103ng k\u00fd v\u00e0 nh\u1eadn ti\u1ec1n th\u01b0\u1edfng \u0111\u0103ng k\u00fd v\u1edbi v\u00f2ng quay mi\u1ec5n ph\u00ed \u26a1\ufe0f Ch\u01a1i m\u00e1y \u0111\u00e1nh b\u1ea1c \u1edf ch\u1ebf \u0111\u1ed9 demo ho\u1eb7c b\u1eb1ng ti\u1ec1n th\u1eadt \u2b50 M\u1ed9t lo\u1ea1t tr\u00f2 ch\u01a1i s\u00f2ng b\u1ea1c v\u00e0 ng\u01b0\u1eddi chia b\u00e0i tr\u1ef1c ti\u1ebfp t\u1ea1i S\u00f2ng b\u1ea1c 1xBet","inLanguage":"vi","potentialAction":[{"@type":"ReadAction","target":["https:\/\/1xbets.plus\/vi\/casino\/"]}]},{"@type":"WebSite","@id":"https:\/\/1xbets.plus\/vi\/#website","url":"https:\/\/1xbets.plus\/vi\/","name":"1xbet Boost vi","description":"My WordPress Blog","potentialAction":[{"@type":"SearchAction","target":{"@type":"EntryPoint","urlTemplate":"https:\/\/1xbets.plus\/vi\/?s={search_term_string}"},"query-input":{"@type":"PropertyValueSpecification","valueRequired":true,"valueName":"search_term_string"}}],"inLanguage":"vi"}]}},"_links":{"self":[{"href":"https:\/\/1xbets.plus\/vi\/wp-json\/wp\/v2\/pages\/426","targetHints":{"allow":["GET"]}}],"collection":[{"href":"https:\/\/1xbets.plus\/vi\/wp-json\/wp\/v2\/pages"}],"about":[{"href":"https:\/\/1xbets.plus\/vi\/wp-json\/wp\/v2\/types\/page"}],"author":[{"embeddable":true,"href":"https:\/\/1xbets.plus\/vi\/wp-json\/wp\/v2\/users\/1"}],"replies":[{"embeddable":true,"href":"https:\/\/1xbets.plus\/vi\/wp-json\/wp\/v2\/comments?post=426"}],"version-history":[{"count":14,"href":"https:\/\/1xbets.plus\/vi\/wp-json\/wp\/v2\/pages\/426\/revisions"}],"predecessor-version":[{"id":599,"href":"https:\/\/1xbets.plus\/vi\/wp-json\/wp\/v2\/pages\/426\/revisions\/599"}],"wp:attachment":[{"href":"https:\/\/1xbets.plus\/vi\/wp-json\/wp\/v2\/media?parent=426"}],"curies":[{"name":"wp","href":"https:\/\/api.w.org\/{rel}","templated":true}]}}