{"id":333,"date":"2024-09-13T06:11:31","date_gmt":"2024-09-13T06:11:31","guid":{"rendered":"https:\/\/1xbets.plus\/vi\/?page_id=333"},"modified":"2025-03-20T16:09:53","modified_gmt":"2025-03-20T16:09:53","slug":"partners","status":"publish","type":"page","link":"https:\/\/1xbets.plus\/vi\/partners\/","title":{"rendered":"\u0110\u1ed1i t\u00e1c"},"content":{"rendered":"","protected":false},"excerpt":{"rendered":"","protected":false},"author":1,"featured_media":0,"parent":0,"menu_order":0,"comment_status":"closed","ping_status":"closed","template":"","meta":{"footnotes":""},"class_list":["post-333","page","type-page","status-publish","hentry"],"yoast_head":"<!-- This site is optimized with the Yoast SEO plugin v26.2 - https:\/\/yoast.com\/wordpress\/plugins\/seo\/ -->\n<title>1xBet \u0110\u1ed1i t\u00e1c \ud83d\udd39 Ch\u01b0\u01a1ng tr\u00ecnh li\u00ean k\u1ebft<\/title>\n<meta name=\"description\" content=\"Tham gia ch\u01b0\u01a1ng tr\u00ecnh li\u00ean k\u1ebft c\u1ee7a 1xBet Partners v\u00e0 ki\u1ebfm t\u1edbi 40% khi c\u00e1 c\u01b0\u1ee3c th\u1ec3 thao v\u1edbi 1xBet. T\u1eadn h\u01b0\u1edfng ch\u01b0\u01a1ng tr\u00ecnh hoa h\u1ed3ng linh ho\u1ea1t v\u00e0 thanh to\u00e1n h\u00e0ng tu\u1ea7n\" \/>\n<meta name=\"robots\" content=\"index, follow, max-snippet:-1, max-image-preview:large, max-video-preview:-1\" \/>\n<meta property=\"og:locale\" content=\"vi_VN\" \/>\n<meta property=\"og:type\" content=\"article\" \/>\n<meta property=\"og:title\" content=\"1xBet \u0110\u1ed1i t\u00e1c \ud83d\udd39 Ch\u01b0\u01a1ng tr\u00ecnh li\u00ean k\u1ebft\" \/>\n<meta property=\"og:description\" content=\"Tham gia ch\u01b0\u01a1ng tr\u00ecnh li\u00ean k\u1ebft c\u1ee7a 1xBet Partners v\u00e0 ki\u1ebfm t\u1edbi 40% khi c\u00e1 c\u01b0\u1ee3c th\u1ec3 thao v\u1edbi 1xBet. T\u1eadn h\u01b0\u1edfng ch\u01b0\u01a1ng tr\u00ecnh hoa h\u1ed3ng linh ho\u1ea1t v\u00e0 thanh to\u00e1n h\u00e0ng tu\u1ea7n\" \/>\n<meta property=\"og:url\" content=\"https:\/\/1xbets.plus\/vi\/partners\/\" \/>\n<meta property=\"og:site_name\" content=\"1xbet Boost vi\" \/>\n<meta property=\"article:modified_time\" content=\"2025-03-20T16:09:53+00:00\" \/>\n<meta name=\"twitter:card\" content=\"summary_large_image\" \/>\n<script type=\"application\/ld+json\" class=\"yoast-schema-graph\">{\"@context\":\"https:\/\/schema.org\",\"@graph\":[{\"@type\":\"WebPage\",\"@id\":\"https:\/\/1xbets.plus\/vi\/partners\/\",\"url\":\"https:\/\/1xbets.plus\/vi\/partners\/\",\"name\":\"1xBet \u0110\u1ed1i t\u00e1c \ud83d\udd39 Ch\u01b0\u01a1ng tr\u00ecnh li\u00ean k\u1ebft\",\"isPartOf\":{\"@id\":\"https:\/\/1xbets.plus\/vi\/#website\"},\"datePublished\":\"2024-09-13T06:11:31+00:00\",\"dateModified\":\"2025-03-20T16:09:53+00:00\",\"description\":\"Tham gia ch\u01b0\u01a1ng tr\u00ecnh li\u00ean k\u1ebft c\u1ee7a 1xBet Partners v\u00e0 ki\u1ebfm t\u1edbi 40% khi c\u00e1 c\u01b0\u1ee3c th\u1ec3 thao v\u1edbi 1xBet. T\u1eadn h\u01b0\u1edfng ch\u01b0\u01a1ng tr\u00ecnh hoa h\u1ed3ng linh ho\u1ea1t v\u00e0 thanh to\u00e1n h\u00e0ng tu\u1ea7n\",\"inLanguage\":\"vi\",\"potentialAction\":[{\"@type\":\"ReadAction\",\"target\":[\"https:\/\/1xbets.plus\/vi\/partners\/\"]}]},{\"@type\":\"WebSite\",\"@id\":\"https:\/\/1xbets.plus\/vi\/#website\",\"url\":\"https:\/\/1xbets.plus\/vi\/\",\"name\":\"1xbet Boost vi\",\"description\":\"My WordPress Blog\",\"potentialAction\":[{\"@type\":\"SearchAction\",\"target\":{\"@type\":\"EntryPoint\",\"urlTemplate\":\"https:\/\/1xbets.plus\/vi\/?s={search_term_string}\"},\"query-input\":{\"@type\":\"PropertyValueSpecification\",\"valueRequired\":true,\"valueName\":\"search_term_string\"}}],\"inLanguage\":\"vi\"}]}<\/script>\n<!-- \/ Yoast SEO plugin. -->","yoast_head_json":{"title":"1xBet \u0110\u1ed1i t\u00e1c \ud83d\udd39 Ch\u01b0\u01a1ng tr\u00ecnh li\u00ean k\u1ebft","description":"Tham gia ch\u01b0\u01a1ng tr\u00ecnh li\u00ean k\u1ebft c\u1ee7a 1xBet Partners v\u00e0 ki\u1ebfm t\u1edbi 40% khi c\u00e1 c\u01b0\u1ee3c th\u1ec3 thao v\u1edbi 1xBet. T\u1eadn h\u01b0\u1edfng ch\u01b0\u01a1ng tr\u00ecnh hoa h\u1ed3ng linh ho\u1ea1t v\u00e0 thanh to\u00e1n h\u00e0ng tu\u1ea7n","robots":{"index":"index","follow":"follow","max-snippet":"max-snippet:-1","max-image-preview":"max-image-preview:large","max-video-preview":"max-video-preview:-1"},"og_locale":"vi_VN","og_type":"article","og_title":"1xBet \u0110\u1ed1i t\u00e1c \ud83d\udd39 Ch\u01b0\u01a1ng tr\u00ecnh li\u00ean k\u1ebft","og_description":"Tham gia ch\u01b0\u01a1ng tr\u00ecnh li\u00ean k\u1ebft c\u1ee7a 1xBet Partners v\u00e0 ki\u1ebfm t\u1edbi 40% khi c\u00e1 c\u01b0\u1ee3c th\u1ec3 thao v\u1edbi 1xBet. T\u1eadn h\u01b0\u1edfng ch\u01b0\u01a1ng tr\u00ecnh hoa h\u1ed3ng linh ho\u1ea1t v\u00e0 thanh to\u00e1n h\u00e0ng tu\u1ea7n","og_url":"https:\/\/1xbets.plus\/vi\/partners\/","og_site_name":"1xbet Boost vi","article_modified_time":"2025-03-20T16:09:53+00:00","twitter_card":"summary_large_image","schema":{"@context":"https:\/\/schema.org","@graph":[{"@type":"WebPage","@id":"https:\/\/1xbets.plus\/vi\/partners\/","url":"https:\/\/1xbets.plus\/vi\/partners\/","name":"1xBet \u0110\u1ed1i t\u00e1c \ud83d\udd39 Ch\u01b0\u01a1ng tr\u00ecnh li\u00ean k\u1ebft","isPartOf":{"@id":"https:\/\/1xbets.plus\/vi\/#website"},"datePublished":"2024-09-13T06:11:31+00:00","dateModified":"2025-03-20T16:09:53+00:00","description":"Tham gia ch\u01b0\u01a1ng tr\u00ecnh li\u00ean k\u1ebft c\u1ee7a 1xBet Partners v\u00e0 ki\u1ebfm t\u1edbi 40% khi c\u00e1 c\u01b0\u1ee3c th\u1ec3 thao v\u1edbi 1xBet. T\u1eadn h\u01b0\u1edfng ch\u01b0\u01a1ng tr\u00ecnh hoa h\u1ed3ng linh ho\u1ea1t v\u00e0 thanh to\u00e1n h\u00e0ng tu\u1ea7n","inLanguage":"vi","potentialAction":[{"@type":"ReadAction","target":["https:\/\/1xbets.plus\/vi\/partners\/"]}]},{"@type":"WebSite","@id":"https:\/\/1xbets.plus\/vi\/#website","url":"https:\/\/1xbets.plus\/vi\/","name":"1xbet Boost vi","description":"My WordPress Blog","potentialAction":[{"@type":"SearchAction","target":{"@type":"EntryPoint","urlTemplate":"https:\/\/1xbets.plus\/vi\/?s={search_term_string}"},"query-input":{"@type":"PropertyValueSpecification","valueRequired":true,"valueName":"search_term_string"}}],"inLanguage":"vi"}]}},"_links":{"self":[{"href":"https:\/\/1xbets.plus\/vi\/wp-json\/wp\/v2\/pages\/333","targetHints":{"allow":["GET"]}}],"collection":[{"href":"https:\/\/1xbets.plus\/vi\/wp-json\/wp\/v2\/pages"}],"about":[{"href":"https:\/\/1xbets.plus\/vi\/wp-json\/wp\/v2\/types\/page"}],"author":[{"embeddable":true,"href":"https:\/\/1xbets.plus\/vi\/wp-json\/wp\/v2\/users\/1"}],"replies":[{"embeddable":true,"href":"https:\/\/1xbets.plus\/vi\/wp-json\/wp\/v2\/comments?post=333"}],"version-history":[{"count":15,"href":"https:\/\/1xbets.plus\/vi\/wp-json\/wp\/v2\/pages\/333\/revisions"}],"predecessor-version":[{"id":621,"href":"https:\/\/1xbets.plus\/vi\/wp-json\/wp\/v2\/pages\/333\/revisions\/621"}],"wp:attachment":[{"href":"https:\/\/1xbets.plus\/vi\/wp-json\/wp\/v2\/media?parent=333"}],"curies":[{"name":"wp","href":"https:\/\/api.w.org\/{rel}","templated":true}]}}