{"id":466,"date":"2024-09-24T06:36:26","date_gmt":"2024-09-24T06:36:26","guid":{"rendered":"https:\/\/1xbets.plus\/tr\/?page_id=466"},"modified":"2025-02-26T15:52:35","modified_gmt":"2025-02-26T15:52:35","slug":"promo-code","status":"publish","type":"page","link":"https:\/\/1xbets.plus\/tr\/promo-code\/","title":{"rendered":"Promosyon Kodu"},"content":{"rendered":"","protected":false},"excerpt":{"rendered":"","protected":false},"author":1,"featured_media":0,"parent":0,"menu_order":0,"comment_status":"closed","ping_status":"closed","template":"","meta":{"footnotes":""},"class_list":["post-466","page","type-page","status-publish","hentry"],"yoast_head":"<!-- This site is optimized with the Yoast SEO plugin v26.2 - https:\/\/yoast.com\/wordpress\/plugins\/seo\/ -->\n<title>1xBet Promosyon Kodu \u2b50\ufe0f T\u00fcm Promosyonlar ve Bonus Kodlar\u0131<\/title>\n<meta name=\"description\" content=\"1xBet bonus kodunu kay\u0131t formuna girin ve 1xBet sitesinde ek bir bonus kazan\u0131n \u27a5 1xBet promosyon kodu size \u00f6zel bir spor kar\u015f\u0131lama bonusu alma f\u0131rsat\u0131 verir | 1xBet promosyon kodlar\u0131 i\u00e7in bonus puanlar\u0131n\u0131 de\u011fi\u015ftirin\" \/>\n<meta name=\"robots\" content=\"index, follow, max-snippet:-1, max-image-preview:large, max-video-preview:-1\" \/>\n<meta property=\"og:locale\" content=\"tr_TR\" \/>\n<meta property=\"og:type\" content=\"article\" \/>\n<meta property=\"og:title\" content=\"1xBet Promosyon Kodu \u2b50\ufe0f T\u00fcm Promosyonlar ve Bonus Kodlar\u0131\" \/>\n<meta property=\"og:description\" content=\"1xBet bonus kodunu kay\u0131t formuna girin ve 1xBet sitesinde ek bir bonus kazan\u0131n \u27a5 1xBet promosyon kodu size \u00f6zel bir spor kar\u015f\u0131lama bonusu alma f\u0131rsat\u0131 verir | 1xBet promosyon kodlar\u0131 i\u00e7in bonus puanlar\u0131n\u0131 de\u011fi\u015ftirin\" \/>\n<meta property=\"og:url\" content=\"https:\/\/1xbets.plus\/tr\/promo-code\/\" \/>\n<meta property=\"og:site_name\" content=\"1xbet Boost tr\" \/>\n<meta property=\"article:modified_time\" content=\"2025-02-26T15:52:35+00:00\" \/>\n<meta name=\"twitter:card\" content=\"summary_large_image\" \/>\n<script type=\"application\/ld+json\" class=\"yoast-schema-graph\">{\"@context\":\"https:\/\/schema.org\",\"@graph\":[{\"@type\":\"WebPage\",\"@id\":\"https:\/\/1xbets.plus\/tr\/promo-code\/\",\"url\":\"https:\/\/1xbets.plus\/tr\/promo-code\/\",\"name\":\"1xBet Promosyon Kodu \u2b50\ufe0f T\u00fcm Promosyonlar ve Bonus Kodlar\u0131\",\"isPartOf\":{\"@id\":\"https:\/\/1xbets.plus\/tr\/#website\"},\"datePublished\":\"2024-09-24T06:36:26+00:00\",\"dateModified\":\"2025-02-26T15:52:35+00:00\",\"description\":\"1xBet bonus kodunu kay\u0131t formuna girin ve 1xBet sitesinde ek bir bonus kazan\u0131n \u27a5 1xBet promosyon kodu size \u00f6zel bir spor kar\u015f\u0131lama bonusu alma f\u0131rsat\u0131 verir | 1xBet promosyon kodlar\u0131 i\u00e7in bonus puanlar\u0131n\u0131 de\u011fi\u015ftirin\",\"inLanguage\":\"tr\",\"potentialAction\":[{\"@type\":\"ReadAction\",\"target\":[\"https:\/\/1xbets.plus\/tr\/promo-code\/\"]}]},{\"@type\":\"WebSite\",\"@id\":\"https:\/\/1xbets.plus\/tr\/#website\",\"url\":\"https:\/\/1xbets.plus\/tr\/\",\"name\":\"1xbet Boost tr\",\"description\":\"My WordPress Blog\",\"potentialAction\":[{\"@type\":\"SearchAction\",\"target\":{\"@type\":\"EntryPoint\",\"urlTemplate\":\"https:\/\/1xbets.plus\/tr\/?s={search_term_string}\"},\"query-input\":{\"@type\":\"PropertyValueSpecification\",\"valueRequired\":true,\"valueName\":\"search_term_string\"}}],\"inLanguage\":\"tr\"}]}<\/script>\n<!-- \/ Yoast SEO plugin. -->","yoast_head_json":{"title":"1xBet Promosyon Kodu \u2b50\ufe0f T\u00fcm Promosyonlar ve Bonus Kodlar\u0131","description":"1xBet bonus kodunu kay\u0131t formuna girin ve 1xBet sitesinde ek bir bonus kazan\u0131n \u27a5 1xBet promosyon kodu size \u00f6zel bir spor kar\u015f\u0131lama bonusu alma f\u0131rsat\u0131 verir | 1xBet promosyon kodlar\u0131 i\u00e7in bonus puanlar\u0131n\u0131 de\u011fi\u015ftirin","robots":{"index":"index","follow":"follow","max-snippet":"max-snippet:-1","max-image-preview":"max-image-preview:large","max-video-preview":"max-video-preview:-1"},"og_locale":"tr_TR","og_type":"article","og_title":"1xBet Promosyon Kodu \u2b50\ufe0f T\u00fcm Promosyonlar ve Bonus Kodlar\u0131","og_description":"1xBet bonus kodunu kay\u0131t formuna girin ve 1xBet sitesinde ek bir bonus kazan\u0131n \u27a5 1xBet promosyon kodu size \u00f6zel bir spor kar\u015f\u0131lama bonusu alma f\u0131rsat\u0131 verir | 1xBet promosyon kodlar\u0131 i\u00e7in bonus puanlar\u0131n\u0131 de\u011fi\u015ftirin","og_url":"https:\/\/1xbets.plus\/tr\/promo-code\/","og_site_name":"1xbet Boost tr","article_modified_time":"2025-02-26T15:52:35+00:00","twitter_card":"summary_large_image","schema":{"@context":"https:\/\/schema.org","@graph":[{"@type":"WebPage","@id":"https:\/\/1xbets.plus\/tr\/promo-code\/","url":"https:\/\/1xbets.plus\/tr\/promo-code\/","name":"1xBet Promosyon Kodu \u2b50\ufe0f T\u00fcm Promosyonlar ve Bonus Kodlar\u0131","isPartOf":{"@id":"https:\/\/1xbets.plus\/tr\/#website"},"datePublished":"2024-09-24T06:36:26+00:00","dateModified":"2025-02-26T15:52:35+00:00","description":"1xBet bonus kodunu kay\u0131t formuna girin ve 1xBet sitesinde ek bir bonus kazan\u0131n \u27a5 1xBet promosyon kodu size \u00f6zel bir spor kar\u015f\u0131lama bonusu alma f\u0131rsat\u0131 verir | 1xBet promosyon kodlar\u0131 i\u00e7in bonus puanlar\u0131n\u0131 de\u011fi\u015ftirin","inLanguage":"tr","potentialAction":[{"@type":"ReadAction","target":["https:\/\/1xbets.plus\/tr\/promo-code\/"]}]},{"@type":"WebSite","@id":"https:\/\/1xbets.plus\/tr\/#website","url":"https:\/\/1xbets.plus\/tr\/","name":"1xbet Boost tr","description":"My WordPress Blog","potentialAction":[{"@type":"SearchAction","target":{"@type":"EntryPoint","urlTemplate":"https:\/\/1xbets.plus\/tr\/?s={search_term_string}"},"query-input":{"@type":"PropertyValueSpecification","valueRequired":true,"valueName":"search_term_string"}}],"inLanguage":"tr"}]}},"_links":{"self":[{"href":"https:\/\/1xbets.plus\/tr\/wp-json\/wp\/v2\/pages\/466","targetHints":{"allow":["GET"]}}],"collection":[{"href":"https:\/\/1xbets.plus\/tr\/wp-json\/wp\/v2\/pages"}],"about":[{"href":"https:\/\/1xbets.plus\/tr\/wp-json\/wp\/v2\/types\/page"}],"author":[{"embeddable":true,"href":"https:\/\/1xbets.plus\/tr\/wp-json\/wp\/v2\/users\/1"}],"replies":[{"embeddable":true,"href":"https:\/\/1xbets.plus\/tr\/wp-json\/wp\/v2\/comments?post=466"}],"version-history":[{"count":14,"href":"https:\/\/1xbets.plus\/tr\/wp-json\/wp\/v2\/pages\/466\/revisions"}],"predecessor-version":[{"id":624,"href":"https:\/\/1xbets.plus\/tr\/wp-json\/wp\/v2\/pages\/466\/revisions\/624"}],"wp:attachment":[{"href":"https:\/\/1xbets.plus\/tr\/wp-json\/wp\/v2\/media?parent=466"}],"curies":[{"name":"wp","href":"https:\/\/api.w.org\/{rel}","templated":true}]}}