{"id":463,"date":"2024-09-24T06:27:55","date_gmt":"2024-09-24T06:27:55","guid":{"rendered":"https:\/\/1xbets.plus\/tr\/?page_id=463"},"modified":"2024-12-20T18:32:39","modified_gmt":"2024-12-20T18:32:39","slug":"login","status":"publish","type":"page","link":"https:\/\/1xbets.plus\/tr\/login\/","title":{"rendered":"Giri\u015f"},"content":{"rendered":"","protected":false},"excerpt":{"rendered":"","protected":false},"author":1,"featured_media":0,"parent":0,"menu_order":0,"comment_status":"closed","ping_status":"closed","template":"","meta":{"footnotes":""},"class_list":["post-463","page","type-page","status-publish","hentry"],"yoast_head":"<!-- This site is optimized with the Yoast SEO plugin v26.2 - https:\/\/yoast.com\/wordpress\/plugins\/seo\/ -->\n<title>1xBet Giri\u015f \u1409 Spor Bahisleri ve Casino<\/title>\n<meta name=\"description\" content=\"1xBet Hesab\u0131na Nas\u0131l Giri\u015f Yap\u0131l\u0131r | 1xBet Giri\u015f \u0130\u015flemi \u2713 1xBet Mobil Giri\u015f \u2713 Rehberimiz size 1xBet sitesine ad\u0131m ad\u0131m nas\u0131l kay\u0131t olaca\u011f\u0131n\u0131z\u0131 ve hesab\u0131n\u0131za h\u0131zl\u0131 bir \u015fekilde nas\u0131l giri\u015f yapaca\u011f\u0131n\u0131z\u0131 anlatacakt\u0131r\" \/>\n<meta name=\"robots\" content=\"index, follow, max-snippet:-1, max-image-preview:large, max-video-preview:-1\" \/>\n<meta property=\"og:locale\" content=\"tr_TR\" \/>\n<meta property=\"og:type\" content=\"article\" \/>\n<meta property=\"og:title\" content=\"1xBet Giri\u015f \u1409 Spor Bahisleri ve Casino\" \/>\n<meta property=\"og:description\" content=\"1xBet Hesab\u0131na Nas\u0131l Giri\u015f Yap\u0131l\u0131r | 1xBet Giri\u015f \u0130\u015flemi \u2713 1xBet Mobil Giri\u015f \u2713 Rehberimiz size 1xBet sitesine ad\u0131m ad\u0131m nas\u0131l kay\u0131t olaca\u011f\u0131n\u0131z\u0131 ve hesab\u0131n\u0131za h\u0131zl\u0131 bir \u015fekilde nas\u0131l giri\u015f yapaca\u011f\u0131n\u0131z\u0131 anlatacakt\u0131r\" \/>\n<meta property=\"og:url\" content=\"https:\/\/1xbets.plus\/tr\/login\/\" \/>\n<meta property=\"og:site_name\" content=\"1xbet Boost tr\" \/>\n<meta property=\"article:modified_time\" content=\"2024-12-20T18:32:39+00:00\" \/>\n<meta name=\"twitter:card\" content=\"summary_large_image\" \/>\n<script type=\"application\/ld+json\" class=\"yoast-schema-graph\">{\"@context\":\"https:\/\/schema.org\",\"@graph\":[{\"@type\":\"WebPage\",\"@id\":\"https:\/\/1xbets.plus\/tr\/login\/\",\"url\":\"https:\/\/1xbets.plus\/tr\/login\/\",\"name\":\"1xBet Giri\u015f \u1409 Spor Bahisleri ve Casino\",\"isPartOf\":{\"@id\":\"https:\/\/1xbets.plus\/tr\/#website\"},\"datePublished\":\"2024-09-24T06:27:55+00:00\",\"dateModified\":\"2024-12-20T18:32:39+00:00\",\"description\":\"1xBet Hesab\u0131na Nas\u0131l Giri\u015f Yap\u0131l\u0131r | 1xBet Giri\u015f \u0130\u015flemi \u2713 1xBet Mobil Giri\u015f \u2713 Rehberimiz size 1xBet sitesine ad\u0131m ad\u0131m nas\u0131l kay\u0131t olaca\u011f\u0131n\u0131z\u0131 ve hesab\u0131n\u0131za h\u0131zl\u0131 bir \u015fekilde nas\u0131l giri\u015f yapaca\u011f\u0131n\u0131z\u0131 anlatacakt\u0131r\",\"inLanguage\":\"tr\",\"potentialAction\":[{\"@type\":\"ReadAction\",\"target\":[\"https:\/\/1xbets.plus\/tr\/login\/\"]}]},{\"@type\":\"WebSite\",\"@id\":\"https:\/\/1xbets.plus\/tr\/#website\",\"url\":\"https:\/\/1xbets.plus\/tr\/\",\"name\":\"1xbet Boost tr\",\"description\":\"My WordPress Blog\",\"potentialAction\":[{\"@type\":\"SearchAction\",\"target\":{\"@type\":\"EntryPoint\",\"urlTemplate\":\"https:\/\/1xbets.plus\/tr\/?s={search_term_string}\"},\"query-input\":{\"@type\":\"PropertyValueSpecification\",\"valueRequired\":true,\"valueName\":\"search_term_string\"}}],\"inLanguage\":\"tr\"}]}<\/script>\n<!-- \/ Yoast SEO plugin. -->","yoast_head_json":{"title":"1xBet Giri\u015f \u1409 Spor Bahisleri ve Casino","description":"1xBet Hesab\u0131na Nas\u0131l Giri\u015f Yap\u0131l\u0131r | 1xBet Giri\u015f \u0130\u015flemi \u2713 1xBet Mobil Giri\u015f \u2713 Rehberimiz size 1xBet sitesine ad\u0131m ad\u0131m nas\u0131l kay\u0131t olaca\u011f\u0131n\u0131z\u0131 ve hesab\u0131n\u0131za h\u0131zl\u0131 bir \u015fekilde nas\u0131l giri\u015f yapaca\u011f\u0131n\u0131z\u0131 anlatacakt\u0131r","robots":{"index":"index","follow":"follow","max-snippet":"max-snippet:-1","max-image-preview":"max-image-preview:large","max-video-preview":"max-video-preview:-1"},"og_locale":"tr_TR","og_type":"article","og_title":"1xBet Giri\u015f \u1409 Spor Bahisleri ve Casino","og_description":"1xBet Hesab\u0131na Nas\u0131l Giri\u015f Yap\u0131l\u0131r | 1xBet Giri\u015f \u0130\u015flemi \u2713 1xBet Mobil Giri\u015f \u2713 Rehberimiz size 1xBet sitesine ad\u0131m ad\u0131m nas\u0131l kay\u0131t olaca\u011f\u0131n\u0131z\u0131 ve hesab\u0131n\u0131za h\u0131zl\u0131 bir \u015fekilde nas\u0131l giri\u015f yapaca\u011f\u0131n\u0131z\u0131 anlatacakt\u0131r","og_url":"https:\/\/1xbets.plus\/tr\/login\/","og_site_name":"1xbet Boost tr","article_modified_time":"2024-12-20T18:32:39+00:00","twitter_card":"summary_large_image","schema":{"@context":"https:\/\/schema.org","@graph":[{"@type":"WebPage","@id":"https:\/\/1xbets.plus\/tr\/login\/","url":"https:\/\/1xbets.plus\/tr\/login\/","name":"1xBet Giri\u015f \u1409 Spor Bahisleri ve Casino","isPartOf":{"@id":"https:\/\/1xbets.plus\/tr\/#website"},"datePublished":"2024-09-24T06:27:55+00:00","dateModified":"2024-12-20T18:32:39+00:00","description":"1xBet Hesab\u0131na Nas\u0131l Giri\u015f Yap\u0131l\u0131r | 1xBet Giri\u015f \u0130\u015flemi \u2713 1xBet Mobil Giri\u015f \u2713 Rehberimiz size 1xBet sitesine ad\u0131m ad\u0131m nas\u0131l kay\u0131t olaca\u011f\u0131n\u0131z\u0131 ve hesab\u0131n\u0131za h\u0131zl\u0131 bir \u015fekilde nas\u0131l giri\u015f yapaca\u011f\u0131n\u0131z\u0131 anlatacakt\u0131r","inLanguage":"tr","potentialAction":[{"@type":"ReadAction","target":["https:\/\/1xbets.plus\/tr\/login\/"]}]},{"@type":"WebSite","@id":"https:\/\/1xbets.plus\/tr\/#website","url":"https:\/\/1xbets.plus\/tr\/","name":"1xbet Boost tr","description":"My WordPress Blog","potentialAction":[{"@type":"SearchAction","target":{"@type":"EntryPoint","urlTemplate":"https:\/\/1xbets.plus\/tr\/?s={search_term_string}"},"query-input":{"@type":"PropertyValueSpecification","valueRequired":true,"valueName":"search_term_string"}}],"inLanguage":"tr"}]}},"_links":{"self":[{"href":"https:\/\/1xbets.plus\/tr\/wp-json\/wp\/v2\/pages\/463","targetHints":{"allow":["GET"]}}],"collection":[{"href":"https:\/\/1xbets.plus\/tr\/wp-json\/wp\/v2\/pages"}],"about":[{"href":"https:\/\/1xbets.plus\/tr\/wp-json\/wp\/v2\/types\/page"}],"author":[{"embeddable":true,"href":"https:\/\/1xbets.plus\/tr\/wp-json\/wp\/v2\/users\/1"}],"replies":[{"embeddable":true,"href":"https:\/\/1xbets.plus\/tr\/wp-json\/wp\/v2\/comments?post=463"}],"version-history":[{"count":17,"href":"https:\/\/1xbets.plus\/tr\/wp-json\/wp\/v2\/pages\/463\/revisions"}],"predecessor-version":[{"id":619,"href":"https:\/\/1xbets.plus\/tr\/wp-json\/wp\/v2\/pages\/463\/revisions\/619"}],"wp:attachment":[{"href":"https:\/\/1xbets.plus\/tr\/wp-json\/wp\/v2\/media?parent=463"}],"curies":[{"name":"wp","href":"https:\/\/api.w.org\/{rel}","templated":true}]}}