{"id":423,"date":"2024-09-20T06:04:57","date_gmt":"2024-09-20T06:04:57","guid":{"rendered":"https:\/\/1xbets.plus\/tr\/?page_id=423"},"modified":"2024-12-20T18:29:30","modified_gmt":"2024-12-20T18:29:30","slug":"apk","status":"publish","type":"page","link":"https:\/\/1xbets.plus\/tr\/apk\/","title":{"rendered":"Apk"},"content":{"rendered":"","protected":false},"excerpt":{"rendered":"","protected":false},"author":1,"featured_media":0,"parent":0,"menu_order":0,"comment_status":"closed","ping_status":"closed","template":"","meta":{"footnotes":""},"class_list":["post-423","page","type-page","status-publish","hentry"],"yoast_head":"<!-- This site is optimized with the Yoast SEO plugin v26.2 - https:\/\/yoast.com\/wordpress\/plugins\/seo\/ -->\n<title>Android i\u00e7in 1xBet APK \u21d2 \u00dccretsiz \u0130ndir<\/title>\n<meta name=\"description\" content=\"1xBet Apk&#039;yi \u00dccretsiz \u0130ndirin \u26bd Spor Bahisleri ve Casino i\u00e7in 1xBet Mobil \u2713 Android&#039;de Resmi 1xBet APK Nas\u0131l \u0130ndirilir \u2713 1xBet sitesine h\u0131zl\u0131 eri\u015fim i\u00e7in \u00fccretsiz 1xBet apk y\u00fckleyin\" \/>\n<meta name=\"robots\" content=\"index, follow, max-snippet:-1, max-image-preview:large, max-video-preview:-1\" \/>\n<meta property=\"og:locale\" content=\"tr_TR\" \/>\n<meta property=\"og:type\" content=\"article\" \/>\n<meta property=\"og:title\" content=\"Android i\u00e7in 1xBet APK \u21d2 \u00dccretsiz \u0130ndir\" \/>\n<meta property=\"og:description\" content=\"1xBet Apk&#039;yi \u00dccretsiz \u0130ndirin \u26bd Spor Bahisleri ve Casino i\u00e7in 1xBet Mobil \u2713 Android&#039;de Resmi 1xBet APK Nas\u0131l \u0130ndirilir \u2713 1xBet sitesine h\u0131zl\u0131 eri\u015fim i\u00e7in \u00fccretsiz 1xBet apk y\u00fckleyin\" \/>\n<meta property=\"og:url\" content=\"https:\/\/1xbets.plus\/tr\/apk\/\" \/>\n<meta property=\"og:site_name\" content=\"1xbet Boost tr\" \/>\n<meta property=\"article:modified_time\" content=\"2024-12-20T18:29:30+00:00\" \/>\n<meta name=\"twitter:card\" content=\"summary_large_image\" \/>\n<script type=\"application\/ld+json\" class=\"yoast-schema-graph\">{\"@context\":\"https:\/\/schema.org\",\"@graph\":[{\"@type\":\"WebPage\",\"@id\":\"https:\/\/1xbets.plus\/tr\/apk\/\",\"url\":\"https:\/\/1xbets.plus\/tr\/apk\/\",\"name\":\"Android i\u00e7in 1xBet APK \u21d2 \u00dccretsiz \u0130ndir\",\"isPartOf\":{\"@id\":\"https:\/\/1xbets.plus\/tr\/#website\"},\"datePublished\":\"2024-09-20T06:04:57+00:00\",\"dateModified\":\"2024-12-20T18:29:30+00:00\",\"description\":\"1xBet Apk'yi \u00dccretsiz \u0130ndirin \u26bd Spor Bahisleri ve Casino i\u00e7in 1xBet Mobil \u2713 Android'de Resmi 1xBet APK Nas\u0131l \u0130ndirilir \u2713 1xBet sitesine h\u0131zl\u0131 eri\u015fim i\u00e7in \u00fccretsiz 1xBet apk y\u00fckleyin\",\"inLanguage\":\"tr\",\"potentialAction\":[{\"@type\":\"ReadAction\",\"target\":[\"https:\/\/1xbets.plus\/tr\/apk\/\"]}]},{\"@type\":\"WebSite\",\"@id\":\"https:\/\/1xbets.plus\/tr\/#website\",\"url\":\"https:\/\/1xbets.plus\/tr\/\",\"name\":\"1xbet Boost tr\",\"description\":\"My WordPress Blog\",\"potentialAction\":[{\"@type\":\"SearchAction\",\"target\":{\"@type\":\"EntryPoint\",\"urlTemplate\":\"https:\/\/1xbets.plus\/tr\/?s={search_term_string}\"},\"query-input\":{\"@type\":\"PropertyValueSpecification\",\"valueRequired\":true,\"valueName\":\"search_term_string\"}}],\"inLanguage\":\"tr\"}]}<\/script>\n<!-- \/ Yoast SEO plugin. -->","yoast_head_json":{"title":"Android i\u00e7in 1xBet APK \u21d2 \u00dccretsiz \u0130ndir","description":"1xBet Apk'yi \u00dccretsiz \u0130ndirin \u26bd Spor Bahisleri ve Casino i\u00e7in 1xBet Mobil \u2713 Android'de Resmi 1xBet APK Nas\u0131l \u0130ndirilir \u2713 1xBet sitesine h\u0131zl\u0131 eri\u015fim i\u00e7in \u00fccretsiz 1xBet apk y\u00fckleyin","robots":{"index":"index","follow":"follow","max-snippet":"max-snippet:-1","max-image-preview":"max-image-preview:large","max-video-preview":"max-video-preview:-1"},"og_locale":"tr_TR","og_type":"article","og_title":"Android i\u00e7in 1xBet APK \u21d2 \u00dccretsiz \u0130ndir","og_description":"1xBet Apk'yi \u00dccretsiz \u0130ndirin \u26bd Spor Bahisleri ve Casino i\u00e7in 1xBet Mobil \u2713 Android'de Resmi 1xBet APK Nas\u0131l \u0130ndirilir \u2713 1xBet sitesine h\u0131zl\u0131 eri\u015fim i\u00e7in \u00fccretsiz 1xBet apk y\u00fckleyin","og_url":"https:\/\/1xbets.plus\/tr\/apk\/","og_site_name":"1xbet Boost tr","article_modified_time":"2024-12-20T18:29:30+00:00","twitter_card":"summary_large_image","schema":{"@context":"https:\/\/schema.org","@graph":[{"@type":"WebPage","@id":"https:\/\/1xbets.plus\/tr\/apk\/","url":"https:\/\/1xbets.plus\/tr\/apk\/","name":"Android i\u00e7in 1xBet APK \u21d2 \u00dccretsiz \u0130ndir","isPartOf":{"@id":"https:\/\/1xbets.plus\/tr\/#website"},"datePublished":"2024-09-20T06:04:57+00:00","dateModified":"2024-12-20T18:29:30+00:00","description":"1xBet Apk'yi \u00dccretsiz \u0130ndirin \u26bd Spor Bahisleri ve Casino i\u00e7in 1xBet Mobil \u2713 Android'de Resmi 1xBet APK Nas\u0131l \u0130ndirilir \u2713 1xBet sitesine h\u0131zl\u0131 eri\u015fim i\u00e7in \u00fccretsiz 1xBet apk y\u00fckleyin","inLanguage":"tr","potentialAction":[{"@type":"ReadAction","target":["https:\/\/1xbets.plus\/tr\/apk\/"]}]},{"@type":"WebSite","@id":"https:\/\/1xbets.plus\/tr\/#website","url":"https:\/\/1xbets.plus\/tr\/","name":"1xbet Boost tr","description":"My WordPress Blog","potentialAction":[{"@type":"SearchAction","target":{"@type":"EntryPoint","urlTemplate":"https:\/\/1xbets.plus\/tr\/?s={search_term_string}"},"query-input":{"@type":"PropertyValueSpecification","valueRequired":true,"valueName":"search_term_string"}}],"inLanguage":"tr"}]}},"_links":{"self":[{"href":"https:\/\/1xbets.plus\/tr\/wp-json\/wp\/v2\/pages\/423","targetHints":{"allow":["GET"]}}],"collection":[{"href":"https:\/\/1xbets.plus\/tr\/wp-json\/wp\/v2\/pages"}],"about":[{"href":"https:\/\/1xbets.plus\/tr\/wp-json\/wp\/v2\/types\/page"}],"author":[{"embeddable":true,"href":"https:\/\/1xbets.plus\/tr\/wp-json\/wp\/v2\/users\/1"}],"replies":[{"embeddable":true,"href":"https:\/\/1xbets.plus\/tr\/wp-json\/wp\/v2\/comments?post=423"}],"version-history":[{"count":11,"href":"https:\/\/1xbets.plus\/tr\/wp-json\/wp\/v2\/pages\/423\/revisions"}],"predecessor-version":[{"id":617,"href":"https:\/\/1xbets.plus\/tr\/wp-json\/wp\/v2\/pages\/423\/revisions\/617"}],"wp:attachment":[{"href":"https:\/\/1xbets.plus\/tr\/wp-json\/wp\/v2\/media?parent=423"}],"curies":[{"name":"wp","href":"https:\/\/api.w.org\/{rel}","templated":true}]}}