{"id":349,"date":"2024-09-16T07:08:56","date_gmt":"2024-09-16T07:08:56","guid":{"rendered":"https:\/\/1xbets.plus\/tr\/?page_id=349"},"modified":"2024-12-20T18:31:04","modified_gmt":"2024-12-20T18:31:04","slug":"registration","status":"publish","type":"page","link":"https:\/\/1xbets.plus\/tr\/registration\/","title":{"rendered":"Kay\u0131t"},"content":{"rendered":"","protected":false},"excerpt":{"rendered":"","protected":false},"author":1,"featured_media":0,"parent":0,"menu_order":0,"comment_status":"closed","ping_status":"closed","template":"","meta":{"footnotes":""},"class_list":["post-349","page","type-page","status-publish","hentry"],"yoast_head":"<!-- This site is optimized with the Yoast SEO plugin v26.2 - https:\/\/yoast.com\/wordpress\/plugins\/seo\/ -->\n<title>1xBet Kay\u0131t \u1409 Nas\u0131l Kaydolunur K\u0131lavuzu<\/title>\n<meta name=\"description\" content=\"1xBet kay\u0131t \u26bd\ufe0f Resmi 1xBet sitesi kayd\u0131 \u2713 1xBet kayd\u0131n\u0131z\u0131 \u00fc\u00e7 farkl\u0131 se\u00e7enek kullanarak tamamlay\u0131n \u2713 Tek T\u0131kla Kay\u0131t, Telefon Kayd\u0131 ve E-posta Kayd\u0131\" \/>\n<meta name=\"robots\" content=\"index, follow, max-snippet:-1, max-image-preview:large, max-video-preview:-1\" \/>\n<meta property=\"og:locale\" content=\"tr_TR\" \/>\n<meta property=\"og:type\" content=\"article\" \/>\n<meta property=\"og:title\" content=\"1xBet Kay\u0131t \u1409 Nas\u0131l Kaydolunur K\u0131lavuzu\" \/>\n<meta property=\"og:description\" content=\"1xBet kay\u0131t \u26bd\ufe0f Resmi 1xBet sitesi kayd\u0131 \u2713 1xBet kayd\u0131n\u0131z\u0131 \u00fc\u00e7 farkl\u0131 se\u00e7enek kullanarak tamamlay\u0131n \u2713 Tek T\u0131kla Kay\u0131t, Telefon Kayd\u0131 ve E-posta Kayd\u0131\" \/>\n<meta property=\"og:url\" content=\"https:\/\/1xbets.plus\/tr\/registration\/\" \/>\n<meta property=\"og:site_name\" content=\"1xbet Boost tr\" \/>\n<meta property=\"article:modified_time\" content=\"2024-12-20T18:31:04+00:00\" \/>\n<meta name=\"twitter:card\" content=\"summary_large_image\" \/>\n<script type=\"application\/ld+json\" class=\"yoast-schema-graph\">{\"@context\":\"https:\/\/schema.org\",\"@graph\":[{\"@type\":\"WebPage\",\"@id\":\"https:\/\/1xbets.plus\/tr\/registration\/\",\"url\":\"https:\/\/1xbets.plus\/tr\/registration\/\",\"name\":\"1xBet Kay\u0131t \u1409 Nas\u0131l Kaydolunur K\u0131lavuzu\",\"isPartOf\":{\"@id\":\"https:\/\/1xbets.plus\/tr\/#website\"},\"datePublished\":\"2024-09-16T07:08:56+00:00\",\"dateModified\":\"2024-12-20T18:31:04+00:00\",\"description\":\"1xBet kay\u0131t \u26bd\ufe0f Resmi 1xBet sitesi kayd\u0131 \u2713 1xBet kayd\u0131n\u0131z\u0131 \u00fc\u00e7 farkl\u0131 se\u00e7enek kullanarak tamamlay\u0131n \u2713 Tek T\u0131kla Kay\u0131t, Telefon Kayd\u0131 ve E-posta Kayd\u0131\",\"inLanguage\":\"tr\",\"potentialAction\":[{\"@type\":\"ReadAction\",\"target\":[\"https:\/\/1xbets.plus\/tr\/registration\/\"]}]},{\"@type\":\"WebSite\",\"@id\":\"https:\/\/1xbets.plus\/tr\/#website\",\"url\":\"https:\/\/1xbets.plus\/tr\/\",\"name\":\"1xbet Boost tr\",\"description\":\"My WordPress Blog\",\"potentialAction\":[{\"@type\":\"SearchAction\",\"target\":{\"@type\":\"EntryPoint\",\"urlTemplate\":\"https:\/\/1xbets.plus\/tr\/?s={search_term_string}\"},\"query-input\":{\"@type\":\"PropertyValueSpecification\",\"valueRequired\":true,\"valueName\":\"search_term_string\"}}],\"inLanguage\":\"tr\"}]}<\/script>\n<!-- \/ Yoast SEO plugin. -->","yoast_head_json":{"title":"1xBet Kay\u0131t \u1409 Nas\u0131l Kaydolunur K\u0131lavuzu","description":"1xBet kay\u0131t \u26bd\ufe0f Resmi 1xBet sitesi kayd\u0131 \u2713 1xBet kayd\u0131n\u0131z\u0131 \u00fc\u00e7 farkl\u0131 se\u00e7enek kullanarak tamamlay\u0131n \u2713 Tek T\u0131kla Kay\u0131t, Telefon Kayd\u0131 ve E-posta Kayd\u0131","robots":{"index":"index","follow":"follow","max-snippet":"max-snippet:-1","max-image-preview":"max-image-preview:large","max-video-preview":"max-video-preview:-1"},"og_locale":"tr_TR","og_type":"article","og_title":"1xBet Kay\u0131t \u1409 Nas\u0131l Kaydolunur K\u0131lavuzu","og_description":"1xBet kay\u0131t \u26bd\ufe0f Resmi 1xBet sitesi kayd\u0131 \u2713 1xBet kayd\u0131n\u0131z\u0131 \u00fc\u00e7 farkl\u0131 se\u00e7enek kullanarak tamamlay\u0131n \u2713 Tek T\u0131kla Kay\u0131t, Telefon Kayd\u0131 ve E-posta Kayd\u0131","og_url":"https:\/\/1xbets.plus\/tr\/registration\/","og_site_name":"1xbet Boost tr","article_modified_time":"2024-12-20T18:31:04+00:00","twitter_card":"summary_large_image","schema":{"@context":"https:\/\/schema.org","@graph":[{"@type":"WebPage","@id":"https:\/\/1xbets.plus\/tr\/registration\/","url":"https:\/\/1xbets.plus\/tr\/registration\/","name":"1xBet Kay\u0131t \u1409 Nas\u0131l Kaydolunur K\u0131lavuzu","isPartOf":{"@id":"https:\/\/1xbets.plus\/tr\/#website"},"datePublished":"2024-09-16T07:08:56+00:00","dateModified":"2024-12-20T18:31:04+00:00","description":"1xBet kay\u0131t \u26bd\ufe0f Resmi 1xBet sitesi kayd\u0131 \u2713 1xBet kayd\u0131n\u0131z\u0131 \u00fc\u00e7 farkl\u0131 se\u00e7enek kullanarak tamamlay\u0131n \u2713 Tek T\u0131kla Kay\u0131t, Telefon Kayd\u0131 ve E-posta Kayd\u0131","inLanguage":"tr","potentialAction":[{"@type":"ReadAction","target":["https:\/\/1xbets.plus\/tr\/registration\/"]}]},{"@type":"WebSite","@id":"https:\/\/1xbets.plus\/tr\/#website","url":"https:\/\/1xbets.plus\/tr\/","name":"1xbet Boost tr","description":"My WordPress Blog","potentialAction":[{"@type":"SearchAction","target":{"@type":"EntryPoint","urlTemplate":"https:\/\/1xbets.plus\/tr\/?s={search_term_string}"},"query-input":{"@type":"PropertyValueSpecification","valueRequired":true,"valueName":"search_term_string"}}],"inLanguage":"tr"}]}},"_links":{"self":[{"href":"https:\/\/1xbets.plus\/tr\/wp-json\/wp\/v2\/pages\/349","targetHints":{"allow":["GET"]}}],"collection":[{"href":"https:\/\/1xbets.plus\/tr\/wp-json\/wp\/v2\/pages"}],"about":[{"href":"https:\/\/1xbets.plus\/tr\/wp-json\/wp\/v2\/types\/page"}],"author":[{"embeddable":true,"href":"https:\/\/1xbets.plus\/tr\/wp-json\/wp\/v2\/users\/1"}],"replies":[{"embeddable":true,"href":"https:\/\/1xbets.plus\/tr\/wp-json\/wp\/v2\/comments?post=349"}],"version-history":[{"count":24,"href":"https:\/\/1xbets.plus\/tr\/wp-json\/wp\/v2\/pages\/349\/revisions"}],"predecessor-version":[{"id":618,"href":"https:\/\/1xbets.plus\/tr\/wp-json\/wp\/v2\/pages\/349\/revisions\/618"}],"wp:attachment":[{"href":"https:\/\/1xbets.plus\/tr\/wp-json\/wp\/v2\/media?parent=349"}],"curies":[{"name":"wp","href":"https:\/\/api.w.org\/{rel}","templated":true}]}}