{"id":466,"date":"2024-09-24T06:36:26","date_gmt":"2024-09-24T06:36:26","guid":{"rendered":"https:\/\/1xbets.plus\/sn\/?page_id=466"},"modified":"2025-02-26T15:50:47","modified_gmt":"2025-02-26T15:50:47","slug":"promo-code","status":"publish","type":"page","link":"https:\/\/1xbets.plus\/sn\/promo-code\/","title":{"rendered":"Code promo"},"content":{"rendered":"","protected":false},"excerpt":{"rendered":"","protected":false},"author":1,"featured_media":0,"parent":0,"menu_order":0,"comment_status":"closed","ping_status":"closed","template":"","meta":{"footnotes":""},"class_list":["post-466","page","type-page","status-publish","hentry"],"yoast_head":"<!-- This site is optimized with the Yoast SEO plugin v26.2 - https:\/\/yoast.com\/wordpress\/plugins\/seo\/ -->\n<title>1xBet Code Promo 2025 \u2b50\ufe0f Toutes les promos et codes bonus<\/title>\n<meta name=\"description\" content=\"Entrez le code bonus 1xBet S\u00e9n\u00e9gal dans le formulaire d&#039;inscription et obtenez un bonus suppl\u00e9mentaire sur le site 1xBet \u27a5 Le code promo 1xBet vous donne l&#039;opportunit\u00e9 d&#039;obtenir un bonus de bienvenue sportif exclusif | Echangez des points bonus contre des codes promo 1xBet.\" \/>\n<meta name=\"robots\" content=\"index, follow, max-snippet:-1, max-image-preview:large, max-video-preview:-1\" \/>\n<meta property=\"og:locale\" content=\"fr_FR\" \/>\n<meta property=\"og:type\" content=\"article\" \/>\n<meta property=\"og:title\" content=\"1xBet Code Promo 2025 \u2b50\ufe0f Toutes les promos et codes bonus\" \/>\n<meta property=\"og:description\" content=\"Entrez le code bonus 1xBet S\u00e9n\u00e9gal dans le formulaire d&#039;inscription et obtenez un bonus suppl\u00e9mentaire sur le site 1xBet \u27a5 Le code promo 1xBet vous donne l&#039;opportunit\u00e9 d&#039;obtenir un bonus de bienvenue sportif exclusif | Echangez des points bonus contre des codes promo 1xBet.\" \/>\n<meta property=\"og:url\" content=\"https:\/\/1xbets.plus\/sn\/promo-code\/\" \/>\n<meta property=\"og:site_name\" content=\"1xbet Boost sn\" \/>\n<meta property=\"article:modified_time\" content=\"2025-02-26T15:50:47+00:00\" \/>\n<meta name=\"twitter:card\" content=\"summary_large_image\" \/>\n<script type=\"application\/ld+json\" class=\"yoast-schema-graph\">{\"@context\":\"https:\/\/schema.org\",\"@graph\":[{\"@type\":\"WebPage\",\"@id\":\"https:\/\/1xbets.plus\/sn\/promo-code\/\",\"url\":\"https:\/\/1xbets.plus\/sn\/promo-code\/\",\"name\":\"1xBet Code Promo 2025 \u2b50\ufe0f Toutes les promos et codes bonus\",\"isPartOf\":{\"@id\":\"https:\/\/1xbets.plus\/sn\/#website\"},\"datePublished\":\"2024-09-24T06:36:26+00:00\",\"dateModified\":\"2025-02-26T15:50:47+00:00\",\"description\":\"Entrez le code bonus 1xBet S\u00e9n\u00e9gal dans le formulaire d'inscription et obtenez un bonus suppl\u00e9mentaire sur le site 1xBet \u27a5 Le code promo 1xBet vous donne l'opportunit\u00e9 d'obtenir un bonus de bienvenue sportif exclusif | Echangez des points bonus contre des codes promo 1xBet.\",\"inLanguage\":\"fr-SN\",\"potentialAction\":[{\"@type\":\"ReadAction\",\"target\":[\"https:\/\/1xbets.plus\/sn\/promo-code\/\"]}]},{\"@type\":\"WebSite\",\"@id\":\"https:\/\/1xbets.plus\/sn\/#website\",\"url\":\"https:\/\/1xbets.plus\/sn\/\",\"name\":\"1xbet Boost sn\",\"description\":\"My WordPress Blog\",\"potentialAction\":[{\"@type\":\"SearchAction\",\"target\":{\"@type\":\"EntryPoint\",\"urlTemplate\":\"https:\/\/1xbets.plus\/sn\/?s={search_term_string}\"},\"query-input\":{\"@type\":\"PropertyValueSpecification\",\"valueRequired\":true,\"valueName\":\"search_term_string\"}}],\"inLanguage\":\"fr-SN\"}]}<\/script>\n<!-- \/ Yoast SEO plugin. -->","yoast_head_json":{"title":"1xBet Code Promo 2025 \u2b50\ufe0f Toutes les promos et codes bonus","description":"Entrez le code bonus 1xBet S\u00e9n\u00e9gal dans le formulaire d'inscription et obtenez un bonus suppl\u00e9mentaire sur le site 1xBet \u27a5 Le code promo 1xBet vous donne l'opportunit\u00e9 d'obtenir un bonus de bienvenue sportif exclusif | Echangez des points bonus contre des codes promo 1xBet.","robots":{"index":"index","follow":"follow","max-snippet":"max-snippet:-1","max-image-preview":"max-image-preview:large","max-video-preview":"max-video-preview:-1"},"og_locale":"fr_FR","og_type":"article","og_title":"1xBet Code Promo 2025 \u2b50\ufe0f Toutes les promos et codes bonus","og_description":"Entrez le code bonus 1xBet S\u00e9n\u00e9gal dans le formulaire d'inscription et obtenez un bonus suppl\u00e9mentaire sur le site 1xBet \u27a5 Le code promo 1xBet vous donne l'opportunit\u00e9 d'obtenir un bonus de bienvenue sportif exclusif | Echangez des points bonus contre des codes promo 1xBet.","og_url":"https:\/\/1xbets.plus\/sn\/promo-code\/","og_site_name":"1xbet Boost sn","article_modified_time":"2025-02-26T15:50:47+00:00","twitter_card":"summary_large_image","schema":{"@context":"https:\/\/schema.org","@graph":[{"@type":"WebPage","@id":"https:\/\/1xbets.plus\/sn\/promo-code\/","url":"https:\/\/1xbets.plus\/sn\/promo-code\/","name":"1xBet Code Promo 2025 \u2b50\ufe0f Toutes les promos et codes bonus","isPartOf":{"@id":"https:\/\/1xbets.plus\/sn\/#website"},"datePublished":"2024-09-24T06:36:26+00:00","dateModified":"2025-02-26T15:50:47+00:00","description":"Entrez le code bonus 1xBet S\u00e9n\u00e9gal dans le formulaire d'inscription et obtenez un bonus suppl\u00e9mentaire sur le site 1xBet \u27a5 Le code promo 1xBet vous donne l'opportunit\u00e9 d'obtenir un bonus de bienvenue sportif exclusif | Echangez des points bonus contre des codes promo 1xBet.","inLanguage":"fr-SN","potentialAction":[{"@type":"ReadAction","target":["https:\/\/1xbets.plus\/sn\/promo-code\/"]}]},{"@type":"WebSite","@id":"https:\/\/1xbets.plus\/sn\/#website","url":"https:\/\/1xbets.plus\/sn\/","name":"1xbet Boost sn","description":"My WordPress Blog","potentialAction":[{"@type":"SearchAction","target":{"@type":"EntryPoint","urlTemplate":"https:\/\/1xbets.plus\/sn\/?s={search_term_string}"},"query-input":{"@type":"PropertyValueSpecification","valueRequired":true,"valueName":"search_term_string"}}],"inLanguage":"fr-SN"}]}},"_links":{"self":[{"href":"https:\/\/1xbets.plus\/sn\/wp-json\/wp\/v2\/pages\/466","targetHints":{"allow":["GET"]}}],"collection":[{"href":"https:\/\/1xbets.plus\/sn\/wp-json\/wp\/v2\/pages"}],"about":[{"href":"https:\/\/1xbets.plus\/sn\/wp-json\/wp\/v2\/types\/page"}],"author":[{"embeddable":true,"href":"https:\/\/1xbets.plus\/sn\/wp-json\/wp\/v2\/users\/1"}],"replies":[{"embeddable":true,"href":"https:\/\/1xbets.plus\/sn\/wp-json\/wp\/v2\/comments?post=466"}],"version-history":[{"count":17,"href":"https:\/\/1xbets.plus\/sn\/wp-json\/wp\/v2\/pages\/466\/revisions"}],"predecessor-version":[{"id":635,"href":"https:\/\/1xbets.plus\/sn\/wp-json\/wp\/v2\/pages\/466\/revisions\/635"}],"wp:attachment":[{"href":"https:\/\/1xbets.plus\/sn\/wp-json\/wp\/v2\/media?parent=466"}],"curies":[{"name":"wp","href":"https:\/\/api.w.org\/{rel}","templated":true}]}}