{"id":423,"date":"2024-09-20T06:04:57","date_gmt":"2024-09-20T06:04:57","guid":{"rendered":"https:\/\/1xbets.plus\/sn\/?page_id=423"},"modified":"2024-12-13T09:45:41","modified_gmt":"2024-12-13T09:45:41","slug":"apk","status":"publish","type":"page","link":"https:\/\/1xbets.plus\/sn\/apk\/","title":{"rendered":"Apk"},"content":{"rendered":"","protected":false},"excerpt":{"rendered":"","protected":false},"author":1,"featured_media":0,"parent":0,"menu_order":0,"comment_status":"closed","ping_status":"closed","template":"","meta":{"footnotes":""},"class_list":["post-423","page","type-page","status-publish","hentry"],"yoast_head":"<!-- This site is optimized with the Yoast SEO plugin v26.2 - https:\/\/yoast.com\/wordpress\/plugins\/seo\/ -->\n<title>1xBet S\u00e9n\u00e9gal APK pour Android \u21d2 T\u00e9l\u00e9chargement gratuit<\/title>\n<meta name=\"description\" content=\"T\u00e9l\u00e9charger 1xBet Apk gratuitement \u26bd 1xBet Mobile pour les paris sportifs et le casino \u2713 Comment t\u00e9l\u00e9charger l&#039;APK officiel de 1xBet sur Android \u2713 Installer l&#039;apk gratuite de 1xBet pour un acc\u00e8s rapide au site de 1xBet.\" \/>\n<meta name=\"robots\" content=\"index, follow, max-snippet:-1, max-image-preview:large, max-video-preview:-1\" \/>\n<meta property=\"og:locale\" content=\"fr_FR\" \/>\n<meta property=\"og:type\" content=\"article\" \/>\n<meta property=\"og:title\" content=\"1xBet S\u00e9n\u00e9gal APK pour Android \u21d2 T\u00e9l\u00e9chargement gratuit\" \/>\n<meta property=\"og:description\" content=\"T\u00e9l\u00e9charger 1xBet Apk gratuitement \u26bd 1xBet Mobile pour les paris sportifs et le casino \u2713 Comment t\u00e9l\u00e9charger l&#039;APK officiel de 1xBet sur Android \u2713 Installer l&#039;apk gratuite de 1xBet pour un acc\u00e8s rapide au site de 1xBet.\" \/>\n<meta property=\"og:url\" content=\"https:\/\/1xbets.plus\/sn\/apk\/\" \/>\n<meta property=\"og:site_name\" content=\"1xbet Boost sn\" \/>\n<meta property=\"article:modified_time\" content=\"2024-12-13T09:45:41+00:00\" \/>\n<meta name=\"twitter:card\" content=\"summary_large_image\" \/>\n<script type=\"application\/ld+json\" class=\"yoast-schema-graph\">{\"@context\":\"https:\/\/schema.org\",\"@graph\":[{\"@type\":\"WebPage\",\"@id\":\"https:\/\/1xbets.plus\/sn\/apk\/\",\"url\":\"https:\/\/1xbets.plus\/sn\/apk\/\",\"name\":\"1xBet S\u00e9n\u00e9gal APK pour Android \u21d2 T\u00e9l\u00e9chargement gratuit\",\"isPartOf\":{\"@id\":\"https:\/\/1xbets.plus\/sn\/#website\"},\"datePublished\":\"2024-09-20T06:04:57+00:00\",\"dateModified\":\"2024-12-13T09:45:41+00:00\",\"description\":\"T\u00e9l\u00e9charger 1xBet Apk gratuitement \u26bd 1xBet Mobile pour les paris sportifs et le casino \u2713 Comment t\u00e9l\u00e9charger l'APK officiel de 1xBet sur Android \u2713 Installer l'apk gratuite de 1xBet pour un acc\u00e8s rapide au site de 1xBet.\",\"inLanguage\":\"fr-SN\",\"potentialAction\":[{\"@type\":\"ReadAction\",\"target\":[\"https:\/\/1xbets.plus\/sn\/apk\/\"]}]},{\"@type\":\"WebSite\",\"@id\":\"https:\/\/1xbets.plus\/sn\/#website\",\"url\":\"https:\/\/1xbets.plus\/sn\/\",\"name\":\"1xbet Boost sn\",\"description\":\"My WordPress Blog\",\"potentialAction\":[{\"@type\":\"SearchAction\",\"target\":{\"@type\":\"EntryPoint\",\"urlTemplate\":\"https:\/\/1xbets.plus\/sn\/?s={search_term_string}\"},\"query-input\":{\"@type\":\"PropertyValueSpecification\",\"valueRequired\":true,\"valueName\":\"search_term_string\"}}],\"inLanguage\":\"fr-SN\"}]}<\/script>\n<!-- \/ Yoast SEO plugin. -->","yoast_head_json":{"title":"1xBet S\u00e9n\u00e9gal APK pour Android \u21d2 T\u00e9l\u00e9chargement gratuit","description":"T\u00e9l\u00e9charger 1xBet Apk gratuitement \u26bd 1xBet Mobile pour les paris sportifs et le casino \u2713 Comment t\u00e9l\u00e9charger l'APK officiel de 1xBet sur Android \u2713 Installer l'apk gratuite de 1xBet pour un acc\u00e8s rapide au site de 1xBet.","robots":{"index":"index","follow":"follow","max-snippet":"max-snippet:-1","max-image-preview":"max-image-preview:large","max-video-preview":"max-video-preview:-1"},"og_locale":"fr_FR","og_type":"article","og_title":"1xBet S\u00e9n\u00e9gal APK pour Android \u21d2 T\u00e9l\u00e9chargement gratuit","og_description":"T\u00e9l\u00e9charger 1xBet Apk gratuitement \u26bd 1xBet Mobile pour les paris sportifs et le casino \u2713 Comment t\u00e9l\u00e9charger l'APK officiel de 1xBet sur Android \u2713 Installer l'apk gratuite de 1xBet pour un acc\u00e8s rapide au site de 1xBet.","og_url":"https:\/\/1xbets.plus\/sn\/apk\/","og_site_name":"1xbet Boost sn","article_modified_time":"2024-12-13T09:45:41+00:00","twitter_card":"summary_large_image","schema":{"@context":"https:\/\/schema.org","@graph":[{"@type":"WebPage","@id":"https:\/\/1xbets.plus\/sn\/apk\/","url":"https:\/\/1xbets.plus\/sn\/apk\/","name":"1xBet S\u00e9n\u00e9gal APK pour Android \u21d2 T\u00e9l\u00e9chargement gratuit","isPartOf":{"@id":"https:\/\/1xbets.plus\/sn\/#website"},"datePublished":"2024-09-20T06:04:57+00:00","dateModified":"2024-12-13T09:45:41+00:00","description":"T\u00e9l\u00e9charger 1xBet Apk gratuitement \u26bd 1xBet Mobile pour les paris sportifs et le casino \u2713 Comment t\u00e9l\u00e9charger l'APK officiel de 1xBet sur Android \u2713 Installer l'apk gratuite de 1xBet pour un acc\u00e8s rapide au site de 1xBet.","inLanguage":"fr-SN","potentialAction":[{"@type":"ReadAction","target":["https:\/\/1xbets.plus\/sn\/apk\/"]}]},{"@type":"WebSite","@id":"https:\/\/1xbets.plus\/sn\/#website","url":"https:\/\/1xbets.plus\/sn\/","name":"1xbet Boost sn","description":"My WordPress Blog","potentialAction":[{"@type":"SearchAction","target":{"@type":"EntryPoint","urlTemplate":"https:\/\/1xbets.plus\/sn\/?s={search_term_string}"},"query-input":{"@type":"PropertyValueSpecification","valueRequired":true,"valueName":"search_term_string"}}],"inLanguage":"fr-SN"}]}},"_links":{"self":[{"href":"https:\/\/1xbets.plus\/sn\/wp-json\/wp\/v2\/pages\/423","targetHints":{"allow":["GET"]}}],"collection":[{"href":"https:\/\/1xbets.plus\/sn\/wp-json\/wp\/v2\/pages"}],"about":[{"href":"https:\/\/1xbets.plus\/sn\/wp-json\/wp\/v2\/types\/page"}],"author":[{"embeddable":true,"href":"https:\/\/1xbets.plus\/sn\/wp-json\/wp\/v2\/users\/1"}],"replies":[{"embeddable":true,"href":"https:\/\/1xbets.plus\/sn\/wp-json\/wp\/v2\/comments?post=423"}],"version-history":[{"count":12,"href":"https:\/\/1xbets.plus\/sn\/wp-json\/wp\/v2\/pages\/423\/revisions"}],"predecessor-version":[{"id":621,"href":"https:\/\/1xbets.plus\/sn\/wp-json\/wp\/v2\/pages\/423\/revisions\/621"}],"wp:attachment":[{"href":"https:\/\/1xbets.plus\/sn\/wp-json\/wp\/v2\/media?parent=423"}],"curies":[{"name":"wp","href":"https:\/\/api.w.org\/{rel}","templated":true}]}}