{"id":612,"date":"2025-06-11T06:43:39","date_gmt":"2025-06-11T06:43:39","guid":{"rendered":"https:\/\/1xbets.plus\/ro\/?page_id=612"},"modified":"2026-04-20T12:34:11","modified_gmt":"2026-04-20T12:34:11","slug":"no-risk-bet","status":"publish","type":"page","link":"https:\/\/1xbets.plus\/ro\/bonus\/no-risk-bet\/","title":{"rendered":"Pariu f\u0103r\u0103 risc"},"content":{"rendered":"","protected":false},"excerpt":{"rendered":"","protected":false},"author":1,"featured_media":0,"parent":152,"menu_order":0,"comment_status":"closed","ping_status":"closed","template":"","meta":{"footnotes":""},"class_list":["post-612","page","type-page","status-publish","hentry"],"yoast_head":"<!-- This site is optimized with the Yoast SEO plugin v26.2 - https:\/\/yoast.com\/wordpress\/plugins\/seo\/ -->\n<title>Pariu f\u0103r\u0103 risc de la 1xBet | Cum s\u0103 ob\u021bii un pariu gratuit \u00een caz de pierdere<\/title>\n<meta name=\"description\" content=\"Pariu f\u0103r\u0103 risc cu 1xBet: ghice\u0219te scorul exact \u0219i prime\u0219ti un pariu gratuit chiar dac\u0103 pierzi! Transform\u0103-\u021bi pariurile \u00een c\u00e2\u0219tiguri reale, f\u0103r\u0103 teama de a pierde bani. Pariaz\u0103 pe cele mai importante meciuri de fotbal \u0219i folose\u0219te-\u021bi asigurarea.\" \/>\n<meta name=\"robots\" content=\"index, follow, max-snippet:-1, max-image-preview:large, max-video-preview:-1\" \/>\n<meta property=\"og:locale\" content=\"ro_RO\" \/>\n<meta property=\"og:type\" content=\"article\" \/>\n<meta property=\"og:title\" content=\"Pariu f\u0103r\u0103 risc de la 1xBet | Cum s\u0103 ob\u021bii un pariu gratuit \u00een caz de pierdere\" \/>\n<meta property=\"og:description\" content=\"Pariu f\u0103r\u0103 risc cu 1xBet: ghice\u0219te scorul exact \u0219i prime\u0219ti un pariu gratuit chiar dac\u0103 pierzi! Transform\u0103-\u021bi pariurile \u00een c\u00e2\u0219tiguri reale, f\u0103r\u0103 teama de a pierde bani. Pariaz\u0103 pe cele mai importante meciuri de fotbal \u0219i folose\u0219te-\u021bi asigurarea.\" \/>\n<meta property=\"og:url\" content=\"https:\/\/1xbets.plus\/ro\/bonus\/no-risk-bet\/\" \/>\n<meta property=\"og:site_name\" content=\"1xbet Boost ro\" \/>\n<meta property=\"article:modified_time\" content=\"2026-04-20T12:34:11+00:00\" \/>\n<meta name=\"twitter:card\" content=\"summary_large_image\" \/>\n<script type=\"application\/ld+json\" class=\"yoast-schema-graph\">{\"@context\":\"https:\/\/schema.org\",\"@graph\":[{\"@type\":\"WebPage\",\"@id\":\"https:\/\/1xbets.plus\/ro\/bonus\/no-risk-bet\/\",\"url\":\"https:\/\/1xbets.plus\/ro\/bonus\/no-risk-bet\/\",\"name\":\"Pariu f\u0103r\u0103 risc de la 1xBet | Cum s\u0103 ob\u021bii un pariu gratuit \u00een caz de pierdere\",\"isPartOf\":{\"@id\":\"https:\/\/1xbets.plus\/ro\/#website\"},\"datePublished\":\"2025-06-11T06:43:39+00:00\",\"dateModified\":\"2026-04-20T12:34:11+00:00\",\"description\":\"Pariu f\u0103r\u0103 risc cu 1xBet: ghice\u0219te scorul exact \u0219i prime\u0219ti un pariu gratuit chiar dac\u0103 pierzi! Transform\u0103-\u021bi pariurile \u00een c\u00e2\u0219tiguri reale, f\u0103r\u0103 teama de a pierde bani. Pariaz\u0103 pe cele mai importante meciuri de fotbal \u0219i folose\u0219te-\u021bi asigurarea.\",\"breadcrumb\":{\"@id\":\"https:\/\/1xbets.plus\/ro\/bonus\/no-risk-bet\/#breadcrumb\"},\"inLanguage\":\"ro-RO\",\"potentialAction\":[{\"@type\":\"ReadAction\",\"target\":[\"https:\/\/1xbets.plus\/ro\/bonus\/no-risk-bet\/\"]}]},{\"@type\":\"BreadcrumbList\",\"@id\":\"https:\/\/1xbets.plus\/ro\/bonus\/no-risk-bet\/#breadcrumb\",\"itemListElement\":[{\"@type\":\"ListItem\",\"position\":1,\"name\":\"Bonus\",\"item\":\"https:\/\/1xbets.plus\/ro\/bonus\/\"},{\"@type\":\"ListItem\",\"position\":2,\"name\":\"Pariu f\u0103r\u0103 risc\"}]},{\"@type\":\"WebSite\",\"@id\":\"https:\/\/1xbets.plus\/ro\/#website\",\"url\":\"https:\/\/1xbets.plus\/ro\/\",\"name\":\"1xbet Boost ro\",\"description\":\"My WordPress Blog\",\"potentialAction\":[{\"@type\":\"SearchAction\",\"target\":{\"@type\":\"EntryPoint\",\"urlTemplate\":\"https:\/\/1xbets.plus\/ro\/?s={search_term_string}\"},\"query-input\":{\"@type\":\"PropertyValueSpecification\",\"valueRequired\":true,\"valueName\":\"search_term_string\"}}],\"inLanguage\":\"ro-RO\"}]}<\/script>\n<!-- \/ Yoast SEO plugin. -->","yoast_head_json":{"title":"Pariu f\u0103r\u0103 risc de la 1xBet | Cum s\u0103 ob\u021bii un pariu gratuit \u00een caz de pierdere","description":"Pariu f\u0103r\u0103 risc cu 1xBet: ghice\u0219te scorul exact \u0219i prime\u0219ti un pariu gratuit chiar dac\u0103 pierzi! Transform\u0103-\u021bi pariurile \u00een c\u00e2\u0219tiguri reale, f\u0103r\u0103 teama de a pierde bani. Pariaz\u0103 pe cele mai importante meciuri de fotbal \u0219i folose\u0219te-\u021bi asigurarea.","robots":{"index":"index","follow":"follow","max-snippet":"max-snippet:-1","max-image-preview":"max-image-preview:large","max-video-preview":"max-video-preview:-1"},"og_locale":"ro_RO","og_type":"article","og_title":"Pariu f\u0103r\u0103 risc de la 1xBet | Cum s\u0103 ob\u021bii un pariu gratuit \u00een caz de pierdere","og_description":"Pariu f\u0103r\u0103 risc cu 1xBet: ghice\u0219te scorul exact \u0219i prime\u0219ti un pariu gratuit chiar dac\u0103 pierzi! Transform\u0103-\u021bi pariurile \u00een c\u00e2\u0219tiguri reale, f\u0103r\u0103 teama de a pierde bani. Pariaz\u0103 pe cele mai importante meciuri de fotbal \u0219i folose\u0219te-\u021bi asigurarea.","og_url":"https:\/\/1xbets.plus\/ro\/bonus\/no-risk-bet\/","og_site_name":"1xbet Boost ro","article_modified_time":"2026-04-20T12:34:11+00:00","twitter_card":"summary_large_image","schema":{"@context":"https:\/\/schema.org","@graph":[{"@type":"WebPage","@id":"https:\/\/1xbets.plus\/ro\/bonus\/no-risk-bet\/","url":"https:\/\/1xbets.plus\/ro\/bonus\/no-risk-bet\/","name":"Pariu f\u0103r\u0103 risc de la 1xBet | Cum s\u0103 ob\u021bii un pariu gratuit \u00een caz de pierdere","isPartOf":{"@id":"https:\/\/1xbets.plus\/ro\/#website"},"datePublished":"2025-06-11T06:43:39+00:00","dateModified":"2026-04-20T12:34:11+00:00","description":"Pariu f\u0103r\u0103 risc cu 1xBet: ghice\u0219te scorul exact \u0219i prime\u0219ti un pariu gratuit chiar dac\u0103 pierzi! Transform\u0103-\u021bi pariurile \u00een c\u00e2\u0219tiguri reale, f\u0103r\u0103 teama de a pierde bani. Pariaz\u0103 pe cele mai importante meciuri de fotbal \u0219i folose\u0219te-\u021bi asigurarea.","breadcrumb":{"@id":"https:\/\/1xbets.plus\/ro\/bonus\/no-risk-bet\/#breadcrumb"},"inLanguage":"ro-RO","potentialAction":[{"@type":"ReadAction","target":["https:\/\/1xbets.plus\/ro\/bonus\/no-risk-bet\/"]}]},{"@type":"BreadcrumbList","@id":"https:\/\/1xbets.plus\/ro\/bonus\/no-risk-bet\/#breadcrumb","itemListElement":[{"@type":"ListItem","position":1,"name":"Bonus","item":"https:\/\/1xbets.plus\/ro\/bonus\/"},{"@type":"ListItem","position":2,"name":"Pariu f\u0103r\u0103 risc"}]},{"@type":"WebSite","@id":"https:\/\/1xbets.plus\/ro\/#website","url":"https:\/\/1xbets.plus\/ro\/","name":"1xbet Boost ro","description":"My WordPress Blog","potentialAction":[{"@type":"SearchAction","target":{"@type":"EntryPoint","urlTemplate":"https:\/\/1xbets.plus\/ro\/?s={search_term_string}"},"query-input":{"@type":"PropertyValueSpecification","valueRequired":true,"valueName":"search_term_string"}}],"inLanguage":"ro-RO"}]}},"_links":{"self":[{"href":"https:\/\/1xbets.plus\/ro\/wp-json\/wp\/v2\/pages\/612","targetHints":{"allow":["GET"]}}],"collection":[{"href":"https:\/\/1xbets.plus\/ro\/wp-json\/wp\/v2\/pages"}],"about":[{"href":"https:\/\/1xbets.plus\/ro\/wp-json\/wp\/v2\/types\/page"}],"author":[{"embeddable":true,"href":"https:\/\/1xbets.plus\/ro\/wp-json\/wp\/v2\/users\/1"}],"replies":[{"embeddable":true,"href":"https:\/\/1xbets.plus\/ro\/wp-json\/wp\/v2\/comments?post=612"}],"version-history":[{"count":5,"href":"https:\/\/1xbets.plus\/ro\/wp-json\/wp\/v2\/pages\/612\/revisions"}],"predecessor-version":[{"id":925,"href":"https:\/\/1xbets.plus\/ro\/wp-json\/wp\/v2\/pages\/612\/revisions\/925"}],"up":[{"embeddable":true,"href":"https:\/\/1xbets.plus\/ro\/wp-json\/wp\/v2\/pages\/152"}],"wp:attachment":[{"href":"https:\/\/1xbets.plus\/ro\/wp-json\/wp\/v2\/media?parent=612"}],"curies":[{"name":"wp","href":"https:\/\/api.w.org\/{rel}","templated":true}]}}