{"id":463,"date":"2024-09-24T06:27:55","date_gmt":"2024-09-24T06:27:55","guid":{"rendered":"https:\/\/1xbets.plus\/ro\/?page_id=463"},"modified":"2026-04-20T15:13:23","modified_gmt":"2026-04-20T15:13:23","slug":"login","status":"publish","type":"page","link":"https:\/\/1xbets.plus\/ro\/login\/","title":{"rendered":"Autentificare"},"content":{"rendered":"","protected":false},"excerpt":{"rendered":"","protected":false},"author":1,"featured_media":0,"parent":0,"menu_order":0,"comment_status":"closed","ping_status":"closed","template":"","meta":{"footnotes":""},"class_list":["post-463","page","type-page","status-publish","hentry"],"yoast_head":"<!-- This site is optimized with the Yoast SEO plugin v26.2 - https:\/\/yoast.com\/wordpress\/plugins\/seo\/ -->\n<title>Autentificare 1xBet \u1409 Pariuri sportive \u0219i cazinou<\/title>\n<meta name=\"description\" content=\"Cum s\u0103 v\u0103 conecta\u021bi la contul 1xBet | Procesul de conectare la 1xBet \u2713 Conectare la 1xBet de pe mobil \u2713 Ghidul nostru v\u0103 va explica pas cu pas cum s\u0103 v\u0103 \u00eenregistra\u021bi pe site-ul 1xBet \u0219i cum s\u0103 v\u0103 conecta\u021bi rapid la contul dumneavoastr\u0103\" \/>\n<meta name=\"robots\" content=\"index, follow, max-snippet:-1, max-image-preview:large, max-video-preview:-1\" \/>\n<meta property=\"og:locale\" content=\"ro_RO\" \/>\n<meta property=\"og:type\" content=\"article\" \/>\n<meta property=\"og:title\" content=\"Autentificare 1xBet \u1409 Pariuri sportive \u0219i cazinou\" \/>\n<meta property=\"og:description\" content=\"Cum s\u0103 v\u0103 conecta\u021bi la contul 1xBet | Procesul de conectare la 1xBet \u2713 Conectare la 1xBet de pe mobil \u2713 Ghidul nostru v\u0103 va explica pas cu pas cum s\u0103 v\u0103 \u00eenregistra\u021bi pe site-ul 1xBet \u0219i cum s\u0103 v\u0103 conecta\u021bi rapid la contul dumneavoastr\u0103\" \/>\n<meta property=\"og:url\" content=\"https:\/\/1xbets.plus\/ro\/login\/\" \/>\n<meta property=\"og:site_name\" content=\"1xbet Boost ro\" \/>\n<meta property=\"article:modified_time\" content=\"2026-04-20T15:13:23+00:00\" \/>\n<meta name=\"twitter:card\" content=\"summary_large_image\" \/>\n<script type=\"application\/ld+json\" class=\"yoast-schema-graph\">{\"@context\":\"https:\/\/schema.org\",\"@graph\":[{\"@type\":\"WebPage\",\"@id\":\"https:\/\/1xbets.plus\/ro\/login\/\",\"url\":\"https:\/\/1xbets.plus\/ro\/login\/\",\"name\":\"Autentificare 1xBet \u1409 Pariuri sportive \u0219i cazinou\",\"isPartOf\":{\"@id\":\"https:\/\/1xbets.plus\/ro\/#website\"},\"datePublished\":\"2024-09-24T06:27:55+00:00\",\"dateModified\":\"2026-04-20T15:13:23+00:00\",\"description\":\"Cum s\u0103 v\u0103 conecta\u021bi la contul 1xBet | Procesul de conectare la 1xBet \u2713 Conectare la 1xBet de pe mobil \u2713 Ghidul nostru v\u0103 va explica pas cu pas cum s\u0103 v\u0103 \u00eenregistra\u021bi pe site-ul 1xBet \u0219i cum s\u0103 v\u0103 conecta\u021bi rapid la contul dumneavoastr\u0103\",\"inLanguage\":\"ro-RO\",\"potentialAction\":[{\"@type\":\"ReadAction\",\"target\":[\"https:\/\/1xbets.plus\/ro\/login\/\"]}]},{\"@type\":\"WebSite\",\"@id\":\"https:\/\/1xbets.plus\/ro\/#website\",\"url\":\"https:\/\/1xbets.plus\/ro\/\",\"name\":\"1xbet Boost ro\",\"description\":\"My WordPress Blog\",\"potentialAction\":[{\"@type\":\"SearchAction\",\"target\":{\"@type\":\"EntryPoint\",\"urlTemplate\":\"https:\/\/1xbets.plus\/ro\/?s={search_term_string}\"},\"query-input\":{\"@type\":\"PropertyValueSpecification\",\"valueRequired\":true,\"valueName\":\"search_term_string\"}}],\"inLanguage\":\"ro-RO\"}]}<\/script>\n<!-- \/ Yoast SEO plugin. -->","yoast_head_json":{"title":"Autentificare 1xBet \u1409 Pariuri sportive \u0219i cazinou","description":"Cum s\u0103 v\u0103 conecta\u021bi la contul 1xBet | Procesul de conectare la 1xBet \u2713 Conectare la 1xBet de pe mobil \u2713 Ghidul nostru v\u0103 va explica pas cu pas cum s\u0103 v\u0103 \u00eenregistra\u021bi pe site-ul 1xBet \u0219i cum s\u0103 v\u0103 conecta\u021bi rapid la contul dumneavoastr\u0103","robots":{"index":"index","follow":"follow","max-snippet":"max-snippet:-1","max-image-preview":"max-image-preview:large","max-video-preview":"max-video-preview:-1"},"og_locale":"ro_RO","og_type":"article","og_title":"Autentificare 1xBet \u1409 Pariuri sportive \u0219i cazinou","og_description":"Cum s\u0103 v\u0103 conecta\u021bi la contul 1xBet | Procesul de conectare la 1xBet \u2713 Conectare la 1xBet de pe mobil \u2713 Ghidul nostru v\u0103 va explica pas cu pas cum s\u0103 v\u0103 \u00eenregistra\u021bi pe site-ul 1xBet \u0219i cum s\u0103 v\u0103 conecta\u021bi rapid la contul dumneavoastr\u0103","og_url":"https:\/\/1xbets.plus\/ro\/login\/","og_site_name":"1xbet Boost ro","article_modified_time":"2026-04-20T15:13:23+00:00","twitter_card":"summary_large_image","schema":{"@context":"https:\/\/schema.org","@graph":[{"@type":"WebPage","@id":"https:\/\/1xbets.plus\/ro\/login\/","url":"https:\/\/1xbets.plus\/ro\/login\/","name":"Autentificare 1xBet \u1409 Pariuri sportive \u0219i cazinou","isPartOf":{"@id":"https:\/\/1xbets.plus\/ro\/#website"},"datePublished":"2024-09-24T06:27:55+00:00","dateModified":"2026-04-20T15:13:23+00:00","description":"Cum s\u0103 v\u0103 conecta\u021bi la contul 1xBet | Procesul de conectare la 1xBet \u2713 Conectare la 1xBet de pe mobil \u2713 Ghidul nostru v\u0103 va explica pas cu pas cum s\u0103 v\u0103 \u00eenregistra\u021bi pe site-ul 1xBet \u0219i cum s\u0103 v\u0103 conecta\u021bi rapid la contul dumneavoastr\u0103","inLanguage":"ro-RO","potentialAction":[{"@type":"ReadAction","target":["https:\/\/1xbets.plus\/ro\/login\/"]}]},{"@type":"WebSite","@id":"https:\/\/1xbets.plus\/ro\/#website","url":"https:\/\/1xbets.plus\/ro\/","name":"1xbet Boost ro","description":"My WordPress Blog","potentialAction":[{"@type":"SearchAction","target":{"@type":"EntryPoint","urlTemplate":"https:\/\/1xbets.plus\/ro\/?s={search_term_string}"},"query-input":{"@type":"PropertyValueSpecification","valueRequired":true,"valueName":"search_term_string"}}],"inLanguage":"ro-RO"}]}},"_links":{"self":[{"href":"https:\/\/1xbets.plus\/ro\/wp-json\/wp\/v2\/pages\/463","targetHints":{"allow":["GET"]}}],"collection":[{"href":"https:\/\/1xbets.plus\/ro\/wp-json\/wp\/v2\/pages"}],"about":[{"href":"https:\/\/1xbets.plus\/ro\/wp-json\/wp\/v2\/types\/page"}],"author":[{"embeddable":true,"href":"https:\/\/1xbets.plus\/ro\/wp-json\/wp\/v2\/users\/1"}],"replies":[{"embeddable":true,"href":"https:\/\/1xbets.plus\/ro\/wp-json\/wp\/v2\/comments?post=463"}],"version-history":[{"count":16,"href":"https:\/\/1xbets.plus\/ro\/wp-json\/wp\/v2\/pages\/463\/revisions"}],"predecessor-version":[{"id":943,"href":"https:\/\/1xbets.plus\/ro\/wp-json\/wp\/v2\/pages\/463\/revisions\/943"}],"wp:attachment":[{"href":"https:\/\/1xbets.plus\/ro\/wp-json\/wp\/v2\/media?parent=463"}],"curies":[{"name":"wp","href":"https:\/\/api.w.org\/{rel}","templated":true}]}}