{"id":423,"date":"2024-09-20T06:04:57","date_gmt":"2024-09-20T06:04:57","guid":{"rendered":"https:\/\/1xbets.plus\/ro\/?page_id=423"},"modified":"2026-04-20T12:00:43","modified_gmt":"2026-04-20T12:00:43","slug":"apk","status":"publish","type":"page","link":"https:\/\/1xbets.plus\/ro\/apk\/","title":{"rendered":"Apk"},"content":{"rendered":"","protected":false},"excerpt":{"rendered":"","protected":false},"author":1,"featured_media":0,"parent":0,"menu_order":0,"comment_status":"closed","ping_status":"closed","template":"","meta":{"footnotes":""},"class_list":["post-423","page","type-page","status-publish","hentry"],"yoast_head":"<!-- This site is optimized with the Yoast SEO plugin v26.2 - https:\/\/yoast.com\/wordpress\/plugins\/seo\/ -->\n<title>1xBet APK pentru Android \u21d2 Desc\u0103rcare gratuit\u0103<\/title>\n<meta name=\"description\" content=\"Desc\u0103rca\u021bi gratuit aplica\u021bia 1xBet \u26bd 1xBet Mobile pentru pariuri sportive \u0219i cazinou \u2713 Cum s\u0103 desc\u0103rca\u021bi aplica\u021bia oficial\u0103 1xBet pe Android \u2713 Instala\u021bi gratuit aplica\u021bia 1xBet pentru acces rapid la site-ul 1xBet\" \/>\n<meta name=\"robots\" content=\"index, follow, max-snippet:-1, max-image-preview:large, max-video-preview:-1\" \/>\n<meta property=\"og:locale\" content=\"ro_RO\" \/>\n<meta property=\"og:type\" content=\"article\" \/>\n<meta property=\"og:title\" content=\"1xBet APK pentru Android \u21d2 Desc\u0103rcare gratuit\u0103\" \/>\n<meta property=\"og:description\" content=\"Desc\u0103rca\u021bi gratuit aplica\u021bia 1xBet \u26bd 1xBet Mobile pentru pariuri sportive \u0219i cazinou \u2713 Cum s\u0103 desc\u0103rca\u021bi aplica\u021bia oficial\u0103 1xBet pe Android \u2713 Instala\u021bi gratuit aplica\u021bia 1xBet pentru acces rapid la site-ul 1xBet\" \/>\n<meta property=\"og:url\" content=\"https:\/\/1xbets.plus\/ro\/apk\/\" \/>\n<meta property=\"og:site_name\" content=\"1xbet Boost ro\" \/>\n<meta property=\"article:modified_time\" content=\"2026-04-20T12:00:43+00:00\" \/>\n<meta name=\"twitter:card\" content=\"summary_large_image\" \/>\n<script type=\"application\/ld+json\" class=\"yoast-schema-graph\">{\"@context\":\"https:\/\/schema.org\",\"@graph\":[{\"@type\":\"WebPage\",\"@id\":\"https:\/\/1xbets.plus\/ro\/apk\/\",\"url\":\"https:\/\/1xbets.plus\/ro\/apk\/\",\"name\":\"1xBet APK pentru Android \u21d2 Desc\u0103rcare gratuit\u0103\",\"isPartOf\":{\"@id\":\"https:\/\/1xbets.plus\/ro\/#website\"},\"datePublished\":\"2024-09-20T06:04:57+00:00\",\"dateModified\":\"2026-04-20T12:00:43+00:00\",\"description\":\"Desc\u0103rca\u021bi gratuit aplica\u021bia 1xBet \u26bd 1xBet Mobile pentru pariuri sportive \u0219i cazinou \u2713 Cum s\u0103 desc\u0103rca\u021bi aplica\u021bia oficial\u0103 1xBet pe Android \u2713 Instala\u021bi gratuit aplica\u021bia 1xBet pentru acces rapid la site-ul 1xBet\",\"inLanguage\":\"ro-RO\",\"potentialAction\":[{\"@type\":\"ReadAction\",\"target\":[\"https:\/\/1xbets.plus\/ro\/apk\/\"]}]},{\"@type\":\"WebSite\",\"@id\":\"https:\/\/1xbets.plus\/ro\/#website\",\"url\":\"https:\/\/1xbets.plus\/ro\/\",\"name\":\"1xbet Boost ro\",\"description\":\"My WordPress Blog\",\"potentialAction\":[{\"@type\":\"SearchAction\",\"target\":{\"@type\":\"EntryPoint\",\"urlTemplate\":\"https:\/\/1xbets.plus\/ro\/?s={search_term_string}\"},\"query-input\":{\"@type\":\"PropertyValueSpecification\",\"valueRequired\":true,\"valueName\":\"search_term_string\"}}],\"inLanguage\":\"ro-RO\"}]}<\/script>\n<!-- \/ Yoast SEO plugin. -->","yoast_head_json":{"title":"1xBet APK pentru Android \u21d2 Desc\u0103rcare gratuit\u0103","description":"Desc\u0103rca\u021bi gratuit aplica\u021bia 1xBet \u26bd 1xBet Mobile pentru pariuri sportive \u0219i cazinou \u2713 Cum s\u0103 desc\u0103rca\u021bi aplica\u021bia oficial\u0103 1xBet pe Android \u2713 Instala\u021bi gratuit aplica\u021bia 1xBet pentru acces rapid la site-ul 1xBet","robots":{"index":"index","follow":"follow","max-snippet":"max-snippet:-1","max-image-preview":"max-image-preview:large","max-video-preview":"max-video-preview:-1"},"og_locale":"ro_RO","og_type":"article","og_title":"1xBet APK pentru Android \u21d2 Desc\u0103rcare gratuit\u0103","og_description":"Desc\u0103rca\u021bi gratuit aplica\u021bia 1xBet \u26bd 1xBet Mobile pentru pariuri sportive \u0219i cazinou \u2713 Cum s\u0103 desc\u0103rca\u021bi aplica\u021bia oficial\u0103 1xBet pe Android \u2713 Instala\u021bi gratuit aplica\u021bia 1xBet pentru acces rapid la site-ul 1xBet","og_url":"https:\/\/1xbets.plus\/ro\/apk\/","og_site_name":"1xbet Boost ro","article_modified_time":"2026-04-20T12:00:43+00:00","twitter_card":"summary_large_image","schema":{"@context":"https:\/\/schema.org","@graph":[{"@type":"WebPage","@id":"https:\/\/1xbets.plus\/ro\/apk\/","url":"https:\/\/1xbets.plus\/ro\/apk\/","name":"1xBet APK pentru Android \u21d2 Desc\u0103rcare gratuit\u0103","isPartOf":{"@id":"https:\/\/1xbets.plus\/ro\/#website"},"datePublished":"2024-09-20T06:04:57+00:00","dateModified":"2026-04-20T12:00:43+00:00","description":"Desc\u0103rca\u021bi gratuit aplica\u021bia 1xBet \u26bd 1xBet Mobile pentru pariuri sportive \u0219i cazinou \u2713 Cum s\u0103 desc\u0103rca\u021bi aplica\u021bia oficial\u0103 1xBet pe Android \u2713 Instala\u021bi gratuit aplica\u021bia 1xBet pentru acces rapid la site-ul 1xBet","inLanguage":"ro-RO","potentialAction":[{"@type":"ReadAction","target":["https:\/\/1xbets.plus\/ro\/apk\/"]}]},{"@type":"WebSite","@id":"https:\/\/1xbets.plus\/ro\/#website","url":"https:\/\/1xbets.plus\/ro\/","name":"1xbet Boost ro","description":"My WordPress Blog","potentialAction":[{"@type":"SearchAction","target":{"@type":"EntryPoint","urlTemplate":"https:\/\/1xbets.plus\/ro\/?s={search_term_string}"},"query-input":{"@type":"PropertyValueSpecification","valueRequired":true,"valueName":"search_term_string"}}],"inLanguage":"ro-RO"}]}},"_links":{"self":[{"href":"https:\/\/1xbets.plus\/ro\/wp-json\/wp\/v2\/pages\/423","targetHints":{"allow":["GET"]}}],"collection":[{"href":"https:\/\/1xbets.plus\/ro\/wp-json\/wp\/v2\/pages"}],"about":[{"href":"https:\/\/1xbets.plus\/ro\/wp-json\/wp\/v2\/types\/page"}],"author":[{"embeddable":true,"href":"https:\/\/1xbets.plus\/ro\/wp-json\/wp\/v2\/users\/1"}],"replies":[{"embeddable":true,"href":"https:\/\/1xbets.plus\/ro\/wp-json\/wp\/v2\/comments?post=423"}],"version-history":[{"count":11,"href":"https:\/\/1xbets.plus\/ro\/wp-json\/wp\/v2\/pages\/423\/revisions"}],"predecessor-version":[{"id":915,"href":"https:\/\/1xbets.plus\/ro\/wp-json\/wp\/v2\/pages\/423\/revisions\/915"}],"wp:attachment":[{"href":"https:\/\/1xbets.plus\/ro\/wp-json\/wp\/v2\/media?parent=423"}],"curies":[{"name":"wp","href":"https:\/\/api.w.org\/{rel}","templated":true}]}}