{"id":846,"date":"2026-03-06T13:19:07","date_gmt":"2026-03-06T13:19:07","guid":{"rendered":"https:\/\/1xbets.plus\/md\/?page_id=846"},"modified":"2026-04-20T12:55:55","modified_gmt":"2026-04-20T12:55:55","slug":"chicken-road","status":"publish","type":"page","link":"https:\/\/1xbets.plus\/md\/chicken-road\/","title":{"rendered":"Chicken Road"},"content":{"rendered":"","protected":false},"excerpt":{"rendered":"","protected":false},"author":1,"featured_media":0,"parent":0,"menu_order":0,"comment_status":"closed","ping_status":"closed","template":"","meta":{"footnotes":""},"class_list":["post-846","page","type-page","status-publish","hentry"],"yoast_head":"<!-- This site is optimized with the Yoast SEO plugin v26.2 - https:\/\/yoast.com\/wordpress\/plugins\/seo\/ -->\n<title>Jocul Chicken Road la 1xBet \u2013 Joac\u0103 online \u0219i c\u00e2\u0219tig\u0103<\/title>\n<meta name=\"description\" content=\"Joac\u0103 Chicken Road online la 1xBet. Bucur\u0103-te de un joc dinamic, multiplicatori captivanti \u0219i \u0219anse mari de c\u00e2\u0219tig \u00een acest joc de cazinou distractiv.\" \/>\n<meta name=\"robots\" content=\"index, follow, max-snippet:-1, max-image-preview:large, max-video-preview:-1\" \/>\n<meta property=\"og:locale\" content=\"ro_RO\" \/>\n<meta property=\"og:type\" content=\"article\" \/>\n<meta property=\"og:title\" content=\"Jocul Chicken Road la 1xBet \u2013 Joac\u0103 online \u0219i c\u00e2\u0219tig\u0103\" \/>\n<meta property=\"og:description\" content=\"Joac\u0103 Chicken Road online la 1xBet. Bucur\u0103-te de un joc dinamic, multiplicatori captivanti \u0219i \u0219anse mari de c\u00e2\u0219tig \u00een acest joc de cazinou distractiv.\" \/>\n<meta property=\"og:url\" content=\"https:\/\/1xbets.plus\/md\/chicken-road\/\" \/>\n<meta property=\"og:site_name\" content=\"1xbet Boost md\" \/>\n<meta property=\"article:modified_time\" content=\"2026-04-20T12:55:55+00:00\" \/>\n<meta name=\"twitter:card\" content=\"summary_large_image\" \/>\n<script type=\"application\/ld+json\" class=\"yoast-schema-graph\">{\"@context\":\"https:\/\/schema.org\",\"@graph\":[{\"@type\":\"WebPage\",\"@id\":\"https:\/\/1xbets.plus\/md\/chicken-road\/\",\"url\":\"https:\/\/1xbets.plus\/md\/chicken-road\/\",\"name\":\"Jocul Chicken Road la 1xBet \u2013 Joac\u0103 online \u0219i c\u00e2\u0219tig\u0103\",\"isPartOf\":{\"@id\":\"https:\/\/1xbets.plus\/md\/#website\"},\"datePublished\":\"2026-03-06T13:19:07+00:00\",\"dateModified\":\"2026-04-20T12:55:55+00:00\",\"description\":\"Joac\u0103 Chicken Road online la 1xBet. Bucur\u0103-te de un joc dinamic, multiplicatori captivanti \u0219i \u0219anse mari de c\u00e2\u0219tig \u00een acest joc de cazinou distractiv.\",\"inLanguage\":\"ro-RO\",\"potentialAction\":[{\"@type\":\"ReadAction\",\"target\":[\"https:\/\/1xbets.plus\/md\/chicken-road\/\"]}]},{\"@type\":\"WebSite\",\"@id\":\"https:\/\/1xbets.plus\/md\/#website\",\"url\":\"https:\/\/1xbets.plus\/md\/\",\"name\":\"1xbet Boost md\",\"description\":\"My WordPress Blog\",\"potentialAction\":[{\"@type\":\"SearchAction\",\"target\":{\"@type\":\"EntryPoint\",\"urlTemplate\":\"https:\/\/1xbets.plus\/md\/?s={search_term_string}\"},\"query-input\":{\"@type\":\"PropertyValueSpecification\",\"valueRequired\":true,\"valueName\":\"search_term_string\"}}],\"inLanguage\":\"ro-RO\"}]}<\/script>\n<!-- \/ Yoast SEO plugin. -->","yoast_head_json":{"title":"Jocul Chicken Road la 1xBet \u2013 Joac\u0103 online \u0219i c\u00e2\u0219tig\u0103","description":"Joac\u0103 Chicken Road online la 1xBet. Bucur\u0103-te de un joc dinamic, multiplicatori captivanti \u0219i \u0219anse mari de c\u00e2\u0219tig \u00een acest joc de cazinou distractiv.","robots":{"index":"index","follow":"follow","max-snippet":"max-snippet:-1","max-image-preview":"max-image-preview:large","max-video-preview":"max-video-preview:-1"},"og_locale":"ro_RO","og_type":"article","og_title":"Jocul Chicken Road la 1xBet \u2013 Joac\u0103 online \u0219i c\u00e2\u0219tig\u0103","og_description":"Joac\u0103 Chicken Road online la 1xBet. Bucur\u0103-te de un joc dinamic, multiplicatori captivanti \u0219i \u0219anse mari de c\u00e2\u0219tig \u00een acest joc de cazinou distractiv.","og_url":"https:\/\/1xbets.plus\/md\/chicken-road\/","og_site_name":"1xbet Boost md","article_modified_time":"2026-04-20T12:55:55+00:00","twitter_card":"summary_large_image","schema":{"@context":"https:\/\/schema.org","@graph":[{"@type":"WebPage","@id":"https:\/\/1xbets.plus\/md\/chicken-road\/","url":"https:\/\/1xbets.plus\/md\/chicken-road\/","name":"Jocul Chicken Road la 1xBet \u2013 Joac\u0103 online \u0219i c\u00e2\u0219tig\u0103","isPartOf":{"@id":"https:\/\/1xbets.plus\/md\/#website"},"datePublished":"2026-03-06T13:19:07+00:00","dateModified":"2026-04-20T12:55:55+00:00","description":"Joac\u0103 Chicken Road online la 1xBet. Bucur\u0103-te de un joc dinamic, multiplicatori captivanti \u0219i \u0219anse mari de c\u00e2\u0219tig \u00een acest joc de cazinou distractiv.","inLanguage":"ro-RO","potentialAction":[{"@type":"ReadAction","target":["https:\/\/1xbets.plus\/md\/chicken-road\/"]}]},{"@type":"WebSite","@id":"https:\/\/1xbets.plus\/md\/#website","url":"https:\/\/1xbets.plus\/md\/","name":"1xbet Boost md","description":"My WordPress Blog","potentialAction":[{"@type":"SearchAction","target":{"@type":"EntryPoint","urlTemplate":"https:\/\/1xbets.plus\/md\/?s={search_term_string}"},"query-input":{"@type":"PropertyValueSpecification","valueRequired":true,"valueName":"search_term_string"}}],"inLanguage":"ro-RO"}]}},"_links":{"self":[{"href":"https:\/\/1xbets.plus\/md\/wp-json\/wp\/v2\/pages\/846","targetHints":{"allow":["GET"]}}],"collection":[{"href":"https:\/\/1xbets.plus\/md\/wp-json\/wp\/v2\/pages"}],"about":[{"href":"https:\/\/1xbets.plus\/md\/wp-json\/wp\/v2\/types\/page"}],"author":[{"embeddable":true,"href":"https:\/\/1xbets.plus\/md\/wp-json\/wp\/v2\/users\/1"}],"replies":[{"embeddable":true,"href":"https:\/\/1xbets.plus\/md\/wp-json\/wp\/v2\/comments?post=846"}],"version-history":[{"count":3,"href":"https:\/\/1xbets.plus\/md\/wp-json\/wp\/v2\/pages\/846\/revisions"}],"predecessor-version":[{"id":932,"href":"https:\/\/1xbets.plus\/md\/wp-json\/wp\/v2\/pages\/846\/revisions\/932"}],"wp:attachment":[{"href":"https:\/\/1xbets.plus\/md\/wp-json\/wp\/v2\/media?parent=846"}],"curies":[{"name":"wp","href":"https:\/\/api.w.org\/{rel}","templated":true}]}}