{"id":825,"date":"2026-03-06T10:36:08","date_gmt":"2026-03-06T10:36:08","guid":{"rendered":"https:\/\/1xbets.plus\/md\/?page_id=825"},"modified":"2026-04-20T15:52:22","modified_gmt":"2026-04-20T15:52:22","slug":"starburst","status":"publish","type":"page","link":"https:\/\/1xbets.plus\/md\/starburst\/","title":{"rendered":"Starburst"},"content":{"rendered":"","protected":false},"excerpt":{"rendered":"","protected":false},"author":1,"featured_media":0,"parent":0,"menu_order":0,"comment_status":"closed","ping_status":"closed","template":"","meta":{"footnotes":""},"class_list":["post-825","page","type-page","status-publish","hentry"],"yoast_head":"<!-- This site is optimized with the Yoast SEO plugin v26.2 - https:\/\/yoast.com\/wordpress\/plugins\/seo\/ -->\n<title>Slotul online Starburst \u2013 Cazinoul 1xBet<\/title>\n<meta name=\"description\" content=\"Joac\u0103 Starburst online la cazinoul 1xBet \u0219i descoper\u0103 acest slot legendar, cu grafic\u0103 str\u0103lucitoare, simboluri wild expansive \u0219i o experien\u021b\u0103 de joc captivant\u0103.\" \/>\n<meta name=\"robots\" content=\"index, follow, max-snippet:-1, max-image-preview:large, max-video-preview:-1\" \/>\n<meta property=\"og:locale\" content=\"ro_RO\" \/>\n<meta property=\"og:type\" content=\"article\" \/>\n<meta property=\"og:title\" content=\"Slotul online Starburst \u2013 Cazinoul 1xBet\" \/>\n<meta property=\"og:description\" content=\"Joac\u0103 Starburst online la cazinoul 1xBet \u0219i descoper\u0103 acest slot legendar, cu grafic\u0103 str\u0103lucitoare, simboluri wild expansive \u0219i o experien\u021b\u0103 de joc captivant\u0103.\" \/>\n<meta property=\"og:url\" content=\"https:\/\/1xbets.plus\/md\/starburst\/\" \/>\n<meta property=\"og:site_name\" content=\"1xbet Boost md\" \/>\n<meta property=\"article:modified_time\" content=\"2026-04-20T15:52:22+00:00\" \/>\n<meta name=\"twitter:card\" content=\"summary_large_image\" \/>\n<script type=\"application\/ld+json\" class=\"yoast-schema-graph\">{\"@context\":\"https:\/\/schema.org\",\"@graph\":[{\"@type\":\"WebPage\",\"@id\":\"https:\/\/1xbets.plus\/md\/starburst\/\",\"url\":\"https:\/\/1xbets.plus\/md\/starburst\/\",\"name\":\"Slotul online Starburst \u2013 Cazinoul 1xBet\",\"isPartOf\":{\"@id\":\"https:\/\/1xbets.plus\/md\/#website\"},\"datePublished\":\"2026-03-06T10:36:08+00:00\",\"dateModified\":\"2026-04-20T15:52:22+00:00\",\"description\":\"Joac\u0103 Starburst online la cazinoul 1xBet \u0219i descoper\u0103 acest slot legendar, cu grafic\u0103 str\u0103lucitoare, simboluri wild expansive \u0219i o experien\u021b\u0103 de joc captivant\u0103.\",\"inLanguage\":\"ro-RO\",\"potentialAction\":[{\"@type\":\"ReadAction\",\"target\":[\"https:\/\/1xbets.plus\/md\/starburst\/\"]}]},{\"@type\":\"WebSite\",\"@id\":\"https:\/\/1xbets.plus\/md\/#website\",\"url\":\"https:\/\/1xbets.plus\/md\/\",\"name\":\"1xbet Boost md\",\"description\":\"My WordPress Blog\",\"potentialAction\":[{\"@type\":\"SearchAction\",\"target\":{\"@type\":\"EntryPoint\",\"urlTemplate\":\"https:\/\/1xbets.plus\/md\/?s={search_term_string}\"},\"query-input\":{\"@type\":\"PropertyValueSpecification\",\"valueRequired\":true,\"valueName\":\"search_term_string\"}}],\"inLanguage\":\"ro-RO\"}]}<\/script>\n<!-- \/ Yoast SEO plugin. -->","yoast_head_json":{"title":"Slotul online Starburst \u2013 Cazinoul 1xBet","description":"Joac\u0103 Starburst online la cazinoul 1xBet \u0219i descoper\u0103 acest slot legendar, cu grafic\u0103 str\u0103lucitoare, simboluri wild expansive \u0219i o experien\u021b\u0103 de joc captivant\u0103.","robots":{"index":"index","follow":"follow","max-snippet":"max-snippet:-1","max-image-preview":"max-image-preview:large","max-video-preview":"max-video-preview:-1"},"og_locale":"ro_RO","og_type":"article","og_title":"Slotul online Starburst \u2013 Cazinoul 1xBet","og_description":"Joac\u0103 Starburst online la cazinoul 1xBet \u0219i descoper\u0103 acest slot legendar, cu grafic\u0103 str\u0103lucitoare, simboluri wild expansive \u0219i o experien\u021b\u0103 de joc captivant\u0103.","og_url":"https:\/\/1xbets.plus\/md\/starburst\/","og_site_name":"1xbet Boost md","article_modified_time":"2026-04-20T15:52:22+00:00","twitter_card":"summary_large_image","schema":{"@context":"https:\/\/schema.org","@graph":[{"@type":"WebPage","@id":"https:\/\/1xbets.plus\/md\/starburst\/","url":"https:\/\/1xbets.plus\/md\/starburst\/","name":"Slotul online Starburst \u2013 Cazinoul 1xBet","isPartOf":{"@id":"https:\/\/1xbets.plus\/md\/#website"},"datePublished":"2026-03-06T10:36:08+00:00","dateModified":"2026-04-20T15:52:22+00:00","description":"Joac\u0103 Starburst online la cazinoul 1xBet \u0219i descoper\u0103 acest slot legendar, cu grafic\u0103 str\u0103lucitoare, simboluri wild expansive \u0219i o experien\u021b\u0103 de joc captivant\u0103.","inLanguage":"ro-RO","potentialAction":[{"@type":"ReadAction","target":["https:\/\/1xbets.plus\/md\/starburst\/"]}]},{"@type":"WebSite","@id":"https:\/\/1xbets.plus\/md\/#website","url":"https:\/\/1xbets.plus\/md\/","name":"1xbet Boost md","description":"My WordPress Blog","potentialAction":[{"@type":"SearchAction","target":{"@type":"EntryPoint","urlTemplate":"https:\/\/1xbets.plus\/md\/?s={search_term_string}"},"query-input":{"@type":"PropertyValueSpecification","valueRequired":true,"valueName":"search_term_string"}}],"inLanguage":"ro-RO"}]}},"_links":{"self":[{"href":"https:\/\/1xbets.plus\/md\/wp-json\/wp\/v2\/pages\/825","targetHints":{"allow":["GET"]}}],"collection":[{"href":"https:\/\/1xbets.plus\/md\/wp-json\/wp\/v2\/pages"}],"about":[{"href":"https:\/\/1xbets.plus\/md\/wp-json\/wp\/v2\/types\/page"}],"author":[{"embeddable":true,"href":"https:\/\/1xbets.plus\/md\/wp-json\/wp\/v2\/users\/1"}],"replies":[{"embeddable":true,"href":"https:\/\/1xbets.plus\/md\/wp-json\/wp\/v2\/comments?post=825"}],"version-history":[{"count":3,"href":"https:\/\/1xbets.plus\/md\/wp-json\/wp\/v2\/pages\/825\/revisions"}],"predecessor-version":[{"id":954,"href":"https:\/\/1xbets.plus\/md\/wp-json\/wp\/v2\/pages\/825\/revisions\/954"}],"wp:attachment":[{"href":"https:\/\/1xbets.plus\/md\/wp-json\/wp\/v2\/media?parent=825"}],"curies":[{"name":"wp","href":"https:\/\/api.w.org\/{rel}","templated":true}]}}