{"id":629,"date":"2025-06-11T07:57:28","date_gmt":"2025-06-11T07:57:28","guid":{"rendered":"https:\/\/1xbets.plus\/md\/?page_id=629"},"modified":"2026-04-20T12:32:18","modified_gmt":"2026-04-20T12:32:18","slug":"lucky-day","status":"publish","type":"page","link":"https:\/\/1xbets.plus\/md\/bonus\/lucky-day\/","title":{"rendered":"Ziua norocoas\u0103"},"content":{"rendered":"","protected":false},"excerpt":{"rendered":"","protected":false},"author":1,"featured_media":0,"parent":152,"menu_order":0,"comment_status":"closed","ping_status":"closed","template":"","meta":{"footnotes":""},"class_list":["post-629","page","type-page","status-publish","hentry"],"yoast_head":"<!-- This site is optimized with the Yoast SEO plugin v26.2 - https:\/\/yoast.com\/wordpress\/plugins\/seo\/ -->\n<title>1xBet Ziua Norocoas\u0103 | C\u00e2\u0219tig\u0103 500 de puncte promo\u021bionale \u00een fiecare zi<\/title>\n<meta name=\"description\" content=\"E\u0219ti preg\u0103tit pentru o zi norocoas\u0103 cu 1xBet? Particip\u0103 la promo\u021bie \u0219i c\u00e2\u0219tig\u0103 500 de puncte promo\u021bionale \u00een fiecare zi! Plaseaz\u0103 pariuri sportive, prime\u0219te bilete de loterie \u0219i bucur\u0103-te de \u0219ansa de a c\u00e2\u0219tiga.\" \/>\n<meta name=\"robots\" content=\"index, follow, max-snippet:-1, max-image-preview:large, max-video-preview:-1\" \/>\n<meta property=\"og:locale\" content=\"ro_RO\" \/>\n<meta property=\"og:type\" content=\"article\" \/>\n<meta property=\"og:title\" content=\"1xBet Ziua Norocoas\u0103 | C\u00e2\u0219tig\u0103 500 de puncte promo\u021bionale \u00een fiecare zi\" \/>\n<meta property=\"og:description\" content=\"E\u0219ti preg\u0103tit pentru o zi norocoas\u0103 cu 1xBet? Particip\u0103 la promo\u021bie \u0219i c\u00e2\u0219tig\u0103 500 de puncte promo\u021bionale \u00een fiecare zi! Plaseaz\u0103 pariuri sportive, prime\u0219te bilete de loterie \u0219i bucur\u0103-te de \u0219ansa de a c\u00e2\u0219tiga.\" \/>\n<meta property=\"og:url\" content=\"https:\/\/1xbets.plus\/md\/bonus\/lucky-day\/\" \/>\n<meta property=\"og:site_name\" content=\"1xbet Boost md\" \/>\n<meta property=\"article:modified_time\" content=\"2026-04-20T12:32:18+00:00\" \/>\n<meta name=\"twitter:card\" content=\"summary_large_image\" \/>\n<script type=\"application\/ld+json\" class=\"yoast-schema-graph\">{\"@context\":\"https:\/\/schema.org\",\"@graph\":[{\"@type\":\"WebPage\",\"@id\":\"https:\/\/1xbets.plus\/md\/bonus\/lucky-day\/\",\"url\":\"https:\/\/1xbets.plus\/md\/bonus\/lucky-day\/\",\"name\":\"1xBet Ziua Norocoas\u0103 | C\u00e2\u0219tig\u0103 500 de puncte promo\u021bionale \u00een fiecare zi\",\"isPartOf\":{\"@id\":\"https:\/\/1xbets.plus\/md\/#website\"},\"datePublished\":\"2025-06-11T07:57:28+00:00\",\"dateModified\":\"2026-04-20T12:32:18+00:00\",\"description\":\"E\u0219ti preg\u0103tit pentru o zi norocoas\u0103 cu 1xBet? Particip\u0103 la promo\u021bie \u0219i c\u00e2\u0219tig\u0103 500 de puncte promo\u021bionale \u00een fiecare zi! Plaseaz\u0103 pariuri sportive, prime\u0219te bilete de loterie \u0219i bucur\u0103-te de \u0219ansa de a c\u00e2\u0219tiga.\",\"breadcrumb\":{\"@id\":\"https:\/\/1xbets.plus\/md\/bonus\/lucky-day\/#breadcrumb\"},\"inLanguage\":\"ro-RO\",\"potentialAction\":[{\"@type\":\"ReadAction\",\"target\":[\"https:\/\/1xbets.plus\/md\/bonus\/lucky-day\/\"]}]},{\"@type\":\"BreadcrumbList\",\"@id\":\"https:\/\/1xbets.plus\/md\/bonus\/lucky-day\/#breadcrumb\",\"itemListElement\":[{\"@type\":\"ListItem\",\"position\":1,\"name\":\"Bonus\",\"item\":\"https:\/\/1xbets.plus\/md\/bonus\/\"},{\"@type\":\"ListItem\",\"position\":2,\"name\":\"Ziua norocoas\u0103\"}]},{\"@type\":\"WebSite\",\"@id\":\"https:\/\/1xbets.plus\/md\/#website\",\"url\":\"https:\/\/1xbets.plus\/md\/\",\"name\":\"1xbet Boost md\",\"description\":\"My WordPress Blog\",\"potentialAction\":[{\"@type\":\"SearchAction\",\"target\":{\"@type\":\"EntryPoint\",\"urlTemplate\":\"https:\/\/1xbets.plus\/md\/?s={search_term_string}\"},\"query-input\":{\"@type\":\"PropertyValueSpecification\",\"valueRequired\":true,\"valueName\":\"search_term_string\"}}],\"inLanguage\":\"ro-RO\"}]}<\/script>\n<!-- \/ Yoast SEO plugin. -->","yoast_head_json":{"title":"1xBet Ziua Norocoas\u0103 | C\u00e2\u0219tig\u0103 500 de puncte promo\u021bionale \u00een fiecare zi","description":"E\u0219ti preg\u0103tit pentru o zi norocoas\u0103 cu 1xBet? Particip\u0103 la promo\u021bie \u0219i c\u00e2\u0219tig\u0103 500 de puncte promo\u021bionale \u00een fiecare zi! Plaseaz\u0103 pariuri sportive, prime\u0219te bilete de loterie \u0219i bucur\u0103-te de \u0219ansa de a c\u00e2\u0219tiga.","robots":{"index":"index","follow":"follow","max-snippet":"max-snippet:-1","max-image-preview":"max-image-preview:large","max-video-preview":"max-video-preview:-1"},"og_locale":"ro_RO","og_type":"article","og_title":"1xBet Ziua Norocoas\u0103 | C\u00e2\u0219tig\u0103 500 de puncte promo\u021bionale \u00een fiecare zi","og_description":"E\u0219ti preg\u0103tit pentru o zi norocoas\u0103 cu 1xBet? Particip\u0103 la promo\u021bie \u0219i c\u00e2\u0219tig\u0103 500 de puncte promo\u021bionale \u00een fiecare zi! Plaseaz\u0103 pariuri sportive, prime\u0219te bilete de loterie \u0219i bucur\u0103-te de \u0219ansa de a c\u00e2\u0219tiga.","og_url":"https:\/\/1xbets.plus\/md\/bonus\/lucky-day\/","og_site_name":"1xbet Boost md","article_modified_time":"2026-04-20T12:32:18+00:00","twitter_card":"summary_large_image","schema":{"@context":"https:\/\/schema.org","@graph":[{"@type":"WebPage","@id":"https:\/\/1xbets.plus\/md\/bonus\/lucky-day\/","url":"https:\/\/1xbets.plus\/md\/bonus\/lucky-day\/","name":"1xBet Ziua Norocoas\u0103 | C\u00e2\u0219tig\u0103 500 de puncte promo\u021bionale \u00een fiecare zi","isPartOf":{"@id":"https:\/\/1xbets.plus\/md\/#website"},"datePublished":"2025-06-11T07:57:28+00:00","dateModified":"2026-04-20T12:32:18+00:00","description":"E\u0219ti preg\u0103tit pentru o zi norocoas\u0103 cu 1xBet? Particip\u0103 la promo\u021bie \u0219i c\u00e2\u0219tig\u0103 500 de puncte promo\u021bionale \u00een fiecare zi! Plaseaz\u0103 pariuri sportive, prime\u0219te bilete de loterie \u0219i bucur\u0103-te de \u0219ansa de a c\u00e2\u0219tiga.","breadcrumb":{"@id":"https:\/\/1xbets.plus\/md\/bonus\/lucky-day\/#breadcrumb"},"inLanguage":"ro-RO","potentialAction":[{"@type":"ReadAction","target":["https:\/\/1xbets.plus\/md\/bonus\/lucky-day\/"]}]},{"@type":"BreadcrumbList","@id":"https:\/\/1xbets.plus\/md\/bonus\/lucky-day\/#breadcrumb","itemListElement":[{"@type":"ListItem","position":1,"name":"Bonus","item":"https:\/\/1xbets.plus\/md\/bonus\/"},{"@type":"ListItem","position":2,"name":"Ziua norocoas\u0103"}]},{"@type":"WebSite","@id":"https:\/\/1xbets.plus\/md\/#website","url":"https:\/\/1xbets.plus\/md\/","name":"1xbet Boost md","description":"My WordPress Blog","potentialAction":[{"@type":"SearchAction","target":{"@type":"EntryPoint","urlTemplate":"https:\/\/1xbets.plus\/md\/?s={search_term_string}"},"query-input":{"@type":"PropertyValueSpecification","valueRequired":true,"valueName":"search_term_string"}}],"inLanguage":"ro-RO"}]}},"_links":{"self":[{"href":"https:\/\/1xbets.plus\/md\/wp-json\/wp\/v2\/pages\/629","targetHints":{"allow":["GET"]}}],"collection":[{"href":"https:\/\/1xbets.plus\/md\/wp-json\/wp\/v2\/pages"}],"about":[{"href":"https:\/\/1xbets.plus\/md\/wp-json\/wp\/v2\/types\/page"}],"author":[{"embeddable":true,"href":"https:\/\/1xbets.plus\/md\/wp-json\/wp\/v2\/users\/1"}],"replies":[{"embeddable":true,"href":"https:\/\/1xbets.plus\/md\/wp-json\/wp\/v2\/comments?post=629"}],"version-history":[{"count":5,"href":"https:\/\/1xbets.plus\/md\/wp-json\/wp\/v2\/pages\/629\/revisions"}],"predecessor-version":[{"id":923,"href":"https:\/\/1xbets.plus\/md\/wp-json\/wp\/v2\/pages\/629\/revisions\/923"}],"up":[{"embeddable":true,"href":"https:\/\/1xbets.plus\/md\/wp-json\/wp\/v2\/pages\/152"}],"wp:attachment":[{"href":"https:\/\/1xbets.plus\/md\/wp-json\/wp\/v2\/media?parent=629"}],"curies":[{"name":"wp","href":"https:\/\/api.w.org\/{rel}","templated":true}]}}