{"id":333,"date":"2024-09-13T06:11:31","date_gmt":"2024-09-13T06:11:31","guid":{"rendered":"https:\/\/1xbets.plus\/md\/?page_id=333"},"modified":"2026-04-20T15:20:19","modified_gmt":"2026-04-20T15:20:19","slug":"partners","status":"publish","type":"page","link":"https:\/\/1xbets.plus\/md\/partners\/","title":{"rendered":"Parteneri"},"content":{"rendered":"","protected":false},"excerpt":{"rendered":"","protected":false},"author":1,"featured_media":0,"parent":0,"menu_order":0,"comment_status":"closed","ping_status":"closed","template":"","meta":{"footnotes":""},"class_list":["post-333","page","type-page","status-publish","hentry"],"yoast_head":"<!-- This site is optimized with the Yoast SEO plugin v26.2 - https:\/\/yoast.com\/wordpress\/plugins\/seo\/ -->\n<title>1xBet Partners \ud83d\udd39 Programul de afiliere<\/title>\n<meta name=\"description\" content=\"Al\u0103tur\u0103-te programului de afiliere 1xBet Partners \u0219i c\u00e2\u0219tig\u0103 p\u00e2n\u0103 la 40% din pariurile sportive plasate la 1xBet. Beneficiaz\u0103 de un sistem flexibil de comisioane \u0219i de pl\u0103\u021bi s\u0103pt\u0103m\u00e2nale\" \/>\n<meta name=\"robots\" content=\"index, follow, max-snippet:-1, max-image-preview:large, max-video-preview:-1\" \/>\n<meta property=\"og:locale\" content=\"ro_RO\" \/>\n<meta property=\"og:type\" content=\"article\" \/>\n<meta property=\"og:title\" content=\"1xBet Partners \ud83d\udd39 Programul de afiliere\" \/>\n<meta property=\"og:description\" content=\"Al\u0103tur\u0103-te programului de afiliere 1xBet Partners \u0219i c\u00e2\u0219tig\u0103 p\u00e2n\u0103 la 40% din pariurile sportive plasate la 1xBet. Beneficiaz\u0103 de un sistem flexibil de comisioane \u0219i de pl\u0103\u021bi s\u0103pt\u0103m\u00e2nale\" \/>\n<meta property=\"og:url\" content=\"https:\/\/1xbets.plus\/md\/partners\/\" \/>\n<meta property=\"og:site_name\" content=\"1xbet Boost md\" \/>\n<meta property=\"article:modified_time\" content=\"2026-04-20T15:20:19+00:00\" \/>\n<meta name=\"twitter:card\" content=\"summary_large_image\" \/>\n<script type=\"application\/ld+json\" class=\"yoast-schema-graph\">{\"@context\":\"https:\/\/schema.org\",\"@graph\":[{\"@type\":\"WebPage\",\"@id\":\"https:\/\/1xbets.plus\/md\/partners\/\",\"url\":\"https:\/\/1xbets.plus\/md\/partners\/\",\"name\":\"1xBet Partners \ud83d\udd39 Programul de afiliere\",\"isPartOf\":{\"@id\":\"https:\/\/1xbets.plus\/md\/#website\"},\"datePublished\":\"2024-09-13T06:11:31+00:00\",\"dateModified\":\"2026-04-20T15:20:19+00:00\",\"description\":\"Al\u0103tur\u0103-te programului de afiliere 1xBet Partners \u0219i c\u00e2\u0219tig\u0103 p\u00e2n\u0103 la 40% din pariurile sportive plasate la 1xBet. Beneficiaz\u0103 de un sistem flexibil de comisioane \u0219i de pl\u0103\u021bi s\u0103pt\u0103m\u00e2nale\",\"inLanguage\":\"ro-RO\",\"potentialAction\":[{\"@type\":\"ReadAction\",\"target\":[\"https:\/\/1xbets.plus\/md\/partners\/\"]}]},{\"@type\":\"WebSite\",\"@id\":\"https:\/\/1xbets.plus\/md\/#website\",\"url\":\"https:\/\/1xbets.plus\/md\/\",\"name\":\"1xbet Boost md\",\"description\":\"My WordPress Blog\",\"potentialAction\":[{\"@type\":\"SearchAction\",\"target\":{\"@type\":\"EntryPoint\",\"urlTemplate\":\"https:\/\/1xbets.plus\/md\/?s={search_term_string}\"},\"query-input\":{\"@type\":\"PropertyValueSpecification\",\"valueRequired\":true,\"valueName\":\"search_term_string\"}}],\"inLanguage\":\"ro-RO\"}]}<\/script>\n<!-- \/ Yoast SEO plugin. -->","yoast_head_json":{"title":"1xBet Partners \ud83d\udd39 Programul de afiliere","description":"Al\u0103tur\u0103-te programului de afiliere 1xBet Partners \u0219i c\u00e2\u0219tig\u0103 p\u00e2n\u0103 la 40% din pariurile sportive plasate la 1xBet. Beneficiaz\u0103 de un sistem flexibil de comisioane \u0219i de pl\u0103\u021bi s\u0103pt\u0103m\u00e2nale","robots":{"index":"index","follow":"follow","max-snippet":"max-snippet:-1","max-image-preview":"max-image-preview:large","max-video-preview":"max-video-preview:-1"},"og_locale":"ro_RO","og_type":"article","og_title":"1xBet Partners \ud83d\udd39 Programul de afiliere","og_description":"Al\u0103tur\u0103-te programului de afiliere 1xBet Partners \u0219i c\u00e2\u0219tig\u0103 p\u00e2n\u0103 la 40% din pariurile sportive plasate la 1xBet. Beneficiaz\u0103 de un sistem flexibil de comisioane \u0219i de pl\u0103\u021bi s\u0103pt\u0103m\u00e2nale","og_url":"https:\/\/1xbets.plus\/md\/partners\/","og_site_name":"1xbet Boost md","article_modified_time":"2026-04-20T15:20:19+00:00","twitter_card":"summary_large_image","schema":{"@context":"https:\/\/schema.org","@graph":[{"@type":"WebPage","@id":"https:\/\/1xbets.plus\/md\/partners\/","url":"https:\/\/1xbets.plus\/md\/partners\/","name":"1xBet Partners \ud83d\udd39 Programul de afiliere","isPartOf":{"@id":"https:\/\/1xbets.plus\/md\/#website"},"datePublished":"2024-09-13T06:11:31+00:00","dateModified":"2026-04-20T15:20:19+00:00","description":"Al\u0103tur\u0103-te programului de afiliere 1xBet Partners \u0219i c\u00e2\u0219tig\u0103 p\u00e2n\u0103 la 40% din pariurile sportive plasate la 1xBet. Beneficiaz\u0103 de un sistem flexibil de comisioane \u0219i de pl\u0103\u021bi s\u0103pt\u0103m\u00e2nale","inLanguage":"ro-RO","potentialAction":[{"@type":"ReadAction","target":["https:\/\/1xbets.plus\/md\/partners\/"]}]},{"@type":"WebSite","@id":"https:\/\/1xbets.plus\/md\/#website","url":"https:\/\/1xbets.plus\/md\/","name":"1xbet Boost md","description":"My WordPress Blog","potentialAction":[{"@type":"SearchAction","target":{"@type":"EntryPoint","urlTemplate":"https:\/\/1xbets.plus\/md\/?s={search_term_string}"},"query-input":{"@type":"PropertyValueSpecification","valueRequired":true,"valueName":"search_term_string"}}],"inLanguage":"ro-RO"}]}},"_links":{"self":[{"href":"https:\/\/1xbets.plus\/md\/wp-json\/wp\/v2\/pages\/333","targetHints":{"allow":["GET"]}}],"collection":[{"href":"https:\/\/1xbets.plus\/md\/wp-json\/wp\/v2\/pages"}],"about":[{"href":"https:\/\/1xbets.plus\/md\/wp-json\/wp\/v2\/types\/page"}],"author":[{"embeddable":true,"href":"https:\/\/1xbets.plus\/md\/wp-json\/wp\/v2\/users\/1"}],"replies":[{"embeddable":true,"href":"https:\/\/1xbets.plus\/md\/wp-json\/wp\/v2\/comments?post=333"}],"version-history":[{"count":13,"href":"https:\/\/1xbets.plus\/md\/wp-json\/wp\/v2\/pages\/333\/revisions"}],"predecessor-version":[{"id":947,"href":"https:\/\/1xbets.plus\/md\/wp-json\/wp\/v2\/pages\/333\/revisions\/947"}],"wp:attachment":[{"href":"https:\/\/1xbets.plus\/md\/wp-json\/wp\/v2\/media?parent=333"}],"curies":[{"name":"wp","href":"https:\/\/api.w.org\/{rel}","templated":true}]}}