{"id":825,"date":"2026-03-06T10:36:08","date_gmt":"2026-03-06T10:36:08","guid":{"rendered":"https:\/\/1xbets.plus\/fi\/?page_id=825"},"modified":"2026-03-20T13:52:45","modified_gmt":"2026-03-20T13:52:45","slug":"starburst","status":"publish","type":"page","link":"https:\/\/1xbets.plus\/fi\/starburst\/","title":{"rendered":"Starburst"},"content":{"rendered":"","protected":false},"excerpt":{"rendered":"","protected":false},"author":1,"featured_media":0,"parent":0,"menu_order":0,"comment_status":"closed","ping_status":"closed","template":"","meta":{"footnotes":""},"class_list":["post-825","page","type-page","status-publish","hentry"],"yoast_head":"<!-- This site is optimized with the Yoast SEO plugin v26.2 - https:\/\/yoast.com\/wordpress\/plugins\/seo\/ -->\n<title>Starburst-kolikkopeli \u2013 1xBet-kasino<\/title>\n<meta name=\"description\" content=\"Pelaa Starburstia verkossa 1xBet-kasinolla ja koe t\u00e4m\u00e4 legendaarinen kolikkopeli, jossa on upeat grafiikat, laajenevat wild-symbolit ja j\u00e4nnitt\u00e4v\u00e4 pelattavuus.\" \/>\n<meta name=\"robots\" content=\"index, follow, max-snippet:-1, max-image-preview:large, max-video-preview:-1\" \/>\n<meta property=\"og:locale\" content=\"fi_FI\" \/>\n<meta property=\"og:type\" content=\"article\" \/>\n<meta property=\"og:title\" content=\"Starburst-kolikkopeli \u2013 1xBet-kasino\" \/>\n<meta property=\"og:description\" content=\"Pelaa Starburstia verkossa 1xBet-kasinolla ja koe t\u00e4m\u00e4 legendaarinen kolikkopeli, jossa on upeat grafiikat, laajenevat wild-symbolit ja j\u00e4nnitt\u00e4v\u00e4 pelattavuus.\" \/>\n<meta property=\"og:url\" content=\"https:\/\/1xbets.plus\/fi\/starburst\/\" \/>\n<meta property=\"og:site_name\" content=\"1xbet Boost fi\" \/>\n<meta property=\"article:modified_time\" content=\"2026-03-20T13:52:45+00:00\" \/>\n<meta name=\"twitter:card\" content=\"summary_large_image\" \/>\n<script type=\"application\/ld+json\" class=\"yoast-schema-graph\">{\"@context\":\"https:\/\/schema.org\",\"@graph\":[{\"@type\":\"WebPage\",\"@id\":\"https:\/\/1xbets.plus\/fi\/starburst\/\",\"url\":\"https:\/\/1xbets.plus\/fi\/starburst\/\",\"name\":\"Starburst-kolikkopeli \u2013 1xBet-kasino\",\"isPartOf\":{\"@id\":\"https:\/\/1xbets.plus\/fi\/#website\"},\"datePublished\":\"2026-03-06T10:36:08+00:00\",\"dateModified\":\"2026-03-20T13:52:45+00:00\",\"description\":\"Pelaa Starburstia verkossa 1xBet-kasinolla ja koe t\u00e4m\u00e4 legendaarinen kolikkopeli, jossa on upeat grafiikat, laajenevat wild-symbolit ja j\u00e4nnitt\u00e4v\u00e4 pelattavuus.\",\"inLanguage\":\"fi\",\"potentialAction\":[{\"@type\":\"ReadAction\",\"target\":[\"https:\/\/1xbets.plus\/fi\/starburst\/\"]}]},{\"@type\":\"WebSite\",\"@id\":\"https:\/\/1xbets.plus\/fi\/#website\",\"url\":\"https:\/\/1xbets.plus\/fi\/\",\"name\":\"1xbet Boost fi\",\"description\":\"My WordPress Blog\",\"potentialAction\":[{\"@type\":\"SearchAction\",\"target\":{\"@type\":\"EntryPoint\",\"urlTemplate\":\"https:\/\/1xbets.plus\/fi\/?s={search_term_string}\"},\"query-input\":{\"@type\":\"PropertyValueSpecification\",\"valueRequired\":true,\"valueName\":\"search_term_string\"}}],\"inLanguage\":\"fi\"}]}<\/script>\n<!-- \/ Yoast SEO plugin. -->","yoast_head_json":{"title":"Starburst-kolikkopeli \u2013 1xBet-kasino","description":"Pelaa Starburstia verkossa 1xBet-kasinolla ja koe t\u00e4m\u00e4 legendaarinen kolikkopeli, jossa on upeat grafiikat, laajenevat wild-symbolit ja j\u00e4nnitt\u00e4v\u00e4 pelattavuus.","robots":{"index":"index","follow":"follow","max-snippet":"max-snippet:-1","max-image-preview":"max-image-preview:large","max-video-preview":"max-video-preview:-1"},"og_locale":"fi_FI","og_type":"article","og_title":"Starburst-kolikkopeli \u2013 1xBet-kasino","og_description":"Pelaa Starburstia verkossa 1xBet-kasinolla ja koe t\u00e4m\u00e4 legendaarinen kolikkopeli, jossa on upeat grafiikat, laajenevat wild-symbolit ja j\u00e4nnitt\u00e4v\u00e4 pelattavuus.","og_url":"https:\/\/1xbets.plus\/fi\/starburst\/","og_site_name":"1xbet Boost fi","article_modified_time":"2026-03-20T13:52:45+00:00","twitter_card":"summary_large_image","schema":{"@context":"https:\/\/schema.org","@graph":[{"@type":"WebPage","@id":"https:\/\/1xbets.plus\/fi\/starburst\/","url":"https:\/\/1xbets.plus\/fi\/starburst\/","name":"Starburst-kolikkopeli \u2013 1xBet-kasino","isPartOf":{"@id":"https:\/\/1xbets.plus\/fi\/#website"},"datePublished":"2026-03-06T10:36:08+00:00","dateModified":"2026-03-20T13:52:45+00:00","description":"Pelaa Starburstia verkossa 1xBet-kasinolla ja koe t\u00e4m\u00e4 legendaarinen kolikkopeli, jossa on upeat grafiikat, laajenevat wild-symbolit ja j\u00e4nnitt\u00e4v\u00e4 pelattavuus.","inLanguage":"fi","potentialAction":[{"@type":"ReadAction","target":["https:\/\/1xbets.plus\/fi\/starburst\/"]}]},{"@type":"WebSite","@id":"https:\/\/1xbets.plus\/fi\/#website","url":"https:\/\/1xbets.plus\/fi\/","name":"1xbet Boost fi","description":"My WordPress Blog","potentialAction":[{"@type":"SearchAction","target":{"@type":"EntryPoint","urlTemplate":"https:\/\/1xbets.plus\/fi\/?s={search_term_string}"},"query-input":{"@type":"PropertyValueSpecification","valueRequired":true,"valueName":"search_term_string"}}],"inLanguage":"fi"}]}},"_links":{"self":[{"href":"https:\/\/1xbets.plus\/fi\/wp-json\/wp\/v2\/pages\/825","targetHints":{"allow":["GET"]}}],"collection":[{"href":"https:\/\/1xbets.plus\/fi\/wp-json\/wp\/v2\/pages"}],"about":[{"href":"https:\/\/1xbets.plus\/fi\/wp-json\/wp\/v2\/types\/page"}],"author":[{"embeddable":true,"href":"https:\/\/1xbets.plus\/fi\/wp-json\/wp\/v2\/users\/1"}],"replies":[{"embeddable":true,"href":"https:\/\/1xbets.plus\/fi\/wp-json\/wp\/v2\/comments?post=825"}],"version-history":[{"count":3,"href":"https:\/\/1xbets.plus\/fi\/wp-json\/wp\/v2\/pages\/825\/revisions"}],"predecessor-version":[{"id":948,"href":"https:\/\/1xbets.plus\/fi\/wp-json\/wp\/v2\/pages\/825\/revisions\/948"}],"wp:attachment":[{"href":"https:\/\/1xbets.plus\/fi\/wp-json\/wp\/v2\/media?parent=825"}],"curies":[{"name":"wp","href":"https:\/\/api.w.org\/{rel}","templated":true}]}}