{"id":783,"date":"2026-03-04T15:27:46","date_gmt":"2026-03-04T15:27:46","guid":{"rendered":"https:\/\/1xbets.plus\/fi\/?page_id=783"},"modified":"2026-03-19T23:24:02","modified_gmt":"2026-03-19T23:24:02","slug":"boxing","status":"publish","type":"page","link":"https:\/\/1xbets.plus\/fi\/boxing\/","title":{"rendered":"Boxing"},"content":{"rendered":"","protected":false},"excerpt":{"rendered":"","protected":false},"author":1,"featured_media":0,"parent":0,"menu_order":0,"comment_status":"closed","ping_status":"closed","template":"","meta":{"footnotes":""},"class_list":["post-783","page","type-page","status-publish","hentry"],"yoast_head":"<!-- This site is optimized with the Yoast SEO plugin v26.2 - https:\/\/yoast.com\/wordpress\/plugins\/seo\/ -->\n<title>Live-nyrkkeilyvedonly\u00f6nti 1xBetill\u00e4 \u2013 Ly\u00f6 vetoa nyt<\/title>\n<meta name=\"description\" content=\"Nauti 1xBetin live-nyrkkeilyvedonly\u00f6nnist\u00e4, jossa on reaaliaikaiset kertoimet, live-vedonly\u00f6ntikohteet ja nopeat voitonmaksut maailmanlaajuisten suurten mestaruusotteluiden yhteydess\u00e4.\" \/>\n<meta name=\"robots\" content=\"index, follow, max-snippet:-1, max-image-preview:large, max-video-preview:-1\" \/>\n<meta property=\"og:locale\" content=\"fi_FI\" \/>\n<meta property=\"og:type\" content=\"article\" \/>\n<meta property=\"og:title\" content=\"Live-nyrkkeilyvedonly\u00f6nti 1xBetill\u00e4 \u2013 Ly\u00f6 vetoa nyt\" \/>\n<meta property=\"og:description\" content=\"Nauti 1xBetin live-nyrkkeilyvedonly\u00f6nnist\u00e4, jossa on reaaliaikaiset kertoimet, live-vedonly\u00f6ntikohteet ja nopeat voitonmaksut maailmanlaajuisten suurten mestaruusotteluiden yhteydess\u00e4.\" \/>\n<meta property=\"og:url\" content=\"https:\/\/1xbets.plus\/fi\/boxing\/\" \/>\n<meta property=\"og:site_name\" content=\"1xbet Boost fi\" \/>\n<meta property=\"article:modified_time\" content=\"2026-03-19T23:24:02+00:00\" \/>\n<meta name=\"twitter:card\" content=\"summary_large_image\" \/>\n<script type=\"application\/ld+json\" class=\"yoast-schema-graph\">{\"@context\":\"https:\/\/schema.org\",\"@graph\":[{\"@type\":\"WebPage\",\"@id\":\"https:\/\/1xbets.plus\/fi\/boxing\/\",\"url\":\"https:\/\/1xbets.plus\/fi\/boxing\/\",\"name\":\"Live-nyrkkeilyvedonly\u00f6nti 1xBetill\u00e4 \u2013 Ly\u00f6 vetoa nyt\",\"isPartOf\":{\"@id\":\"https:\/\/1xbets.plus\/fi\/#website\"},\"datePublished\":\"2026-03-04T15:27:46+00:00\",\"dateModified\":\"2026-03-19T23:24:02+00:00\",\"description\":\"Nauti 1xBetin live-nyrkkeilyvedonly\u00f6nnist\u00e4, jossa on reaaliaikaiset kertoimet, live-vedonly\u00f6ntikohteet ja nopeat voitonmaksut maailmanlaajuisten suurten mestaruusotteluiden yhteydess\u00e4.\",\"inLanguage\":\"fi\",\"potentialAction\":[{\"@type\":\"ReadAction\",\"target\":[\"https:\/\/1xbets.plus\/fi\/boxing\/\"]}]},{\"@type\":\"WebSite\",\"@id\":\"https:\/\/1xbets.plus\/fi\/#website\",\"url\":\"https:\/\/1xbets.plus\/fi\/\",\"name\":\"1xbet Boost fi\",\"description\":\"My WordPress Blog\",\"potentialAction\":[{\"@type\":\"SearchAction\",\"target\":{\"@type\":\"EntryPoint\",\"urlTemplate\":\"https:\/\/1xbets.plus\/fi\/?s={search_term_string}\"},\"query-input\":{\"@type\":\"PropertyValueSpecification\",\"valueRequired\":true,\"valueName\":\"search_term_string\"}}],\"inLanguage\":\"fi\"}]}<\/script>\n<!-- \/ Yoast SEO plugin. -->","yoast_head_json":{"title":"Live-nyrkkeilyvedonly\u00f6nti 1xBetill\u00e4 \u2013 Ly\u00f6 vetoa nyt","description":"Nauti 1xBetin live-nyrkkeilyvedonly\u00f6nnist\u00e4, jossa on reaaliaikaiset kertoimet, live-vedonly\u00f6ntikohteet ja nopeat voitonmaksut maailmanlaajuisten suurten mestaruusotteluiden yhteydess\u00e4.","robots":{"index":"index","follow":"follow","max-snippet":"max-snippet:-1","max-image-preview":"max-image-preview:large","max-video-preview":"max-video-preview:-1"},"og_locale":"fi_FI","og_type":"article","og_title":"Live-nyrkkeilyvedonly\u00f6nti 1xBetill\u00e4 \u2013 Ly\u00f6 vetoa nyt","og_description":"Nauti 1xBetin live-nyrkkeilyvedonly\u00f6nnist\u00e4, jossa on reaaliaikaiset kertoimet, live-vedonly\u00f6ntikohteet ja nopeat voitonmaksut maailmanlaajuisten suurten mestaruusotteluiden yhteydess\u00e4.","og_url":"https:\/\/1xbets.plus\/fi\/boxing\/","og_site_name":"1xbet Boost fi","article_modified_time":"2026-03-19T23:24:02+00:00","twitter_card":"summary_large_image","schema":{"@context":"https:\/\/schema.org","@graph":[{"@type":"WebPage","@id":"https:\/\/1xbets.plus\/fi\/boxing\/","url":"https:\/\/1xbets.plus\/fi\/boxing\/","name":"Live-nyrkkeilyvedonly\u00f6nti 1xBetill\u00e4 \u2013 Ly\u00f6 vetoa nyt","isPartOf":{"@id":"https:\/\/1xbets.plus\/fi\/#website"},"datePublished":"2026-03-04T15:27:46+00:00","dateModified":"2026-03-19T23:24:02+00:00","description":"Nauti 1xBetin live-nyrkkeilyvedonly\u00f6nnist\u00e4, jossa on reaaliaikaiset kertoimet, live-vedonly\u00f6ntikohteet ja nopeat voitonmaksut maailmanlaajuisten suurten mestaruusotteluiden yhteydess\u00e4.","inLanguage":"fi","potentialAction":[{"@type":"ReadAction","target":["https:\/\/1xbets.plus\/fi\/boxing\/"]}]},{"@type":"WebSite","@id":"https:\/\/1xbets.plus\/fi\/#website","url":"https:\/\/1xbets.plus\/fi\/","name":"1xbet Boost fi","description":"My WordPress Blog","potentialAction":[{"@type":"SearchAction","target":{"@type":"EntryPoint","urlTemplate":"https:\/\/1xbets.plus\/fi\/?s={search_term_string}"},"query-input":{"@type":"PropertyValueSpecification","valueRequired":true,"valueName":"search_term_string"}}],"inLanguage":"fi"}]}},"_links":{"self":[{"href":"https:\/\/1xbets.plus\/fi\/wp-json\/wp\/v2\/pages\/783","targetHints":{"allow":["GET"]}}],"collection":[{"href":"https:\/\/1xbets.plus\/fi\/wp-json\/wp\/v2\/pages"}],"about":[{"href":"https:\/\/1xbets.plus\/fi\/wp-json\/wp\/v2\/types\/page"}],"author":[{"embeddable":true,"href":"https:\/\/1xbets.plus\/fi\/wp-json\/wp\/v2\/users\/1"}],"replies":[{"embeddable":true,"href":"https:\/\/1xbets.plus\/fi\/wp-json\/wp\/v2\/comments?post=783"}],"version-history":[{"count":4,"href":"https:\/\/1xbets.plus\/fi\/wp-json\/wp\/v2\/pages\/783\/revisions"}],"predecessor-version":[{"id":925,"href":"https:\/\/1xbets.plus\/fi\/wp-json\/wp\/v2\/pages\/783\/revisions\/925"}],"wp:attachment":[{"href":"https:\/\/1xbets.plus\/fi\/wp-json\/wp\/v2\/media?parent=783"}],"curies":[{"name":"wp","href":"https:\/\/api.w.org\/{rel}","templated":true}]}}