{"id":629,"date":"2025-06-11T07:57:28","date_gmt":"2025-06-11T07:57:28","guid":{"rendered":"https:\/\/1xbets.plus\/fi\/?page_id=629"},"modified":"2026-03-19T23:16:26","modified_gmt":"2026-03-19T23:16:26","slug":"lucky-day","status":"publish","type":"page","link":"https:\/\/1xbets.plus\/fi\/bonus\/lucky-day\/","title":{"rendered":"Onnenp\u00e4iv\u00e4"},"content":{"rendered":"","protected":false},"excerpt":{"rendered":"","protected":false},"author":1,"featured_media":0,"parent":152,"menu_order":0,"comment_status":"closed","ping_status":"closed","template":"","meta":{"footnotes":""},"class_list":["post-629","page","type-page","status-publish","hentry"],"yoast_head":"<!-- This site is optimized with the Yoast SEO plugin v26.2 - https:\/\/yoast.com\/wordpress\/plugins\/seo\/ -->\n<title>1xBet Lucky Day | Voita 500 bonuspistett\u00e4 joka p\u00e4iv\u00e4<\/title>\n<meta name=\"description\" content=\"Oletko valmis viett\u00e4m\u00e4\u00e4n onnenp\u00e4iv\u00e4\u00e4 1xBetin kanssa? Osallistu kampanjaan ja voita 500 kampanjapistett\u00e4 joka p\u00e4iv\u00e4! Tee urheiluvedonly\u00f6ntej\u00e4, hanki arpajaislippuja ja nauti voittomahdollisuuksista.\" \/>\n<meta name=\"robots\" content=\"index, follow, max-snippet:-1, max-image-preview:large, max-video-preview:-1\" \/>\n<meta property=\"og:locale\" content=\"fi_FI\" \/>\n<meta property=\"og:type\" content=\"article\" \/>\n<meta property=\"og:title\" content=\"1xBet Lucky Day | Voita 500 bonuspistett\u00e4 joka p\u00e4iv\u00e4\" \/>\n<meta property=\"og:description\" content=\"Oletko valmis viett\u00e4m\u00e4\u00e4n onnenp\u00e4iv\u00e4\u00e4 1xBetin kanssa? Osallistu kampanjaan ja voita 500 kampanjapistett\u00e4 joka p\u00e4iv\u00e4! Tee urheiluvedonly\u00f6ntej\u00e4, hanki arpajaislippuja ja nauti voittomahdollisuuksista.\" \/>\n<meta property=\"og:url\" content=\"https:\/\/1xbets.plus\/fi\/bonus\/lucky-day\/\" \/>\n<meta property=\"og:site_name\" content=\"1xbet Boost fi\" \/>\n<meta property=\"article:modified_time\" content=\"2026-03-19T23:16:26+00:00\" \/>\n<meta name=\"twitter:card\" content=\"summary_large_image\" \/>\n<script type=\"application\/ld+json\" class=\"yoast-schema-graph\">{\"@context\":\"https:\/\/schema.org\",\"@graph\":[{\"@type\":\"WebPage\",\"@id\":\"https:\/\/1xbets.plus\/fi\/bonus\/lucky-day\/\",\"url\":\"https:\/\/1xbets.plus\/fi\/bonus\/lucky-day\/\",\"name\":\"1xBet Lucky Day | Voita 500 bonuspistett\u00e4 joka p\u00e4iv\u00e4\",\"isPartOf\":{\"@id\":\"https:\/\/1xbets.plus\/fi\/#website\"},\"datePublished\":\"2025-06-11T07:57:28+00:00\",\"dateModified\":\"2026-03-19T23:16:26+00:00\",\"description\":\"Oletko valmis viett\u00e4m\u00e4\u00e4n onnenp\u00e4iv\u00e4\u00e4 1xBetin kanssa? Osallistu kampanjaan ja voita 500 kampanjapistett\u00e4 joka p\u00e4iv\u00e4! Tee urheiluvedonly\u00f6ntej\u00e4, hanki arpajaislippuja ja nauti voittomahdollisuuksista.\",\"breadcrumb\":{\"@id\":\"https:\/\/1xbets.plus\/fi\/bonus\/lucky-day\/#breadcrumb\"},\"inLanguage\":\"fi\",\"potentialAction\":[{\"@type\":\"ReadAction\",\"target\":[\"https:\/\/1xbets.plus\/fi\/bonus\/lucky-day\/\"]}]},{\"@type\":\"BreadcrumbList\",\"@id\":\"https:\/\/1xbets.plus\/fi\/bonus\/lucky-day\/#breadcrumb\",\"itemListElement\":[{\"@type\":\"ListItem\",\"position\":1,\"name\":\"Bonus\",\"item\":\"https:\/\/1xbets.plus\/fi\/bonus\/\"},{\"@type\":\"ListItem\",\"position\":2,\"name\":\"Onnenp\u00e4iv\u00e4\"}]},{\"@type\":\"WebSite\",\"@id\":\"https:\/\/1xbets.plus\/fi\/#website\",\"url\":\"https:\/\/1xbets.plus\/fi\/\",\"name\":\"1xbet Boost fi\",\"description\":\"My WordPress Blog\",\"potentialAction\":[{\"@type\":\"SearchAction\",\"target\":{\"@type\":\"EntryPoint\",\"urlTemplate\":\"https:\/\/1xbets.plus\/fi\/?s={search_term_string}\"},\"query-input\":{\"@type\":\"PropertyValueSpecification\",\"valueRequired\":true,\"valueName\":\"search_term_string\"}}],\"inLanguage\":\"fi\"}]}<\/script>\n<!-- \/ Yoast SEO plugin. -->","yoast_head_json":{"title":"1xBet Lucky Day | Voita 500 bonuspistett\u00e4 joka p\u00e4iv\u00e4","description":"Oletko valmis viett\u00e4m\u00e4\u00e4n onnenp\u00e4iv\u00e4\u00e4 1xBetin kanssa? Osallistu kampanjaan ja voita 500 kampanjapistett\u00e4 joka p\u00e4iv\u00e4! Tee urheiluvedonly\u00f6ntej\u00e4, hanki arpajaislippuja ja nauti voittomahdollisuuksista.","robots":{"index":"index","follow":"follow","max-snippet":"max-snippet:-1","max-image-preview":"max-image-preview:large","max-video-preview":"max-video-preview:-1"},"og_locale":"fi_FI","og_type":"article","og_title":"1xBet Lucky Day | Voita 500 bonuspistett\u00e4 joka p\u00e4iv\u00e4","og_description":"Oletko valmis viett\u00e4m\u00e4\u00e4n onnenp\u00e4iv\u00e4\u00e4 1xBetin kanssa? Osallistu kampanjaan ja voita 500 kampanjapistett\u00e4 joka p\u00e4iv\u00e4! Tee urheiluvedonly\u00f6ntej\u00e4, hanki arpajaislippuja ja nauti voittomahdollisuuksista.","og_url":"https:\/\/1xbets.plus\/fi\/bonus\/lucky-day\/","og_site_name":"1xbet Boost fi","article_modified_time":"2026-03-19T23:16:26+00:00","twitter_card":"summary_large_image","schema":{"@context":"https:\/\/schema.org","@graph":[{"@type":"WebPage","@id":"https:\/\/1xbets.plus\/fi\/bonus\/lucky-day\/","url":"https:\/\/1xbets.plus\/fi\/bonus\/lucky-day\/","name":"1xBet Lucky Day | Voita 500 bonuspistett\u00e4 joka p\u00e4iv\u00e4","isPartOf":{"@id":"https:\/\/1xbets.plus\/fi\/#website"},"datePublished":"2025-06-11T07:57:28+00:00","dateModified":"2026-03-19T23:16:26+00:00","description":"Oletko valmis viett\u00e4m\u00e4\u00e4n onnenp\u00e4iv\u00e4\u00e4 1xBetin kanssa? Osallistu kampanjaan ja voita 500 kampanjapistett\u00e4 joka p\u00e4iv\u00e4! Tee urheiluvedonly\u00f6ntej\u00e4, hanki arpajaislippuja ja nauti voittomahdollisuuksista.","breadcrumb":{"@id":"https:\/\/1xbets.plus\/fi\/bonus\/lucky-day\/#breadcrumb"},"inLanguage":"fi","potentialAction":[{"@type":"ReadAction","target":["https:\/\/1xbets.plus\/fi\/bonus\/lucky-day\/"]}]},{"@type":"BreadcrumbList","@id":"https:\/\/1xbets.plus\/fi\/bonus\/lucky-day\/#breadcrumb","itemListElement":[{"@type":"ListItem","position":1,"name":"Bonus","item":"https:\/\/1xbets.plus\/fi\/bonus\/"},{"@type":"ListItem","position":2,"name":"Onnenp\u00e4iv\u00e4"}]},{"@type":"WebSite","@id":"https:\/\/1xbets.plus\/fi\/#website","url":"https:\/\/1xbets.plus\/fi\/","name":"1xbet Boost fi","description":"My WordPress Blog","potentialAction":[{"@type":"SearchAction","target":{"@type":"EntryPoint","urlTemplate":"https:\/\/1xbets.plus\/fi\/?s={search_term_string}"},"query-input":{"@type":"PropertyValueSpecification","valueRequired":true,"valueName":"search_term_string"}}],"inLanguage":"fi"}]}},"_links":{"self":[{"href":"https:\/\/1xbets.plus\/fi\/wp-json\/wp\/v2\/pages\/629","targetHints":{"allow":["GET"]}}],"collection":[{"href":"https:\/\/1xbets.plus\/fi\/wp-json\/wp\/v2\/pages"}],"about":[{"href":"https:\/\/1xbets.plus\/fi\/wp-json\/wp\/v2\/types\/page"}],"author":[{"embeddable":true,"href":"https:\/\/1xbets.plus\/fi\/wp-json\/wp\/v2\/users\/1"}],"replies":[{"embeddable":true,"href":"https:\/\/1xbets.plus\/fi\/wp-json\/wp\/v2\/comments?post=629"}],"version-history":[{"count":5,"href":"https:\/\/1xbets.plus\/fi\/wp-json\/wp\/v2\/pages\/629\/revisions"}],"predecessor-version":[{"id":920,"href":"https:\/\/1xbets.plus\/fi\/wp-json\/wp\/v2\/pages\/629\/revisions\/920"}],"up":[{"embeddable":true,"href":"https:\/\/1xbets.plus\/fi\/wp-json\/wp\/v2\/pages\/152"}],"wp:attachment":[{"href":"https:\/\/1xbets.plus\/fi\/wp-json\/wp\/v2\/media?parent=629"}],"curies":[{"name":"wp","href":"https:\/\/api.w.org\/{rel}","templated":true}]}}