{"id":624,"date":"2025-06-11T07:28:23","date_gmt":"2025-06-11T07:28:23","guid":{"rendered":"https:\/\/1xbets.plus\/fi\/?page_id=624"},"modified":"2026-03-19T23:21:42","modified_gmt":"2026-03-19T23:21:42","slug":"sport-first-deposit","status":"publish","type":"page","link":"https:\/\/1xbets.plus\/fi\/bonus\/sport-first-deposit\/","title":{"rendered":"Urheilu: Ensitalletus"},"content":{"rendered":"","protected":false},"excerpt":{"rendered":"","protected":false},"author":1,"featured_media":0,"parent":152,"menu_order":0,"comment_status":"closed","ping_status":"closed","template":"","meta":{"footnotes":""},"class_list":["post-624","page","type-page","status-publish","hentry"],"yoast_head":"<!-- This site is optimized with the Yoast SEO plugin v26.2 - https:\/\/yoast.com\/wordpress\/plugins\/seo\/ -->\n<title>1xBet-urheilubonus | Saat 120 % ensimm\u00e4isest\u00e4 talletuksestasi<\/title>\n<meta name=\"description\" content=\"Liity 1xBet-palveluun ja nappaa tervetuliaisbonuksesi \u2013 jopa 120 % ensimm\u00e4isest\u00e4 talletuksestasi ja mahdollisuus voittaa jopa 400 \u20ac! \u00c4l\u00e4 missaa tilaisuutta p\u00e4\u00e4st\u00e4 mukaan j\u00e4nnitt\u00e4v\u00e4\u00e4n vedonly\u00f6nnin maailmaan.\" \/>\n<meta name=\"robots\" content=\"index, follow, max-snippet:-1, max-image-preview:large, max-video-preview:-1\" \/>\n<meta property=\"og:locale\" content=\"fi_FI\" \/>\n<meta property=\"og:type\" content=\"article\" \/>\n<meta property=\"og:title\" content=\"1xBet-urheilubonus | Saat 120 % ensimm\u00e4isest\u00e4 talletuksestasi\" \/>\n<meta property=\"og:description\" content=\"Liity 1xBet-palveluun ja nappaa tervetuliaisbonuksesi \u2013 jopa 120 % ensimm\u00e4isest\u00e4 talletuksestasi ja mahdollisuus voittaa jopa 400 \u20ac! \u00c4l\u00e4 missaa tilaisuutta p\u00e4\u00e4st\u00e4 mukaan j\u00e4nnitt\u00e4v\u00e4\u00e4n vedonly\u00f6nnin maailmaan.\" \/>\n<meta property=\"og:url\" content=\"https:\/\/1xbets.plus\/fi\/bonus\/sport-first-deposit\/\" \/>\n<meta property=\"og:site_name\" content=\"1xbet Boost fi\" \/>\n<meta property=\"article:modified_time\" content=\"2026-03-19T23:21:42+00:00\" \/>\n<meta name=\"twitter:card\" content=\"summary_large_image\" \/>\n<script type=\"application\/ld+json\" class=\"yoast-schema-graph\">{\"@context\":\"https:\/\/schema.org\",\"@graph\":[{\"@type\":\"WebPage\",\"@id\":\"https:\/\/1xbets.plus\/fi\/bonus\/sport-first-deposit\/\",\"url\":\"https:\/\/1xbets.plus\/fi\/bonus\/sport-first-deposit\/\",\"name\":\"1xBet-urheilubonus | Saat 120 % ensimm\u00e4isest\u00e4 talletuksestasi\",\"isPartOf\":{\"@id\":\"https:\/\/1xbets.plus\/fi\/#website\"},\"datePublished\":\"2025-06-11T07:28:23+00:00\",\"dateModified\":\"2026-03-19T23:21:42+00:00\",\"description\":\"Liity 1xBet-palveluun ja nappaa tervetuliaisbonuksesi \u2013 jopa 120 % ensimm\u00e4isest\u00e4 talletuksestasi ja mahdollisuus voittaa jopa 400 \u20ac! \u00c4l\u00e4 missaa tilaisuutta p\u00e4\u00e4st\u00e4 mukaan j\u00e4nnitt\u00e4v\u00e4\u00e4n vedonly\u00f6nnin maailmaan.\",\"breadcrumb\":{\"@id\":\"https:\/\/1xbets.plus\/fi\/bonus\/sport-first-deposit\/#breadcrumb\"},\"inLanguage\":\"fi\",\"potentialAction\":[{\"@type\":\"ReadAction\",\"target\":[\"https:\/\/1xbets.plus\/fi\/bonus\/sport-first-deposit\/\"]}]},{\"@type\":\"BreadcrumbList\",\"@id\":\"https:\/\/1xbets.plus\/fi\/bonus\/sport-first-deposit\/#breadcrumb\",\"itemListElement\":[{\"@type\":\"ListItem\",\"position\":1,\"name\":\"Bonus\",\"item\":\"https:\/\/1xbets.plus\/fi\/bonus\/\"},{\"@type\":\"ListItem\",\"position\":2,\"name\":\"Urheilu: Ensitalletus\"}]},{\"@type\":\"WebSite\",\"@id\":\"https:\/\/1xbets.plus\/fi\/#website\",\"url\":\"https:\/\/1xbets.plus\/fi\/\",\"name\":\"1xbet Boost fi\",\"description\":\"My WordPress Blog\",\"potentialAction\":[{\"@type\":\"SearchAction\",\"target\":{\"@type\":\"EntryPoint\",\"urlTemplate\":\"https:\/\/1xbets.plus\/fi\/?s={search_term_string}\"},\"query-input\":{\"@type\":\"PropertyValueSpecification\",\"valueRequired\":true,\"valueName\":\"search_term_string\"}}],\"inLanguage\":\"fi\"}]}<\/script>\n<!-- \/ Yoast SEO plugin. -->","yoast_head_json":{"title":"1xBet-urheilubonus | Saat 120 % ensimm\u00e4isest\u00e4 talletuksestasi","description":"Liity 1xBet-palveluun ja nappaa tervetuliaisbonuksesi \u2013 jopa 120 % ensimm\u00e4isest\u00e4 talletuksestasi ja mahdollisuus voittaa jopa 400 \u20ac! \u00c4l\u00e4 missaa tilaisuutta p\u00e4\u00e4st\u00e4 mukaan j\u00e4nnitt\u00e4v\u00e4\u00e4n vedonly\u00f6nnin maailmaan.","robots":{"index":"index","follow":"follow","max-snippet":"max-snippet:-1","max-image-preview":"max-image-preview:large","max-video-preview":"max-video-preview:-1"},"og_locale":"fi_FI","og_type":"article","og_title":"1xBet-urheilubonus | Saat 120 % ensimm\u00e4isest\u00e4 talletuksestasi","og_description":"Liity 1xBet-palveluun ja nappaa tervetuliaisbonuksesi \u2013 jopa 120 % ensimm\u00e4isest\u00e4 talletuksestasi ja mahdollisuus voittaa jopa 400 \u20ac! \u00c4l\u00e4 missaa tilaisuutta p\u00e4\u00e4st\u00e4 mukaan j\u00e4nnitt\u00e4v\u00e4\u00e4n vedonly\u00f6nnin maailmaan.","og_url":"https:\/\/1xbets.plus\/fi\/bonus\/sport-first-deposit\/","og_site_name":"1xbet Boost fi","article_modified_time":"2026-03-19T23:21:42+00:00","twitter_card":"summary_large_image","schema":{"@context":"https:\/\/schema.org","@graph":[{"@type":"WebPage","@id":"https:\/\/1xbets.plus\/fi\/bonus\/sport-first-deposit\/","url":"https:\/\/1xbets.plus\/fi\/bonus\/sport-first-deposit\/","name":"1xBet-urheilubonus | Saat 120 % ensimm\u00e4isest\u00e4 talletuksestasi","isPartOf":{"@id":"https:\/\/1xbets.plus\/fi\/#website"},"datePublished":"2025-06-11T07:28:23+00:00","dateModified":"2026-03-19T23:21:42+00:00","description":"Liity 1xBet-palveluun ja nappaa tervetuliaisbonuksesi \u2013 jopa 120 % ensimm\u00e4isest\u00e4 talletuksestasi ja mahdollisuus voittaa jopa 400 \u20ac! \u00c4l\u00e4 missaa tilaisuutta p\u00e4\u00e4st\u00e4 mukaan j\u00e4nnitt\u00e4v\u00e4\u00e4n vedonly\u00f6nnin maailmaan.","breadcrumb":{"@id":"https:\/\/1xbets.plus\/fi\/bonus\/sport-first-deposit\/#breadcrumb"},"inLanguage":"fi","potentialAction":[{"@type":"ReadAction","target":["https:\/\/1xbets.plus\/fi\/bonus\/sport-first-deposit\/"]}]},{"@type":"BreadcrumbList","@id":"https:\/\/1xbets.plus\/fi\/bonus\/sport-first-deposit\/#breadcrumb","itemListElement":[{"@type":"ListItem","position":1,"name":"Bonus","item":"https:\/\/1xbets.plus\/fi\/bonus\/"},{"@type":"ListItem","position":2,"name":"Urheilu: Ensitalletus"}]},{"@type":"WebSite","@id":"https:\/\/1xbets.plus\/fi\/#website","url":"https:\/\/1xbets.plus\/fi\/","name":"1xbet Boost fi","description":"My WordPress Blog","potentialAction":[{"@type":"SearchAction","target":{"@type":"EntryPoint","urlTemplate":"https:\/\/1xbets.plus\/fi\/?s={search_term_string}"},"query-input":{"@type":"PropertyValueSpecification","valueRequired":true,"valueName":"search_term_string"}}],"inLanguage":"fi"}]}},"_links":{"self":[{"href":"https:\/\/1xbets.plus\/fi\/wp-json\/wp\/v2\/pages\/624","targetHints":{"allow":["GET"]}}],"collection":[{"href":"https:\/\/1xbets.plus\/fi\/wp-json\/wp\/v2\/pages"}],"about":[{"href":"https:\/\/1xbets.plus\/fi\/wp-json\/wp\/v2\/types\/page"}],"author":[{"embeddable":true,"href":"https:\/\/1xbets.plus\/fi\/wp-json\/wp\/v2\/users\/1"}],"replies":[{"embeddable":true,"href":"https:\/\/1xbets.plus\/fi\/wp-json\/wp\/v2\/comments?post=624"}],"version-history":[{"count":6,"href":"https:\/\/1xbets.plus\/fi\/wp-json\/wp\/v2\/pages\/624\/revisions"}],"predecessor-version":[{"id":924,"href":"https:\/\/1xbets.plus\/fi\/wp-json\/wp\/v2\/pages\/624\/revisions\/924"}],"up":[{"embeddable":true,"href":"https:\/\/1xbets.plus\/fi\/wp-json\/wp\/v2\/pages\/152"}],"wp:attachment":[{"href":"https:\/\/1xbets.plus\/fi\/wp-json\/wp\/v2\/media?parent=624"}],"curies":[{"name":"wp","href":"https:\/\/api.w.org\/{rel}","templated":true}]}}