{"id":612,"date":"2025-06-11T06:43:39","date_gmt":"2025-06-11T06:43:39","guid":{"rendered":"https:\/\/1xbets.plus\/fi\/?page_id=612"},"modified":"2026-03-19T23:18:49","modified_gmt":"2026-03-19T23:18:49","slug":"no-risk-bet","status":"publish","type":"page","link":"https:\/\/1xbets.plus\/fi\/bonus\/no-risk-bet\/","title":{"rendered":"No risk riskitt\u00f6m\u00e4"},"content":{"rendered":"","protected":false},"excerpt":{"rendered":"","protected":false},"author":1,"featured_media":0,"parent":152,"menu_order":0,"comment_status":"closed","ping_status":"closed","template":"","meta":{"footnotes":""},"class_list":["post-612","page","type-page","status-publish","hentry"],"yoast_head":"<!-- This site is optimized with the Yoast SEO plugin v26.2 - https:\/\/yoast.com\/wordpress\/plugins\/seo\/ -->\n<title>1xBetin riskit\u00f6n veto | Kuinka saada ilmainen veto, jos h\u00e4vi\u00e4t<\/title>\n<meta name=\"description\" content=\"Riskit\u00f6n veto 1xBetill\u00e4: arvaa tarkka lopputulos ja saat ilmaisen vedon, vaikka h\u00e4vi\u00e4isitkin! Muuta vetosi todellisiksi voitoiksi pelk\u00e4\u00e4m\u00e4tt\u00e4 rahan menett\u00e4mist\u00e4. Ly\u00f6 vetoa huippujalkapallo-otteluista ja hy\u00f6dynn\u00e4 vakuutustasi.\" \/>\n<meta name=\"robots\" content=\"index, follow, max-snippet:-1, max-image-preview:large, max-video-preview:-1\" \/>\n<meta property=\"og:locale\" content=\"fi_FI\" \/>\n<meta property=\"og:type\" content=\"article\" \/>\n<meta property=\"og:title\" content=\"1xBetin riskit\u00f6n veto | Kuinka saada ilmainen veto, jos h\u00e4vi\u00e4t\" \/>\n<meta property=\"og:description\" content=\"Riskit\u00f6n veto 1xBetill\u00e4: arvaa tarkka lopputulos ja saat ilmaisen vedon, vaikka h\u00e4vi\u00e4isitkin! Muuta vetosi todellisiksi voitoiksi pelk\u00e4\u00e4m\u00e4tt\u00e4 rahan menett\u00e4mist\u00e4. Ly\u00f6 vetoa huippujalkapallo-otteluista ja hy\u00f6dynn\u00e4 vakuutustasi.\" \/>\n<meta property=\"og:url\" content=\"https:\/\/1xbets.plus\/fi\/bonus\/no-risk-bet\/\" \/>\n<meta property=\"og:site_name\" content=\"1xbet Boost fi\" \/>\n<meta property=\"article:modified_time\" content=\"2026-03-19T23:18:49+00:00\" \/>\n<meta name=\"twitter:card\" content=\"summary_large_image\" \/>\n<script type=\"application\/ld+json\" class=\"yoast-schema-graph\">{\"@context\":\"https:\/\/schema.org\",\"@graph\":[{\"@type\":\"WebPage\",\"@id\":\"https:\/\/1xbets.plus\/fi\/bonus\/no-risk-bet\/\",\"url\":\"https:\/\/1xbets.plus\/fi\/bonus\/no-risk-bet\/\",\"name\":\"1xBetin riskit\u00f6n veto | Kuinka saada ilmainen veto, jos h\u00e4vi\u00e4t\",\"isPartOf\":{\"@id\":\"https:\/\/1xbets.plus\/fi\/#website\"},\"datePublished\":\"2025-06-11T06:43:39+00:00\",\"dateModified\":\"2026-03-19T23:18:49+00:00\",\"description\":\"Riskit\u00f6n veto 1xBetill\u00e4: arvaa tarkka lopputulos ja saat ilmaisen vedon, vaikka h\u00e4vi\u00e4isitkin! Muuta vetosi todellisiksi voitoiksi pelk\u00e4\u00e4m\u00e4tt\u00e4 rahan menett\u00e4mist\u00e4. Ly\u00f6 vetoa huippujalkapallo-otteluista ja hy\u00f6dynn\u00e4 vakuutustasi.\",\"breadcrumb\":{\"@id\":\"https:\/\/1xbets.plus\/fi\/bonus\/no-risk-bet\/#breadcrumb\"},\"inLanguage\":\"fi\",\"potentialAction\":[{\"@type\":\"ReadAction\",\"target\":[\"https:\/\/1xbets.plus\/fi\/bonus\/no-risk-bet\/\"]}]},{\"@type\":\"BreadcrumbList\",\"@id\":\"https:\/\/1xbets.plus\/fi\/bonus\/no-risk-bet\/#breadcrumb\",\"itemListElement\":[{\"@type\":\"ListItem\",\"position\":1,\"name\":\"Bonus\",\"item\":\"https:\/\/1xbets.plus\/fi\/bonus\/\"},{\"@type\":\"ListItem\",\"position\":2,\"name\":\"No risk riskitt\u00f6m\u00e4\"}]},{\"@type\":\"WebSite\",\"@id\":\"https:\/\/1xbets.plus\/fi\/#website\",\"url\":\"https:\/\/1xbets.plus\/fi\/\",\"name\":\"1xbet Boost fi\",\"description\":\"My WordPress Blog\",\"potentialAction\":[{\"@type\":\"SearchAction\",\"target\":{\"@type\":\"EntryPoint\",\"urlTemplate\":\"https:\/\/1xbets.plus\/fi\/?s={search_term_string}\"},\"query-input\":{\"@type\":\"PropertyValueSpecification\",\"valueRequired\":true,\"valueName\":\"search_term_string\"}}],\"inLanguage\":\"fi\"}]}<\/script>\n<!-- \/ Yoast SEO plugin. -->","yoast_head_json":{"title":"1xBetin riskit\u00f6n veto | Kuinka saada ilmainen veto, jos h\u00e4vi\u00e4t","description":"Riskit\u00f6n veto 1xBetill\u00e4: arvaa tarkka lopputulos ja saat ilmaisen vedon, vaikka h\u00e4vi\u00e4isitkin! Muuta vetosi todellisiksi voitoiksi pelk\u00e4\u00e4m\u00e4tt\u00e4 rahan menett\u00e4mist\u00e4. Ly\u00f6 vetoa huippujalkapallo-otteluista ja hy\u00f6dynn\u00e4 vakuutustasi.","robots":{"index":"index","follow":"follow","max-snippet":"max-snippet:-1","max-image-preview":"max-image-preview:large","max-video-preview":"max-video-preview:-1"},"og_locale":"fi_FI","og_type":"article","og_title":"1xBetin riskit\u00f6n veto | Kuinka saada ilmainen veto, jos h\u00e4vi\u00e4t","og_description":"Riskit\u00f6n veto 1xBetill\u00e4: arvaa tarkka lopputulos ja saat ilmaisen vedon, vaikka h\u00e4vi\u00e4isitkin! Muuta vetosi todellisiksi voitoiksi pelk\u00e4\u00e4m\u00e4tt\u00e4 rahan menett\u00e4mist\u00e4. Ly\u00f6 vetoa huippujalkapallo-otteluista ja hy\u00f6dynn\u00e4 vakuutustasi.","og_url":"https:\/\/1xbets.plus\/fi\/bonus\/no-risk-bet\/","og_site_name":"1xbet Boost fi","article_modified_time":"2026-03-19T23:18:49+00:00","twitter_card":"summary_large_image","schema":{"@context":"https:\/\/schema.org","@graph":[{"@type":"WebPage","@id":"https:\/\/1xbets.plus\/fi\/bonus\/no-risk-bet\/","url":"https:\/\/1xbets.plus\/fi\/bonus\/no-risk-bet\/","name":"1xBetin riskit\u00f6n veto | Kuinka saada ilmainen veto, jos h\u00e4vi\u00e4t","isPartOf":{"@id":"https:\/\/1xbets.plus\/fi\/#website"},"datePublished":"2025-06-11T06:43:39+00:00","dateModified":"2026-03-19T23:18:49+00:00","description":"Riskit\u00f6n veto 1xBetill\u00e4: arvaa tarkka lopputulos ja saat ilmaisen vedon, vaikka h\u00e4vi\u00e4isitkin! Muuta vetosi todellisiksi voitoiksi pelk\u00e4\u00e4m\u00e4tt\u00e4 rahan menett\u00e4mist\u00e4. Ly\u00f6 vetoa huippujalkapallo-otteluista ja hy\u00f6dynn\u00e4 vakuutustasi.","breadcrumb":{"@id":"https:\/\/1xbets.plus\/fi\/bonus\/no-risk-bet\/#breadcrumb"},"inLanguage":"fi","potentialAction":[{"@type":"ReadAction","target":["https:\/\/1xbets.plus\/fi\/bonus\/no-risk-bet\/"]}]},{"@type":"BreadcrumbList","@id":"https:\/\/1xbets.plus\/fi\/bonus\/no-risk-bet\/#breadcrumb","itemListElement":[{"@type":"ListItem","position":1,"name":"Bonus","item":"https:\/\/1xbets.plus\/fi\/bonus\/"},{"@type":"ListItem","position":2,"name":"No risk riskitt\u00f6m\u00e4"}]},{"@type":"WebSite","@id":"https:\/\/1xbets.plus\/fi\/#website","url":"https:\/\/1xbets.plus\/fi\/","name":"1xbet Boost fi","description":"My WordPress Blog","potentialAction":[{"@type":"SearchAction","target":{"@type":"EntryPoint","urlTemplate":"https:\/\/1xbets.plus\/fi\/?s={search_term_string}"},"query-input":{"@type":"PropertyValueSpecification","valueRequired":true,"valueName":"search_term_string"}}],"inLanguage":"fi"}]}},"_links":{"self":[{"href":"https:\/\/1xbets.plus\/fi\/wp-json\/wp\/v2\/pages\/612","targetHints":{"allow":["GET"]}}],"collection":[{"href":"https:\/\/1xbets.plus\/fi\/wp-json\/wp\/v2\/pages"}],"about":[{"href":"https:\/\/1xbets.plus\/fi\/wp-json\/wp\/v2\/types\/page"}],"author":[{"embeddable":true,"href":"https:\/\/1xbets.plus\/fi\/wp-json\/wp\/v2\/users\/1"}],"replies":[{"embeddable":true,"href":"https:\/\/1xbets.plus\/fi\/wp-json\/wp\/v2\/comments?post=612"}],"version-history":[{"count":5,"href":"https:\/\/1xbets.plus\/fi\/wp-json\/wp\/v2\/pages\/612\/revisions"}],"predecessor-version":[{"id":922,"href":"https:\/\/1xbets.plus\/fi\/wp-json\/wp\/v2\/pages\/612\/revisions\/922"}],"up":[{"embeddable":true,"href":"https:\/\/1xbets.plus\/fi\/wp-json\/wp\/v2\/pages\/152"}],"wp:attachment":[{"href":"https:\/\/1xbets.plus\/fi\/wp-json\/wp\/v2\/media?parent=612"}],"curies":[{"name":"wp","href":"https:\/\/api.w.org\/{rel}","templated":true}]}}