{"id":466,"date":"2024-09-24T06:36:26","date_gmt":"2024-09-24T06:36:26","guid":{"rendered":"https:\/\/1xbets.plus\/fi\/?page_id=466"},"modified":"2026-03-20T13:44:48","modified_gmt":"2026-03-20T13:44:48","slug":"promo-code","status":"publish","type":"page","link":"https:\/\/1xbets.plus\/fi\/promo-code\/","title":{"rendered":"Tarjouskoodi"},"content":{"rendered":"","protected":false},"excerpt":{"rendered":"","protected":false},"author":1,"featured_media":0,"parent":0,"menu_order":0,"comment_status":"closed","ping_status":"closed","template":"","meta":{"footnotes":""},"class_list":["post-466","page","type-page","status-publish","hentry"],"yoast_head":"<!-- This site is optimized with the Yoast SEO plugin v26.2 - https:\/\/yoast.com\/wordpress\/plugins\/seo\/ -->\n<title>1xBet-tarjouskoodi 2025 \u2b50\ufe0f Kaikki tarjoukset ja bonuskoodit<\/title>\n<meta name=\"description\" content=\"Sy\u00f6t\u00e4 1xBet-bonuskoodi rekister\u00f6itymislomakkeeseen ja hanki lis\u00e4bonus 1xBet-sivustolta \u27a5 1xBet-tarjouskoodilla saat mahdollisuuden saada eksklusiivisen urheilun tervetuliaisbonuksen | Vaihda bonuspisteit\u00e4 1xBet-tarjouskoodeihin\" \/>\n<meta name=\"robots\" content=\"index, follow, max-snippet:-1, max-image-preview:large, max-video-preview:-1\" \/>\n<meta property=\"og:locale\" content=\"fi_FI\" \/>\n<meta property=\"og:type\" content=\"article\" \/>\n<meta property=\"og:title\" content=\"1xBet-tarjouskoodi 2025 \u2b50\ufe0f Kaikki tarjoukset ja bonuskoodit\" \/>\n<meta property=\"og:description\" content=\"Sy\u00f6t\u00e4 1xBet-bonuskoodi rekister\u00f6itymislomakkeeseen ja hanki lis\u00e4bonus 1xBet-sivustolta \u27a5 1xBet-tarjouskoodilla saat mahdollisuuden saada eksklusiivisen urheilun tervetuliaisbonuksen | Vaihda bonuspisteit\u00e4 1xBet-tarjouskoodeihin\" \/>\n<meta property=\"og:url\" content=\"https:\/\/1xbets.plus\/fi\/promo-code\/\" \/>\n<meta property=\"og:site_name\" content=\"1xbet Boost fi\" \/>\n<meta property=\"article:modified_time\" content=\"2026-03-20T13:44:48+00:00\" \/>\n<meta name=\"twitter:card\" content=\"summary_large_image\" \/>\n<script type=\"application\/ld+json\" class=\"yoast-schema-graph\">{\"@context\":\"https:\/\/schema.org\",\"@graph\":[{\"@type\":\"WebPage\",\"@id\":\"https:\/\/1xbets.plus\/fi\/promo-code\/\",\"url\":\"https:\/\/1xbets.plus\/fi\/promo-code\/\",\"name\":\"1xBet-tarjouskoodi 2025 \u2b50\ufe0f Kaikki tarjoukset ja bonuskoodit\",\"isPartOf\":{\"@id\":\"https:\/\/1xbets.plus\/fi\/#website\"},\"datePublished\":\"2024-09-24T06:36:26+00:00\",\"dateModified\":\"2026-03-20T13:44:48+00:00\",\"description\":\"Sy\u00f6t\u00e4 1xBet-bonuskoodi rekister\u00f6itymislomakkeeseen ja hanki lis\u00e4bonus 1xBet-sivustolta \u27a5 1xBet-tarjouskoodilla saat mahdollisuuden saada eksklusiivisen urheilun tervetuliaisbonuksen | Vaihda bonuspisteit\u00e4 1xBet-tarjouskoodeihin\",\"inLanguage\":\"fi\",\"potentialAction\":[{\"@type\":\"ReadAction\",\"target\":[\"https:\/\/1xbets.plus\/fi\/promo-code\/\"]}]},{\"@type\":\"WebSite\",\"@id\":\"https:\/\/1xbets.plus\/fi\/#website\",\"url\":\"https:\/\/1xbets.plus\/fi\/\",\"name\":\"1xbet Boost fi\",\"description\":\"My WordPress Blog\",\"potentialAction\":[{\"@type\":\"SearchAction\",\"target\":{\"@type\":\"EntryPoint\",\"urlTemplate\":\"https:\/\/1xbets.plus\/fi\/?s={search_term_string}\"},\"query-input\":{\"@type\":\"PropertyValueSpecification\",\"valueRequired\":true,\"valueName\":\"search_term_string\"}}],\"inLanguage\":\"fi\"}]}<\/script>\n<!-- \/ Yoast SEO plugin. -->","yoast_head_json":{"title":"1xBet-tarjouskoodi 2025 \u2b50\ufe0f Kaikki tarjoukset ja bonuskoodit","description":"Sy\u00f6t\u00e4 1xBet-bonuskoodi rekister\u00f6itymislomakkeeseen ja hanki lis\u00e4bonus 1xBet-sivustolta \u27a5 1xBet-tarjouskoodilla saat mahdollisuuden saada eksklusiivisen urheilun tervetuliaisbonuksen | Vaihda bonuspisteit\u00e4 1xBet-tarjouskoodeihin","robots":{"index":"index","follow":"follow","max-snippet":"max-snippet:-1","max-image-preview":"max-image-preview:large","max-video-preview":"max-video-preview:-1"},"og_locale":"fi_FI","og_type":"article","og_title":"1xBet-tarjouskoodi 2025 \u2b50\ufe0f Kaikki tarjoukset ja bonuskoodit","og_description":"Sy\u00f6t\u00e4 1xBet-bonuskoodi rekister\u00f6itymislomakkeeseen ja hanki lis\u00e4bonus 1xBet-sivustolta \u27a5 1xBet-tarjouskoodilla saat mahdollisuuden saada eksklusiivisen urheilun tervetuliaisbonuksen | Vaihda bonuspisteit\u00e4 1xBet-tarjouskoodeihin","og_url":"https:\/\/1xbets.plus\/fi\/promo-code\/","og_site_name":"1xbet Boost fi","article_modified_time":"2026-03-20T13:44:48+00:00","twitter_card":"summary_large_image","schema":{"@context":"https:\/\/schema.org","@graph":[{"@type":"WebPage","@id":"https:\/\/1xbets.plus\/fi\/promo-code\/","url":"https:\/\/1xbets.plus\/fi\/promo-code\/","name":"1xBet-tarjouskoodi 2025 \u2b50\ufe0f Kaikki tarjoukset ja bonuskoodit","isPartOf":{"@id":"https:\/\/1xbets.plus\/fi\/#website"},"datePublished":"2024-09-24T06:36:26+00:00","dateModified":"2026-03-20T13:44:48+00:00","description":"Sy\u00f6t\u00e4 1xBet-bonuskoodi rekister\u00f6itymislomakkeeseen ja hanki lis\u00e4bonus 1xBet-sivustolta \u27a5 1xBet-tarjouskoodilla saat mahdollisuuden saada eksklusiivisen urheilun tervetuliaisbonuksen | Vaihda bonuspisteit\u00e4 1xBet-tarjouskoodeihin","inLanguage":"fi","potentialAction":[{"@type":"ReadAction","target":["https:\/\/1xbets.plus\/fi\/promo-code\/"]}]},{"@type":"WebSite","@id":"https:\/\/1xbets.plus\/fi\/#website","url":"https:\/\/1xbets.plus\/fi\/","name":"1xbet Boost fi","description":"My WordPress Blog","potentialAction":[{"@type":"SearchAction","target":{"@type":"EntryPoint","urlTemplate":"https:\/\/1xbets.plus\/fi\/?s={search_term_string}"},"query-input":{"@type":"PropertyValueSpecification","valueRequired":true,"valueName":"search_term_string"}}],"inLanguage":"fi"}]}},"_links":{"self":[{"href":"https:\/\/1xbets.plus\/fi\/wp-json\/wp\/v2\/pages\/466","targetHints":{"allow":["GET"]}}],"collection":[{"href":"https:\/\/1xbets.plus\/fi\/wp-json\/wp\/v2\/pages"}],"about":[{"href":"https:\/\/1xbets.plus\/fi\/wp-json\/wp\/v2\/types\/page"}],"author":[{"embeddable":true,"href":"https:\/\/1xbets.plus\/fi\/wp-json\/wp\/v2\/users\/1"}],"replies":[{"embeddable":true,"href":"https:\/\/1xbets.plus\/fi\/wp-json\/wp\/v2\/comments?post=466"}],"version-history":[{"count":16,"href":"https:\/\/1xbets.plus\/fi\/wp-json\/wp\/v2\/pages\/466\/revisions"}],"predecessor-version":[{"id":944,"href":"https:\/\/1xbets.plus\/fi\/wp-json\/wp\/v2\/pages\/466\/revisions\/944"}],"wp:attachment":[{"href":"https:\/\/1xbets.plus\/fi\/wp-json\/wp\/v2\/media?parent=466"}],"curies":[{"name":"wp","href":"https:\/\/api.w.org\/{rel}","templated":true}]}}