{"id":349,"date":"2024-09-16T07:08:56","date_gmt":"2024-09-16T07:08:56","guid":{"rendered":"https:\/\/1xbets.plus\/fi\/?page_id=349"},"modified":"2026-03-20T13:48:23","modified_gmt":"2026-03-20T13:48:23","slug":"registration","status":"publish","type":"page","link":"https:\/\/1xbets.plus\/fi\/registration\/","title":{"rendered":"Ilmoittautuminen"},"content":{"rendered":"","protected":false},"excerpt":{"rendered":"","protected":false},"author":1,"featured_media":0,"parent":0,"menu_order":0,"comment_status":"closed","ping_status":"closed","template":"","meta":{"footnotes":""},"class_list":["post-349","page","type-page","status-publish","hentry"],"yoast_head":"<!-- This site is optimized with the Yoast SEO plugin v26.2 - https:\/\/yoast.com\/wordpress\/plugins\/seo\/ -->\n<title>1xBet-rekister\u00f6ityminen \u1409 Opas rekister\u00f6itymiseen<\/title>\n<meta name=\"description\" content=\"1xBet-rekister\u00f6ityminen \u26bd\ufe0f Virallinen 1xBet-sivuston rekister\u00f6ityminen \u2713 Suorita 1xBet-rekister\u00f6itymisesi kolmella eri tavalla \u2713 Yhden klikkauksen rekister\u00f6ityminen, puhelimitse rekister\u00f6ityminen ja s\u00e4hk\u00f6postitse rekister\u00f6ityminen\" \/>\n<meta name=\"robots\" content=\"index, follow, max-snippet:-1, max-image-preview:large, max-video-preview:-1\" \/>\n<meta property=\"og:locale\" content=\"fi_FI\" \/>\n<meta property=\"og:type\" content=\"article\" \/>\n<meta property=\"og:title\" content=\"1xBet-rekister\u00f6ityminen \u1409 Opas rekister\u00f6itymiseen\" \/>\n<meta property=\"og:description\" content=\"1xBet-rekister\u00f6ityminen \u26bd\ufe0f Virallinen 1xBet-sivuston rekister\u00f6ityminen \u2713 Suorita 1xBet-rekister\u00f6itymisesi kolmella eri tavalla \u2713 Yhden klikkauksen rekister\u00f6ityminen, puhelimitse rekister\u00f6ityminen ja s\u00e4hk\u00f6postitse rekister\u00f6ityminen\" \/>\n<meta property=\"og:url\" content=\"https:\/\/1xbets.plus\/fi\/registration\/\" \/>\n<meta property=\"og:site_name\" content=\"1xbet Boost fi\" \/>\n<meta property=\"article:modified_time\" content=\"2026-03-20T13:48:23+00:00\" \/>\n<meta name=\"twitter:card\" content=\"summary_large_image\" \/>\n<script type=\"application\/ld+json\" class=\"yoast-schema-graph\">{\"@context\":\"https:\/\/schema.org\",\"@graph\":[{\"@type\":\"WebPage\",\"@id\":\"https:\/\/1xbets.plus\/fi\/registration\/\",\"url\":\"https:\/\/1xbets.plus\/fi\/registration\/\",\"name\":\"1xBet-rekister\u00f6ityminen \u1409 Opas rekister\u00f6itymiseen\",\"isPartOf\":{\"@id\":\"https:\/\/1xbets.plus\/fi\/#website\"},\"datePublished\":\"2024-09-16T07:08:56+00:00\",\"dateModified\":\"2026-03-20T13:48:23+00:00\",\"description\":\"1xBet-rekister\u00f6ityminen \u26bd\ufe0f Virallinen 1xBet-sivuston rekister\u00f6ityminen \u2713 Suorita 1xBet-rekister\u00f6itymisesi kolmella eri tavalla \u2713 Yhden klikkauksen rekister\u00f6ityminen, puhelimitse rekister\u00f6ityminen ja s\u00e4hk\u00f6postitse rekister\u00f6ityminen\",\"inLanguage\":\"fi\",\"potentialAction\":[{\"@type\":\"ReadAction\",\"target\":[\"https:\/\/1xbets.plus\/fi\/registration\/\"]}]},{\"@type\":\"WebSite\",\"@id\":\"https:\/\/1xbets.plus\/fi\/#website\",\"url\":\"https:\/\/1xbets.plus\/fi\/\",\"name\":\"1xbet Boost fi\",\"description\":\"My WordPress Blog\",\"potentialAction\":[{\"@type\":\"SearchAction\",\"target\":{\"@type\":\"EntryPoint\",\"urlTemplate\":\"https:\/\/1xbets.plus\/fi\/?s={search_term_string}\"},\"query-input\":{\"@type\":\"PropertyValueSpecification\",\"valueRequired\":true,\"valueName\":\"search_term_string\"}}],\"inLanguage\":\"fi\"}]}<\/script>\n<!-- \/ Yoast SEO plugin. -->","yoast_head_json":{"title":"1xBet-rekister\u00f6ityminen \u1409 Opas rekister\u00f6itymiseen","description":"1xBet-rekister\u00f6ityminen \u26bd\ufe0f Virallinen 1xBet-sivuston rekister\u00f6ityminen \u2713 Suorita 1xBet-rekister\u00f6itymisesi kolmella eri tavalla \u2713 Yhden klikkauksen rekister\u00f6ityminen, puhelimitse rekister\u00f6ityminen ja s\u00e4hk\u00f6postitse rekister\u00f6ityminen","robots":{"index":"index","follow":"follow","max-snippet":"max-snippet:-1","max-image-preview":"max-image-preview:large","max-video-preview":"max-video-preview:-1"},"og_locale":"fi_FI","og_type":"article","og_title":"1xBet-rekister\u00f6ityminen \u1409 Opas rekister\u00f6itymiseen","og_description":"1xBet-rekister\u00f6ityminen \u26bd\ufe0f Virallinen 1xBet-sivuston rekister\u00f6ityminen \u2713 Suorita 1xBet-rekister\u00f6itymisesi kolmella eri tavalla \u2713 Yhden klikkauksen rekister\u00f6ityminen, puhelimitse rekister\u00f6ityminen ja s\u00e4hk\u00f6postitse rekister\u00f6ityminen","og_url":"https:\/\/1xbets.plus\/fi\/registration\/","og_site_name":"1xbet Boost fi","article_modified_time":"2026-03-20T13:48:23+00:00","twitter_card":"summary_large_image","schema":{"@context":"https:\/\/schema.org","@graph":[{"@type":"WebPage","@id":"https:\/\/1xbets.plus\/fi\/registration\/","url":"https:\/\/1xbets.plus\/fi\/registration\/","name":"1xBet-rekister\u00f6ityminen \u1409 Opas rekister\u00f6itymiseen","isPartOf":{"@id":"https:\/\/1xbets.plus\/fi\/#website"},"datePublished":"2024-09-16T07:08:56+00:00","dateModified":"2026-03-20T13:48:23+00:00","description":"1xBet-rekister\u00f6ityminen \u26bd\ufe0f Virallinen 1xBet-sivuston rekister\u00f6ityminen \u2713 Suorita 1xBet-rekister\u00f6itymisesi kolmella eri tavalla \u2713 Yhden klikkauksen rekister\u00f6ityminen, puhelimitse rekister\u00f6ityminen ja s\u00e4hk\u00f6postitse rekister\u00f6ityminen","inLanguage":"fi","potentialAction":[{"@type":"ReadAction","target":["https:\/\/1xbets.plus\/fi\/registration\/"]}]},{"@type":"WebSite","@id":"https:\/\/1xbets.plus\/fi\/#website","url":"https:\/\/1xbets.plus\/fi\/","name":"1xbet Boost fi","description":"My WordPress Blog","potentialAction":[{"@type":"SearchAction","target":{"@type":"EntryPoint","urlTemplate":"https:\/\/1xbets.plus\/fi\/?s={search_term_string}"},"query-input":{"@type":"PropertyValueSpecification","valueRequired":true,"valueName":"search_term_string"}}],"inLanguage":"fi"}]}},"_links":{"self":[{"href":"https:\/\/1xbets.plus\/fi\/wp-json\/wp\/v2\/pages\/349","targetHints":{"allow":["GET"]}}],"collection":[{"href":"https:\/\/1xbets.plus\/fi\/wp-json\/wp\/v2\/pages"}],"about":[{"href":"https:\/\/1xbets.plus\/fi\/wp-json\/wp\/v2\/types\/page"}],"author":[{"embeddable":true,"href":"https:\/\/1xbets.plus\/fi\/wp-json\/wp\/v2\/users\/1"}],"replies":[{"embeddable":true,"href":"https:\/\/1xbets.plus\/fi\/wp-json\/wp\/v2\/comments?post=349"}],"version-history":[{"count":25,"href":"https:\/\/1xbets.plus\/fi\/wp-json\/wp\/v2\/pages\/349\/revisions"}],"predecessor-version":[{"id":946,"href":"https:\/\/1xbets.plus\/fi\/wp-json\/wp\/v2\/pages\/349\/revisions\/946"}],"wp:attachment":[{"href":"https:\/\/1xbets.plus\/fi\/wp-json\/wp\/v2\/media?parent=349"}],"curies":[{"name":"wp","href":"https:\/\/api.w.org\/{rel}","templated":true}]}}