{"id":333,"date":"2024-09-13T06:11:31","date_gmt":"2024-09-13T06:11:31","guid":{"rendered":"https:\/\/1xbets.plus\/fi\/?page_id=333"},"modified":"2026-03-20T13:41:04","modified_gmt":"2026-03-20T13:41:04","slug":"partners","status":"publish","type":"page","link":"https:\/\/1xbets.plus\/fi\/partners\/","title":{"rendered":"Kumppanit"},"content":{"rendered":"","protected":false},"excerpt":{"rendered":"","protected":false},"author":1,"featured_media":0,"parent":0,"menu_order":0,"comment_status":"closed","ping_status":"closed","template":"","meta":{"footnotes":""},"class_list":["post-333","page","type-page","status-publish","hentry"],"yoast_head":"<!-- This site is optimized with the Yoast SEO plugin v26.2 - https:\/\/yoast.com\/wordpress\/plugins\/seo\/ -->\n<title>1xBet-kumppanit \ud83d\udd39 Kumppaniohjelma<\/title>\n<meta name=\"description\" content=\"Liity 1xBet Partners -kumppaniohjelmaan ja ansaitse jopa 40 % urheiluvedonly\u00f6nnist\u00e4 1xBetill\u00e4. Hy\u00f6dynn\u00e4 joustavaa palkkioj\u00e4rjestelm\u00e4\u00e4 ja viikoittaisia maksuja\" \/>\n<meta name=\"robots\" content=\"index, follow, max-snippet:-1, max-image-preview:large, max-video-preview:-1\" \/>\n<meta property=\"og:locale\" content=\"fi_FI\" \/>\n<meta property=\"og:type\" content=\"article\" \/>\n<meta property=\"og:title\" content=\"1xBet-kumppanit \ud83d\udd39 Kumppaniohjelma\" \/>\n<meta property=\"og:description\" content=\"Liity 1xBet Partners -kumppaniohjelmaan ja ansaitse jopa 40 % urheiluvedonly\u00f6nnist\u00e4 1xBetill\u00e4. Hy\u00f6dynn\u00e4 joustavaa palkkioj\u00e4rjestelm\u00e4\u00e4 ja viikoittaisia maksuja\" \/>\n<meta property=\"og:url\" content=\"https:\/\/1xbets.plus\/fi\/partners\/\" \/>\n<meta property=\"og:site_name\" content=\"1xbet Boost fi\" \/>\n<meta property=\"article:modified_time\" content=\"2026-03-20T13:41:04+00:00\" \/>\n<meta name=\"twitter:card\" content=\"summary_large_image\" \/>\n<script type=\"application\/ld+json\" class=\"yoast-schema-graph\">{\"@context\":\"https:\/\/schema.org\",\"@graph\":[{\"@type\":\"WebPage\",\"@id\":\"https:\/\/1xbets.plus\/fi\/partners\/\",\"url\":\"https:\/\/1xbets.plus\/fi\/partners\/\",\"name\":\"1xBet-kumppanit \ud83d\udd39 Kumppaniohjelma\",\"isPartOf\":{\"@id\":\"https:\/\/1xbets.plus\/fi\/#website\"},\"datePublished\":\"2024-09-13T06:11:31+00:00\",\"dateModified\":\"2026-03-20T13:41:04+00:00\",\"description\":\"Liity 1xBet Partners -kumppaniohjelmaan ja ansaitse jopa 40 % urheiluvedonly\u00f6nnist\u00e4 1xBetill\u00e4. Hy\u00f6dynn\u00e4 joustavaa palkkioj\u00e4rjestelm\u00e4\u00e4 ja viikoittaisia maksuja\",\"inLanguage\":\"fi\",\"potentialAction\":[{\"@type\":\"ReadAction\",\"target\":[\"https:\/\/1xbets.plus\/fi\/partners\/\"]}]},{\"@type\":\"WebSite\",\"@id\":\"https:\/\/1xbets.plus\/fi\/#website\",\"url\":\"https:\/\/1xbets.plus\/fi\/\",\"name\":\"1xbet Boost fi\",\"description\":\"My WordPress Blog\",\"potentialAction\":[{\"@type\":\"SearchAction\",\"target\":{\"@type\":\"EntryPoint\",\"urlTemplate\":\"https:\/\/1xbets.plus\/fi\/?s={search_term_string}\"},\"query-input\":{\"@type\":\"PropertyValueSpecification\",\"valueRequired\":true,\"valueName\":\"search_term_string\"}}],\"inLanguage\":\"fi\"}]}<\/script>\n<!-- \/ Yoast SEO plugin. -->","yoast_head_json":{"title":"1xBet-kumppanit \ud83d\udd39 Kumppaniohjelma","description":"Liity 1xBet Partners -kumppaniohjelmaan ja ansaitse jopa 40 % urheiluvedonly\u00f6nnist\u00e4 1xBetill\u00e4. Hy\u00f6dynn\u00e4 joustavaa palkkioj\u00e4rjestelm\u00e4\u00e4 ja viikoittaisia maksuja","robots":{"index":"index","follow":"follow","max-snippet":"max-snippet:-1","max-image-preview":"max-image-preview:large","max-video-preview":"max-video-preview:-1"},"og_locale":"fi_FI","og_type":"article","og_title":"1xBet-kumppanit \ud83d\udd39 Kumppaniohjelma","og_description":"Liity 1xBet Partners -kumppaniohjelmaan ja ansaitse jopa 40 % urheiluvedonly\u00f6nnist\u00e4 1xBetill\u00e4. Hy\u00f6dynn\u00e4 joustavaa palkkioj\u00e4rjestelm\u00e4\u00e4 ja viikoittaisia maksuja","og_url":"https:\/\/1xbets.plus\/fi\/partners\/","og_site_name":"1xbet Boost fi","article_modified_time":"2026-03-20T13:41:04+00:00","twitter_card":"summary_large_image","schema":{"@context":"https:\/\/schema.org","@graph":[{"@type":"WebPage","@id":"https:\/\/1xbets.plus\/fi\/partners\/","url":"https:\/\/1xbets.plus\/fi\/partners\/","name":"1xBet-kumppanit \ud83d\udd39 Kumppaniohjelma","isPartOf":{"@id":"https:\/\/1xbets.plus\/fi\/#website"},"datePublished":"2024-09-13T06:11:31+00:00","dateModified":"2026-03-20T13:41:04+00:00","description":"Liity 1xBet Partners -kumppaniohjelmaan ja ansaitse jopa 40 % urheiluvedonly\u00f6nnist\u00e4 1xBetill\u00e4. Hy\u00f6dynn\u00e4 joustavaa palkkioj\u00e4rjestelm\u00e4\u00e4 ja viikoittaisia maksuja","inLanguage":"fi","potentialAction":[{"@type":"ReadAction","target":["https:\/\/1xbets.plus\/fi\/partners\/"]}]},{"@type":"WebSite","@id":"https:\/\/1xbets.plus\/fi\/#website","url":"https:\/\/1xbets.plus\/fi\/","name":"1xbet Boost fi","description":"My WordPress Blog","potentialAction":[{"@type":"SearchAction","target":{"@type":"EntryPoint","urlTemplate":"https:\/\/1xbets.plus\/fi\/?s={search_term_string}"},"query-input":{"@type":"PropertyValueSpecification","valueRequired":true,"valueName":"search_term_string"}}],"inLanguage":"fi"}]}},"_links":{"self":[{"href":"https:\/\/1xbets.plus\/fi\/wp-json\/wp\/v2\/pages\/333","targetHints":{"allow":["GET"]}}],"collection":[{"href":"https:\/\/1xbets.plus\/fi\/wp-json\/wp\/v2\/pages"}],"about":[{"href":"https:\/\/1xbets.plus\/fi\/wp-json\/wp\/v2\/types\/page"}],"author":[{"embeddable":true,"href":"https:\/\/1xbets.plus\/fi\/wp-json\/wp\/v2\/users\/1"}],"replies":[{"embeddable":true,"href":"https:\/\/1xbets.plus\/fi\/wp-json\/wp\/v2\/comments?post=333"}],"version-history":[{"count":13,"href":"https:\/\/1xbets.plus\/fi\/wp-json\/wp\/v2\/pages\/333\/revisions"}],"predecessor-version":[{"id":941,"href":"https:\/\/1xbets.plus\/fi\/wp-json\/wp\/v2\/pages\/333\/revisions\/941"}],"wp:attachment":[{"href":"https:\/\/1xbets.plus\/fi\/wp-json\/wp\/v2\/media?parent=333"}],"curies":[{"name":"wp","href":"https:\/\/api.w.org\/{rel}","templated":true}]}}