{"id":469,"date":"2024-09-24T06:43:03","date_gmt":"2024-09-24T06:43:03","guid":{"rendered":"https:\/\/1xbets.plus\/es\/?page_id=469"},"modified":"2026-03-23T11:45:14","modified_gmt":"2026-03-23T11:45:14","slug":"app","status":"publish","type":"page","link":"https:\/\/1xbets.plus\/es\/app\/","title":{"rendered":"Aplicaci\u00f3n"},"content":{"rendered":"","protected":false},"excerpt":{"rendered":"","protected":false},"author":1,"featured_media":0,"parent":0,"menu_order":0,"comment_status":"closed","ping_status":"closed","template":"","meta":{"footnotes":""},"class_list":["post-469","page","type-page","status-publish","hentry"],"yoast_head":"<!-- This site is optimized with the Yoast SEO plugin v26.2 - https:\/\/yoast.com\/wordpress\/plugins\/seo\/ -->\n<title>Aplicaci\u00f3n 1xBet \u2014 Descargar gratis para Android e iOS<\/title>\n<meta name=\"description\" content=\"C\u00f3mo descargar e instalar la \u00faltima versi\u00f3n de la aplicaci\u00f3n de 1xBet en tu tel\u00e9fono m\u00f3vil o tableta | Descubre todas las funciones de la aplicaci\u00f3n de 1xBet y los bonos y promociones de 1xBet para m\u00f3viles | Apuestas deportivas y casino en la aplicaci\u00f3n m\u00f3vil de 1xBet\" \/>\n<meta name=\"robots\" content=\"index, follow, max-snippet:-1, max-image-preview:large, max-video-preview:-1\" \/>\n<meta property=\"og:locale\" content=\"es_ES\" \/>\n<meta property=\"og:type\" content=\"article\" \/>\n<meta property=\"og:title\" content=\"Aplicaci\u00f3n 1xBet \u2014 Descargar gratis para Android e iOS\" \/>\n<meta property=\"og:description\" content=\"C\u00f3mo descargar e instalar la \u00faltima versi\u00f3n de la aplicaci\u00f3n de 1xBet en tu tel\u00e9fono m\u00f3vil o tableta | Descubre todas las funciones de la aplicaci\u00f3n de 1xBet y los bonos y promociones de 1xBet para m\u00f3viles | Apuestas deportivas y casino en la aplicaci\u00f3n m\u00f3vil de 1xBet\" \/>\n<meta property=\"og:url\" content=\"https:\/\/1xbets.plus\/es\/app\/\" \/>\n<meta property=\"og:site_name\" content=\"1xbet Boost es\" \/>\n<meta property=\"article:modified_time\" content=\"2026-03-23T11:45:14+00:00\" \/>\n<meta name=\"twitter:card\" content=\"summary_large_image\" \/>\n<script type=\"application\/ld+json\" class=\"yoast-schema-graph\">{\"@context\":\"https:\/\/schema.org\",\"@graph\":[{\"@type\":\"WebPage\",\"@id\":\"https:\/\/1xbets.plus\/es\/app\/\",\"url\":\"https:\/\/1xbets.plus\/es\/app\/\",\"name\":\"Aplicaci\u00f3n 1xBet \u2014 Descargar gratis para Android e iOS\",\"isPartOf\":{\"@id\":\"https:\/\/1xbets.plus\/es\/#website\"},\"datePublished\":\"2024-09-24T06:43:03+00:00\",\"dateModified\":\"2026-03-23T11:45:14+00:00\",\"description\":\"C\u00f3mo descargar e instalar la \u00faltima versi\u00f3n de la aplicaci\u00f3n de 1xBet en tu tel\u00e9fono m\u00f3vil o tableta | Descubre todas las funciones de la aplicaci\u00f3n de 1xBet y los bonos y promociones de 1xBet para m\u00f3viles | Apuestas deportivas y casino en la aplicaci\u00f3n m\u00f3vil de 1xBet\",\"inLanguage\":\"es\",\"potentialAction\":[{\"@type\":\"ReadAction\",\"target\":[\"https:\/\/1xbets.plus\/es\/app\/\"]}]},{\"@type\":\"WebSite\",\"@id\":\"https:\/\/1xbets.plus\/es\/#website\",\"url\":\"https:\/\/1xbets.plus\/es\/\",\"name\":\"1xbet Boost es\",\"description\":\"My WordPress Blog\",\"potentialAction\":[{\"@type\":\"SearchAction\",\"target\":{\"@type\":\"EntryPoint\",\"urlTemplate\":\"https:\/\/1xbets.plus\/es\/?s={search_term_string}\"},\"query-input\":{\"@type\":\"PropertyValueSpecification\",\"valueRequired\":true,\"valueName\":\"search_term_string\"}}],\"inLanguage\":\"es\"}]}<\/script>\n<!-- \/ Yoast SEO plugin. -->","yoast_head_json":{"title":"Aplicaci\u00f3n 1xBet \u2014 Descargar gratis para Android e iOS","description":"C\u00f3mo descargar e instalar la \u00faltima versi\u00f3n de la aplicaci\u00f3n de 1xBet en tu tel\u00e9fono m\u00f3vil o tableta | Descubre todas las funciones de la aplicaci\u00f3n de 1xBet y los bonos y promociones de 1xBet para m\u00f3viles | Apuestas deportivas y casino en la aplicaci\u00f3n m\u00f3vil de 1xBet","robots":{"index":"index","follow":"follow","max-snippet":"max-snippet:-1","max-image-preview":"max-image-preview:large","max-video-preview":"max-video-preview:-1"},"og_locale":"es_ES","og_type":"article","og_title":"Aplicaci\u00f3n 1xBet \u2014 Descargar gratis para Android e iOS","og_description":"C\u00f3mo descargar e instalar la \u00faltima versi\u00f3n de la aplicaci\u00f3n de 1xBet en tu tel\u00e9fono m\u00f3vil o tableta | Descubre todas las funciones de la aplicaci\u00f3n de 1xBet y los bonos y promociones de 1xBet para m\u00f3viles | Apuestas deportivas y casino en la aplicaci\u00f3n m\u00f3vil de 1xBet","og_url":"https:\/\/1xbets.plus\/es\/app\/","og_site_name":"1xbet Boost es","article_modified_time":"2026-03-23T11:45:14+00:00","twitter_card":"summary_large_image","schema":{"@context":"https:\/\/schema.org","@graph":[{"@type":"WebPage","@id":"https:\/\/1xbets.plus\/es\/app\/","url":"https:\/\/1xbets.plus\/es\/app\/","name":"Aplicaci\u00f3n 1xBet \u2014 Descargar gratis para Android e iOS","isPartOf":{"@id":"https:\/\/1xbets.plus\/es\/#website"},"datePublished":"2024-09-24T06:43:03+00:00","dateModified":"2026-03-23T11:45:14+00:00","description":"C\u00f3mo descargar e instalar la \u00faltima versi\u00f3n de la aplicaci\u00f3n de 1xBet en tu tel\u00e9fono m\u00f3vil o tableta | Descubre todas las funciones de la aplicaci\u00f3n de 1xBet y los bonos y promociones de 1xBet para m\u00f3viles | Apuestas deportivas y casino en la aplicaci\u00f3n m\u00f3vil de 1xBet","inLanguage":"es","potentialAction":[{"@type":"ReadAction","target":["https:\/\/1xbets.plus\/es\/app\/"]}]},{"@type":"WebSite","@id":"https:\/\/1xbets.plus\/es\/#website","url":"https:\/\/1xbets.plus\/es\/","name":"1xbet Boost es","description":"My WordPress Blog","potentialAction":[{"@type":"SearchAction","target":{"@type":"EntryPoint","urlTemplate":"https:\/\/1xbets.plus\/es\/?s={search_term_string}"},"query-input":{"@type":"PropertyValueSpecification","valueRequired":true,"valueName":"search_term_string"}}],"inLanguage":"es"}]}},"_links":{"self":[{"href":"https:\/\/1xbets.plus\/es\/wp-json\/wp\/v2\/pages\/469","targetHints":{"allow":["GET"]}}],"collection":[{"href":"https:\/\/1xbets.plus\/es\/wp-json\/wp\/v2\/pages"}],"about":[{"href":"https:\/\/1xbets.plus\/es\/wp-json\/wp\/v2\/types\/page"}],"author":[{"embeddable":true,"href":"https:\/\/1xbets.plus\/es\/wp-json\/wp\/v2\/users\/1"}],"replies":[{"embeddable":true,"href":"https:\/\/1xbets.plus\/es\/wp-json\/wp\/v2\/comments?post=469"}],"version-history":[{"count":18,"href":"https:\/\/1xbets.plus\/es\/wp-json\/wp\/v2\/pages\/469\/revisions"}],"predecessor-version":[{"id":913,"href":"https:\/\/1xbets.plus\/es\/wp-json\/wp\/v2\/pages\/469\/revisions\/913"}],"wp:attachment":[{"href":"https:\/\/1xbets.plus\/es\/wp-json\/wp\/v2\/media?parent=469"}],"curies":[{"name":"wp","href":"https:\/\/api.w.org\/{rel}","templated":true}]}}