{"id":851,"date":"2026-03-06T13:53:32","date_gmt":"2026-03-06T13:53:32","guid":{"rendered":"https:\/\/1xbets.plus\/congo\/?page_id=851"},"modified":"2026-05-13T12:21:29","modified_gmt":"2026-05-13T12:21:29","slug":"lucky-jet","status":"publish","type":"page","link":"https:\/\/1xbets.plus\/congo\/lucky-jet\/","title":{"rendered":"Lucky Jet"},"content":{"rendered":"","protected":false},"excerpt":{"rendered":"","protected":false},"author":1,"featured_media":0,"parent":0,"menu_order":0,"comment_status":"closed","ping_status":"closed","template":"","meta":{"footnotes":""},"class_list":["post-851","page","type-page","status-publish","hentry"],"yoast_head":"<!-- This site is optimized with the Yoast SEO plugin v26.2 - https:\/\/yoast.com\/wordpress\/plugins\/seo\/ -->\n<title>Jeu Lucky Jet sur 1xBet Congo \u2013 Jouez au jeu Crash en ligne<\/title>\n<meta name=\"description\" content=\"Jouez \u00e0 Lucky Jet en ligne sur 1xBet. Un jeu de crash passionnant avec des multiplicateurs en temps r\u00e9el, des parties rapides et des gains imm\u00e9diats. Tentez votre chance d\u00e8s aujourd&#039;hui !\" \/>\n<meta name=\"robots\" content=\"index, follow, max-snippet:-1, max-image-preview:large, max-video-preview:-1\" \/>\n<meta property=\"og:locale\" content=\"fr_FR\" \/>\n<meta property=\"og:type\" content=\"article\" \/>\n<meta property=\"og:title\" content=\"Jeu Lucky Jet sur 1xBet Congo \u2013 Jouez au jeu Crash en ligne\" \/>\n<meta property=\"og:description\" content=\"Jouez \u00e0 Lucky Jet en ligne sur 1xBet. Un jeu de crash passionnant avec des multiplicateurs en temps r\u00e9el, des parties rapides et des gains imm\u00e9diats. Tentez votre chance d\u00e8s aujourd&#039;hui !\" \/>\n<meta property=\"og:url\" content=\"https:\/\/1xbets.plus\/congo\/lucky-jet\/\" \/>\n<meta property=\"og:site_name\" content=\"1xbet Boost cd\" \/>\n<meta property=\"article:modified_time\" content=\"2026-05-13T12:21:29+00:00\" \/>\n<meta name=\"twitter:card\" content=\"summary_large_image\" \/>\n<script type=\"application\/ld+json\" class=\"yoast-schema-graph\">{\"@context\":\"https:\/\/schema.org\",\"@graph\":[{\"@type\":\"WebPage\",\"@id\":\"https:\/\/1xbets.plus\/congo\/lucky-jet\/\",\"url\":\"https:\/\/1xbets.plus\/congo\/lucky-jet\/\",\"name\":\"Jeu Lucky Jet sur 1xBet Congo \u2013 Jouez au jeu Crash en ligne\",\"isPartOf\":{\"@id\":\"https:\/\/1xbets.plus\/congo\/#website\"},\"datePublished\":\"2026-03-06T13:53:32+00:00\",\"dateModified\":\"2026-05-13T12:21:29+00:00\",\"description\":\"Jouez \u00e0 Lucky Jet en ligne sur 1xBet. Un jeu de crash passionnant avec des multiplicateurs en temps r\u00e9el, des parties rapides et des gains imm\u00e9diats. Tentez votre chance d\u00e8s aujourd'hui !\",\"inLanguage\":\"fr-CD\",\"potentialAction\":[{\"@type\":\"ReadAction\",\"target\":[\"https:\/\/1xbets.plus\/congo\/lucky-jet\/\"]}]},{\"@type\":\"WebSite\",\"@id\":\"https:\/\/1xbets.plus\/congo\/#website\",\"url\":\"https:\/\/1xbets.plus\/congo\/\",\"name\":\"1xbet Boost cd\",\"description\":\"My WordPress Blog\",\"potentialAction\":[{\"@type\":\"SearchAction\",\"target\":{\"@type\":\"EntryPoint\",\"urlTemplate\":\"https:\/\/1xbets.plus\/congo\/?s={search_term_string}\"},\"query-input\":{\"@type\":\"PropertyValueSpecification\",\"valueRequired\":true,\"valueName\":\"search_term_string\"}}],\"inLanguage\":\"fr-CD\"}]}<\/script>\n<!-- \/ Yoast SEO plugin. -->","yoast_head_json":{"title":"Jeu Lucky Jet sur 1xBet Congo \u2013 Jouez au jeu Crash en ligne","description":"Jouez \u00e0 Lucky Jet en ligne sur 1xBet. Un jeu de crash passionnant avec des multiplicateurs en temps r\u00e9el, des parties rapides et des gains imm\u00e9diats. Tentez votre chance d\u00e8s aujourd'hui !","robots":{"index":"index","follow":"follow","max-snippet":"max-snippet:-1","max-image-preview":"max-image-preview:large","max-video-preview":"max-video-preview:-1"},"og_locale":"fr_FR","og_type":"article","og_title":"Jeu Lucky Jet sur 1xBet Congo \u2013 Jouez au jeu Crash en ligne","og_description":"Jouez \u00e0 Lucky Jet en ligne sur 1xBet. Un jeu de crash passionnant avec des multiplicateurs en temps r\u00e9el, des parties rapides et des gains imm\u00e9diats. Tentez votre chance d\u00e8s aujourd'hui !","og_url":"https:\/\/1xbets.plus\/congo\/lucky-jet\/","og_site_name":"1xbet Boost cd","article_modified_time":"2026-05-13T12:21:29+00:00","twitter_card":"summary_large_image","schema":{"@context":"https:\/\/schema.org","@graph":[{"@type":"WebPage","@id":"https:\/\/1xbets.plus\/congo\/lucky-jet\/","url":"https:\/\/1xbets.plus\/congo\/lucky-jet\/","name":"Jeu Lucky Jet sur 1xBet Congo \u2013 Jouez au jeu Crash en ligne","isPartOf":{"@id":"https:\/\/1xbets.plus\/congo\/#website"},"datePublished":"2026-03-06T13:53:32+00:00","dateModified":"2026-05-13T12:21:29+00:00","description":"Jouez \u00e0 Lucky Jet en ligne sur 1xBet. Un jeu de crash passionnant avec des multiplicateurs en temps r\u00e9el, des parties rapides et des gains imm\u00e9diats. Tentez votre chance d\u00e8s aujourd'hui !","inLanguage":"fr-CD","potentialAction":[{"@type":"ReadAction","target":["https:\/\/1xbets.plus\/congo\/lucky-jet\/"]}]},{"@type":"WebSite","@id":"https:\/\/1xbets.plus\/congo\/#website","url":"https:\/\/1xbets.plus\/congo\/","name":"1xbet Boost cd","description":"My WordPress Blog","potentialAction":[{"@type":"SearchAction","target":{"@type":"EntryPoint","urlTemplate":"https:\/\/1xbets.plus\/congo\/?s={search_term_string}"},"query-input":{"@type":"PropertyValueSpecification","valueRequired":true,"valueName":"search_term_string"}}],"inLanguage":"fr-CD"}]}},"_links":{"self":[{"href":"https:\/\/1xbets.plus\/congo\/wp-json\/wp\/v2\/pages\/851","targetHints":{"allow":["GET"]}}],"collection":[{"href":"https:\/\/1xbets.plus\/congo\/wp-json\/wp\/v2\/pages"}],"about":[{"href":"https:\/\/1xbets.plus\/congo\/wp-json\/wp\/v2\/types\/page"}],"author":[{"embeddable":true,"href":"https:\/\/1xbets.plus\/congo\/wp-json\/wp\/v2\/users\/1"}],"replies":[{"embeddable":true,"href":"https:\/\/1xbets.plus\/congo\/wp-json\/wp\/v2\/comments?post=851"}],"version-history":[{"count":4,"href":"https:\/\/1xbets.plus\/congo\/wp-json\/wp\/v2\/pages\/851\/revisions"}],"predecessor-version":[{"id":955,"href":"https:\/\/1xbets.plus\/congo\/wp-json\/wp\/v2\/pages\/851\/revisions\/955"}],"wp:attachment":[{"href":"https:\/\/1xbets.plus\/congo\/wp-json\/wp\/v2\/media?parent=851"}],"curies":[{"name":"wp","href":"https:\/\/api.w.org\/{rel}","templated":true}]}}