{"id":830,"date":"2026-03-06T10:58:48","date_gmt":"2026-03-06T10:58:48","guid":{"rendered":"https:\/\/1xbets.plus\/congo\/?page_id=830"},"modified":"2026-05-13T10:11:19","modified_gmt":"2026-05-13T10:11:19","slug":"big-bass-bonanza","status":"publish","type":"page","link":"https:\/\/1xbets.plus\/congo\/big-bass-bonanza\/","title":{"rendered":"Big Bass Bonanza"},"content":{"rendered":"","protected":false},"excerpt":{"rendered":"","protected":false},"author":1,"featured_media":0,"parent":0,"menu_order":0,"comment_status":"closed","ping_status":"closed","template":"","meta":{"footnotes":""},"class_list":["post-830","page","type-page","status-publish","hentry"],"yoast_head":"<!-- This site is optimized with the Yoast SEO plugin v26.2 - https:\/\/yoast.com\/wordpress\/plugins\/seo\/ -->\n<title>Machine \u00e0 sous en ligne Big Bass Bonanza \u2013 Casino 1xBet Congo<\/title>\n<meta name=\"description\" content=\"Jouez \u00e0 Big Bass Bonanza en ligne sur le casino 1xBet et d\u00e9couvrez cette machine \u00e0 sous sur le th\u00e8me de la p\u00eache tr\u00e8s appr\u00e9ci\u00e9e, avec des bonus passionnants et une jouabilit\u00e9 fluide.\" \/>\n<meta name=\"robots\" content=\"index, follow, max-snippet:-1, max-image-preview:large, max-video-preview:-1\" \/>\n<meta property=\"og:locale\" content=\"fr_FR\" \/>\n<meta property=\"og:type\" content=\"article\" \/>\n<meta property=\"og:title\" content=\"Machine \u00e0 sous en ligne Big Bass Bonanza \u2013 Casino 1xBet Congo\" \/>\n<meta property=\"og:description\" content=\"Jouez \u00e0 Big Bass Bonanza en ligne sur le casino 1xBet et d\u00e9couvrez cette machine \u00e0 sous sur le th\u00e8me de la p\u00eache tr\u00e8s appr\u00e9ci\u00e9e, avec des bonus passionnants et une jouabilit\u00e9 fluide.\" \/>\n<meta property=\"og:url\" content=\"https:\/\/1xbets.plus\/congo\/big-bass-bonanza\/\" \/>\n<meta property=\"og:site_name\" content=\"1xbet Boost cd\" \/>\n<meta property=\"article:modified_time\" content=\"2026-05-13T10:11:19+00:00\" \/>\n<meta name=\"twitter:card\" content=\"summary_large_image\" \/>\n<script type=\"application\/ld+json\" class=\"yoast-schema-graph\">{\"@context\":\"https:\/\/schema.org\",\"@graph\":[{\"@type\":\"WebPage\",\"@id\":\"https:\/\/1xbets.plus\/congo\/big-bass-bonanza\/\",\"url\":\"https:\/\/1xbets.plus\/congo\/big-bass-bonanza\/\",\"name\":\"Machine \u00e0 sous en ligne Big Bass Bonanza \u2013 Casino 1xBet Congo\",\"isPartOf\":{\"@id\":\"https:\/\/1xbets.plus\/congo\/#website\"},\"datePublished\":\"2026-03-06T10:58:48+00:00\",\"dateModified\":\"2026-05-13T10:11:19+00:00\",\"description\":\"Jouez \u00e0 Big Bass Bonanza en ligne sur le casino 1xBet et d\u00e9couvrez cette machine \u00e0 sous sur le th\u00e8me de la p\u00eache tr\u00e8s appr\u00e9ci\u00e9e, avec des bonus passionnants et une jouabilit\u00e9 fluide.\",\"inLanguage\":\"fr-CD\",\"potentialAction\":[{\"@type\":\"ReadAction\",\"target\":[\"https:\/\/1xbets.plus\/congo\/big-bass-bonanza\/\"]}]},{\"@type\":\"WebSite\",\"@id\":\"https:\/\/1xbets.plus\/congo\/#website\",\"url\":\"https:\/\/1xbets.plus\/congo\/\",\"name\":\"1xbet Boost cd\",\"description\":\"My WordPress Blog\",\"potentialAction\":[{\"@type\":\"SearchAction\",\"target\":{\"@type\":\"EntryPoint\",\"urlTemplate\":\"https:\/\/1xbets.plus\/congo\/?s={search_term_string}\"},\"query-input\":{\"@type\":\"PropertyValueSpecification\",\"valueRequired\":true,\"valueName\":\"search_term_string\"}}],\"inLanguage\":\"fr-CD\"}]}<\/script>\n<!-- \/ Yoast SEO plugin. -->","yoast_head_json":{"title":"Machine \u00e0 sous en ligne Big Bass Bonanza \u2013 Casino 1xBet Congo","description":"Jouez \u00e0 Big Bass Bonanza en ligne sur le casino 1xBet et d\u00e9couvrez cette machine \u00e0 sous sur le th\u00e8me de la p\u00eache tr\u00e8s appr\u00e9ci\u00e9e, avec des bonus passionnants et une jouabilit\u00e9 fluide.","robots":{"index":"index","follow":"follow","max-snippet":"max-snippet:-1","max-image-preview":"max-image-preview:large","max-video-preview":"max-video-preview:-1"},"og_locale":"fr_FR","og_type":"article","og_title":"Machine \u00e0 sous en ligne Big Bass Bonanza \u2013 Casino 1xBet Congo","og_description":"Jouez \u00e0 Big Bass Bonanza en ligne sur le casino 1xBet et d\u00e9couvrez cette machine \u00e0 sous sur le th\u00e8me de la p\u00eache tr\u00e8s appr\u00e9ci\u00e9e, avec des bonus passionnants et une jouabilit\u00e9 fluide.","og_url":"https:\/\/1xbets.plus\/congo\/big-bass-bonanza\/","og_site_name":"1xbet Boost cd","article_modified_time":"2026-05-13T10:11:19+00:00","twitter_card":"summary_large_image","schema":{"@context":"https:\/\/schema.org","@graph":[{"@type":"WebPage","@id":"https:\/\/1xbets.plus\/congo\/big-bass-bonanza\/","url":"https:\/\/1xbets.plus\/congo\/big-bass-bonanza\/","name":"Machine \u00e0 sous en ligne Big Bass Bonanza \u2013 Casino 1xBet Congo","isPartOf":{"@id":"https:\/\/1xbets.plus\/congo\/#website"},"datePublished":"2026-03-06T10:58:48+00:00","dateModified":"2026-05-13T10:11:19+00:00","description":"Jouez \u00e0 Big Bass Bonanza en ligne sur le casino 1xBet et d\u00e9couvrez cette machine \u00e0 sous sur le th\u00e8me de la p\u00eache tr\u00e8s appr\u00e9ci\u00e9e, avec des bonus passionnants et une jouabilit\u00e9 fluide.","inLanguage":"fr-CD","potentialAction":[{"@type":"ReadAction","target":["https:\/\/1xbets.plus\/congo\/big-bass-bonanza\/"]}]},{"@type":"WebSite","@id":"https:\/\/1xbets.plus\/congo\/#website","url":"https:\/\/1xbets.plus\/congo\/","name":"1xbet Boost cd","description":"My WordPress Blog","potentialAction":[{"@type":"SearchAction","target":{"@type":"EntryPoint","urlTemplate":"https:\/\/1xbets.plus\/congo\/?s={search_term_string}"},"query-input":{"@type":"PropertyValueSpecification","valueRequired":true,"valueName":"search_term_string"}}],"inLanguage":"fr-CD"}]}},"_links":{"self":[{"href":"https:\/\/1xbets.plus\/congo\/wp-json\/wp\/v2\/pages\/830","targetHints":{"allow":["GET"]}}],"collection":[{"href":"https:\/\/1xbets.plus\/congo\/wp-json\/wp\/v2\/pages"}],"about":[{"href":"https:\/\/1xbets.plus\/congo\/wp-json\/wp\/v2\/types\/page"}],"author":[{"embeddable":true,"href":"https:\/\/1xbets.plus\/congo\/wp-json\/wp\/v2\/users\/1"}],"replies":[{"embeddable":true,"href":"https:\/\/1xbets.plus\/congo\/wp-json\/wp\/v2\/comments?post=830"}],"version-history":[{"count":3,"href":"https:\/\/1xbets.plus\/congo\/wp-json\/wp\/v2\/pages\/830\/revisions"}],"predecessor-version":[{"id":921,"href":"https:\/\/1xbets.plus\/congo\/wp-json\/wp\/v2\/pages\/830\/revisions\/921"}],"wp:attachment":[{"href":"https:\/\/1xbets.plus\/congo\/wp-json\/wp\/v2\/media?parent=830"}],"curies":[{"name":"wp","href":"https:\/\/api.w.org\/{rel}","templated":true}]}}