{"id":798,"date":"2026-03-06T07:34:07","date_gmt":"2026-03-06T07:34:07","guid":{"rendered":"https:\/\/1xbets.plus\/congo\/?page_id=798"},"modified":"2026-05-13T11:43:26","modified_gmt":"2026-05-13T11:43:26","slug":"games","status":"publish","type":"page","link":"https:\/\/1xbets.plus\/congo\/games\/","title":{"rendered":"Jeux"},"content":{"rendered":"","protected":false},"excerpt":{"rendered":"","protected":false},"author":1,"featured_media":0,"parent":0,"menu_order":0,"comment_status":"closed","ping_status":"closed","template":"","meta":{"footnotes":""},"class_list":["post-798","page","type-page","status-publish","hentry"],"yoast_head":"<!-- This site is optimized with the Yoast SEO plugin v26.2 - https:\/\/yoast.com\/wordpress\/plugins\/seo\/ -->\n<title>Jeux de casino en ligne sur 1xBet \u2013 Jouez aux machines \u00e0 sous<\/title>\n<meta name=\"description\" content=\"Jouez aux jeux de casino en ligne sur 1xBet Congo, notamment aux machines \u00e0 sous, aux jeux crash, aux jeux de table et aux jeux instantan\u00e9s. Profitez de g\u00e9n\u00e9reux bonus, d&#039;une exp\u00e9rience de jeu fluide et de paiements rapides.\" \/>\n<meta name=\"robots\" content=\"index, follow, max-snippet:-1, max-image-preview:large, max-video-preview:-1\" \/>\n<meta property=\"og:locale\" content=\"fr_FR\" \/>\n<meta property=\"og:type\" content=\"article\" \/>\n<meta property=\"og:title\" content=\"Jeux de casino en ligne sur 1xBet \u2013 Jouez aux machines \u00e0 sous\" \/>\n<meta property=\"og:description\" content=\"Jouez aux jeux de casino en ligne sur 1xBet Congo, notamment aux machines \u00e0 sous, aux jeux crash, aux jeux de table et aux jeux instantan\u00e9s. Profitez de g\u00e9n\u00e9reux bonus, d&#039;une exp\u00e9rience de jeu fluide et de paiements rapides.\" \/>\n<meta property=\"og:url\" content=\"https:\/\/1xbets.plus\/congo\/games\/\" \/>\n<meta property=\"og:site_name\" content=\"1xbet Boost cd\" \/>\n<meta property=\"article:modified_time\" content=\"2026-05-13T11:43:26+00:00\" \/>\n<meta name=\"twitter:card\" content=\"summary_large_image\" \/>\n<script type=\"application\/ld+json\" class=\"yoast-schema-graph\">{\"@context\":\"https:\/\/schema.org\",\"@graph\":[{\"@type\":\"WebPage\",\"@id\":\"https:\/\/1xbets.plus\/congo\/games\/\",\"url\":\"https:\/\/1xbets.plus\/congo\/games\/\",\"name\":\"Jeux de casino en ligne sur 1xBet \u2013 Jouez aux machines \u00e0 sous\",\"isPartOf\":{\"@id\":\"https:\/\/1xbets.plus\/congo\/#website\"},\"datePublished\":\"2026-03-06T07:34:07+00:00\",\"dateModified\":\"2026-05-13T11:43:26+00:00\",\"description\":\"Jouez aux jeux de casino en ligne sur 1xBet Congo, notamment aux machines \u00e0 sous, aux jeux crash, aux jeux de table et aux jeux instantan\u00e9s. Profitez de g\u00e9n\u00e9reux bonus, d'une exp\u00e9rience de jeu fluide et de paiements rapides.\",\"inLanguage\":\"fr-CD\",\"potentialAction\":[{\"@type\":\"ReadAction\",\"target\":[\"https:\/\/1xbets.plus\/congo\/games\/\"]}]},{\"@type\":\"WebSite\",\"@id\":\"https:\/\/1xbets.plus\/congo\/#website\",\"url\":\"https:\/\/1xbets.plus\/congo\/\",\"name\":\"1xbet Boost cd\",\"description\":\"My WordPress Blog\",\"potentialAction\":[{\"@type\":\"SearchAction\",\"target\":{\"@type\":\"EntryPoint\",\"urlTemplate\":\"https:\/\/1xbets.plus\/congo\/?s={search_term_string}\"},\"query-input\":{\"@type\":\"PropertyValueSpecification\",\"valueRequired\":true,\"valueName\":\"search_term_string\"}}],\"inLanguage\":\"fr-CD\"}]}<\/script>\n<!-- \/ Yoast SEO plugin. -->","yoast_head_json":{"title":"Jeux de casino en ligne sur 1xBet \u2013 Jouez aux machines \u00e0 sous","description":"Jouez aux jeux de casino en ligne sur 1xBet Congo, notamment aux machines \u00e0 sous, aux jeux crash, aux jeux de table et aux jeux instantan\u00e9s. Profitez de g\u00e9n\u00e9reux bonus, d'une exp\u00e9rience de jeu fluide et de paiements rapides.","robots":{"index":"index","follow":"follow","max-snippet":"max-snippet:-1","max-image-preview":"max-image-preview:large","max-video-preview":"max-video-preview:-1"},"og_locale":"fr_FR","og_type":"article","og_title":"Jeux de casino en ligne sur 1xBet \u2013 Jouez aux machines \u00e0 sous","og_description":"Jouez aux jeux de casino en ligne sur 1xBet Congo, notamment aux machines \u00e0 sous, aux jeux crash, aux jeux de table et aux jeux instantan\u00e9s. Profitez de g\u00e9n\u00e9reux bonus, d'une exp\u00e9rience de jeu fluide et de paiements rapides.","og_url":"https:\/\/1xbets.plus\/congo\/games\/","og_site_name":"1xbet Boost cd","article_modified_time":"2026-05-13T11:43:26+00:00","twitter_card":"summary_large_image","schema":{"@context":"https:\/\/schema.org","@graph":[{"@type":"WebPage","@id":"https:\/\/1xbets.plus\/congo\/games\/","url":"https:\/\/1xbets.plus\/congo\/games\/","name":"Jeux de casino en ligne sur 1xBet \u2013 Jouez aux machines \u00e0 sous","isPartOf":{"@id":"https:\/\/1xbets.plus\/congo\/#website"},"datePublished":"2026-03-06T07:34:07+00:00","dateModified":"2026-05-13T11:43:26+00:00","description":"Jouez aux jeux de casino en ligne sur 1xBet Congo, notamment aux machines \u00e0 sous, aux jeux crash, aux jeux de table et aux jeux instantan\u00e9s. Profitez de g\u00e9n\u00e9reux bonus, d'une exp\u00e9rience de jeu fluide et de paiements rapides.","inLanguage":"fr-CD","potentialAction":[{"@type":"ReadAction","target":["https:\/\/1xbets.plus\/congo\/games\/"]}]},{"@type":"WebSite","@id":"https:\/\/1xbets.plus\/congo\/#website","url":"https:\/\/1xbets.plus\/congo\/","name":"1xbet Boost cd","description":"My WordPress Blog","potentialAction":[{"@type":"SearchAction","target":{"@type":"EntryPoint","urlTemplate":"https:\/\/1xbets.plus\/congo\/?s={search_term_string}"},"query-input":{"@type":"PropertyValueSpecification","valueRequired":true,"valueName":"search_term_string"}}],"inLanguage":"fr-CD"}]}},"_links":{"self":[{"href":"https:\/\/1xbets.plus\/congo\/wp-json\/wp\/v2\/pages\/798","targetHints":{"allow":["GET"]}}],"collection":[{"href":"https:\/\/1xbets.plus\/congo\/wp-json\/wp\/v2\/pages"}],"about":[{"href":"https:\/\/1xbets.plus\/congo\/wp-json\/wp\/v2\/types\/page"}],"author":[{"embeddable":true,"href":"https:\/\/1xbets.plus\/congo\/wp-json\/wp\/v2\/users\/1"}],"replies":[{"embeddable":true,"href":"https:\/\/1xbets.plus\/congo\/wp-json\/wp\/v2\/comments?post=798"}],"version-history":[{"count":5,"href":"https:\/\/1xbets.plus\/congo\/wp-json\/wp\/v2\/pages\/798\/revisions"}],"predecessor-version":[{"id":949,"href":"https:\/\/1xbets.plus\/congo\/wp-json\/wp\/v2\/pages\/798\/revisions\/949"}],"wp:attachment":[{"href":"https:\/\/1xbets.plus\/congo\/wp-json\/wp\/v2\/media?parent=798"}],"curies":[{"name":"wp","href":"https:\/\/api.w.org\/{rel}","templated":true}]}}