{"id":783,"date":"2026-03-04T15:27:46","date_gmt":"2026-03-04T15:27:46","guid":{"rendered":"https:\/\/1xbets.plus\/congo\/?page_id=783"},"modified":"2026-05-13T11:09:48","modified_gmt":"2026-05-13T11:09:48","slug":"boxing","status":"publish","type":"page","link":"https:\/\/1xbets.plus\/congo\/boxing\/","title":{"rendered":"Boxe"},"content":{"rendered":"","protected":false},"excerpt":{"rendered":"","protected":false},"author":1,"featured_media":0,"parent":0,"menu_order":0,"comment_status":"closed","ping_status":"closed","template":"","meta":{"footnotes":""},"class_list":["post-783","page","type-page","status-publish","hentry"],"yoast_head":"<!-- This site is optimized with the Yoast SEO plugin v26.2 - https:\/\/yoast.com\/wordpress\/plugins\/seo\/ -->\n<title>Paris en direct sur la boxe chez 1xBet \u2013 Pariez d\u00e8s maintenant<\/title>\n<meta name=\"description\" content=\"Profitez des paris en direct sur la boxe chez 1xBet Congo avec des cotes en temps r\u00e9el, des march\u00e9s en direct et des gains rapides sur les grands combats de championnat du monde entier.\" \/>\n<meta name=\"robots\" content=\"index, follow, max-snippet:-1, max-image-preview:large, max-video-preview:-1\" \/>\n<meta property=\"og:locale\" content=\"fr_FR\" \/>\n<meta property=\"og:type\" content=\"article\" \/>\n<meta property=\"og:title\" content=\"Paris en direct sur la boxe chez 1xBet \u2013 Pariez d\u00e8s maintenant\" \/>\n<meta property=\"og:description\" content=\"Profitez des paris en direct sur la boxe chez 1xBet Congo avec des cotes en temps r\u00e9el, des march\u00e9s en direct et des gains rapides sur les grands combats de championnat du monde entier.\" \/>\n<meta property=\"og:url\" content=\"https:\/\/1xbets.plus\/congo\/boxing\/\" \/>\n<meta property=\"og:site_name\" content=\"1xbet Boost cd\" \/>\n<meta property=\"article:modified_time\" content=\"2026-05-13T11:09:48+00:00\" \/>\n<meta name=\"twitter:card\" content=\"summary_large_image\" \/>\n<script type=\"application\/ld+json\" class=\"yoast-schema-graph\">{\"@context\":\"https:\/\/schema.org\",\"@graph\":[{\"@type\":\"WebPage\",\"@id\":\"https:\/\/1xbets.plus\/congo\/boxing\/\",\"url\":\"https:\/\/1xbets.plus\/congo\/boxing\/\",\"name\":\"Paris en direct sur la boxe chez 1xBet \u2013 Pariez d\u00e8s maintenant\",\"isPartOf\":{\"@id\":\"https:\/\/1xbets.plus\/congo\/#website\"},\"datePublished\":\"2026-03-04T15:27:46+00:00\",\"dateModified\":\"2026-05-13T11:09:48+00:00\",\"description\":\"Profitez des paris en direct sur la boxe chez 1xBet Congo avec des cotes en temps r\u00e9el, des march\u00e9s en direct et des gains rapides sur les grands combats de championnat du monde entier.\",\"inLanguage\":\"fr-CD\",\"potentialAction\":[{\"@type\":\"ReadAction\",\"target\":[\"https:\/\/1xbets.plus\/congo\/boxing\/\"]}]},{\"@type\":\"WebSite\",\"@id\":\"https:\/\/1xbets.plus\/congo\/#website\",\"url\":\"https:\/\/1xbets.plus\/congo\/\",\"name\":\"1xbet Boost cd\",\"description\":\"My WordPress Blog\",\"potentialAction\":[{\"@type\":\"SearchAction\",\"target\":{\"@type\":\"EntryPoint\",\"urlTemplate\":\"https:\/\/1xbets.plus\/congo\/?s={search_term_string}\"},\"query-input\":{\"@type\":\"PropertyValueSpecification\",\"valueRequired\":true,\"valueName\":\"search_term_string\"}}],\"inLanguage\":\"fr-CD\"}]}<\/script>\n<!-- \/ Yoast SEO plugin. -->","yoast_head_json":{"title":"Paris en direct sur la boxe chez 1xBet \u2013 Pariez d\u00e8s maintenant","description":"Profitez des paris en direct sur la boxe chez 1xBet Congo avec des cotes en temps r\u00e9el, des march\u00e9s en direct et des gains rapides sur les grands combats de championnat du monde entier.","robots":{"index":"index","follow":"follow","max-snippet":"max-snippet:-1","max-image-preview":"max-image-preview:large","max-video-preview":"max-video-preview:-1"},"og_locale":"fr_FR","og_type":"article","og_title":"Paris en direct sur la boxe chez 1xBet \u2013 Pariez d\u00e8s maintenant","og_description":"Profitez des paris en direct sur la boxe chez 1xBet Congo avec des cotes en temps r\u00e9el, des march\u00e9s en direct et des gains rapides sur les grands combats de championnat du monde entier.","og_url":"https:\/\/1xbets.plus\/congo\/boxing\/","og_site_name":"1xbet Boost cd","article_modified_time":"2026-05-13T11:09:48+00:00","twitter_card":"summary_large_image","schema":{"@context":"https:\/\/schema.org","@graph":[{"@type":"WebPage","@id":"https:\/\/1xbets.plus\/congo\/boxing\/","url":"https:\/\/1xbets.plus\/congo\/boxing\/","name":"Paris en direct sur la boxe chez 1xBet \u2013 Pariez d\u00e8s maintenant","isPartOf":{"@id":"https:\/\/1xbets.plus\/congo\/#website"},"datePublished":"2026-03-04T15:27:46+00:00","dateModified":"2026-05-13T11:09:48+00:00","description":"Profitez des paris en direct sur la boxe chez 1xBet Congo avec des cotes en temps r\u00e9el, des march\u00e9s en direct et des gains rapides sur les grands combats de championnat du monde entier.","inLanguage":"fr-CD","potentialAction":[{"@type":"ReadAction","target":["https:\/\/1xbets.plus\/congo\/boxing\/"]}]},{"@type":"WebSite","@id":"https:\/\/1xbets.plus\/congo\/#website","url":"https:\/\/1xbets.plus\/congo\/","name":"1xbet Boost cd","description":"My WordPress Blog","potentialAction":[{"@type":"SearchAction","target":{"@type":"EntryPoint","urlTemplate":"https:\/\/1xbets.plus\/congo\/?s={search_term_string}"},"query-input":{"@type":"PropertyValueSpecification","valueRequired":true,"valueName":"search_term_string"}}],"inLanguage":"fr-CD"}]}},"_links":{"self":[{"href":"https:\/\/1xbets.plus\/congo\/wp-json\/wp\/v2\/pages\/783","targetHints":{"allow":["GET"]}}],"collection":[{"href":"https:\/\/1xbets.plus\/congo\/wp-json\/wp\/v2\/pages"}],"about":[{"href":"https:\/\/1xbets.plus\/congo\/wp-json\/wp\/v2\/types\/page"}],"author":[{"embeddable":true,"href":"https:\/\/1xbets.plus\/congo\/wp-json\/wp\/v2\/users\/1"}],"replies":[{"embeddable":true,"href":"https:\/\/1xbets.plus\/congo\/wp-json\/wp\/v2\/comments?post=783"}],"version-history":[{"count":5,"href":"https:\/\/1xbets.plus\/congo\/wp-json\/wp\/v2\/pages\/783\/revisions"}],"predecessor-version":[{"id":932,"href":"https:\/\/1xbets.plus\/congo\/wp-json\/wp\/v2\/pages\/783\/revisions\/932"}],"wp:attachment":[{"href":"https:\/\/1xbets.plus\/congo\/wp-json\/wp\/v2\/media?parent=783"}],"curies":[{"name":"wp","href":"https:\/\/api.w.org\/{rel}","templated":true}]}}