{"id":629,"date":"2025-06-11T07:57:28","date_gmt":"2025-06-11T07:57:28","guid":{"rendered":"https:\/\/1xbets.plus\/congo\/?page_id=629"},"modified":"2026-05-13T11:02:19","modified_gmt":"2026-05-13T11:02:19","slug":"lucky-day","status":"publish","type":"page","link":"https:\/\/1xbets.plus\/congo\/bonus\/lucky-day\/","title":{"rendered":"Jour de chance"},"content":{"rendered":"","protected":false},"excerpt":{"rendered":"","protected":false},"author":1,"featured_media":0,"parent":152,"menu_order":0,"comment_status":"closed","ping_status":"closed","template":"","meta":{"footnotes":""},"class_list":["post-629","page","type-page","status-publish","hentry"],"yoast_head":"<!-- This site is optimized with the Yoast SEO plugin v26.2 - https:\/\/yoast.com\/wordpress\/plugins\/seo\/ -->\n<title>1xBet Lucky Day | Gagnez 500 points promotionnels chaque jour<\/title>\n<meta name=\"description\" content=\"Pr\u00eat \u00e0 vivre une journ\u00e9e de chance avec 1xBet Congo? Participez \u00e0 la promotion et gagnez 500 points promotionnels chaque jour ! Pariez sur le sport, obtenez des tickets de loterie et tentez votre chance.\" \/>\n<meta name=\"robots\" content=\"index, follow, max-snippet:-1, max-image-preview:large, max-video-preview:-1\" \/>\n<meta property=\"og:locale\" content=\"fr_FR\" \/>\n<meta property=\"og:type\" content=\"article\" \/>\n<meta property=\"og:title\" content=\"1xBet Lucky Day | Gagnez 500 points promotionnels chaque jour\" \/>\n<meta property=\"og:description\" content=\"Pr\u00eat \u00e0 vivre une journ\u00e9e de chance avec 1xBet Congo? Participez \u00e0 la promotion et gagnez 500 points promotionnels chaque jour ! Pariez sur le sport, obtenez des tickets de loterie et tentez votre chance.\" \/>\n<meta property=\"og:url\" content=\"https:\/\/1xbets.plus\/congo\/bonus\/lucky-day\/\" \/>\n<meta property=\"og:site_name\" content=\"1xbet Boost cd\" \/>\n<meta property=\"article:modified_time\" content=\"2026-05-13T11:02:19+00:00\" \/>\n<meta name=\"twitter:card\" content=\"summary_large_image\" \/>\n<script type=\"application\/ld+json\" class=\"yoast-schema-graph\">{\"@context\":\"https:\/\/schema.org\",\"@graph\":[{\"@type\":\"WebPage\",\"@id\":\"https:\/\/1xbets.plus\/congo\/bonus\/lucky-day\/\",\"url\":\"https:\/\/1xbets.plus\/congo\/bonus\/lucky-day\/\",\"name\":\"1xBet Lucky Day | Gagnez 500 points promotionnels chaque jour\",\"isPartOf\":{\"@id\":\"https:\/\/1xbets.plus\/congo\/#website\"},\"datePublished\":\"2025-06-11T07:57:28+00:00\",\"dateModified\":\"2026-05-13T11:02:19+00:00\",\"description\":\"Pr\u00eat \u00e0 vivre une journ\u00e9e de chance avec 1xBet Congo? Participez \u00e0 la promotion et gagnez 500 points promotionnels chaque jour ! Pariez sur le sport, obtenez des tickets de loterie et tentez votre chance.\",\"breadcrumb\":{\"@id\":\"https:\/\/1xbets.plus\/congo\/bonus\/lucky-day\/#breadcrumb\"},\"inLanguage\":\"fr-CD\",\"potentialAction\":[{\"@type\":\"ReadAction\",\"target\":[\"https:\/\/1xbets.plus\/congo\/bonus\/lucky-day\/\"]}]},{\"@type\":\"BreadcrumbList\",\"@id\":\"https:\/\/1xbets.plus\/congo\/bonus\/lucky-day\/#breadcrumb\",\"itemListElement\":[{\"@type\":\"ListItem\",\"position\":1,\"name\":\"Bonus\",\"item\":\"https:\/\/1xbets.plus\/congo\/bonus\/\"},{\"@type\":\"ListItem\",\"position\":2,\"name\":\"Jour de chance\"}]},{\"@type\":\"WebSite\",\"@id\":\"https:\/\/1xbets.plus\/congo\/#website\",\"url\":\"https:\/\/1xbets.plus\/congo\/\",\"name\":\"1xbet Boost cd\",\"description\":\"My WordPress Blog\",\"potentialAction\":[{\"@type\":\"SearchAction\",\"target\":{\"@type\":\"EntryPoint\",\"urlTemplate\":\"https:\/\/1xbets.plus\/congo\/?s={search_term_string}\"},\"query-input\":{\"@type\":\"PropertyValueSpecification\",\"valueRequired\":true,\"valueName\":\"search_term_string\"}}],\"inLanguage\":\"fr-CD\"}]}<\/script>\n<!-- \/ Yoast SEO plugin. -->","yoast_head_json":{"title":"1xBet Lucky Day | Gagnez 500 points promotionnels chaque jour","description":"Pr\u00eat \u00e0 vivre une journ\u00e9e de chance avec 1xBet Congo? Participez \u00e0 la promotion et gagnez 500 points promotionnels chaque jour ! Pariez sur le sport, obtenez des tickets de loterie et tentez votre chance.","robots":{"index":"index","follow":"follow","max-snippet":"max-snippet:-1","max-image-preview":"max-image-preview:large","max-video-preview":"max-video-preview:-1"},"og_locale":"fr_FR","og_type":"article","og_title":"1xBet Lucky Day | Gagnez 500 points promotionnels chaque jour","og_description":"Pr\u00eat \u00e0 vivre une journ\u00e9e de chance avec 1xBet Congo? Participez \u00e0 la promotion et gagnez 500 points promotionnels chaque jour ! Pariez sur le sport, obtenez des tickets de loterie et tentez votre chance.","og_url":"https:\/\/1xbets.plus\/congo\/bonus\/lucky-day\/","og_site_name":"1xbet Boost cd","article_modified_time":"2026-05-13T11:02:19+00:00","twitter_card":"summary_large_image","schema":{"@context":"https:\/\/schema.org","@graph":[{"@type":"WebPage","@id":"https:\/\/1xbets.plus\/congo\/bonus\/lucky-day\/","url":"https:\/\/1xbets.plus\/congo\/bonus\/lucky-day\/","name":"1xBet Lucky Day | Gagnez 500 points promotionnels chaque jour","isPartOf":{"@id":"https:\/\/1xbets.plus\/congo\/#website"},"datePublished":"2025-06-11T07:57:28+00:00","dateModified":"2026-05-13T11:02:19+00:00","description":"Pr\u00eat \u00e0 vivre une journ\u00e9e de chance avec 1xBet Congo? Participez \u00e0 la promotion et gagnez 500 points promotionnels chaque jour ! Pariez sur le sport, obtenez des tickets de loterie et tentez votre chance.","breadcrumb":{"@id":"https:\/\/1xbets.plus\/congo\/bonus\/lucky-day\/#breadcrumb"},"inLanguage":"fr-CD","potentialAction":[{"@type":"ReadAction","target":["https:\/\/1xbets.plus\/congo\/bonus\/lucky-day\/"]}]},{"@type":"BreadcrumbList","@id":"https:\/\/1xbets.plus\/congo\/bonus\/lucky-day\/#breadcrumb","itemListElement":[{"@type":"ListItem","position":1,"name":"Bonus","item":"https:\/\/1xbets.plus\/congo\/bonus\/"},{"@type":"ListItem","position":2,"name":"Jour de chance"}]},{"@type":"WebSite","@id":"https:\/\/1xbets.plus\/congo\/#website","url":"https:\/\/1xbets.plus\/congo\/","name":"1xbet Boost cd","description":"My WordPress Blog","potentialAction":[{"@type":"SearchAction","target":{"@type":"EntryPoint","urlTemplate":"https:\/\/1xbets.plus\/congo\/?s={search_term_string}"},"query-input":{"@type":"PropertyValueSpecification","valueRequired":true,"valueName":"search_term_string"}}],"inLanguage":"fr-CD"}]}},"_links":{"self":[{"href":"https:\/\/1xbets.plus\/congo\/wp-json\/wp\/v2\/pages\/629","targetHints":{"allow":["GET"]}}],"collection":[{"href":"https:\/\/1xbets.plus\/congo\/wp-json\/wp\/v2\/pages"}],"about":[{"href":"https:\/\/1xbets.plus\/congo\/wp-json\/wp\/v2\/types\/page"}],"author":[{"embeddable":true,"href":"https:\/\/1xbets.plus\/congo\/wp-json\/wp\/v2\/users\/1"}],"replies":[{"embeddable":true,"href":"https:\/\/1xbets.plus\/congo\/wp-json\/wp\/v2\/comments?post=629"}],"version-history":[{"count":5,"href":"https:\/\/1xbets.plus\/congo\/wp-json\/wp\/v2\/pages\/629\/revisions"}],"predecessor-version":[{"id":926,"href":"https:\/\/1xbets.plus\/congo\/wp-json\/wp\/v2\/pages\/629\/revisions\/926"}],"up":[{"embeddable":true,"href":"https:\/\/1xbets.plus\/congo\/wp-json\/wp\/v2\/pages\/152"}],"wp:attachment":[{"href":"https:\/\/1xbets.plus\/congo\/wp-json\/wp\/v2\/media?parent=629"}],"curies":[{"name":"wp","href":"https:\/\/api.w.org\/{rel}","templated":true}]}}