{"id":624,"date":"2025-06-11T07:28:23","date_gmt":"2025-06-11T07:28:23","guid":{"rendered":"https:\/\/1xbets.plus\/congo\/?page_id=624"},"modified":"2026-05-13T11:07:36","modified_gmt":"2026-05-13T11:07:36","slug":"sport-first-deposit","status":"publish","type":"page","link":"https:\/\/1xbets.plus\/congo\/bonus\/sport-first-deposit\/","title":{"rendered":"Premier d\u00e9p\u00f4t sur le site de paris sportifs"},"content":{"rendered":"","protected":false},"excerpt":{"rendered":"","protected":false},"author":1,"featured_media":0,"parent":152,"menu_order":0,"comment_status":"closed","ping_status":"closed","template":"","meta":{"footnotes":""},"class_list":["post-624","page","type-page","status-publish","hentry"],"yoast_head":"<!-- This site is optimized with the Yoast SEO plugin v26.2 - https:\/\/yoast.com\/wordpress\/plugins\/seo\/ -->\n<title>Bonus sportif 1xBet | B\u00e9n\u00e9ficiez de 120 % sur votre premier d\u00e9p\u00f4t<\/title>\n<meta name=\"description\" content=\"Rejoignez 1xBet Congo et profitez de votre bonus de bienvenue sur les paris sportifs : jusqu&#039;\u00e0 120 % sur votre premier d\u00e9p\u00f4t et la possibilit\u00e9 de gagner jusqu&#039;\u00e0 900 000 CDF ! Ne manquez pas cette occasion de plonger dans l&#039;univers passionnant des paris sportifs.\" \/>\n<meta name=\"robots\" content=\"index, follow, max-snippet:-1, max-image-preview:large, max-video-preview:-1\" \/>\n<meta property=\"og:locale\" content=\"fr_FR\" \/>\n<meta property=\"og:type\" content=\"article\" \/>\n<meta property=\"og:title\" content=\"Bonus sportif 1xBet | B\u00e9n\u00e9ficiez de 120 % sur votre premier d\u00e9p\u00f4t\" \/>\n<meta property=\"og:description\" content=\"Rejoignez 1xBet Congo et profitez de votre bonus de bienvenue sur les paris sportifs : jusqu&#039;\u00e0 120 % sur votre premier d\u00e9p\u00f4t et la possibilit\u00e9 de gagner jusqu&#039;\u00e0 900 000 CDF ! Ne manquez pas cette occasion de plonger dans l&#039;univers passionnant des paris sportifs.\" \/>\n<meta property=\"og:url\" content=\"https:\/\/1xbets.plus\/congo\/bonus\/sport-first-deposit\/\" \/>\n<meta property=\"og:site_name\" content=\"1xbet Boost cd\" \/>\n<meta property=\"article:modified_time\" content=\"2026-05-13T11:07:36+00:00\" \/>\n<meta name=\"twitter:card\" content=\"summary_large_image\" \/>\n<script type=\"application\/ld+json\" class=\"yoast-schema-graph\">{\"@context\":\"https:\/\/schema.org\",\"@graph\":[{\"@type\":\"WebPage\",\"@id\":\"https:\/\/1xbets.plus\/congo\/bonus\/sport-first-deposit\/\",\"url\":\"https:\/\/1xbets.plus\/congo\/bonus\/sport-first-deposit\/\",\"name\":\"Bonus sportif 1xBet | B\u00e9n\u00e9ficiez de 120 % sur votre premier d\u00e9p\u00f4t\",\"isPartOf\":{\"@id\":\"https:\/\/1xbets.plus\/congo\/#website\"},\"datePublished\":\"2025-06-11T07:28:23+00:00\",\"dateModified\":\"2026-05-13T11:07:36+00:00\",\"description\":\"Rejoignez 1xBet Congo et profitez de votre bonus de bienvenue sur les paris sportifs : jusqu'\u00e0 120 % sur votre premier d\u00e9p\u00f4t et la possibilit\u00e9 de gagner jusqu'\u00e0 900 000 CDF ! Ne manquez pas cette occasion de plonger dans l'univers passionnant des paris sportifs.\",\"breadcrumb\":{\"@id\":\"https:\/\/1xbets.plus\/congo\/bonus\/sport-first-deposit\/#breadcrumb\"},\"inLanguage\":\"fr-CD\",\"potentialAction\":[{\"@type\":\"ReadAction\",\"target\":[\"https:\/\/1xbets.plus\/congo\/bonus\/sport-first-deposit\/\"]}]},{\"@type\":\"BreadcrumbList\",\"@id\":\"https:\/\/1xbets.plus\/congo\/bonus\/sport-first-deposit\/#breadcrumb\",\"itemListElement\":[{\"@type\":\"ListItem\",\"position\":1,\"name\":\"Bonus\",\"item\":\"https:\/\/1xbets.plus\/congo\/bonus\/\"},{\"@type\":\"ListItem\",\"position\":2,\"name\":\"Premier d\u00e9p\u00f4t sur le site de paris sportifs\"}]},{\"@type\":\"WebSite\",\"@id\":\"https:\/\/1xbets.plus\/congo\/#website\",\"url\":\"https:\/\/1xbets.plus\/congo\/\",\"name\":\"1xbet Boost cd\",\"description\":\"My WordPress Blog\",\"potentialAction\":[{\"@type\":\"SearchAction\",\"target\":{\"@type\":\"EntryPoint\",\"urlTemplate\":\"https:\/\/1xbets.plus\/congo\/?s={search_term_string}\"},\"query-input\":{\"@type\":\"PropertyValueSpecification\",\"valueRequired\":true,\"valueName\":\"search_term_string\"}}],\"inLanguage\":\"fr-CD\"}]}<\/script>\n<!-- \/ Yoast SEO plugin. -->","yoast_head_json":{"title":"Bonus sportif 1xBet | B\u00e9n\u00e9ficiez de 120 % sur votre premier d\u00e9p\u00f4t","description":"Rejoignez 1xBet Congo et profitez de votre bonus de bienvenue sur les paris sportifs : jusqu'\u00e0 120 % sur votre premier d\u00e9p\u00f4t et la possibilit\u00e9 de gagner jusqu'\u00e0 900 000 CDF ! Ne manquez pas cette occasion de plonger dans l'univers passionnant des paris sportifs.","robots":{"index":"index","follow":"follow","max-snippet":"max-snippet:-1","max-image-preview":"max-image-preview:large","max-video-preview":"max-video-preview:-1"},"og_locale":"fr_FR","og_type":"article","og_title":"Bonus sportif 1xBet | B\u00e9n\u00e9ficiez de 120 % sur votre premier d\u00e9p\u00f4t","og_description":"Rejoignez 1xBet Congo et profitez de votre bonus de bienvenue sur les paris sportifs : jusqu'\u00e0 120 % sur votre premier d\u00e9p\u00f4t et la possibilit\u00e9 de gagner jusqu'\u00e0 900 000 CDF ! Ne manquez pas cette occasion de plonger dans l'univers passionnant des paris sportifs.","og_url":"https:\/\/1xbets.plus\/congo\/bonus\/sport-first-deposit\/","og_site_name":"1xbet Boost cd","article_modified_time":"2026-05-13T11:07:36+00:00","twitter_card":"summary_large_image","schema":{"@context":"https:\/\/schema.org","@graph":[{"@type":"WebPage","@id":"https:\/\/1xbets.plus\/congo\/bonus\/sport-first-deposit\/","url":"https:\/\/1xbets.plus\/congo\/bonus\/sport-first-deposit\/","name":"Bonus sportif 1xBet | B\u00e9n\u00e9ficiez de 120 % sur votre premier d\u00e9p\u00f4t","isPartOf":{"@id":"https:\/\/1xbets.plus\/congo\/#website"},"datePublished":"2025-06-11T07:28:23+00:00","dateModified":"2026-05-13T11:07:36+00:00","description":"Rejoignez 1xBet Congo et profitez de votre bonus de bienvenue sur les paris sportifs : jusqu'\u00e0 120 % sur votre premier d\u00e9p\u00f4t et la possibilit\u00e9 de gagner jusqu'\u00e0 900 000 CDF ! Ne manquez pas cette occasion de plonger dans l'univers passionnant des paris sportifs.","breadcrumb":{"@id":"https:\/\/1xbets.plus\/congo\/bonus\/sport-first-deposit\/#breadcrumb"},"inLanguage":"fr-CD","potentialAction":[{"@type":"ReadAction","target":["https:\/\/1xbets.plus\/congo\/bonus\/sport-first-deposit\/"]}]},{"@type":"BreadcrumbList","@id":"https:\/\/1xbets.plus\/congo\/bonus\/sport-first-deposit\/#breadcrumb","itemListElement":[{"@type":"ListItem","position":1,"name":"Bonus","item":"https:\/\/1xbets.plus\/congo\/bonus\/"},{"@type":"ListItem","position":2,"name":"Premier d\u00e9p\u00f4t sur le site de paris sportifs"}]},{"@type":"WebSite","@id":"https:\/\/1xbets.plus\/congo\/#website","url":"https:\/\/1xbets.plus\/congo\/","name":"1xbet Boost cd","description":"My WordPress Blog","potentialAction":[{"@type":"SearchAction","target":{"@type":"EntryPoint","urlTemplate":"https:\/\/1xbets.plus\/congo\/?s={search_term_string}"},"query-input":{"@type":"PropertyValueSpecification","valueRequired":true,"valueName":"search_term_string"}}],"inLanguage":"fr-CD"}]}},"_links":{"self":[{"href":"https:\/\/1xbets.plus\/congo\/wp-json\/wp\/v2\/pages\/624","targetHints":{"allow":["GET"]}}],"collection":[{"href":"https:\/\/1xbets.plus\/congo\/wp-json\/wp\/v2\/pages"}],"about":[{"href":"https:\/\/1xbets.plus\/congo\/wp-json\/wp\/v2\/types\/page"}],"author":[{"embeddable":true,"href":"https:\/\/1xbets.plus\/congo\/wp-json\/wp\/v2\/users\/1"}],"replies":[{"embeddable":true,"href":"https:\/\/1xbets.plus\/congo\/wp-json\/wp\/v2\/comments?post=624"}],"version-history":[{"count":6,"href":"https:\/\/1xbets.plus\/congo\/wp-json\/wp\/v2\/pages\/624\/revisions"}],"predecessor-version":[{"id":930,"href":"https:\/\/1xbets.plus\/congo\/wp-json\/wp\/v2\/pages\/624\/revisions\/930"}],"up":[{"embeddable":true,"href":"https:\/\/1xbets.plus\/congo\/wp-json\/wp\/v2\/pages\/152"}],"wp:attachment":[{"href":"https:\/\/1xbets.plus\/congo\/wp-json\/wp\/v2\/media?parent=624"}],"curies":[{"name":"wp","href":"https:\/\/api.w.org\/{rel}","templated":true}]}}