{"id":466,"date":"2024-09-24T06:36:26","date_gmt":"2024-09-24T06:36:26","guid":{"rendered":"https:\/\/1xbets.plus\/congo\/?page_id=466"},"modified":"2026-05-13T13:15:53","modified_gmt":"2026-05-13T13:15:53","slug":"promo-code","status":"publish","type":"page","link":"https:\/\/1xbets.plus\/congo\/promo-code\/","title":{"rendered":"Code promotionnel"},"content":{"rendered":"","protected":false},"excerpt":{"rendered":"","protected":false},"author":1,"featured_media":0,"parent":0,"menu_order":0,"comment_status":"closed","ping_status":"closed","template":"","meta":{"footnotes":""},"class_list":["post-466","page","type-page","status-publish","hentry"],"yoast_head":"<!-- This site is optimized with the Yoast SEO plugin v26.2 - https:\/\/yoast.com\/wordpress\/plugins\/seo\/ -->\n<title>Code promo 1xBet 2025 \u2b50\ufe0f Toutes les promotions et tous les codes bonus<\/title>\n<meta name=\"description\" content=\"Saisissez le code bonus 1xBet dans le formulaire d&#039;inscription et b\u00e9n\u00e9ficiez d&#039;un bonus suppl\u00e9mentaire sur le site 1xBet \u27a5 Le code promo 1xBet vous permet d&#039;obtenir un bonus de bienvenue exclusif pour les paris sportifs | \u00c9changez vos points bonus contre des codes promo 1xBet Congo\" \/>\n<meta name=\"robots\" content=\"index, follow, max-snippet:-1, max-image-preview:large, max-video-preview:-1\" \/>\n<meta property=\"og:locale\" content=\"fr_FR\" \/>\n<meta property=\"og:type\" content=\"article\" \/>\n<meta property=\"og:title\" content=\"Code promo 1xBet 2025 \u2b50\ufe0f Toutes les promotions et tous les codes bonus\" \/>\n<meta property=\"og:description\" content=\"Saisissez le code bonus 1xBet dans le formulaire d&#039;inscription et b\u00e9n\u00e9ficiez d&#039;un bonus suppl\u00e9mentaire sur le site 1xBet \u27a5 Le code promo 1xBet vous permet d&#039;obtenir un bonus de bienvenue exclusif pour les paris sportifs | \u00c9changez vos points bonus contre des codes promo 1xBet Congo\" \/>\n<meta property=\"og:url\" content=\"https:\/\/1xbets.plus\/congo\/promo-code\/\" \/>\n<meta property=\"og:site_name\" content=\"1xbet Boost cd\" \/>\n<meta property=\"article:modified_time\" content=\"2026-05-13T13:15:53+00:00\" \/>\n<meta name=\"twitter:card\" content=\"summary_large_image\" \/>\n<script type=\"application\/ld+json\" class=\"yoast-schema-graph\">{\"@context\":\"https:\/\/schema.org\",\"@graph\":[{\"@type\":\"WebPage\",\"@id\":\"https:\/\/1xbets.plus\/congo\/promo-code\/\",\"url\":\"https:\/\/1xbets.plus\/congo\/promo-code\/\",\"name\":\"Code promo 1xBet 2025 \u2b50\ufe0f Toutes les promotions et tous les codes bonus\",\"isPartOf\":{\"@id\":\"https:\/\/1xbets.plus\/congo\/#website\"},\"datePublished\":\"2024-09-24T06:36:26+00:00\",\"dateModified\":\"2026-05-13T13:15:53+00:00\",\"description\":\"Saisissez le code bonus 1xBet dans le formulaire d'inscription et b\u00e9n\u00e9ficiez d'un bonus suppl\u00e9mentaire sur le site 1xBet \u27a5 Le code promo 1xBet vous permet d'obtenir un bonus de bienvenue exclusif pour les paris sportifs | \u00c9changez vos points bonus contre des codes promo 1xBet Congo\",\"inLanguage\":\"fr-CD\",\"potentialAction\":[{\"@type\":\"ReadAction\",\"target\":[\"https:\/\/1xbets.plus\/congo\/promo-code\/\"]}]},{\"@type\":\"WebSite\",\"@id\":\"https:\/\/1xbets.plus\/congo\/#website\",\"url\":\"https:\/\/1xbets.plus\/congo\/\",\"name\":\"1xbet Boost cd\",\"description\":\"My WordPress Blog\",\"potentialAction\":[{\"@type\":\"SearchAction\",\"target\":{\"@type\":\"EntryPoint\",\"urlTemplate\":\"https:\/\/1xbets.plus\/congo\/?s={search_term_string}\"},\"query-input\":{\"@type\":\"PropertyValueSpecification\",\"valueRequired\":true,\"valueName\":\"search_term_string\"}}],\"inLanguage\":\"fr-CD\"}]}<\/script>\n<!-- \/ Yoast SEO plugin. -->","yoast_head_json":{"title":"Code promo 1xBet 2025 \u2b50\ufe0f Toutes les promotions et tous les codes bonus","description":"Saisissez le code bonus 1xBet dans le formulaire d'inscription et b\u00e9n\u00e9ficiez d'un bonus suppl\u00e9mentaire sur le site 1xBet \u27a5 Le code promo 1xBet vous permet d'obtenir un bonus de bienvenue exclusif pour les paris sportifs | \u00c9changez vos points bonus contre des codes promo 1xBet Congo","robots":{"index":"index","follow":"follow","max-snippet":"max-snippet:-1","max-image-preview":"max-image-preview:large","max-video-preview":"max-video-preview:-1"},"og_locale":"fr_FR","og_type":"article","og_title":"Code promo 1xBet 2025 \u2b50\ufe0f Toutes les promotions et tous les codes bonus","og_description":"Saisissez le code bonus 1xBet dans le formulaire d'inscription et b\u00e9n\u00e9ficiez d'un bonus suppl\u00e9mentaire sur le site 1xBet \u27a5 Le code promo 1xBet vous permet d'obtenir un bonus de bienvenue exclusif pour les paris sportifs | \u00c9changez vos points bonus contre des codes promo 1xBet Congo","og_url":"https:\/\/1xbets.plus\/congo\/promo-code\/","og_site_name":"1xbet Boost cd","article_modified_time":"2026-05-13T13:15:53+00:00","twitter_card":"summary_large_image","schema":{"@context":"https:\/\/schema.org","@graph":[{"@type":"WebPage","@id":"https:\/\/1xbets.plus\/congo\/promo-code\/","url":"https:\/\/1xbets.plus\/congo\/promo-code\/","name":"Code promo 1xBet 2025 \u2b50\ufe0f Toutes les promotions et tous les codes bonus","isPartOf":{"@id":"https:\/\/1xbets.plus\/congo\/#website"},"datePublished":"2024-09-24T06:36:26+00:00","dateModified":"2026-05-13T13:15:53+00:00","description":"Saisissez le code bonus 1xBet dans le formulaire d'inscription et b\u00e9n\u00e9ficiez d'un bonus suppl\u00e9mentaire sur le site 1xBet \u27a5 Le code promo 1xBet vous permet d'obtenir un bonus de bienvenue exclusif pour les paris sportifs | \u00c9changez vos points bonus contre des codes promo 1xBet Congo","inLanguage":"fr-CD","potentialAction":[{"@type":"ReadAction","target":["https:\/\/1xbets.plus\/congo\/promo-code\/"]}]},{"@type":"WebSite","@id":"https:\/\/1xbets.plus\/congo\/#website","url":"https:\/\/1xbets.plus\/congo\/","name":"1xbet Boost cd","description":"My WordPress Blog","potentialAction":[{"@type":"SearchAction","target":{"@type":"EntryPoint","urlTemplate":"https:\/\/1xbets.plus\/congo\/?s={search_term_string}"},"query-input":{"@type":"PropertyValueSpecification","valueRequired":true,"valueName":"search_term_string"}}],"inLanguage":"fr-CD"}]}},"_links":{"self":[{"href":"https:\/\/1xbets.plus\/congo\/wp-json\/wp\/v2\/pages\/466","targetHints":{"allow":["GET"]}}],"collection":[{"href":"https:\/\/1xbets.plus\/congo\/wp-json\/wp\/v2\/pages"}],"about":[{"href":"https:\/\/1xbets.plus\/congo\/wp-json\/wp\/v2\/types\/page"}],"author":[{"embeddable":true,"href":"https:\/\/1xbets.plus\/congo\/wp-json\/wp\/v2\/users\/1"}],"replies":[{"embeddable":true,"href":"https:\/\/1xbets.plus\/congo\/wp-json\/wp\/v2\/comments?post=466"}],"version-history":[{"count":16,"href":"https:\/\/1xbets.plus\/congo\/wp-json\/wp\/v2\/pages\/466\/revisions"}],"predecessor-version":[{"id":961,"href":"https:\/\/1xbets.plus\/congo\/wp-json\/wp\/v2\/pages\/466\/revisions\/961"}],"wp:attachment":[{"href":"https:\/\/1xbets.plus\/congo\/wp-json\/wp\/v2\/media?parent=466"}],"curies":[{"name":"wp","href":"https:\/\/api.w.org\/{rel}","templated":true}]}}