{"id":426,"date":"2024-09-20T06:13:55","date_gmt":"2024-09-20T06:13:55","guid":{"rendered":"https:\/\/1xbets.plus\/congo\/?page_id=426"},"modified":"2026-05-13T11:18:24","modified_gmt":"2026-05-13T11:18:24","slug":"casino","status":"publish","type":"page","link":"https:\/\/1xbets.plus\/congo\/casino\/","title":{"rendered":"Casino"},"content":{"rendered":"","protected":false},"excerpt":{"rendered":"","protected":false},"author":1,"featured_media":0,"parent":0,"menu_order":0,"comment_status":"closed","ping_status":"closed","template":"","meta":{"footnotes":""},"class_list":["post-426","page","type-page","status-publish","hentry"],"yoast_head":"<!-- This site is optimized with the Yoast SEO plugin v26.2 - https:\/\/yoast.com\/wordpress\/plugins\/seo\/ -->\n<title>1xBet Congo Casino \u21d2 Jouez \u00e0 des jeux de casino en argent r\u00e9el<\/title>\n<meta name=\"description\" content=\"Site officiel du casino 1xBet \u2713 Inscrivez-vous et recevez un bonus d&#039;inscription avec des tours gratuits \u26a1\ufe0f Jouez aux machines \u00e0 sous en mode d\u00e9mo ou avec de l&#039;argent r\u00e9el \u2b50 Une large gamme de jeux de casino et de croupiers en direct sur le casino 1xBet\" \/>\n<meta name=\"robots\" content=\"index, follow, max-snippet:-1, max-image-preview:large, max-video-preview:-1\" \/>\n<meta property=\"og:locale\" content=\"fr_FR\" \/>\n<meta property=\"og:type\" content=\"article\" \/>\n<meta property=\"og:title\" content=\"1xBet Congo Casino \u21d2 Jouez \u00e0 des jeux de casino en argent r\u00e9el\" \/>\n<meta property=\"og:description\" content=\"Site officiel du casino 1xBet \u2713 Inscrivez-vous et recevez un bonus d&#039;inscription avec des tours gratuits \u26a1\ufe0f Jouez aux machines \u00e0 sous en mode d\u00e9mo ou avec de l&#039;argent r\u00e9el \u2b50 Une large gamme de jeux de casino et de croupiers en direct sur le casino 1xBet\" \/>\n<meta property=\"og:url\" content=\"https:\/\/1xbets.plus\/congo\/casino\/\" \/>\n<meta property=\"og:site_name\" content=\"1xbet Boost cd\" \/>\n<meta property=\"article:modified_time\" content=\"2026-05-13T11:18:24+00:00\" \/>\n<meta name=\"twitter:card\" content=\"summary_large_image\" \/>\n<script type=\"application\/ld+json\" class=\"yoast-schema-graph\">{\"@context\":\"https:\/\/schema.org\",\"@graph\":[{\"@type\":\"WebPage\",\"@id\":\"https:\/\/1xbets.plus\/congo\/casino\/\",\"url\":\"https:\/\/1xbets.plus\/congo\/casino\/\",\"name\":\"1xBet Congo Casino \u21d2 Jouez \u00e0 des jeux de casino en argent r\u00e9el\",\"isPartOf\":{\"@id\":\"https:\/\/1xbets.plus\/congo\/#website\"},\"datePublished\":\"2024-09-20T06:13:55+00:00\",\"dateModified\":\"2026-05-13T11:18:24+00:00\",\"description\":\"Site officiel du casino 1xBet \u2713 Inscrivez-vous et recevez un bonus d'inscription avec des tours gratuits \u26a1\ufe0f Jouez aux machines \u00e0 sous en mode d\u00e9mo ou avec de l'argent r\u00e9el \u2b50 Une large gamme de jeux de casino et de croupiers en direct sur le casino 1xBet\",\"inLanguage\":\"fr-CD\",\"potentialAction\":[{\"@type\":\"ReadAction\",\"target\":[\"https:\/\/1xbets.plus\/congo\/casino\/\"]}]},{\"@type\":\"WebSite\",\"@id\":\"https:\/\/1xbets.plus\/congo\/#website\",\"url\":\"https:\/\/1xbets.plus\/congo\/\",\"name\":\"1xbet Boost cd\",\"description\":\"My WordPress Blog\",\"potentialAction\":[{\"@type\":\"SearchAction\",\"target\":{\"@type\":\"EntryPoint\",\"urlTemplate\":\"https:\/\/1xbets.plus\/congo\/?s={search_term_string}\"},\"query-input\":{\"@type\":\"PropertyValueSpecification\",\"valueRequired\":true,\"valueName\":\"search_term_string\"}}],\"inLanguage\":\"fr-CD\"}]}<\/script>\n<!-- \/ Yoast SEO plugin. -->","yoast_head_json":{"title":"1xBet Congo Casino \u21d2 Jouez \u00e0 des jeux de casino en argent r\u00e9el","description":"Site officiel du casino 1xBet \u2713 Inscrivez-vous et recevez un bonus d'inscription avec des tours gratuits \u26a1\ufe0f Jouez aux machines \u00e0 sous en mode d\u00e9mo ou avec de l'argent r\u00e9el \u2b50 Une large gamme de jeux de casino et de croupiers en direct sur le casino 1xBet","robots":{"index":"index","follow":"follow","max-snippet":"max-snippet:-1","max-image-preview":"max-image-preview:large","max-video-preview":"max-video-preview:-1"},"og_locale":"fr_FR","og_type":"article","og_title":"1xBet Congo Casino \u21d2 Jouez \u00e0 des jeux de casino en argent r\u00e9el","og_description":"Site officiel du casino 1xBet \u2713 Inscrivez-vous et recevez un bonus d'inscription avec des tours gratuits \u26a1\ufe0f Jouez aux machines \u00e0 sous en mode d\u00e9mo ou avec de l'argent r\u00e9el \u2b50 Une large gamme de jeux de casino et de croupiers en direct sur le casino 1xBet","og_url":"https:\/\/1xbets.plus\/congo\/casino\/","og_site_name":"1xbet Boost cd","article_modified_time":"2026-05-13T11:18:24+00:00","twitter_card":"summary_large_image","schema":{"@context":"https:\/\/schema.org","@graph":[{"@type":"WebPage","@id":"https:\/\/1xbets.plus\/congo\/casino\/","url":"https:\/\/1xbets.plus\/congo\/casino\/","name":"1xBet Congo Casino \u21d2 Jouez \u00e0 des jeux de casino en argent r\u00e9el","isPartOf":{"@id":"https:\/\/1xbets.plus\/congo\/#website"},"datePublished":"2024-09-20T06:13:55+00:00","dateModified":"2026-05-13T11:18:24+00:00","description":"Site officiel du casino 1xBet \u2713 Inscrivez-vous et recevez un bonus d'inscription avec des tours gratuits \u26a1\ufe0f Jouez aux machines \u00e0 sous en mode d\u00e9mo ou avec de l'argent r\u00e9el \u2b50 Une large gamme de jeux de casino et de croupiers en direct sur le casino 1xBet","inLanguage":"fr-CD","potentialAction":[{"@type":"ReadAction","target":["https:\/\/1xbets.plus\/congo\/casino\/"]}]},{"@type":"WebSite","@id":"https:\/\/1xbets.plus\/congo\/#website","url":"https:\/\/1xbets.plus\/congo\/","name":"1xbet Boost cd","description":"My WordPress Blog","potentialAction":[{"@type":"SearchAction","target":{"@type":"EntryPoint","urlTemplate":"https:\/\/1xbets.plus\/congo\/?s={search_term_string}"},"query-input":{"@type":"PropertyValueSpecification","valueRequired":true,"valueName":"search_term_string"}}],"inLanguage":"fr-CD"}]}},"_links":{"self":[{"href":"https:\/\/1xbets.plus\/congo\/wp-json\/wp\/v2\/pages\/426","targetHints":{"allow":["GET"]}}],"collection":[{"href":"https:\/\/1xbets.plus\/congo\/wp-json\/wp\/v2\/pages"}],"about":[{"href":"https:\/\/1xbets.plus\/congo\/wp-json\/wp\/v2\/types\/page"}],"author":[{"embeddable":true,"href":"https:\/\/1xbets.plus\/congo\/wp-json\/wp\/v2\/users\/1"}],"replies":[{"embeddable":true,"href":"https:\/\/1xbets.plus\/congo\/wp-json\/wp\/v2\/comments?post=426"}],"version-history":[{"count":14,"href":"https:\/\/1xbets.plus\/congo\/wp-json\/wp\/v2\/pages\/426\/revisions"}],"predecessor-version":[{"id":933,"href":"https:\/\/1xbets.plus\/congo\/wp-json\/wp\/v2\/pages\/426\/revisions\/933"}],"wp:attachment":[{"href":"https:\/\/1xbets.plus\/congo\/wp-json\/wp\/v2\/media?parent=426"}],"curies":[{"name":"wp","href":"https:\/\/api.w.org\/{rel}","templated":true}]}}