{"id":2,"date":"2023-05-18T17:18:34","date_gmt":"2023-05-18T17:18:34","guid":{"rendered":"https:\/\/1xbets.plus\/congo\/?page_id=2"},"modified":"2026-05-13T12:14:22","modified_gmt":"2026-05-13T12:14:22","slug":"sample-page","status":"publish","type":"page","link":"https:\/\/1xbets.plus\/congo\/","title":{"rendered":"Accueil"},"content":{"rendered":"","protected":false},"excerpt":{"rendered":"","protected":false},"author":1,"featured_media":0,"parent":0,"menu_order":0,"comment_status":"closed","ping_status":"open","template":"","meta":{"footnotes":""},"class_list":["post-2","page","type-page","status-publish","hentry"],"yoast_head":"<!-- This site is optimized with the Yoast SEO plugin v26.2 - https:\/\/yoast.com\/wordpress\/plugins\/seo\/ -->\n<title>1xBet | Jouez \u00e0 des jeux de casino en direct et pariez sur le sport<\/title>\n<meta name=\"description\" content=\"1xbet Congo est une plateforme de paris qui offre une exp\u00e9rience s\u00fbre et l\u00e9gale \u27a1\ufe0f Bonus de premier d\u00e9p\u00f4t 1xBet \u26a1 Paris sportifs d&#039;avant-match et en direct avec les meilleures cotes\" \/>\n<meta name=\"robots\" content=\"index, follow, max-snippet:-1, max-image-preview:large, max-video-preview:-1\" \/>\n<meta property=\"og:locale\" content=\"fr_FR\" \/>\n<meta property=\"og:type\" content=\"article\" \/>\n<meta property=\"og:title\" content=\"1xBet | Jouez \u00e0 des jeux de casino en direct et pariez sur le sport\" \/>\n<meta property=\"og:description\" content=\"1xbet Congo est une plateforme de paris qui offre une exp\u00e9rience s\u00fbre et l\u00e9gale \u27a1\ufe0f Bonus de premier d\u00e9p\u00f4t 1xBet \u26a1 Paris sportifs d&#039;avant-match et en direct avec les meilleures cotes\" \/>\n<meta property=\"og:url\" content=\"https:\/\/1xbets.plus\/congo\/\" \/>\n<meta property=\"og:site_name\" content=\"1xbet Boost cd\" \/>\n<meta property=\"article:modified_time\" content=\"2026-05-13T12:14:22+00:00\" \/>\n<meta name=\"twitter:card\" content=\"summary_large_image\" \/>\n<script type=\"application\/ld+json\" class=\"yoast-schema-graph\">{\"@context\":\"https:\/\/schema.org\",\"@graph\":[{\"@type\":\"WebPage\",\"@id\":\"https:\/\/1xbets.plus\/congo\/\",\"url\":\"https:\/\/1xbets.plus\/congo\/\",\"name\":\"1xBet | Jouez \u00e0 des jeux de casino en direct et pariez sur le sport\",\"isPartOf\":{\"@id\":\"https:\/\/1xbets.plus\/congo\/#website\"},\"datePublished\":\"2023-05-18T17:18:34+00:00\",\"dateModified\":\"2026-05-13T12:14:22+00:00\",\"description\":\"1xbet Congo est une plateforme de paris qui offre une exp\u00e9rience s\u00fbre et l\u00e9gale \u27a1\ufe0f Bonus de premier d\u00e9p\u00f4t 1xBet \u26a1 Paris sportifs d'avant-match et en direct avec les meilleures cotes\",\"inLanguage\":\"fr-CD\",\"potentialAction\":[{\"@type\":\"ReadAction\",\"target\":[\"https:\/\/1xbets.plus\/congo\/\"]}]},{\"@type\":\"WebSite\",\"@id\":\"https:\/\/1xbets.plus\/congo\/#website\",\"url\":\"https:\/\/1xbets.plus\/congo\/\",\"name\":\"1xbet Boost cd\",\"description\":\"My WordPress Blog\",\"potentialAction\":[{\"@type\":\"SearchAction\",\"target\":{\"@type\":\"EntryPoint\",\"urlTemplate\":\"https:\/\/1xbets.plus\/congo\/?s={search_term_string}\"},\"query-input\":{\"@type\":\"PropertyValueSpecification\",\"valueRequired\":true,\"valueName\":\"search_term_string\"}}],\"inLanguage\":\"fr-CD\"}]}<\/script>\n<!-- \/ Yoast SEO plugin. -->","yoast_head_json":{"title":"1xBet | Jouez \u00e0 des jeux de casino en direct et pariez sur le sport","description":"1xbet Congo est une plateforme de paris qui offre une exp\u00e9rience s\u00fbre et l\u00e9gale \u27a1\ufe0f Bonus de premier d\u00e9p\u00f4t 1xBet \u26a1 Paris sportifs d'avant-match et en direct avec les meilleures cotes","robots":{"index":"index","follow":"follow","max-snippet":"max-snippet:-1","max-image-preview":"max-image-preview:large","max-video-preview":"max-video-preview:-1"},"og_locale":"fr_FR","og_type":"article","og_title":"1xBet | Jouez \u00e0 des jeux de casino en direct et pariez sur le sport","og_description":"1xbet Congo est une plateforme de paris qui offre une exp\u00e9rience s\u00fbre et l\u00e9gale \u27a1\ufe0f Bonus de premier d\u00e9p\u00f4t 1xBet \u26a1 Paris sportifs d'avant-match et en direct avec les meilleures cotes","og_url":"https:\/\/1xbets.plus\/congo\/","og_site_name":"1xbet Boost cd","article_modified_time":"2026-05-13T12:14:22+00:00","twitter_card":"summary_large_image","schema":{"@context":"https:\/\/schema.org","@graph":[{"@type":"WebPage","@id":"https:\/\/1xbets.plus\/congo\/","url":"https:\/\/1xbets.plus\/congo\/","name":"1xBet | Jouez \u00e0 des jeux de casino en direct et pariez sur le sport","isPartOf":{"@id":"https:\/\/1xbets.plus\/congo\/#website"},"datePublished":"2023-05-18T17:18:34+00:00","dateModified":"2026-05-13T12:14:22+00:00","description":"1xbet Congo est une plateforme de paris qui offre une exp\u00e9rience s\u00fbre et l\u00e9gale \u27a1\ufe0f Bonus de premier d\u00e9p\u00f4t 1xBet \u26a1 Paris sportifs d'avant-match et en direct avec les meilleures cotes","inLanguage":"fr-CD","potentialAction":[{"@type":"ReadAction","target":["https:\/\/1xbets.plus\/congo\/"]}]},{"@type":"WebSite","@id":"https:\/\/1xbets.plus\/congo\/#website","url":"https:\/\/1xbets.plus\/congo\/","name":"1xbet Boost cd","description":"My WordPress Blog","potentialAction":[{"@type":"SearchAction","target":{"@type":"EntryPoint","urlTemplate":"https:\/\/1xbets.plus\/congo\/?s={search_term_string}"},"query-input":{"@type":"PropertyValueSpecification","valueRequired":true,"valueName":"search_term_string"}}],"inLanguage":"fr-CD"}]}},"_links":{"self":[{"href":"https:\/\/1xbets.plus\/congo\/wp-json\/wp\/v2\/pages\/2","targetHints":{"allow":["GET"]}}],"collection":[{"href":"https:\/\/1xbets.plus\/congo\/wp-json\/wp\/v2\/pages"}],"about":[{"href":"https:\/\/1xbets.plus\/congo\/wp-json\/wp\/v2\/types\/page"}],"author":[{"embeddable":true,"href":"https:\/\/1xbets.plus\/congo\/wp-json\/wp\/v2\/users\/1"}],"replies":[{"embeddable":true,"href":"https:\/\/1xbets.plus\/congo\/wp-json\/wp\/v2\/comments?post=2"}],"version-history":[{"count":98,"href":"https:\/\/1xbets.plus\/congo\/wp-json\/wp\/v2\/pages\/2\/revisions"}],"predecessor-version":[{"id":952,"href":"https:\/\/1xbets.plus\/congo\/wp-json\/wp\/v2\/pages\/2\/revisions\/952"}],"wp:attachment":[{"href":"https:\/\/1xbets.plus\/congo\/wp-json\/wp\/v2\/media?parent=2"}],"curies":[{"name":"wp","href":"https:\/\/api.w.org\/{rel}","templated":true}]}}