{"id":835,"date":"2026-03-06T12:14:12","date_gmt":"2026-03-06T12:14:12","guid":{"rendered":"https:\/\/1xbets.plus\/co\/?page_id=835"},"modified":"2026-04-15T14:19:53","modified_gmt":"2026-04-15T14:19:53","slug":"plinko","status":"publish","type":"page","link":"https:\/\/1xbets.plus\/co\/plinko\/","title":{"rendered":"Plinko"},"content":{"rendered":"","protected":false},"excerpt":{"rendered":"","protected":false},"author":1,"featured_media":0,"parent":0,"menu_order":0,"comment_status":"closed","ping_status":"closed","template":"","meta":{"footnotes":""},"class_list":["post-835","page","type-page","status-publish","hentry"],"yoast_head":"<!-- This site is optimized with the Yoast SEO plugin v26.2 - https:\/\/yoast.com\/wordpress\/plugins\/seo\/ -->\n<title>Plinko en l\u00ednea: juega en el casino 1xBet<\/title>\n<meta name=\"description\" content=\"Juega al Plinko en l\u00ednea en el casino 1xBet Colombia y disfruta de un popular juego instant\u00e1neo con una mec\u00e1nica sencilla y grandes oportunidades de ganar.\" \/>\n<meta name=\"robots\" content=\"index, follow, max-snippet:-1, max-image-preview:large, max-video-preview:-1\" \/>\n<meta property=\"og:locale\" content=\"es_ES\" \/>\n<meta property=\"og:type\" content=\"article\" \/>\n<meta property=\"og:title\" content=\"Plinko en l\u00ednea: juega en el casino 1xBet\" \/>\n<meta property=\"og:description\" content=\"Juega al Plinko en l\u00ednea en el casino 1xBet Colombia y disfruta de un popular juego instant\u00e1neo con una mec\u00e1nica sencilla y grandes oportunidades de ganar.\" \/>\n<meta property=\"og:url\" content=\"https:\/\/1xbets.plus\/co\/plinko\/\" \/>\n<meta property=\"og:site_name\" content=\"1xbet Boost co\" \/>\n<meta property=\"article:modified_time\" content=\"2026-04-15T14:19:53+00:00\" \/>\n<meta name=\"twitter:card\" content=\"summary_large_image\" \/>\n<script type=\"application\/ld+json\" class=\"yoast-schema-graph\">{\"@context\":\"https:\/\/schema.org\",\"@graph\":[{\"@type\":\"WebPage\",\"@id\":\"https:\/\/1xbets.plus\/co\/plinko\/\",\"url\":\"https:\/\/1xbets.plus\/co\/plinko\/\",\"name\":\"Plinko en l\u00ednea: juega en el casino 1xBet\",\"isPartOf\":{\"@id\":\"https:\/\/1xbets.plus\/co\/#website\"},\"datePublished\":\"2026-03-06T12:14:12+00:00\",\"dateModified\":\"2026-04-15T14:19:53+00:00\",\"description\":\"Juega al Plinko en l\u00ednea en el casino 1xBet Colombia y disfruta de un popular juego instant\u00e1neo con una mec\u00e1nica sencilla y grandes oportunidades de ganar.\",\"inLanguage\":\"es-CO\",\"potentialAction\":[{\"@type\":\"ReadAction\",\"target\":[\"https:\/\/1xbets.plus\/co\/plinko\/\"]}]},{\"@type\":\"WebSite\",\"@id\":\"https:\/\/1xbets.plus\/co\/#website\",\"url\":\"https:\/\/1xbets.plus\/co\/\",\"name\":\"1xbet Boost co\",\"description\":\"My WordPress Blog\",\"potentialAction\":[{\"@type\":\"SearchAction\",\"target\":{\"@type\":\"EntryPoint\",\"urlTemplate\":\"https:\/\/1xbets.plus\/co\/?s={search_term_string}\"},\"query-input\":{\"@type\":\"PropertyValueSpecification\",\"valueRequired\":true,\"valueName\":\"search_term_string\"}}],\"inLanguage\":\"es-CO\"}]}<\/script>\n<!-- \/ Yoast SEO plugin. -->","yoast_head_json":{"title":"Plinko en l\u00ednea: juega en el casino 1xBet","description":"Juega al Plinko en l\u00ednea en el casino 1xBet Colombia y disfruta de un popular juego instant\u00e1neo con una mec\u00e1nica sencilla y grandes oportunidades de ganar.","robots":{"index":"index","follow":"follow","max-snippet":"max-snippet:-1","max-image-preview":"max-image-preview:large","max-video-preview":"max-video-preview:-1"},"og_locale":"es_ES","og_type":"article","og_title":"Plinko en l\u00ednea: juega en el casino 1xBet","og_description":"Juega al Plinko en l\u00ednea en el casino 1xBet Colombia y disfruta de un popular juego instant\u00e1neo con una mec\u00e1nica sencilla y grandes oportunidades de ganar.","og_url":"https:\/\/1xbets.plus\/co\/plinko\/","og_site_name":"1xbet Boost co","article_modified_time":"2026-04-15T14:19:53+00:00","twitter_card":"summary_large_image","schema":{"@context":"https:\/\/schema.org","@graph":[{"@type":"WebPage","@id":"https:\/\/1xbets.plus\/co\/plinko\/","url":"https:\/\/1xbets.plus\/co\/plinko\/","name":"Plinko en l\u00ednea: juega en el casino 1xBet","isPartOf":{"@id":"https:\/\/1xbets.plus\/co\/#website"},"datePublished":"2026-03-06T12:14:12+00:00","dateModified":"2026-04-15T14:19:53+00:00","description":"Juega al Plinko en l\u00ednea en el casino 1xBet Colombia y disfruta de un popular juego instant\u00e1neo con una mec\u00e1nica sencilla y grandes oportunidades de ganar.","inLanguage":"es-CO","potentialAction":[{"@type":"ReadAction","target":["https:\/\/1xbets.plus\/co\/plinko\/"]}]},{"@type":"WebSite","@id":"https:\/\/1xbets.plus\/co\/#website","url":"https:\/\/1xbets.plus\/co\/","name":"1xbet Boost co","description":"My WordPress Blog","potentialAction":[{"@type":"SearchAction","target":{"@type":"EntryPoint","urlTemplate":"https:\/\/1xbets.plus\/co\/?s={search_term_string}"},"query-input":{"@type":"PropertyValueSpecification","valueRequired":true,"valueName":"search_term_string"}}],"inLanguage":"es-CO"}]}},"_links":{"self":[{"href":"https:\/\/1xbets.plus\/co\/wp-json\/wp\/v2\/pages\/835","targetHints":{"allow":["GET"]}}],"collection":[{"href":"https:\/\/1xbets.plus\/co\/wp-json\/wp\/v2\/pages"}],"about":[{"href":"https:\/\/1xbets.plus\/co\/wp-json\/wp\/v2\/types\/page"}],"author":[{"embeddable":true,"href":"https:\/\/1xbets.plus\/co\/wp-json\/wp\/v2\/users\/1"}],"replies":[{"embeddable":true,"href":"https:\/\/1xbets.plus\/co\/wp-json\/wp\/v2\/comments?post=835"}],"version-history":[{"count":3,"href":"https:\/\/1xbets.plus\/co\/wp-json\/wp\/v2\/pages\/835\/revisions"}],"predecessor-version":[{"id":947,"href":"https:\/\/1xbets.plus\/co\/wp-json\/wp\/v2\/pages\/835\/revisions\/947"}],"wp:attachment":[{"href":"https:\/\/1xbets.plus\/co\/wp-json\/wp\/v2\/media?parent=835"}],"curies":[{"name":"wp","href":"https:\/\/api.w.org\/{rel}","templated":true}]}}