{"id":760,"date":"2026-03-04T13:00:45","date_gmt":"2026-03-04T13:00:45","guid":{"rendered":"https:\/\/1xbets.plus\/co\/?page_id=760"},"modified":"2026-04-15T15:23:43","modified_gmt":"2026-04-15T15:23:43","slug":"volleyball","status":"publish","type":"page","link":"https:\/\/1xbets.plus\/co\/volleyball\/","title":{"rendered":"Voleibol"},"content":{"rendered":"","protected":false},"excerpt":{"rendered":"","protected":false},"author":1,"featured_media":0,"parent":0,"menu_order":0,"comment_status":"closed","ping_status":"closed","template":"","meta":{"footnotes":""},"class_list":["post-760","page","type-page","status-publish","hentry"],"yoast_head":"<!-- This site is optimized with the Yoast SEO plugin v26.2 - https:\/\/yoast.com\/wordpress\/plugins\/seo\/ -->\n<title>Apuestas de voleibol en l\u00ednea | Casa de apuestas 1xBet Colombia<\/title>\n<meta name=\"description\" content=\"1xBet ofrece apuestas de voleibol en l\u00ednea con cuotas en vivo, m\u00faltiples mercados, bonos y retiros r\u00e1pidos y seguros. Empieza a apostar hoy mismo.\" \/>\n<meta name=\"robots\" content=\"index, follow, max-snippet:-1, max-image-preview:large, max-video-preview:-1\" \/>\n<meta property=\"og:locale\" content=\"es_ES\" \/>\n<meta property=\"og:type\" content=\"article\" \/>\n<meta property=\"og:title\" content=\"Apuestas de voleibol en l\u00ednea | Casa de apuestas 1xBet Colombia\" \/>\n<meta property=\"og:description\" content=\"1xBet ofrece apuestas de voleibol en l\u00ednea con cuotas en vivo, m\u00faltiples mercados, bonos y retiros r\u00e1pidos y seguros. Empieza a apostar hoy mismo.\" \/>\n<meta property=\"og:url\" content=\"https:\/\/1xbets.plus\/co\/volleyball\/\" \/>\n<meta property=\"og:site_name\" content=\"1xbet Boost co\" \/>\n<meta property=\"article:modified_time\" content=\"2026-04-15T15:23:43+00:00\" \/>\n<meta name=\"twitter:card\" content=\"summary_large_image\" \/>\n<script type=\"application\/ld+json\" class=\"yoast-schema-graph\">{\"@context\":\"https:\/\/schema.org\",\"@graph\":[{\"@type\":\"WebPage\",\"@id\":\"https:\/\/1xbets.plus\/co\/volleyball\/\",\"url\":\"https:\/\/1xbets.plus\/co\/volleyball\/\",\"name\":\"Apuestas de voleibol en l\u00ednea | Casa de apuestas 1xBet Colombia\",\"isPartOf\":{\"@id\":\"https:\/\/1xbets.plus\/co\/#website\"},\"datePublished\":\"2026-03-04T13:00:45+00:00\",\"dateModified\":\"2026-04-15T15:23:43+00:00\",\"description\":\"1xBet ofrece apuestas de voleibol en l\u00ednea con cuotas en vivo, m\u00faltiples mercados, bonos y retiros r\u00e1pidos y seguros. Empieza a apostar hoy mismo.\",\"inLanguage\":\"es-CO\",\"potentialAction\":[{\"@type\":\"ReadAction\",\"target\":[\"https:\/\/1xbets.plus\/co\/volleyball\/\"]}]},{\"@type\":\"WebSite\",\"@id\":\"https:\/\/1xbets.plus\/co\/#website\",\"url\":\"https:\/\/1xbets.plus\/co\/\",\"name\":\"1xbet Boost co\",\"description\":\"My WordPress Blog\",\"potentialAction\":[{\"@type\":\"SearchAction\",\"target\":{\"@type\":\"EntryPoint\",\"urlTemplate\":\"https:\/\/1xbets.plus\/co\/?s={search_term_string}\"},\"query-input\":{\"@type\":\"PropertyValueSpecification\",\"valueRequired\":true,\"valueName\":\"search_term_string\"}}],\"inLanguage\":\"es-CO\"}]}<\/script>\n<!-- \/ Yoast SEO plugin. -->","yoast_head_json":{"title":"Apuestas de voleibol en l\u00ednea | Casa de apuestas 1xBet Colombia","description":"1xBet ofrece apuestas de voleibol en l\u00ednea con cuotas en vivo, m\u00faltiples mercados, bonos y retiros r\u00e1pidos y seguros. Empieza a apostar hoy mismo.","robots":{"index":"index","follow":"follow","max-snippet":"max-snippet:-1","max-image-preview":"max-image-preview:large","max-video-preview":"max-video-preview:-1"},"og_locale":"es_ES","og_type":"article","og_title":"Apuestas de voleibol en l\u00ednea | Casa de apuestas 1xBet Colombia","og_description":"1xBet ofrece apuestas de voleibol en l\u00ednea con cuotas en vivo, m\u00faltiples mercados, bonos y retiros r\u00e1pidos y seguros. Empieza a apostar hoy mismo.","og_url":"https:\/\/1xbets.plus\/co\/volleyball\/","og_site_name":"1xbet Boost co","article_modified_time":"2026-04-15T15:23:43+00:00","twitter_card":"summary_large_image","schema":{"@context":"https:\/\/schema.org","@graph":[{"@type":"WebPage","@id":"https:\/\/1xbets.plus\/co\/volleyball\/","url":"https:\/\/1xbets.plus\/co\/volleyball\/","name":"Apuestas de voleibol en l\u00ednea | Casa de apuestas 1xBet Colombia","isPartOf":{"@id":"https:\/\/1xbets.plus\/co\/#website"},"datePublished":"2026-03-04T13:00:45+00:00","dateModified":"2026-04-15T15:23:43+00:00","description":"1xBet ofrece apuestas de voleibol en l\u00ednea con cuotas en vivo, m\u00faltiples mercados, bonos y retiros r\u00e1pidos y seguros. Empieza a apostar hoy mismo.","inLanguage":"es-CO","potentialAction":[{"@type":"ReadAction","target":["https:\/\/1xbets.plus\/co\/volleyball\/"]}]},{"@type":"WebSite","@id":"https:\/\/1xbets.plus\/co\/#website","url":"https:\/\/1xbets.plus\/co\/","name":"1xbet Boost co","description":"My WordPress Blog","potentialAction":[{"@type":"SearchAction","target":{"@type":"EntryPoint","urlTemplate":"https:\/\/1xbets.plus\/co\/?s={search_term_string}"},"query-input":{"@type":"PropertyValueSpecification","valueRequired":true,"valueName":"search_term_string"}}],"inLanguage":"es-CO"}]}},"_links":{"self":[{"href":"https:\/\/1xbets.plus\/co\/wp-json\/wp\/v2\/pages\/760","targetHints":{"allow":["GET"]}}],"collection":[{"href":"https:\/\/1xbets.plus\/co\/wp-json\/wp\/v2\/pages"}],"about":[{"href":"https:\/\/1xbets.plus\/co\/wp-json\/wp\/v2\/types\/page"}],"author":[{"embeddable":true,"href":"https:\/\/1xbets.plus\/co\/wp-json\/wp\/v2\/users\/1"}],"replies":[{"embeddable":true,"href":"https:\/\/1xbets.plus\/co\/wp-json\/wp\/v2\/comments?post=760"}],"version-history":[{"count":4,"href":"https:\/\/1xbets.plus\/co\/wp-json\/wp\/v2\/pages\/760\/revisions"}],"predecessor-version":[{"id":957,"href":"https:\/\/1xbets.plus\/co\/wp-json\/wp\/v2\/pages\/760\/revisions\/957"}],"wp:attachment":[{"href":"https:\/\/1xbets.plus\/co\/wp-json\/wp\/v2\/media?parent=760"}],"curies":[{"name":"wp","href":"https:\/\/api.w.org\/{rel}","templated":true}]}}