{"id":752,"date":"2026-03-04T10:47:33","date_gmt":"2026-03-04T10:47:33","guid":{"rendered":"https:\/\/1xbets.plus\/co\/?page_id=752"},"modified":"2026-04-15T12:27:48","modified_gmt":"2026-04-15T12:27:48","slug":"football","status":"publish","type":"page","link":"https:\/\/1xbets.plus\/co\/football\/","title":{"rendered":"F\u00fatbol"},"content":{"rendered":"","protected":false},"excerpt":{"rendered":"","protected":false},"author":1,"featured_media":0,"parent":0,"menu_order":0,"comment_status":"closed","ping_status":"closed","template":"","meta":{"footnotes":""},"class_list":["post-752","page","type-page","status-publish","hentry"],"yoast_head":"<!-- This site is optimized with the Yoast SEO plugin v26.2 - https:\/\/yoast.com\/wordpress\/plugins\/seo\/ -->\n<title>Apuestas de f\u00fatbol en 1xBet: apuesta en partidos en l\u00ednea<\/title>\n<meta name=\"description\" content=\"Realiza apuestas de f\u00fatbol en l\u00ednea en 1xBet Colombia con cuotas competitivas, mercados de apuestas en vivo y pagos r\u00e1pidos. Apuesta en las principales ligas y torneos internacionales.\" \/>\n<meta name=\"robots\" content=\"index, follow, max-snippet:-1, max-image-preview:large, max-video-preview:-1\" \/>\n<meta property=\"og:locale\" content=\"es_ES\" \/>\n<meta property=\"og:type\" content=\"article\" \/>\n<meta property=\"og:title\" content=\"Apuestas de f\u00fatbol en 1xBet: apuesta en partidos en l\u00ednea\" \/>\n<meta property=\"og:description\" content=\"Realiza apuestas de f\u00fatbol en l\u00ednea en 1xBet Colombia con cuotas competitivas, mercados de apuestas en vivo y pagos r\u00e1pidos. Apuesta en las principales ligas y torneos internacionales.\" \/>\n<meta property=\"og:url\" content=\"https:\/\/1xbets.plus\/co\/football\/\" \/>\n<meta property=\"og:site_name\" content=\"1xbet Boost co\" \/>\n<meta property=\"article:modified_time\" content=\"2026-04-15T12:27:48+00:00\" \/>\n<meta name=\"twitter:card\" content=\"summary_large_image\" \/>\n<script type=\"application\/ld+json\" class=\"yoast-schema-graph\">{\"@context\":\"https:\/\/schema.org\",\"@graph\":[{\"@type\":\"WebPage\",\"@id\":\"https:\/\/1xbets.plus\/co\/football\/\",\"url\":\"https:\/\/1xbets.plus\/co\/football\/\",\"name\":\"Apuestas de f\u00fatbol en 1xBet: apuesta en partidos en l\u00ednea\",\"isPartOf\":{\"@id\":\"https:\/\/1xbets.plus\/co\/#website\"},\"datePublished\":\"2026-03-04T10:47:33+00:00\",\"dateModified\":\"2026-04-15T12:27:48+00:00\",\"description\":\"Realiza apuestas de f\u00fatbol en l\u00ednea en 1xBet Colombia con cuotas competitivas, mercados de apuestas en vivo y pagos r\u00e1pidos. Apuesta en las principales ligas y torneos internacionales.\",\"inLanguage\":\"es-CO\",\"potentialAction\":[{\"@type\":\"ReadAction\",\"target\":[\"https:\/\/1xbets.plus\/co\/football\/\"]}]},{\"@type\":\"WebSite\",\"@id\":\"https:\/\/1xbets.plus\/co\/#website\",\"url\":\"https:\/\/1xbets.plus\/co\/\",\"name\":\"1xbet Boost co\",\"description\":\"My WordPress Blog\",\"potentialAction\":[{\"@type\":\"SearchAction\",\"target\":{\"@type\":\"EntryPoint\",\"urlTemplate\":\"https:\/\/1xbets.plus\/co\/?s={search_term_string}\"},\"query-input\":{\"@type\":\"PropertyValueSpecification\",\"valueRequired\":true,\"valueName\":\"search_term_string\"}}],\"inLanguage\":\"es-CO\"}]}<\/script>\n<!-- \/ Yoast SEO plugin. -->","yoast_head_json":{"title":"Apuestas de f\u00fatbol en 1xBet: apuesta en partidos en l\u00ednea","description":"Realiza apuestas de f\u00fatbol en l\u00ednea en 1xBet Colombia con cuotas competitivas, mercados de apuestas en vivo y pagos r\u00e1pidos. Apuesta en las principales ligas y torneos internacionales.","robots":{"index":"index","follow":"follow","max-snippet":"max-snippet:-1","max-image-preview":"max-image-preview:large","max-video-preview":"max-video-preview:-1"},"og_locale":"es_ES","og_type":"article","og_title":"Apuestas de f\u00fatbol en 1xBet: apuesta en partidos en l\u00ednea","og_description":"Realiza apuestas de f\u00fatbol en l\u00ednea en 1xBet Colombia con cuotas competitivas, mercados de apuestas en vivo y pagos r\u00e1pidos. Apuesta en las principales ligas y torneos internacionales.","og_url":"https:\/\/1xbets.plus\/co\/football\/","og_site_name":"1xbet Boost co","article_modified_time":"2026-04-15T12:27:48+00:00","twitter_card":"summary_large_image","schema":{"@context":"https:\/\/schema.org","@graph":[{"@type":"WebPage","@id":"https:\/\/1xbets.plus\/co\/football\/","url":"https:\/\/1xbets.plus\/co\/football\/","name":"Apuestas de f\u00fatbol en 1xBet: apuesta en partidos en l\u00ednea","isPartOf":{"@id":"https:\/\/1xbets.plus\/co\/#website"},"datePublished":"2026-03-04T10:47:33+00:00","dateModified":"2026-04-15T12:27:48+00:00","description":"Realiza apuestas de f\u00fatbol en l\u00ednea en 1xBet Colombia con cuotas competitivas, mercados de apuestas en vivo y pagos r\u00e1pidos. Apuesta en las principales ligas y torneos internacionales.","inLanguage":"es-CO","potentialAction":[{"@type":"ReadAction","target":["https:\/\/1xbets.plus\/co\/football\/"]}]},{"@type":"WebSite","@id":"https:\/\/1xbets.plus\/co\/#website","url":"https:\/\/1xbets.plus\/co\/","name":"1xbet Boost co","description":"My WordPress Blog","potentialAction":[{"@type":"SearchAction","target":{"@type":"EntryPoint","urlTemplate":"https:\/\/1xbets.plus\/co\/?s={search_term_string}"},"query-input":{"@type":"PropertyValueSpecification","valueRequired":true,"valueName":"search_term_string"}}],"inLanguage":"es-CO"}]}},"_links":{"self":[{"href":"https:\/\/1xbets.plus\/co\/wp-json\/wp\/v2\/pages\/752","targetHints":{"allow":["GET"]}}],"collection":[{"href":"https:\/\/1xbets.plus\/co\/wp-json\/wp\/v2\/pages"}],"about":[{"href":"https:\/\/1xbets.plus\/co\/wp-json\/wp\/v2\/types\/page"}],"author":[{"embeddable":true,"href":"https:\/\/1xbets.plus\/co\/wp-json\/wp\/v2\/users\/1"}],"replies":[{"embeddable":true,"href":"https:\/\/1xbets.plus\/co\/wp-json\/wp\/v2\/comments?post=752"}],"version-history":[{"count":6,"href":"https:\/\/1xbets.plus\/co\/wp-json\/wp\/v2\/pages\/752\/revisions"}],"predecessor-version":[{"id":935,"href":"https:\/\/1xbets.plus\/co\/wp-json\/wp\/v2\/pages\/752\/revisions\/935"}],"wp:attachment":[{"href":"https:\/\/1xbets.plus\/co\/wp-json\/wp\/v2\/media?parent=752"}],"curies":[{"name":"wp","href":"https:\/\/api.w.org\/{rel}","templated":true}]}}