{"id":629,"date":"2025-06-11T07:57:28","date_gmt":"2025-06-11T07:57:28","guid":{"rendered":"https:\/\/1xbets.plus\/co\/?page_id=629"},"modified":"2026-04-15T11:28:54","modified_gmt":"2026-04-15T11:28:54","slug":"lucky-day","status":"publish","type":"page","link":"https:\/\/1xbets.plus\/co\/bonus\/lucky-day\/","title":{"rendered":"D\u00eda de suerte"},"content":{"rendered":"","protected":false},"excerpt":{"rendered":"","protected":false},"author":1,"featured_media":0,"parent":152,"menu_order":0,"comment_status":"closed","ping_status":"closed","template":"","meta":{"footnotes":""},"class_list":["post-629","page","type-page","status-publish","hentry"],"yoast_head":"<!-- This site is optimized with the Yoast SEO plugin v26.2 - https:\/\/yoast.com\/wordpress\/plugins\/seo\/ -->\n<title>1xBet Lucky Day | Gana 500 puntos promocionales todos los d\u00edas<\/title>\n<meta name=\"description\" content=\"\u00bfListo para un d\u00eda de suerte con 1xBet Colombia? \u00a1Participa en la promoci\u00f3n y gana 500 puntos promocionales cada d\u00eda! Haz apuestas deportivas, consigue boletos de loter\u00eda y disfruta de la oportunidad de ganar.\" \/>\n<meta name=\"robots\" content=\"index, follow, max-snippet:-1, max-image-preview:large, max-video-preview:-1\" \/>\n<meta property=\"og:locale\" content=\"es_ES\" \/>\n<meta property=\"og:type\" content=\"article\" \/>\n<meta property=\"og:title\" content=\"1xBet Lucky Day | Gana 500 puntos promocionales todos los d\u00edas\" \/>\n<meta property=\"og:description\" content=\"\u00bfListo para un d\u00eda de suerte con 1xBet Colombia? \u00a1Participa en la promoci\u00f3n y gana 500 puntos promocionales cada d\u00eda! Haz apuestas deportivas, consigue boletos de loter\u00eda y disfruta de la oportunidad de ganar.\" \/>\n<meta property=\"og:url\" content=\"https:\/\/1xbets.plus\/co\/bonus\/lucky-day\/\" \/>\n<meta property=\"og:site_name\" content=\"1xbet Boost co\" \/>\n<meta property=\"article:modified_time\" content=\"2026-04-15T11:28:54+00:00\" \/>\n<meta name=\"twitter:card\" content=\"summary_large_image\" \/>\n<script type=\"application\/ld+json\" class=\"yoast-schema-graph\">{\"@context\":\"https:\/\/schema.org\",\"@graph\":[{\"@type\":\"WebPage\",\"@id\":\"https:\/\/1xbets.plus\/co\/bonus\/lucky-day\/\",\"url\":\"https:\/\/1xbets.plus\/co\/bonus\/lucky-day\/\",\"name\":\"1xBet Lucky Day | Gana 500 puntos promocionales todos los d\u00edas\",\"isPartOf\":{\"@id\":\"https:\/\/1xbets.plus\/co\/#website\"},\"datePublished\":\"2025-06-11T07:57:28+00:00\",\"dateModified\":\"2026-04-15T11:28:54+00:00\",\"description\":\"\u00bfListo para un d\u00eda de suerte con 1xBet Colombia? \u00a1Participa en la promoci\u00f3n y gana 500 puntos promocionales cada d\u00eda! Haz apuestas deportivas, consigue boletos de loter\u00eda y disfruta de la oportunidad de ganar.\",\"breadcrumb\":{\"@id\":\"https:\/\/1xbets.plus\/co\/bonus\/lucky-day\/#breadcrumb\"},\"inLanguage\":\"es-CO\",\"potentialAction\":[{\"@type\":\"ReadAction\",\"target\":[\"https:\/\/1xbets.plus\/co\/bonus\/lucky-day\/\"]}]},{\"@type\":\"BreadcrumbList\",\"@id\":\"https:\/\/1xbets.plus\/co\/bonus\/lucky-day\/#breadcrumb\",\"itemListElement\":[{\"@type\":\"ListItem\",\"position\":1,\"name\":\"Bonificaci\u00f3n\",\"item\":\"https:\/\/1xbets.plus\/co\/bonus\/\"},{\"@type\":\"ListItem\",\"position\":2,\"name\":\"D\u00eda de suerte\"}]},{\"@type\":\"WebSite\",\"@id\":\"https:\/\/1xbets.plus\/co\/#website\",\"url\":\"https:\/\/1xbets.plus\/co\/\",\"name\":\"1xbet Boost co\",\"description\":\"My WordPress Blog\",\"potentialAction\":[{\"@type\":\"SearchAction\",\"target\":{\"@type\":\"EntryPoint\",\"urlTemplate\":\"https:\/\/1xbets.plus\/co\/?s={search_term_string}\"},\"query-input\":{\"@type\":\"PropertyValueSpecification\",\"valueRequired\":true,\"valueName\":\"search_term_string\"}}],\"inLanguage\":\"es-CO\"}]}<\/script>\n<!-- \/ Yoast SEO plugin. -->","yoast_head_json":{"title":"1xBet Lucky Day | Gana 500 puntos promocionales todos los d\u00edas","description":"\u00bfListo para un d\u00eda de suerte con 1xBet Colombia? \u00a1Participa en la promoci\u00f3n y gana 500 puntos promocionales cada d\u00eda! Haz apuestas deportivas, consigue boletos de loter\u00eda y disfruta de la oportunidad de ganar.","robots":{"index":"index","follow":"follow","max-snippet":"max-snippet:-1","max-image-preview":"max-image-preview:large","max-video-preview":"max-video-preview:-1"},"og_locale":"es_ES","og_type":"article","og_title":"1xBet Lucky Day | Gana 500 puntos promocionales todos los d\u00edas","og_description":"\u00bfListo para un d\u00eda de suerte con 1xBet Colombia? \u00a1Participa en la promoci\u00f3n y gana 500 puntos promocionales cada d\u00eda! Haz apuestas deportivas, consigue boletos de loter\u00eda y disfruta de la oportunidad de ganar.","og_url":"https:\/\/1xbets.plus\/co\/bonus\/lucky-day\/","og_site_name":"1xbet Boost co","article_modified_time":"2026-04-15T11:28:54+00:00","twitter_card":"summary_large_image","schema":{"@context":"https:\/\/schema.org","@graph":[{"@type":"WebPage","@id":"https:\/\/1xbets.plus\/co\/bonus\/lucky-day\/","url":"https:\/\/1xbets.plus\/co\/bonus\/lucky-day\/","name":"1xBet Lucky Day | Gana 500 puntos promocionales todos los d\u00edas","isPartOf":{"@id":"https:\/\/1xbets.plus\/co\/#website"},"datePublished":"2025-06-11T07:57:28+00:00","dateModified":"2026-04-15T11:28:54+00:00","description":"\u00bfListo para un d\u00eda de suerte con 1xBet Colombia? \u00a1Participa en la promoci\u00f3n y gana 500 puntos promocionales cada d\u00eda! Haz apuestas deportivas, consigue boletos de loter\u00eda y disfruta de la oportunidad de ganar.","breadcrumb":{"@id":"https:\/\/1xbets.plus\/co\/bonus\/lucky-day\/#breadcrumb"},"inLanguage":"es-CO","potentialAction":[{"@type":"ReadAction","target":["https:\/\/1xbets.plus\/co\/bonus\/lucky-day\/"]}]},{"@type":"BreadcrumbList","@id":"https:\/\/1xbets.plus\/co\/bonus\/lucky-day\/#breadcrumb","itemListElement":[{"@type":"ListItem","position":1,"name":"Bonificaci\u00f3n","item":"https:\/\/1xbets.plus\/co\/bonus\/"},{"@type":"ListItem","position":2,"name":"D\u00eda de suerte"}]},{"@type":"WebSite","@id":"https:\/\/1xbets.plus\/co\/#website","url":"https:\/\/1xbets.plus\/co\/","name":"1xbet Boost co","description":"My WordPress Blog","potentialAction":[{"@type":"SearchAction","target":{"@type":"EntryPoint","urlTemplate":"https:\/\/1xbets.plus\/co\/?s={search_term_string}"},"query-input":{"@type":"PropertyValueSpecification","valueRequired":true,"valueName":"search_term_string"}}],"inLanguage":"es-CO"}]}},"_links":{"self":[{"href":"https:\/\/1xbets.plus\/co\/wp-json\/wp\/v2\/pages\/629","targetHints":{"allow":["GET"]}}],"collection":[{"href":"https:\/\/1xbets.plus\/co\/wp-json\/wp\/v2\/pages"}],"about":[{"href":"https:\/\/1xbets.plus\/co\/wp-json\/wp\/v2\/types\/page"}],"author":[{"embeddable":true,"href":"https:\/\/1xbets.plus\/co\/wp-json\/wp\/v2\/users\/1"}],"replies":[{"embeddable":true,"href":"https:\/\/1xbets.plus\/co\/wp-json\/wp\/v2\/comments?post=629"}],"version-history":[{"count":5,"href":"https:\/\/1xbets.plus\/co\/wp-json\/wp\/v2\/pages\/629\/revisions"}],"predecessor-version":[{"id":924,"href":"https:\/\/1xbets.plus\/co\/wp-json\/wp\/v2\/pages\/629\/revisions\/924"}],"up":[{"embeddable":true,"href":"https:\/\/1xbets.plus\/co\/wp-json\/wp\/v2\/pages\/152"}],"wp:attachment":[{"href":"https:\/\/1xbets.plus\/co\/wp-json\/wp\/v2\/media?parent=629"}],"curies":[{"name":"wp","href":"https:\/\/api.w.org\/{rel}","templated":true}]}}