{"id":466,"date":"2024-09-24T06:36:26","date_gmt":"2024-09-24T06:36:26","guid":{"rendered":"https:\/\/1xbets.plus\/co\/?page_id=466"},"modified":"2026-04-15T14:32:17","modified_gmt":"2026-04-15T14:32:17","slug":"promo-code","status":"publish","type":"page","link":"https:\/\/1xbets.plus\/co\/promo-code\/","title":{"rendered":"C\u00f3digo promocional"},"content":{"rendered":"","protected":false},"excerpt":{"rendered":"","protected":false},"author":1,"featured_media":0,"parent":0,"menu_order":0,"comment_status":"closed","ping_status":"closed","template":"","meta":{"footnotes":""},"class_list":["post-466","page","type-page","status-publish","hentry"],"yoast_head":"<!-- This site is optimized with the Yoast SEO plugin v26.2 - https:\/\/yoast.com\/wordpress\/plugins\/seo\/ -->\n<title>C\u00f3digo promocional 1xBet 2025 \u2b50\ufe0f Todas las promociones y bonos<\/title>\n<meta name=\"description\" content=\"Introduce el c\u00f3digo de bono de 1xBet Colombia en el formulario de registro y obt\u00e9n un bono adicional en la p\u00e1gina web de 1xBet \u27a5 El c\u00f3digo promocional de 1xBet te ofrece la oportunidad de conseguir un bono de bienvenida exclusivo para apuestas deportivas | Canjea puntos de bonificaci\u00f3n por c\u00f3digos promocionales de 1xBet\" \/>\n<meta name=\"robots\" content=\"index, follow, max-snippet:-1, max-image-preview:large, max-video-preview:-1\" \/>\n<meta property=\"og:locale\" content=\"es_ES\" \/>\n<meta property=\"og:type\" content=\"article\" \/>\n<meta property=\"og:title\" content=\"C\u00f3digo promocional 1xBet 2025 \u2b50\ufe0f Todas las promociones y bonos\" \/>\n<meta property=\"og:description\" content=\"Introduce el c\u00f3digo de bono de 1xBet Colombia en el formulario de registro y obt\u00e9n un bono adicional en la p\u00e1gina web de 1xBet \u27a5 El c\u00f3digo promocional de 1xBet te ofrece la oportunidad de conseguir un bono de bienvenida exclusivo para apuestas deportivas | Canjea puntos de bonificaci\u00f3n por c\u00f3digos promocionales de 1xBet\" \/>\n<meta property=\"og:url\" content=\"https:\/\/1xbets.plus\/co\/promo-code\/\" \/>\n<meta property=\"og:site_name\" content=\"1xbet Boost co\" \/>\n<meta property=\"article:modified_time\" content=\"2026-04-15T14:32:17+00:00\" \/>\n<meta name=\"twitter:card\" content=\"summary_large_image\" \/>\n<script type=\"application\/ld+json\" class=\"yoast-schema-graph\">{\"@context\":\"https:\/\/schema.org\",\"@graph\":[{\"@type\":\"WebPage\",\"@id\":\"https:\/\/1xbets.plus\/co\/promo-code\/\",\"url\":\"https:\/\/1xbets.plus\/co\/promo-code\/\",\"name\":\"C\u00f3digo promocional 1xBet 2025 \u2b50\ufe0f Todas las promociones y bonos\",\"isPartOf\":{\"@id\":\"https:\/\/1xbets.plus\/co\/#website\"},\"datePublished\":\"2024-09-24T06:36:26+00:00\",\"dateModified\":\"2026-04-15T14:32:17+00:00\",\"description\":\"Introduce el c\u00f3digo de bono de 1xBet Colombia en el formulario de registro y obt\u00e9n un bono adicional en la p\u00e1gina web de 1xBet \u27a5 El c\u00f3digo promocional de 1xBet te ofrece la oportunidad de conseguir un bono de bienvenida exclusivo para apuestas deportivas | Canjea puntos de bonificaci\u00f3n por c\u00f3digos promocionales de 1xBet\",\"inLanguage\":\"es-CO\",\"potentialAction\":[{\"@type\":\"ReadAction\",\"target\":[\"https:\/\/1xbets.plus\/co\/promo-code\/\"]}]},{\"@type\":\"WebSite\",\"@id\":\"https:\/\/1xbets.plus\/co\/#website\",\"url\":\"https:\/\/1xbets.plus\/co\/\",\"name\":\"1xbet Boost co\",\"description\":\"My WordPress Blog\",\"potentialAction\":[{\"@type\":\"SearchAction\",\"target\":{\"@type\":\"EntryPoint\",\"urlTemplate\":\"https:\/\/1xbets.plus\/co\/?s={search_term_string}\"},\"query-input\":{\"@type\":\"PropertyValueSpecification\",\"valueRequired\":true,\"valueName\":\"search_term_string\"}}],\"inLanguage\":\"es-CO\"}]}<\/script>\n<!-- \/ Yoast SEO plugin. -->","yoast_head_json":{"title":"C\u00f3digo promocional 1xBet 2025 \u2b50\ufe0f Todas las promociones y bonos","description":"Introduce el c\u00f3digo de bono de 1xBet Colombia en el formulario de registro y obt\u00e9n un bono adicional en la p\u00e1gina web de 1xBet \u27a5 El c\u00f3digo promocional de 1xBet te ofrece la oportunidad de conseguir un bono de bienvenida exclusivo para apuestas deportivas | Canjea puntos de bonificaci\u00f3n por c\u00f3digos promocionales de 1xBet","robots":{"index":"index","follow":"follow","max-snippet":"max-snippet:-1","max-image-preview":"max-image-preview:large","max-video-preview":"max-video-preview:-1"},"og_locale":"es_ES","og_type":"article","og_title":"C\u00f3digo promocional 1xBet 2025 \u2b50\ufe0f Todas las promociones y bonos","og_description":"Introduce el c\u00f3digo de bono de 1xBet Colombia en el formulario de registro y obt\u00e9n un bono adicional en la p\u00e1gina web de 1xBet \u27a5 El c\u00f3digo promocional de 1xBet te ofrece la oportunidad de conseguir un bono de bienvenida exclusivo para apuestas deportivas | Canjea puntos de bonificaci\u00f3n por c\u00f3digos promocionales de 1xBet","og_url":"https:\/\/1xbets.plus\/co\/promo-code\/","og_site_name":"1xbet Boost co","article_modified_time":"2026-04-15T14:32:17+00:00","twitter_card":"summary_large_image","schema":{"@context":"https:\/\/schema.org","@graph":[{"@type":"WebPage","@id":"https:\/\/1xbets.plus\/co\/promo-code\/","url":"https:\/\/1xbets.plus\/co\/promo-code\/","name":"C\u00f3digo promocional 1xBet 2025 \u2b50\ufe0f Todas las promociones y bonos","isPartOf":{"@id":"https:\/\/1xbets.plus\/co\/#website"},"datePublished":"2024-09-24T06:36:26+00:00","dateModified":"2026-04-15T14:32:17+00:00","description":"Introduce el c\u00f3digo de bono de 1xBet Colombia en el formulario de registro y obt\u00e9n un bono adicional en la p\u00e1gina web de 1xBet \u27a5 El c\u00f3digo promocional de 1xBet te ofrece la oportunidad de conseguir un bono de bienvenida exclusivo para apuestas deportivas | Canjea puntos de bonificaci\u00f3n por c\u00f3digos promocionales de 1xBet","inLanguage":"es-CO","potentialAction":[{"@type":"ReadAction","target":["https:\/\/1xbets.plus\/co\/promo-code\/"]}]},{"@type":"WebSite","@id":"https:\/\/1xbets.plus\/co\/#website","url":"https:\/\/1xbets.plus\/co\/","name":"1xbet Boost co","description":"My WordPress Blog","potentialAction":[{"@type":"SearchAction","target":{"@type":"EntryPoint","urlTemplate":"https:\/\/1xbets.plus\/co\/?s={search_term_string}"},"query-input":{"@type":"PropertyValueSpecification","valueRequired":true,"valueName":"search_term_string"}}],"inLanguage":"es-CO"}]}},"_links":{"self":[{"href":"https:\/\/1xbets.plus\/co\/wp-json\/wp\/v2\/pages\/466","targetHints":{"allow":["GET"]}}],"collection":[{"href":"https:\/\/1xbets.plus\/co\/wp-json\/wp\/v2\/pages"}],"about":[{"href":"https:\/\/1xbets.plus\/co\/wp-json\/wp\/v2\/types\/page"}],"author":[{"embeddable":true,"href":"https:\/\/1xbets.plus\/co\/wp-json\/wp\/v2\/users\/1"}],"replies":[{"embeddable":true,"href":"https:\/\/1xbets.plus\/co\/wp-json\/wp\/v2\/comments?post=466"}],"version-history":[{"count":16,"href":"https:\/\/1xbets.plus\/co\/wp-json\/wp\/v2\/pages\/466\/revisions"}],"predecessor-version":[{"id":949,"href":"https:\/\/1xbets.plus\/co\/wp-json\/wp\/v2\/pages\/466\/revisions\/949"}],"wp:attachment":[{"href":"https:\/\/1xbets.plus\/co\/wp-json\/wp\/v2\/media?parent=466"}],"curies":[{"name":"wp","href":"https:\/\/api.w.org\/{rel}","templated":true}]}}