{"id":463,"date":"2024-09-24T06:27:55","date_gmt":"2024-09-24T06:27:55","guid":{"rendered":"https:\/\/1xbets.plus\/co\/?page_id=463"},"modified":"2026-04-15T13:47:39","modified_gmt":"2026-04-15T13:47:39","slug":"login","status":"publish","type":"page","link":"https:\/\/1xbets.plus\/co\/login\/","title":{"rendered":"Iniciar sesi\u00f3n"},"content":{"rendered":"","protected":false},"excerpt":{"rendered":"","protected":false},"author":1,"featured_media":0,"parent":0,"menu_order":0,"comment_status":"closed","ping_status":"closed","template":"","meta":{"footnotes":""},"class_list":["post-463","page","type-page","status-publish","hentry"],"yoast_head":"<!-- This site is optimized with the Yoast SEO plugin v26.2 - https:\/\/yoast.com\/wordpress\/plugins\/seo\/ -->\n<title>Inicio de sesi\u00f3n en 1xBet \u1409 Apuestas deportivas y casino<\/title>\n<meta name=\"description\" content=\"C\u00f3mo iniciar sesi\u00f3n en la cuenta de 1xBet Colombia | Proceso de inicio de sesi\u00f3n en 1xBet \u2713 Inicio de sesi\u00f3n m\u00f3vil en 1xBet \u2713 Nuestra gu\u00eda te explicar\u00e1 paso a paso c\u00f3mo registrarte en la p\u00e1gina web de 1xBet e iniciar sesi\u00f3n r\u00e1pidamente en tu cuenta\" \/>\n<meta name=\"robots\" content=\"index, follow, max-snippet:-1, max-image-preview:large, max-video-preview:-1\" \/>\n<meta property=\"og:locale\" content=\"es_ES\" \/>\n<meta property=\"og:type\" content=\"article\" \/>\n<meta property=\"og:title\" content=\"Inicio de sesi\u00f3n en 1xBet \u1409 Apuestas deportivas y casino\" \/>\n<meta property=\"og:description\" content=\"C\u00f3mo iniciar sesi\u00f3n en la cuenta de 1xBet Colombia | Proceso de inicio de sesi\u00f3n en 1xBet \u2713 Inicio de sesi\u00f3n m\u00f3vil en 1xBet \u2713 Nuestra gu\u00eda te explicar\u00e1 paso a paso c\u00f3mo registrarte en la p\u00e1gina web de 1xBet e iniciar sesi\u00f3n r\u00e1pidamente en tu cuenta\" \/>\n<meta property=\"og:url\" content=\"https:\/\/1xbets.plus\/co\/login\/\" \/>\n<meta property=\"og:site_name\" content=\"1xbet Boost co\" \/>\n<meta property=\"article:modified_time\" content=\"2026-04-15T13:47:39+00:00\" \/>\n<meta name=\"twitter:card\" content=\"summary_large_image\" \/>\n<script type=\"application\/ld+json\" class=\"yoast-schema-graph\">{\"@context\":\"https:\/\/schema.org\",\"@graph\":[{\"@type\":\"WebPage\",\"@id\":\"https:\/\/1xbets.plus\/co\/login\/\",\"url\":\"https:\/\/1xbets.plus\/co\/login\/\",\"name\":\"Inicio de sesi\u00f3n en 1xBet \u1409 Apuestas deportivas y casino\",\"isPartOf\":{\"@id\":\"https:\/\/1xbets.plus\/co\/#website\"},\"datePublished\":\"2024-09-24T06:27:55+00:00\",\"dateModified\":\"2026-04-15T13:47:39+00:00\",\"description\":\"C\u00f3mo iniciar sesi\u00f3n en la cuenta de 1xBet Colombia | Proceso de inicio de sesi\u00f3n en 1xBet \u2713 Inicio de sesi\u00f3n m\u00f3vil en 1xBet \u2713 Nuestra gu\u00eda te explicar\u00e1 paso a paso c\u00f3mo registrarte en la p\u00e1gina web de 1xBet e iniciar sesi\u00f3n r\u00e1pidamente en tu cuenta\",\"inLanguage\":\"es-CO\",\"potentialAction\":[{\"@type\":\"ReadAction\",\"target\":[\"https:\/\/1xbets.plus\/co\/login\/\"]}]},{\"@type\":\"WebSite\",\"@id\":\"https:\/\/1xbets.plus\/co\/#website\",\"url\":\"https:\/\/1xbets.plus\/co\/\",\"name\":\"1xbet Boost co\",\"description\":\"My WordPress Blog\",\"potentialAction\":[{\"@type\":\"SearchAction\",\"target\":{\"@type\":\"EntryPoint\",\"urlTemplate\":\"https:\/\/1xbets.plus\/co\/?s={search_term_string}\"},\"query-input\":{\"@type\":\"PropertyValueSpecification\",\"valueRequired\":true,\"valueName\":\"search_term_string\"}}],\"inLanguage\":\"es-CO\"}]}<\/script>\n<!-- \/ Yoast SEO plugin. -->","yoast_head_json":{"title":"Inicio de sesi\u00f3n en 1xBet \u1409 Apuestas deportivas y casino","description":"C\u00f3mo iniciar sesi\u00f3n en la cuenta de 1xBet Colombia | Proceso de inicio de sesi\u00f3n en 1xBet \u2713 Inicio de sesi\u00f3n m\u00f3vil en 1xBet \u2713 Nuestra gu\u00eda te explicar\u00e1 paso a paso c\u00f3mo registrarte en la p\u00e1gina web de 1xBet e iniciar sesi\u00f3n r\u00e1pidamente en tu cuenta","robots":{"index":"index","follow":"follow","max-snippet":"max-snippet:-1","max-image-preview":"max-image-preview:large","max-video-preview":"max-video-preview:-1"},"og_locale":"es_ES","og_type":"article","og_title":"Inicio de sesi\u00f3n en 1xBet \u1409 Apuestas deportivas y casino","og_description":"C\u00f3mo iniciar sesi\u00f3n en la cuenta de 1xBet Colombia | Proceso de inicio de sesi\u00f3n en 1xBet \u2713 Inicio de sesi\u00f3n m\u00f3vil en 1xBet \u2713 Nuestra gu\u00eda te explicar\u00e1 paso a paso c\u00f3mo registrarte en la p\u00e1gina web de 1xBet e iniciar sesi\u00f3n r\u00e1pidamente en tu cuenta","og_url":"https:\/\/1xbets.plus\/co\/login\/","og_site_name":"1xbet Boost co","article_modified_time":"2026-04-15T13:47:39+00:00","twitter_card":"summary_large_image","schema":{"@context":"https:\/\/schema.org","@graph":[{"@type":"WebPage","@id":"https:\/\/1xbets.plus\/co\/login\/","url":"https:\/\/1xbets.plus\/co\/login\/","name":"Inicio de sesi\u00f3n en 1xBet \u1409 Apuestas deportivas y casino","isPartOf":{"@id":"https:\/\/1xbets.plus\/co\/#website"},"datePublished":"2024-09-24T06:27:55+00:00","dateModified":"2026-04-15T13:47:39+00:00","description":"C\u00f3mo iniciar sesi\u00f3n en la cuenta de 1xBet Colombia | Proceso de inicio de sesi\u00f3n en 1xBet \u2713 Inicio de sesi\u00f3n m\u00f3vil en 1xBet \u2713 Nuestra gu\u00eda te explicar\u00e1 paso a paso c\u00f3mo registrarte en la p\u00e1gina web de 1xBet e iniciar sesi\u00f3n r\u00e1pidamente en tu cuenta","inLanguage":"es-CO","potentialAction":[{"@type":"ReadAction","target":["https:\/\/1xbets.plus\/co\/login\/"]}]},{"@type":"WebSite","@id":"https:\/\/1xbets.plus\/co\/#website","url":"https:\/\/1xbets.plus\/co\/","name":"1xbet Boost co","description":"My WordPress Blog","potentialAction":[{"@type":"SearchAction","target":{"@type":"EntryPoint","urlTemplate":"https:\/\/1xbets.plus\/co\/?s={search_term_string}"},"query-input":{"@type":"PropertyValueSpecification","valueRequired":true,"valueName":"search_term_string"}}],"inLanguage":"es-CO"}]}},"_links":{"self":[{"href":"https:\/\/1xbets.plus\/co\/wp-json\/wp\/v2\/pages\/463","targetHints":{"allow":["GET"]}}],"collection":[{"href":"https:\/\/1xbets.plus\/co\/wp-json\/wp\/v2\/pages"}],"about":[{"href":"https:\/\/1xbets.plus\/co\/wp-json\/wp\/v2\/types\/page"}],"author":[{"embeddable":true,"href":"https:\/\/1xbets.plus\/co\/wp-json\/wp\/v2\/users\/1"}],"replies":[{"embeddable":true,"href":"https:\/\/1xbets.plus\/co\/wp-json\/wp\/v2\/comments?post=463"}],"version-history":[{"count":16,"href":"https:\/\/1xbets.plus\/co\/wp-json\/wp\/v2\/pages\/463\/revisions"}],"predecessor-version":[{"id":942,"href":"https:\/\/1xbets.plus\/co\/wp-json\/wp\/v2\/pages\/463\/revisions\/942"}],"wp:attachment":[{"href":"https:\/\/1xbets.plus\/co\/wp-json\/wp\/v2\/media?parent=463"}],"curies":[{"name":"wp","href":"https:\/\/api.w.org\/{rel}","templated":true}]}}