{"id":469,"date":"2024-09-24T06:43:03","date_gmt":"2024-09-24T06:43:03","guid":{"rendered":"https:\/\/1xbets.plus\/cm\/?page_id=469"},"modified":"2024-10-09T14:03:24","modified_gmt":"2024-10-09T14:03:24","slug":"app","status":"publish","type":"page","link":"https:\/\/1xbets.plus\/cm\/app\/","title":{"rendered":"Application"},"content":{"rendered":"","protected":false},"excerpt":{"rendered":"","protected":false},"author":1,"featured_media":0,"parent":0,"menu_order":0,"comment_status":"closed","ping_status":"closed","template":"","meta":{"footnotes":""},"class_list":["post-469","page","type-page","status-publish","hentry"],"yoast_head":"<!-- This site is optimized with the Yoast SEO plugin v26.2 - https:\/\/yoast.com\/wordpress\/plugins\/seo\/ -->\n<title>1xBet App \u25b6\ufe0f T\u00e9l\u00e9charger gratuitement pour Android et iOS<\/title>\n<meta name=\"description\" content=\"Comment t\u00e9l\u00e9charger et installer la derni\u00e8re version de l&#039;application 1xBet Cameroun sur votre t\u00e9l\u00e9phone portable ou votre tablette | D\u00e9couvrez toutes les fonctionnalit\u00e9s de l&#039;application 1xBet et les bonus et promotions 1xBet Mobile | Parions sur le sport et le casino dans l&#039;application 1xBet Mobile\" \/>\n<meta name=\"robots\" content=\"index, follow, max-snippet:-1, max-image-preview:large, max-video-preview:-1\" \/>\n<meta property=\"og:locale\" content=\"fr_FR\" \/>\n<meta property=\"og:type\" content=\"article\" \/>\n<meta property=\"og:title\" content=\"1xBet App \u25b6\ufe0f T\u00e9l\u00e9charger gratuitement pour Android et iOS\" \/>\n<meta property=\"og:description\" content=\"Comment t\u00e9l\u00e9charger et installer la derni\u00e8re version de l&#039;application 1xBet Cameroun sur votre t\u00e9l\u00e9phone portable ou votre tablette | D\u00e9couvrez toutes les fonctionnalit\u00e9s de l&#039;application 1xBet et les bonus et promotions 1xBet Mobile | Parions sur le sport et le casino dans l&#039;application 1xBet Mobile\" \/>\n<meta property=\"og:url\" content=\"https:\/\/1xbets.plus\/cm\/app\/\" \/>\n<meta property=\"og:site_name\" content=\"1xbet Boost cm\" \/>\n<meta property=\"article:modified_time\" content=\"2024-10-09T14:03:24+00:00\" \/>\n<meta name=\"twitter:card\" content=\"summary_large_image\" \/>\n<script type=\"application\/ld+json\" class=\"yoast-schema-graph\">{\"@context\":\"https:\/\/schema.org\",\"@graph\":[{\"@type\":\"WebPage\",\"@id\":\"https:\/\/1xbets.plus\/cm\/app\/\",\"url\":\"https:\/\/1xbets.plus\/cm\/app\/\",\"name\":\"1xBet App \u25b6\ufe0f T\u00e9l\u00e9charger gratuitement pour Android et iOS\",\"isPartOf\":{\"@id\":\"https:\/\/1xbets.plus\/cm\/#website\"},\"datePublished\":\"2024-09-24T06:43:03+00:00\",\"dateModified\":\"2024-10-09T14:03:24+00:00\",\"description\":\"Comment t\u00e9l\u00e9charger et installer la derni\u00e8re version de l'application 1xBet Cameroun sur votre t\u00e9l\u00e9phone portable ou votre tablette | D\u00e9couvrez toutes les fonctionnalit\u00e9s de l'application 1xBet et les bonus et promotions 1xBet Mobile | Parions sur le sport et le casino dans l'application 1xBet Mobile\",\"inLanguage\":\"fr-CM\",\"potentialAction\":[{\"@type\":\"ReadAction\",\"target\":[\"https:\/\/1xbets.plus\/cm\/app\/\"]}]},{\"@type\":\"WebSite\",\"@id\":\"https:\/\/1xbets.plus\/cm\/#website\",\"url\":\"https:\/\/1xbets.plus\/cm\/\",\"name\":\"1xbet Boost cm\",\"description\":\"My WordPress Blog\",\"potentialAction\":[{\"@type\":\"SearchAction\",\"target\":{\"@type\":\"EntryPoint\",\"urlTemplate\":\"https:\/\/1xbets.plus\/cm\/?s={search_term_string}\"},\"query-input\":{\"@type\":\"PropertyValueSpecification\",\"valueRequired\":true,\"valueName\":\"search_term_string\"}}],\"inLanguage\":\"fr-CM\"}]}<\/script>\n<!-- \/ Yoast SEO plugin. -->","yoast_head_json":{"title":"1xBet App \u25b6\ufe0f T\u00e9l\u00e9charger gratuitement pour Android et iOS","description":"Comment t\u00e9l\u00e9charger et installer la derni\u00e8re version de l'application 1xBet Cameroun sur votre t\u00e9l\u00e9phone portable ou votre tablette | D\u00e9couvrez toutes les fonctionnalit\u00e9s de l'application 1xBet et les bonus et promotions 1xBet Mobile | Parions sur le sport et le casino dans l'application 1xBet Mobile","robots":{"index":"index","follow":"follow","max-snippet":"max-snippet:-1","max-image-preview":"max-image-preview:large","max-video-preview":"max-video-preview:-1"},"og_locale":"fr_FR","og_type":"article","og_title":"1xBet App \u25b6\ufe0f T\u00e9l\u00e9charger gratuitement pour Android et iOS","og_description":"Comment t\u00e9l\u00e9charger et installer la derni\u00e8re version de l'application 1xBet Cameroun sur votre t\u00e9l\u00e9phone portable ou votre tablette | D\u00e9couvrez toutes les fonctionnalit\u00e9s de l'application 1xBet et les bonus et promotions 1xBet Mobile | Parions sur le sport et le casino dans l'application 1xBet Mobile","og_url":"https:\/\/1xbets.plus\/cm\/app\/","og_site_name":"1xbet Boost cm","article_modified_time":"2024-10-09T14:03:24+00:00","twitter_card":"summary_large_image","schema":{"@context":"https:\/\/schema.org","@graph":[{"@type":"WebPage","@id":"https:\/\/1xbets.plus\/cm\/app\/","url":"https:\/\/1xbets.plus\/cm\/app\/","name":"1xBet App \u25b6\ufe0f T\u00e9l\u00e9charger gratuitement pour Android et iOS","isPartOf":{"@id":"https:\/\/1xbets.plus\/cm\/#website"},"datePublished":"2024-09-24T06:43:03+00:00","dateModified":"2024-10-09T14:03:24+00:00","description":"Comment t\u00e9l\u00e9charger et installer la derni\u00e8re version de l'application 1xBet Cameroun sur votre t\u00e9l\u00e9phone portable ou votre tablette | D\u00e9couvrez toutes les fonctionnalit\u00e9s de l'application 1xBet et les bonus et promotions 1xBet Mobile | Parions sur le sport et le casino dans l'application 1xBet Mobile","inLanguage":"fr-CM","potentialAction":[{"@type":"ReadAction","target":["https:\/\/1xbets.plus\/cm\/app\/"]}]},{"@type":"WebSite","@id":"https:\/\/1xbets.plus\/cm\/#website","url":"https:\/\/1xbets.plus\/cm\/","name":"1xbet Boost cm","description":"My WordPress Blog","potentialAction":[{"@type":"SearchAction","target":{"@type":"EntryPoint","urlTemplate":"https:\/\/1xbets.plus\/cm\/?s={search_term_string}"},"query-input":{"@type":"PropertyValueSpecification","valueRequired":true,"valueName":"search_term_string"}}],"inLanguage":"fr-CM"}]}},"_links":{"self":[{"href":"https:\/\/1xbets.plus\/cm\/wp-json\/wp\/v2\/pages\/469","targetHints":{"allow":["GET"]}}],"collection":[{"href":"https:\/\/1xbets.plus\/cm\/wp-json\/wp\/v2\/pages"}],"about":[{"href":"https:\/\/1xbets.plus\/cm\/wp-json\/wp\/v2\/types\/page"}],"author":[{"embeddable":true,"href":"https:\/\/1xbets.plus\/cm\/wp-json\/wp\/v2\/users\/1"}],"replies":[{"embeddable":true,"href":"https:\/\/1xbets.plus\/cm\/wp-json\/wp\/v2\/comments?post=469"}],"version-history":[{"count":20,"href":"https:\/\/1xbets.plus\/cm\/wp-json\/wp\/v2\/pages\/469\/revisions"}],"predecessor-version":[{"id":600,"href":"https:\/\/1xbets.plus\/cm\/wp-json\/wp\/v2\/pages\/469\/revisions\/600"}],"wp:attachment":[{"href":"https:\/\/1xbets.plus\/cm\/wp-json\/wp\/v2\/media?parent=469"}],"curies":[{"name":"wp","href":"https:\/\/api.w.org\/{rel}","templated":true}]}}