{"id":760,"date":"2026-03-04T13:00:45","date_gmt":"2026-03-04T13:00:45","guid":{"rendered":"https:\/\/1xbets.plus\/bs\/?page_id=760"},"modified":"2026-04-02T06:58:42","modified_gmt":"2026-04-02T06:58:42","slug":"volleyball","status":"publish","type":"page","link":"https:\/\/1xbets.plus\/bs\/volleyball\/","title":{"rendered":"Odbojka"},"content":{"rendered":"","protected":false},"excerpt":{"rendered":"","protected":false},"author":1,"featured_media":0,"parent":0,"menu_order":0,"comment_status":"closed","ping_status":"closed","template":"","meta":{"footnotes":""},"class_list":["post-760","page","type-page","status-publish","hentry"],"yoast_head":"<!-- This site is optimized with the Yoast SEO plugin v26.2 - https:\/\/yoast.com\/wordpress\/plugins\/seo\/ -->\n<title>Online kla\u0111enje na odbojku | 1xBet Sportska kladionica<\/title>\n<meta name=\"description\" content=\"1xBet nudi online kla\u0111enje na odbojku s kvotama u\u017eivo, brojnim tr\u017ei\u0161tima, bonusima i sigurnim i brzim isplatama. Po\u010dnite se kladiti danas.\" \/>\n<meta name=\"robots\" content=\"index, follow, max-snippet:-1, max-image-preview:large, max-video-preview:-1\" \/>\n<meta property=\"og:locale\" content=\"bs_BA\" \/>\n<meta property=\"og:type\" content=\"article\" \/>\n<meta property=\"og:title\" content=\"Online kla\u0111enje na odbojku | 1xBet Sportska kladionica\" \/>\n<meta property=\"og:description\" content=\"1xBet nudi online kla\u0111enje na odbojku s kvotama u\u017eivo, brojnim tr\u017ei\u0161tima, bonusima i sigurnim i brzim isplatama. Po\u010dnite se kladiti danas.\" \/>\n<meta property=\"og:url\" content=\"https:\/\/1xbets.plus\/bs\/volleyball\/\" \/>\n<meta property=\"og:site_name\" content=\"1xbet Boost bs\" \/>\n<meta property=\"article:modified_time\" content=\"2026-04-02T06:58:42+00:00\" \/>\n<meta name=\"twitter:card\" content=\"summary_large_image\" \/>\n<script type=\"application\/ld+json\" class=\"yoast-schema-graph\">{\"@context\":\"https:\/\/schema.org\",\"@graph\":[{\"@type\":\"WebPage\",\"@id\":\"https:\/\/1xbets.plus\/bs\/volleyball\/\",\"url\":\"https:\/\/1xbets.plus\/bs\/volleyball\/\",\"name\":\"Online kla\u0111enje na odbojku | 1xBet Sportska kladionica\",\"isPartOf\":{\"@id\":\"https:\/\/1xbets.plus\/bs\/#website\"},\"datePublished\":\"2026-03-04T13:00:45+00:00\",\"dateModified\":\"2026-04-02T06:58:42+00:00\",\"description\":\"1xBet nudi online kla\u0111enje na odbojku s kvotama u\u017eivo, brojnim tr\u017ei\u0161tima, bonusima i sigurnim i brzim isplatama. Po\u010dnite se kladiti danas.\",\"inLanguage\":\"bs-BA\",\"potentialAction\":[{\"@type\":\"ReadAction\",\"target\":[\"https:\/\/1xbets.plus\/bs\/volleyball\/\"]}]},{\"@type\":\"WebSite\",\"@id\":\"https:\/\/1xbets.plus\/bs\/#website\",\"url\":\"https:\/\/1xbets.plus\/bs\/\",\"name\":\"1xbet Boost bs\",\"description\":\"My WordPress Blog\",\"potentialAction\":[{\"@type\":\"SearchAction\",\"target\":{\"@type\":\"EntryPoint\",\"urlTemplate\":\"https:\/\/1xbets.plus\/bs\/?s={search_term_string}\"},\"query-input\":{\"@type\":\"PropertyValueSpecification\",\"valueRequired\":true,\"valueName\":\"search_term_string\"}}],\"inLanguage\":\"bs-BA\"}]}<\/script>\n<!-- \/ Yoast SEO plugin. -->","yoast_head_json":{"title":"Online kla\u0111enje na odbojku | 1xBet Sportska kladionica","description":"1xBet nudi online kla\u0111enje na odbojku s kvotama u\u017eivo, brojnim tr\u017ei\u0161tima, bonusima i sigurnim i brzim isplatama. Po\u010dnite se kladiti danas.","robots":{"index":"index","follow":"follow","max-snippet":"max-snippet:-1","max-image-preview":"max-image-preview:large","max-video-preview":"max-video-preview:-1"},"og_locale":"bs_BA","og_type":"article","og_title":"Online kla\u0111enje na odbojku | 1xBet Sportska kladionica","og_description":"1xBet nudi online kla\u0111enje na odbojku s kvotama u\u017eivo, brojnim tr\u017ei\u0161tima, bonusima i sigurnim i brzim isplatama. Po\u010dnite se kladiti danas.","og_url":"https:\/\/1xbets.plus\/bs\/volleyball\/","og_site_name":"1xbet Boost bs","article_modified_time":"2026-04-02T06:58:42+00:00","twitter_card":"summary_large_image","schema":{"@context":"https:\/\/schema.org","@graph":[{"@type":"WebPage","@id":"https:\/\/1xbets.plus\/bs\/volleyball\/","url":"https:\/\/1xbets.plus\/bs\/volleyball\/","name":"Online kla\u0111enje na odbojku | 1xBet Sportska kladionica","isPartOf":{"@id":"https:\/\/1xbets.plus\/bs\/#website"},"datePublished":"2026-03-04T13:00:45+00:00","dateModified":"2026-04-02T06:58:42+00:00","description":"1xBet nudi online kla\u0111enje na odbojku s kvotama u\u017eivo, brojnim tr\u017ei\u0161tima, bonusima i sigurnim i brzim isplatama. Po\u010dnite se kladiti danas.","inLanguage":"bs-BA","potentialAction":[{"@type":"ReadAction","target":["https:\/\/1xbets.plus\/bs\/volleyball\/"]}]},{"@type":"WebSite","@id":"https:\/\/1xbets.plus\/bs\/#website","url":"https:\/\/1xbets.plus\/bs\/","name":"1xbet Boost bs","description":"My WordPress Blog","potentialAction":[{"@type":"SearchAction","target":{"@type":"EntryPoint","urlTemplate":"https:\/\/1xbets.plus\/bs\/?s={search_term_string}"},"query-input":{"@type":"PropertyValueSpecification","valueRequired":true,"valueName":"search_term_string"}}],"inLanguage":"bs-BA"}]}},"_links":{"self":[{"href":"https:\/\/1xbets.plus\/bs\/wp-json\/wp\/v2\/pages\/760","targetHints":{"allow":["GET"]}}],"collection":[{"href":"https:\/\/1xbets.plus\/bs\/wp-json\/wp\/v2\/pages"}],"about":[{"href":"https:\/\/1xbets.plus\/bs\/wp-json\/wp\/v2\/types\/page"}],"author":[{"embeddable":true,"href":"https:\/\/1xbets.plus\/bs\/wp-json\/wp\/v2\/users\/1"}],"replies":[{"embeddable":true,"href":"https:\/\/1xbets.plus\/bs\/wp-json\/wp\/v2\/comments?post=760"}],"version-history":[{"count":4,"href":"https:\/\/1xbets.plus\/bs\/wp-json\/wp\/v2\/pages\/760\/revisions"}],"predecessor-version":[{"id":963,"href":"https:\/\/1xbets.plus\/bs\/wp-json\/wp\/v2\/pages\/760\/revisions\/963"}],"wp:attachment":[{"href":"https:\/\/1xbets.plus\/bs\/wp-json\/wp\/v2\/media?parent=760"}],"curies":[{"name":"wp","href":"https:\/\/api.w.org\/{rel}","templated":true}]}}