{"id":752,"date":"2026-03-04T10:47:33","date_gmt":"2026-03-04T10:47:33","guid":{"rendered":"https:\/\/1xbets.plus\/bs\/?page_id=752"},"modified":"2026-04-02T04:47:23","modified_gmt":"2026-04-02T04:47:23","slug":"football","status":"publish","type":"page","link":"https:\/\/1xbets.plus\/bs\/football\/","title":{"rendered":"Fudbal"},"content":{"rendered":"","protected":false},"excerpt":{"rendered":"","protected":false},"author":1,"featured_media":0,"parent":0,"menu_order":0,"comment_status":"closed","ping_status":"closed","template":"","meta":{"footnotes":""},"class_list":["post-752","page","type-page","status-publish","hentry"],"yoast_head":"<!-- This site is optimized with the Yoast SEO plugin v26.2 - https:\/\/yoast.com\/wordpress\/plugins\/seo\/ -->\n<title>Kla\u0111enje na nogomet na 1xBet \u2013 Kladite se na utakmice online<\/title>\n<meta name=\"description\" content=\"Kladite se na nogomet online na 1xBet uz konkurentne kvote, tr\u017ei\u0161ta kla\u0111enja u\u017eivo i brze isplate. Kladite se na vrhunske lige i me\u0111unarodne turnire.\" \/>\n<meta name=\"robots\" content=\"index, follow, max-snippet:-1, max-image-preview:large, max-video-preview:-1\" \/>\n<meta property=\"og:locale\" content=\"bs_BA\" \/>\n<meta property=\"og:type\" content=\"article\" \/>\n<meta property=\"og:title\" content=\"Kla\u0111enje na nogomet na 1xBet \u2013 Kladite se na utakmice online\" \/>\n<meta property=\"og:description\" content=\"Kladite se na nogomet online na 1xBet uz konkurentne kvote, tr\u017ei\u0161ta kla\u0111enja u\u017eivo i brze isplate. Kladite se na vrhunske lige i me\u0111unarodne turnire.\" \/>\n<meta property=\"og:url\" content=\"https:\/\/1xbets.plus\/bs\/football\/\" \/>\n<meta property=\"og:site_name\" content=\"1xbet Boost bs\" \/>\n<meta property=\"article:modified_time\" content=\"2026-04-02T04:47:23+00:00\" \/>\n<meta name=\"twitter:card\" content=\"summary_large_image\" \/>\n<script type=\"application\/ld+json\" class=\"yoast-schema-graph\">{\"@context\":\"https:\/\/schema.org\",\"@graph\":[{\"@type\":\"WebPage\",\"@id\":\"https:\/\/1xbets.plus\/bs\/football\/\",\"url\":\"https:\/\/1xbets.plus\/bs\/football\/\",\"name\":\"Kla\u0111enje na nogomet na 1xBet \u2013 Kladite se na utakmice online\",\"isPartOf\":{\"@id\":\"https:\/\/1xbets.plus\/bs\/#website\"},\"datePublished\":\"2026-03-04T10:47:33+00:00\",\"dateModified\":\"2026-04-02T04:47:23+00:00\",\"description\":\"Kladite se na nogomet online na 1xBet uz konkurentne kvote, tr\u017ei\u0161ta kla\u0111enja u\u017eivo i brze isplate. Kladite se na vrhunske lige i me\u0111unarodne turnire.\",\"inLanguage\":\"bs-BA\",\"potentialAction\":[{\"@type\":\"ReadAction\",\"target\":[\"https:\/\/1xbets.plus\/bs\/football\/\"]}]},{\"@type\":\"WebSite\",\"@id\":\"https:\/\/1xbets.plus\/bs\/#website\",\"url\":\"https:\/\/1xbets.plus\/bs\/\",\"name\":\"1xbet Boost bs\",\"description\":\"My WordPress Blog\",\"potentialAction\":[{\"@type\":\"SearchAction\",\"target\":{\"@type\":\"EntryPoint\",\"urlTemplate\":\"https:\/\/1xbets.plus\/bs\/?s={search_term_string}\"},\"query-input\":{\"@type\":\"PropertyValueSpecification\",\"valueRequired\":true,\"valueName\":\"search_term_string\"}}],\"inLanguage\":\"bs-BA\"}]}<\/script>\n<!-- \/ Yoast SEO plugin. -->","yoast_head_json":{"title":"Kla\u0111enje na nogomet na 1xBet \u2013 Kladite se na utakmice online","description":"Kladite se na nogomet online na 1xBet uz konkurentne kvote, tr\u017ei\u0161ta kla\u0111enja u\u017eivo i brze isplate. Kladite se na vrhunske lige i me\u0111unarodne turnire.","robots":{"index":"index","follow":"follow","max-snippet":"max-snippet:-1","max-image-preview":"max-image-preview:large","max-video-preview":"max-video-preview:-1"},"og_locale":"bs_BA","og_type":"article","og_title":"Kla\u0111enje na nogomet na 1xBet \u2013 Kladite se na utakmice online","og_description":"Kladite se na nogomet online na 1xBet uz konkurentne kvote, tr\u017ei\u0161ta kla\u0111enja u\u017eivo i brze isplate. Kladite se na vrhunske lige i me\u0111unarodne turnire.","og_url":"https:\/\/1xbets.plus\/bs\/football\/","og_site_name":"1xbet Boost bs","article_modified_time":"2026-04-02T04:47:23+00:00","twitter_card":"summary_large_image","schema":{"@context":"https:\/\/schema.org","@graph":[{"@type":"WebPage","@id":"https:\/\/1xbets.plus\/bs\/football\/","url":"https:\/\/1xbets.plus\/bs\/football\/","name":"Kla\u0111enje na nogomet na 1xBet \u2013 Kladite se na utakmice online","isPartOf":{"@id":"https:\/\/1xbets.plus\/bs\/#website"},"datePublished":"2026-03-04T10:47:33+00:00","dateModified":"2026-04-02T04:47:23+00:00","description":"Kladite se na nogomet online na 1xBet uz konkurentne kvote, tr\u017ei\u0161ta kla\u0111enja u\u017eivo i brze isplate. Kladite se na vrhunske lige i me\u0111unarodne turnire.","inLanguage":"bs-BA","potentialAction":[{"@type":"ReadAction","target":["https:\/\/1xbets.plus\/bs\/football\/"]}]},{"@type":"WebSite","@id":"https:\/\/1xbets.plus\/bs\/#website","url":"https:\/\/1xbets.plus\/bs\/","name":"1xbet Boost bs","description":"My WordPress Blog","potentialAction":[{"@type":"SearchAction","target":{"@type":"EntryPoint","urlTemplate":"https:\/\/1xbets.plus\/bs\/?s={search_term_string}"},"query-input":{"@type":"PropertyValueSpecification","valueRequired":true,"valueName":"search_term_string"}}],"inLanguage":"bs-BA"}]}},"_links":{"self":[{"href":"https:\/\/1xbets.plus\/bs\/wp-json\/wp\/v2\/pages\/752","targetHints":{"allow":["GET"]}}],"collection":[{"href":"https:\/\/1xbets.plus\/bs\/wp-json\/wp\/v2\/pages"}],"about":[{"href":"https:\/\/1xbets.plus\/bs\/wp-json\/wp\/v2\/types\/page"}],"author":[{"embeddable":true,"href":"https:\/\/1xbets.plus\/bs\/wp-json\/wp\/v2\/users\/1"}],"replies":[{"embeddable":true,"href":"https:\/\/1xbets.plus\/bs\/wp-json\/wp\/v2\/comments?post=752"}],"version-history":[{"count":6,"href":"https:\/\/1xbets.plus\/bs\/wp-json\/wp\/v2\/pages\/752\/revisions"}],"predecessor-version":[{"id":938,"href":"https:\/\/1xbets.plus\/bs\/wp-json\/wp\/v2\/pages\/752\/revisions\/938"}],"wp:attachment":[{"href":"https:\/\/1xbets.plus\/bs\/wp-json\/wp\/v2\/media?parent=752"}],"curies":[{"name":"wp","href":"https:\/\/api.w.org\/{rel}","templated":true}]}}