{"id":624,"date":"2025-06-11T07:28:23","date_gmt":"2025-06-11T07:28:23","guid":{"rendered":"https:\/\/1xbets.plus\/bs\/?page_id=624"},"modified":"2026-04-01T17:25:58","modified_gmt":"2026-04-01T17:25:58","slug":"sport-first-deposit","status":"publish","type":"page","link":"https:\/\/1xbets.plus\/bs\/bonus\/sport-first-deposit\/","title":{"rendered":"Sport prvi depozit"},"content":{"rendered":"","protected":false},"excerpt":{"rendered":"","protected":false},"author":1,"featured_media":0,"parent":152,"menu_order":0,"comment_status":"closed","ping_status":"closed","template":"","meta":{"footnotes":""},"class_list":["post-624","page","type-page","status-publish","hentry"],"yoast_head":"<!-- This site is optimized with the Yoast SEO plugin v26.2 - https:\/\/yoast.com\/wordpress\/plugins\/seo\/ -->\n<title>1xBet dobrodo\u0161ao sportski bonus | 120% na va\u0161 prvi depozit<\/title>\n<meta name=\"description\" content=\"Pridru\u017eite se 1xBet i osigurajte svoj bonus dobrodo\u0161lice za sport \u2014 do 120% na va\u0161 prvi depozit i priliku za dobitak do 800 BAM! Ne propustite priliku da postanete dio uzbudljivog svijeta sportskog kla\u0111enja.\" \/>\n<meta name=\"robots\" content=\"index, follow, max-snippet:-1, max-image-preview:large, max-video-preview:-1\" \/>\n<meta property=\"og:locale\" content=\"bs_BA\" \/>\n<meta property=\"og:type\" content=\"article\" \/>\n<meta property=\"og:title\" content=\"1xBet dobrodo\u0161ao sportski bonus | 120% na va\u0161 prvi depozit\" \/>\n<meta property=\"og:description\" content=\"Pridru\u017eite se 1xBet i osigurajte svoj bonus dobrodo\u0161lice za sport \u2014 do 120% na va\u0161 prvi depozit i priliku za dobitak do 800 BAM! Ne propustite priliku da postanete dio uzbudljivog svijeta sportskog kla\u0111enja.\" \/>\n<meta property=\"og:url\" content=\"https:\/\/1xbets.plus\/bs\/bonus\/sport-first-deposit\/\" \/>\n<meta property=\"og:site_name\" content=\"1xbet Boost bs\" \/>\n<meta property=\"article:modified_time\" content=\"2026-04-01T17:25:58+00:00\" \/>\n<meta name=\"twitter:card\" content=\"summary_large_image\" \/>\n<script type=\"application\/ld+json\" class=\"yoast-schema-graph\">{\"@context\":\"https:\/\/schema.org\",\"@graph\":[{\"@type\":\"WebPage\",\"@id\":\"https:\/\/1xbets.plus\/bs\/bonus\/sport-first-deposit\/\",\"url\":\"https:\/\/1xbets.plus\/bs\/bonus\/sport-first-deposit\/\",\"name\":\"1xBet dobrodo\u0161ao sportski bonus | 120% na va\u0161 prvi depozit\",\"isPartOf\":{\"@id\":\"https:\/\/1xbets.plus\/bs\/#website\"},\"datePublished\":\"2025-06-11T07:28:23+00:00\",\"dateModified\":\"2026-04-01T17:25:58+00:00\",\"description\":\"Pridru\u017eite se 1xBet i osigurajte svoj bonus dobrodo\u0161lice za sport \u2014 do 120% na va\u0161 prvi depozit i priliku za dobitak do 800 BAM! Ne propustite priliku da postanete dio uzbudljivog svijeta sportskog kla\u0111enja.\",\"breadcrumb\":{\"@id\":\"https:\/\/1xbets.plus\/bs\/bonus\/sport-first-deposit\/#breadcrumb\"},\"inLanguage\":\"bs-BA\",\"potentialAction\":[{\"@type\":\"ReadAction\",\"target\":[\"https:\/\/1xbets.plus\/bs\/bonus\/sport-first-deposit\/\"]}]},{\"@type\":\"BreadcrumbList\",\"@id\":\"https:\/\/1xbets.plus\/bs\/bonus\/sport-first-deposit\/#breadcrumb\",\"itemListElement\":[{\"@type\":\"ListItem\",\"position\":1,\"name\":\"Bonus\",\"item\":\"https:\/\/1xbets.plus\/bs\/bonus\/\"},{\"@type\":\"ListItem\",\"position\":2,\"name\":\"Sport prvi depozit\"}]},{\"@type\":\"WebSite\",\"@id\":\"https:\/\/1xbets.plus\/bs\/#website\",\"url\":\"https:\/\/1xbets.plus\/bs\/\",\"name\":\"1xbet Boost bs\",\"description\":\"My WordPress Blog\",\"potentialAction\":[{\"@type\":\"SearchAction\",\"target\":{\"@type\":\"EntryPoint\",\"urlTemplate\":\"https:\/\/1xbets.plus\/bs\/?s={search_term_string}\"},\"query-input\":{\"@type\":\"PropertyValueSpecification\",\"valueRequired\":true,\"valueName\":\"search_term_string\"}}],\"inLanguage\":\"bs-BA\"}]}<\/script>\n<!-- \/ Yoast SEO plugin. -->","yoast_head_json":{"title":"1xBet dobrodo\u0161ao sportski bonus | 120% na va\u0161 prvi depozit","description":"Pridru\u017eite se 1xBet i osigurajte svoj bonus dobrodo\u0161lice za sport \u2014 do 120% na va\u0161 prvi depozit i priliku za dobitak do 800 BAM! Ne propustite priliku da postanete dio uzbudljivog svijeta sportskog kla\u0111enja.","robots":{"index":"index","follow":"follow","max-snippet":"max-snippet:-1","max-image-preview":"max-image-preview:large","max-video-preview":"max-video-preview:-1"},"og_locale":"bs_BA","og_type":"article","og_title":"1xBet dobrodo\u0161ao sportski bonus | 120% na va\u0161 prvi depozit","og_description":"Pridru\u017eite se 1xBet i osigurajte svoj bonus dobrodo\u0161lice za sport \u2014 do 120% na va\u0161 prvi depozit i priliku za dobitak do 800 BAM! Ne propustite priliku da postanete dio uzbudljivog svijeta sportskog kla\u0111enja.","og_url":"https:\/\/1xbets.plus\/bs\/bonus\/sport-first-deposit\/","og_site_name":"1xbet Boost bs","article_modified_time":"2026-04-01T17:25:58+00:00","twitter_card":"summary_large_image","schema":{"@context":"https:\/\/schema.org","@graph":[{"@type":"WebPage","@id":"https:\/\/1xbets.plus\/bs\/bonus\/sport-first-deposit\/","url":"https:\/\/1xbets.plus\/bs\/bonus\/sport-first-deposit\/","name":"1xBet dobrodo\u0161ao sportski bonus | 120% na va\u0161 prvi depozit","isPartOf":{"@id":"https:\/\/1xbets.plus\/bs\/#website"},"datePublished":"2025-06-11T07:28:23+00:00","dateModified":"2026-04-01T17:25:58+00:00","description":"Pridru\u017eite se 1xBet i osigurajte svoj bonus dobrodo\u0161lice za sport \u2014 do 120% na va\u0161 prvi depozit i priliku za dobitak do 800 BAM! Ne propustite priliku da postanete dio uzbudljivog svijeta sportskog kla\u0111enja.","breadcrumb":{"@id":"https:\/\/1xbets.plus\/bs\/bonus\/sport-first-deposit\/#breadcrumb"},"inLanguage":"bs-BA","potentialAction":[{"@type":"ReadAction","target":["https:\/\/1xbets.plus\/bs\/bonus\/sport-first-deposit\/"]}]},{"@type":"BreadcrumbList","@id":"https:\/\/1xbets.plus\/bs\/bonus\/sport-first-deposit\/#breadcrumb","itemListElement":[{"@type":"ListItem","position":1,"name":"Bonus","item":"https:\/\/1xbets.plus\/bs\/bonus\/"},{"@type":"ListItem","position":2,"name":"Sport prvi depozit"}]},{"@type":"WebSite","@id":"https:\/\/1xbets.plus\/bs\/#website","url":"https:\/\/1xbets.plus\/bs\/","name":"1xbet Boost bs","description":"My WordPress Blog","potentialAction":[{"@type":"SearchAction","target":{"@type":"EntryPoint","urlTemplate":"https:\/\/1xbets.plus\/bs\/?s={search_term_string}"},"query-input":{"@type":"PropertyValueSpecification","valueRequired":true,"valueName":"search_term_string"}}],"inLanguage":"bs-BA"}]}},"_links":{"self":[{"href":"https:\/\/1xbets.plus\/bs\/wp-json\/wp\/v2\/pages\/624","targetHints":{"allow":["GET"]}}],"collection":[{"href":"https:\/\/1xbets.plus\/bs\/wp-json\/wp\/v2\/pages"}],"about":[{"href":"https:\/\/1xbets.plus\/bs\/wp-json\/wp\/v2\/types\/page"}],"author":[{"embeddable":true,"href":"https:\/\/1xbets.plus\/bs\/wp-json\/wp\/v2\/users\/1"}],"replies":[{"embeddable":true,"href":"https:\/\/1xbets.plus\/bs\/wp-json\/wp\/v2\/comments?post=624"}],"version-history":[{"count":6,"href":"https:\/\/1xbets.plus\/bs\/wp-json\/wp\/v2\/pages\/624\/revisions"}],"predecessor-version":[{"id":926,"href":"https:\/\/1xbets.plus\/bs\/wp-json\/wp\/v2\/pages\/624\/revisions\/926"}],"up":[{"embeddable":true,"href":"https:\/\/1xbets.plus\/bs\/wp-json\/wp\/v2\/pages\/152"}],"wp:attachment":[{"href":"https:\/\/1xbets.plus\/bs\/wp-json\/wp\/v2\/media?parent=624"}],"curies":[{"name":"wp","href":"https:\/\/api.w.org\/{rel}","templated":true}]}}