{"id":463,"date":"2024-09-24T06:27:55","date_gmt":"2024-09-24T06:27:55","guid":{"rendered":"https:\/\/1xbets.plus\/bs\/?page_id=463"},"modified":"2026-04-02T06:08:47","modified_gmt":"2026-04-02T06:08:47","slug":"login","status":"publish","type":"page","link":"https:\/\/1xbets.plus\/bs\/login\/","title":{"rendered":"Prijava"},"content":{"rendered":"","protected":false},"excerpt":{"rendered":"","protected":false},"author":1,"featured_media":0,"parent":0,"menu_order":0,"comment_status":"closed","ping_status":"closed","template":"","meta":{"footnotes":""},"class_list":["post-463","page","type-page","status-publish","hentry"],"yoast_head":"<!-- This site is optimized with the Yoast SEO plugin v26.2 - https:\/\/yoast.com\/wordpress\/plugins\/seo\/ -->\n<title>1xBet prijava \u1409 Sportsko kla\u0111enje i kazino<\/title>\n<meta name=\"description\" content=\"Kako se prijaviti na 1xBet ra\u010dun | Proces prijave na 1xBet \u2713 Prijava na 1xBet putem mobilnog ure\u0111aja \u2713 Na\u0161 vodi\u010d \u0107e vam pokazati kako se korak po korak registrovati na 1xBet stranici i brzo prijaviti na svoj ra\u010dun\" \/>\n<meta name=\"robots\" content=\"index, follow, max-snippet:-1, max-image-preview:large, max-video-preview:-1\" \/>\n<meta property=\"og:locale\" content=\"bs_BA\" \/>\n<meta property=\"og:type\" content=\"article\" \/>\n<meta property=\"og:title\" content=\"1xBet prijava \u1409 Sportsko kla\u0111enje i kazino\" \/>\n<meta property=\"og:description\" content=\"Kako se prijaviti na 1xBet ra\u010dun | Proces prijave na 1xBet \u2713 Prijava na 1xBet putem mobilnog ure\u0111aja \u2713 Na\u0161 vodi\u010d \u0107e vam pokazati kako se korak po korak registrovati na 1xBet stranici i brzo prijaviti na svoj ra\u010dun\" \/>\n<meta property=\"og:url\" content=\"https:\/\/1xbets.plus\/bs\/login\/\" \/>\n<meta property=\"og:site_name\" content=\"1xbet Boost bs\" \/>\n<meta property=\"article:modified_time\" content=\"2026-04-02T06:08:47+00:00\" \/>\n<meta name=\"twitter:card\" content=\"summary_large_image\" \/>\n<script type=\"application\/ld+json\" class=\"yoast-schema-graph\">{\"@context\":\"https:\/\/schema.org\",\"@graph\":[{\"@type\":\"WebPage\",\"@id\":\"https:\/\/1xbets.plus\/bs\/login\/\",\"url\":\"https:\/\/1xbets.plus\/bs\/login\/\",\"name\":\"1xBet prijava \u1409 Sportsko kla\u0111enje i kazino\",\"isPartOf\":{\"@id\":\"https:\/\/1xbets.plus\/bs\/#website\"},\"datePublished\":\"2024-09-24T06:27:55+00:00\",\"dateModified\":\"2026-04-02T06:08:47+00:00\",\"description\":\"Kako se prijaviti na 1xBet ra\u010dun | Proces prijave na 1xBet \u2713 Prijava na 1xBet putem mobilnog ure\u0111aja \u2713 Na\u0161 vodi\u010d \u0107e vam pokazati kako se korak po korak registrovati na 1xBet stranici i brzo prijaviti na svoj ra\u010dun\",\"inLanguage\":\"bs-BA\",\"potentialAction\":[{\"@type\":\"ReadAction\",\"target\":[\"https:\/\/1xbets.plus\/bs\/login\/\"]}]},{\"@type\":\"WebSite\",\"@id\":\"https:\/\/1xbets.plus\/bs\/#website\",\"url\":\"https:\/\/1xbets.plus\/bs\/\",\"name\":\"1xbet Boost bs\",\"description\":\"My WordPress Blog\",\"potentialAction\":[{\"@type\":\"SearchAction\",\"target\":{\"@type\":\"EntryPoint\",\"urlTemplate\":\"https:\/\/1xbets.plus\/bs\/?s={search_term_string}\"},\"query-input\":{\"@type\":\"PropertyValueSpecification\",\"valueRequired\":true,\"valueName\":\"search_term_string\"}}],\"inLanguage\":\"bs-BA\"}]}<\/script>\n<!-- \/ Yoast SEO plugin. -->","yoast_head_json":{"title":"1xBet prijava \u1409 Sportsko kla\u0111enje i kazino","description":"Kako se prijaviti na 1xBet ra\u010dun | Proces prijave na 1xBet \u2713 Prijava na 1xBet putem mobilnog ure\u0111aja \u2713 Na\u0161 vodi\u010d \u0107e vam pokazati kako se korak po korak registrovati na 1xBet stranici i brzo prijaviti na svoj ra\u010dun","robots":{"index":"index","follow":"follow","max-snippet":"max-snippet:-1","max-image-preview":"max-image-preview:large","max-video-preview":"max-video-preview:-1"},"og_locale":"bs_BA","og_type":"article","og_title":"1xBet prijava \u1409 Sportsko kla\u0111enje i kazino","og_description":"Kako se prijaviti na 1xBet ra\u010dun | Proces prijave na 1xBet \u2713 Prijava na 1xBet putem mobilnog ure\u0111aja \u2713 Na\u0161 vodi\u010d \u0107e vam pokazati kako se korak po korak registrovati na 1xBet stranici i brzo prijaviti na svoj ra\u010dun","og_url":"https:\/\/1xbets.plus\/bs\/login\/","og_site_name":"1xbet Boost bs","article_modified_time":"2026-04-02T06:08:47+00:00","twitter_card":"summary_large_image","schema":{"@context":"https:\/\/schema.org","@graph":[{"@type":"WebPage","@id":"https:\/\/1xbets.plus\/bs\/login\/","url":"https:\/\/1xbets.plus\/bs\/login\/","name":"1xBet prijava \u1409 Sportsko kla\u0111enje i kazino","isPartOf":{"@id":"https:\/\/1xbets.plus\/bs\/#website"},"datePublished":"2024-09-24T06:27:55+00:00","dateModified":"2026-04-02T06:08:47+00:00","description":"Kako se prijaviti na 1xBet ra\u010dun | Proces prijave na 1xBet \u2713 Prijava na 1xBet putem mobilnog ure\u0111aja \u2713 Na\u0161 vodi\u010d \u0107e vam pokazati kako se korak po korak registrovati na 1xBet stranici i brzo prijaviti na svoj ra\u010dun","inLanguage":"bs-BA","potentialAction":[{"@type":"ReadAction","target":["https:\/\/1xbets.plus\/bs\/login\/"]}]},{"@type":"WebSite","@id":"https:\/\/1xbets.plus\/bs\/#website","url":"https:\/\/1xbets.plus\/bs\/","name":"1xbet Boost bs","description":"My WordPress Blog","potentialAction":[{"@type":"SearchAction","target":{"@type":"EntryPoint","urlTemplate":"https:\/\/1xbets.plus\/bs\/?s={search_term_string}"},"query-input":{"@type":"PropertyValueSpecification","valueRequired":true,"valueName":"search_term_string"}}],"inLanguage":"bs-BA"}]}},"_links":{"self":[{"href":"https:\/\/1xbets.plus\/bs\/wp-json\/wp\/v2\/pages\/463","targetHints":{"allow":["GET"]}}],"collection":[{"href":"https:\/\/1xbets.plus\/bs\/wp-json\/wp\/v2\/pages"}],"about":[{"href":"https:\/\/1xbets.plus\/bs\/wp-json\/wp\/v2\/types\/page"}],"author":[{"embeddable":true,"href":"https:\/\/1xbets.plus\/bs\/wp-json\/wp\/v2\/users\/1"}],"replies":[{"embeddable":true,"href":"https:\/\/1xbets.plus\/bs\/wp-json\/wp\/v2\/comments?post=463"}],"version-history":[{"count":16,"href":"https:\/\/1xbets.plus\/bs\/wp-json\/wp\/v2\/pages\/463\/revisions"}],"predecessor-version":[{"id":950,"href":"https:\/\/1xbets.plus\/bs\/wp-json\/wp\/v2\/pages\/463\/revisions\/950"}],"wp:attachment":[{"href":"https:\/\/1xbets.plus\/bs\/wp-json\/wp\/v2\/media?parent=463"}],"curies":[{"name":"wp","href":"https:\/\/api.w.org\/{rel}","templated":true}]}}