{"id":349,"date":"2024-09-16T07:08:56","date_gmt":"2024-09-16T07:08:56","guid":{"rendered":"https:\/\/1xbets.plus\/bs\/?page_id=349"},"modified":"2026-04-02T06:36:27","modified_gmt":"2026-04-02T06:36:27","slug":"registration","status":"publish","type":"page","link":"https:\/\/1xbets.plus\/bs\/registration\/","title":{"rendered":"Registracija"},"content":{"rendered":"","protected":false},"excerpt":{"rendered":"","protected":false},"author":1,"featured_media":0,"parent":0,"menu_order":0,"comment_status":"closed","ping_status":"closed","template":"","meta":{"footnotes":""},"class_list":["post-349","page","type-page","status-publish","hentry"],"yoast_head":"<!-- This site is optimized with the Yoast SEO plugin v26.2 - https:\/\/yoast.com\/wordpress\/plugins\/seo\/ -->\n<title>Registracija na 1xBet \u1409 Vodi\u010d kako se prijaviti<\/title>\n<meta name=\"description\" content=\"1xBet registracija \u2014 Slu\u017ebena registracija na 1xBet stranici \u2713 Zavr\u0161ite svoju 1xBet registraciju koriste\u0107i tri razli\u010dite opcije \u2713 Registracija jednim klikom, registracija putem telefona i registracija putem e-po\u0161te\" \/>\n<meta name=\"robots\" content=\"index, follow, max-snippet:-1, max-image-preview:large, max-video-preview:-1\" \/>\n<meta property=\"og:locale\" content=\"bs_BA\" \/>\n<meta property=\"og:type\" content=\"article\" \/>\n<meta property=\"og:title\" content=\"Registracija na 1xBet \u1409 Vodi\u010d kako se prijaviti\" \/>\n<meta property=\"og:description\" content=\"1xBet registracija \u2014 Slu\u017ebena registracija na 1xBet stranici \u2713 Zavr\u0161ite svoju 1xBet registraciju koriste\u0107i tri razli\u010dite opcije \u2713 Registracija jednim klikom, registracija putem telefona i registracija putem e-po\u0161te\" \/>\n<meta property=\"og:url\" content=\"https:\/\/1xbets.plus\/bs\/registration\/\" \/>\n<meta property=\"og:site_name\" content=\"1xbet Boost bs\" \/>\n<meta property=\"article:modified_time\" content=\"2026-04-02T06:36:27+00:00\" \/>\n<meta name=\"twitter:card\" content=\"summary_large_image\" \/>\n<script type=\"application\/ld+json\" class=\"yoast-schema-graph\">{\"@context\":\"https:\/\/schema.org\",\"@graph\":[{\"@type\":\"WebPage\",\"@id\":\"https:\/\/1xbets.plus\/bs\/registration\/\",\"url\":\"https:\/\/1xbets.plus\/bs\/registration\/\",\"name\":\"Registracija na 1xBet \u1409 Vodi\u010d kako se prijaviti\",\"isPartOf\":{\"@id\":\"https:\/\/1xbets.plus\/bs\/#website\"},\"datePublished\":\"2024-09-16T07:08:56+00:00\",\"dateModified\":\"2026-04-02T06:36:27+00:00\",\"description\":\"1xBet registracija \u2014 Slu\u017ebena registracija na 1xBet stranici \u2713 Zavr\u0161ite svoju 1xBet registraciju koriste\u0107i tri razli\u010dite opcije \u2713 Registracija jednim klikom, registracija putem telefona i registracija putem e-po\u0161te\",\"inLanguage\":\"bs-BA\",\"potentialAction\":[{\"@type\":\"ReadAction\",\"target\":[\"https:\/\/1xbets.plus\/bs\/registration\/\"]}]},{\"@type\":\"WebSite\",\"@id\":\"https:\/\/1xbets.plus\/bs\/#website\",\"url\":\"https:\/\/1xbets.plus\/bs\/\",\"name\":\"1xbet Boost bs\",\"description\":\"My WordPress Blog\",\"potentialAction\":[{\"@type\":\"SearchAction\",\"target\":{\"@type\":\"EntryPoint\",\"urlTemplate\":\"https:\/\/1xbets.plus\/bs\/?s={search_term_string}\"},\"query-input\":{\"@type\":\"PropertyValueSpecification\",\"valueRequired\":true,\"valueName\":\"search_term_string\"}}],\"inLanguage\":\"bs-BA\"}]}<\/script>\n<!-- \/ Yoast SEO plugin. -->","yoast_head_json":{"title":"Registracija na 1xBet \u1409 Vodi\u010d kako se prijaviti","description":"1xBet registracija \u2014 Slu\u017ebena registracija na 1xBet stranici \u2713 Zavr\u0161ite svoju 1xBet registraciju koriste\u0107i tri razli\u010dite opcije \u2713 Registracija jednim klikom, registracija putem telefona i registracija putem e-po\u0161te","robots":{"index":"index","follow":"follow","max-snippet":"max-snippet:-1","max-image-preview":"max-image-preview:large","max-video-preview":"max-video-preview:-1"},"og_locale":"bs_BA","og_type":"article","og_title":"Registracija na 1xBet \u1409 Vodi\u010d kako se prijaviti","og_description":"1xBet registracija \u2014 Slu\u017ebena registracija na 1xBet stranici \u2713 Zavr\u0161ite svoju 1xBet registraciju koriste\u0107i tri razli\u010dite opcije \u2713 Registracija jednim klikom, registracija putem telefona i registracija putem e-po\u0161te","og_url":"https:\/\/1xbets.plus\/bs\/registration\/","og_site_name":"1xbet Boost bs","article_modified_time":"2026-04-02T06:36:27+00:00","twitter_card":"summary_large_image","schema":{"@context":"https:\/\/schema.org","@graph":[{"@type":"WebPage","@id":"https:\/\/1xbets.plus\/bs\/registration\/","url":"https:\/\/1xbets.plus\/bs\/registration\/","name":"Registracija na 1xBet \u1409 Vodi\u010d kako se prijaviti","isPartOf":{"@id":"https:\/\/1xbets.plus\/bs\/#website"},"datePublished":"2024-09-16T07:08:56+00:00","dateModified":"2026-04-02T06:36:27+00:00","description":"1xBet registracija \u2014 Slu\u017ebena registracija na 1xBet stranici \u2713 Zavr\u0161ite svoju 1xBet registraciju koriste\u0107i tri razli\u010dite opcije \u2713 Registracija jednim klikom, registracija putem telefona i registracija putem e-po\u0161te","inLanguage":"bs-BA","potentialAction":[{"@type":"ReadAction","target":["https:\/\/1xbets.plus\/bs\/registration\/"]}]},{"@type":"WebSite","@id":"https:\/\/1xbets.plus\/bs\/#website","url":"https:\/\/1xbets.plus\/bs\/","name":"1xbet Boost bs","description":"My WordPress Blog","potentialAction":[{"@type":"SearchAction","target":{"@type":"EntryPoint","urlTemplate":"https:\/\/1xbets.plus\/bs\/?s={search_term_string}"},"query-input":{"@type":"PropertyValueSpecification","valueRequired":true,"valueName":"search_term_string"}}],"inLanguage":"bs-BA"}]}},"_links":{"self":[{"href":"https:\/\/1xbets.plus\/bs\/wp-json\/wp\/v2\/pages\/349","targetHints":{"allow":["GET"]}}],"collection":[{"href":"https:\/\/1xbets.plus\/bs\/wp-json\/wp\/v2\/pages"}],"about":[{"href":"https:\/\/1xbets.plus\/bs\/wp-json\/wp\/v2\/types\/page"}],"author":[{"embeddable":true,"href":"https:\/\/1xbets.plus\/bs\/wp-json\/wp\/v2\/users\/1"}],"replies":[{"embeddable":true,"href":"https:\/\/1xbets.plus\/bs\/wp-json\/wp\/v2\/comments?post=349"}],"version-history":[{"count":25,"href":"https:\/\/1xbets.plus\/bs\/wp-json\/wp\/v2\/pages\/349\/revisions"}],"predecessor-version":[{"id":957,"href":"https:\/\/1xbets.plus\/bs\/wp-json\/wp\/v2\/pages\/349\/revisions\/957"}],"wp:attachment":[{"href":"https:\/\/1xbets.plus\/bs\/wp-json\/wp\/v2\/media?parent=349"}],"curies":[{"name":"wp","href":"https:\/\/api.w.org\/{rel}","templated":true}]}}