{"id":819,"date":"2026-03-06T10:21:04","date_gmt":"2026-03-06T10:21:04","guid":{"rendered":"https:\/\/1xbets.plus\/br\/?page_id=819"},"modified":"2026-03-31T12:27:13","modified_gmt":"2026-03-31T12:27:13","slug":"gates-of-olympus","status":"publish","type":"page","link":"https:\/\/1xbets.plus\/br\/gates-of-olympus\/","title":{"rendered":"Port\u00f5es do Olimpo"},"content":{"rendered":"","protected":false},"excerpt":{"rendered":"","protected":false},"author":1,"featured_media":0,"parent":0,"menu_order":0,"comment_status":"closed","ping_status":"closed","template":"","meta":{"footnotes":""},"class_list":["post-819","page","type-page","status-publish","hentry"],"yoast_head":"<!-- This site is optimized with the Yoast SEO plugin v26.2 - https:\/\/yoast.com\/wordpress\/plugins\/seo\/ -->\n<title>Ca\u00e7a-n\u00edquel Port\u00f5es do Olimpo na 1xBet Brasil \u2013 Jogue online<\/title>\n<meta name=\"description\" content=\"Jogue Port\u00f5es do Olimpo online na 1xBet e experimente o lend\u00e1rio ca\u00e7a-n\u00edquel Zeus, com multiplicadores poderosos e emocionantes recursos de b\u00f4nus.\" \/>\n<meta name=\"robots\" content=\"index, follow, max-snippet:-1, max-image-preview:large, max-video-preview:-1\" \/>\n<meta property=\"og:locale\" content=\"pt_BR\" \/>\n<meta property=\"og:type\" content=\"article\" \/>\n<meta property=\"og:title\" content=\"Ca\u00e7a-n\u00edquel Port\u00f5es do Olimpo na 1xBet Brasil \u2013 Jogue online\" \/>\n<meta property=\"og:description\" content=\"Jogue Port\u00f5es do Olimpo online na 1xBet e experimente o lend\u00e1rio ca\u00e7a-n\u00edquel Zeus, com multiplicadores poderosos e emocionantes recursos de b\u00f4nus.\" \/>\n<meta property=\"og:url\" content=\"https:\/\/1xbets.plus\/br\/gates-of-olympus\/\" \/>\n<meta property=\"og:site_name\" content=\"1xbet Boost BR\" \/>\n<meta property=\"article:modified_time\" content=\"2026-03-31T12:27:13+00:00\" \/>\n<meta name=\"twitter:card\" content=\"summary_large_image\" \/>\n<script type=\"application\/ld+json\" class=\"yoast-schema-graph\">{\"@context\":\"https:\/\/schema.org\",\"@graph\":[{\"@type\":\"WebPage\",\"@id\":\"https:\/\/1xbets.plus\/br\/gates-of-olympus\/\",\"url\":\"https:\/\/1xbets.plus\/br\/gates-of-olympus\/\",\"name\":\"Ca\u00e7a-n\u00edquel Port\u00f5es do Olimpo na 1xBet Brasil \u2013 Jogue online\",\"isPartOf\":{\"@id\":\"https:\/\/1xbets.plus\/br\/#website\"},\"datePublished\":\"2026-03-06T10:21:04+00:00\",\"dateModified\":\"2026-03-31T12:27:13+00:00\",\"description\":\"Jogue Port\u00f5es do Olimpo online na 1xBet e experimente o lend\u00e1rio ca\u00e7a-n\u00edquel Zeus, com multiplicadores poderosos e emocionantes recursos de b\u00f4nus.\",\"inLanguage\":\"pt-BR\",\"potentialAction\":[{\"@type\":\"ReadAction\",\"target\":[\"https:\/\/1xbets.plus\/br\/gates-of-olympus\/\"]}]},{\"@type\":\"WebSite\",\"@id\":\"https:\/\/1xbets.plus\/br\/#website\",\"url\":\"https:\/\/1xbets.plus\/br\/\",\"name\":\"1xbet Boost BR\",\"description\":\"My WordPress Blog\",\"potentialAction\":[{\"@type\":\"SearchAction\",\"target\":{\"@type\":\"EntryPoint\",\"urlTemplate\":\"https:\/\/1xbets.plus\/br\/?s={search_term_string}\"},\"query-input\":{\"@type\":\"PropertyValueSpecification\",\"valueRequired\":true,\"valueName\":\"search_term_string\"}}],\"inLanguage\":\"pt-BR\"}]}<\/script>\n<!-- \/ Yoast SEO plugin. -->","yoast_head_json":{"title":"Ca\u00e7a-n\u00edquel Port\u00f5es do Olimpo na 1xBet Brasil \u2013 Jogue online","description":"Jogue Port\u00f5es do Olimpo online na 1xBet e experimente o lend\u00e1rio ca\u00e7a-n\u00edquel Zeus, com multiplicadores poderosos e emocionantes recursos de b\u00f4nus.","robots":{"index":"index","follow":"follow","max-snippet":"max-snippet:-1","max-image-preview":"max-image-preview:large","max-video-preview":"max-video-preview:-1"},"og_locale":"pt_BR","og_type":"article","og_title":"Ca\u00e7a-n\u00edquel Port\u00f5es do Olimpo na 1xBet Brasil \u2013 Jogue online","og_description":"Jogue Port\u00f5es do Olimpo online na 1xBet e experimente o lend\u00e1rio ca\u00e7a-n\u00edquel Zeus, com multiplicadores poderosos e emocionantes recursos de b\u00f4nus.","og_url":"https:\/\/1xbets.plus\/br\/gates-of-olympus\/","og_site_name":"1xbet Boost BR","article_modified_time":"2026-03-31T12:27:13+00:00","twitter_card":"summary_large_image","schema":{"@context":"https:\/\/schema.org","@graph":[{"@type":"WebPage","@id":"https:\/\/1xbets.plus\/br\/gates-of-olympus\/","url":"https:\/\/1xbets.plus\/br\/gates-of-olympus\/","name":"Ca\u00e7a-n\u00edquel Port\u00f5es do Olimpo na 1xBet Brasil \u2013 Jogue online","isPartOf":{"@id":"https:\/\/1xbets.plus\/br\/#website"},"datePublished":"2026-03-06T10:21:04+00:00","dateModified":"2026-03-31T12:27:13+00:00","description":"Jogue Port\u00f5es do Olimpo online na 1xBet e experimente o lend\u00e1rio ca\u00e7a-n\u00edquel Zeus, com multiplicadores poderosos e emocionantes recursos de b\u00f4nus.","inLanguage":"pt-BR","potentialAction":[{"@type":"ReadAction","target":["https:\/\/1xbets.plus\/br\/gates-of-olympus\/"]}]},{"@type":"WebSite","@id":"https:\/\/1xbets.plus\/br\/#website","url":"https:\/\/1xbets.plus\/br\/","name":"1xbet Boost BR","description":"My WordPress Blog","potentialAction":[{"@type":"SearchAction","target":{"@type":"EntryPoint","urlTemplate":"https:\/\/1xbets.plus\/br\/?s={search_term_string}"},"query-input":{"@type":"PropertyValueSpecification","valueRequired":true,"valueName":"search_term_string"}}],"inLanguage":"pt-BR"}]}},"_links":{"self":[{"href":"https:\/\/1xbets.plus\/br\/wp-json\/wp\/v2\/pages\/819","targetHints":{"allow":["GET"]}}],"collection":[{"href":"https:\/\/1xbets.plus\/br\/wp-json\/wp\/v2\/pages"}],"about":[{"href":"https:\/\/1xbets.plus\/br\/wp-json\/wp\/v2\/types\/page"}],"author":[{"embeddable":true,"href":"https:\/\/1xbets.plus\/br\/wp-json\/wp\/v2\/users\/1"}],"replies":[{"embeddable":true,"href":"https:\/\/1xbets.plus\/br\/wp-json\/wp\/v2\/comments?post=819"}],"version-history":[{"count":4,"href":"https:\/\/1xbets.plus\/br\/wp-json\/wp\/v2\/pages\/819\/revisions"}],"predecessor-version":[{"id":949,"href":"https:\/\/1xbets.plus\/br\/wp-json\/wp\/v2\/pages\/819\/revisions\/949"}],"wp:attachment":[{"href":"https:\/\/1xbets.plus\/br\/wp-json\/wp\/v2\/media?parent=819"}],"curies":[{"name":"wp","href":"https:\/\/api.w.org\/{rel}","templated":true}]}}