{"id":770,"date":"2026-03-04T14:34:51","date_gmt":"2026-03-04T14:34:51","guid":{"rendered":"https:\/\/1xbets.plus\/br\/?page_id=770"},"modified":"2026-03-31T14:19:12","modified_gmt":"2026-03-31T14:19:12","slug":"tennis","status":"publish","type":"page","link":"https:\/\/1xbets.plus\/br\/tennis\/","title":{"rendered":"T\u00eanis"},"content":{"rendered":"","protected":false},"excerpt":{"rendered":"","protected":false},"author":1,"featured_media":0,"parent":0,"menu_order":0,"comment_status":"closed","ping_status":"closed","template":"","meta":{"footnotes":""},"class_list":["post-770","page","type-page","status-publish","hentry"],"yoast_head":"<!-- This site is optimized with the Yoast SEO plugin v26.2 - https:\/\/yoast.com\/wordpress\/plugins\/seo\/ -->\n<title>Apostas em t\u00eanis na 1xBet Brasil \u2705ATP, WTA e Grand Slams<\/title>\n<meta name=\"description\" content=\"Aproveite as apostas em t\u00eanis na 1xBet com odds ao vivo em eventos da ATP, WTA e Grand Slam. Pagamentos r\u00e1pidos e mercados de apostas empolgantes dispon\u00edveis online.\" \/>\n<meta name=\"robots\" content=\"index, follow, max-snippet:-1, max-image-preview:large, max-video-preview:-1\" \/>\n<meta property=\"og:locale\" content=\"pt_BR\" \/>\n<meta property=\"og:type\" content=\"article\" \/>\n<meta property=\"og:title\" content=\"Apostas em t\u00eanis na 1xBet Brasil \u2705ATP, WTA e Grand Slams\" \/>\n<meta property=\"og:description\" content=\"Aproveite as apostas em t\u00eanis na 1xBet com odds ao vivo em eventos da ATP, WTA e Grand Slam. Pagamentos r\u00e1pidos e mercados de apostas empolgantes dispon\u00edveis online.\" \/>\n<meta property=\"og:url\" content=\"https:\/\/1xbets.plus\/br\/tennis\/\" \/>\n<meta property=\"og:site_name\" content=\"1xbet Boost BR\" \/>\n<meta property=\"article:modified_time\" content=\"2026-03-31T14:19:12+00:00\" \/>\n<meta name=\"twitter:card\" content=\"summary_large_image\" \/>\n<script type=\"application\/ld+json\" class=\"yoast-schema-graph\">{\"@context\":\"https:\/\/schema.org\",\"@graph\":[{\"@type\":\"WebPage\",\"@id\":\"https:\/\/1xbets.plus\/br\/tennis\/\",\"url\":\"https:\/\/1xbets.plus\/br\/tennis\/\",\"name\":\"Apostas em t\u00eanis na 1xBet Brasil \u2705ATP, WTA e Grand Slams\",\"isPartOf\":{\"@id\":\"https:\/\/1xbets.plus\/br\/#website\"},\"datePublished\":\"2026-03-04T14:34:51+00:00\",\"dateModified\":\"2026-03-31T14:19:12+00:00\",\"description\":\"Aproveite as apostas em t\u00eanis na 1xBet com odds ao vivo em eventos da ATP, WTA e Grand Slam. Pagamentos r\u00e1pidos e mercados de apostas empolgantes dispon\u00edveis online.\",\"inLanguage\":\"pt-BR\",\"potentialAction\":[{\"@type\":\"ReadAction\",\"target\":[\"https:\/\/1xbets.plus\/br\/tennis\/\"]}]},{\"@type\":\"WebSite\",\"@id\":\"https:\/\/1xbets.plus\/br\/#website\",\"url\":\"https:\/\/1xbets.plus\/br\/\",\"name\":\"1xbet Boost BR\",\"description\":\"My WordPress Blog\",\"potentialAction\":[{\"@type\":\"SearchAction\",\"target\":{\"@type\":\"EntryPoint\",\"urlTemplate\":\"https:\/\/1xbets.plus\/br\/?s={search_term_string}\"},\"query-input\":{\"@type\":\"PropertyValueSpecification\",\"valueRequired\":true,\"valueName\":\"search_term_string\"}}],\"inLanguage\":\"pt-BR\"}]}<\/script>\n<!-- \/ Yoast SEO plugin. -->","yoast_head_json":{"title":"Apostas em t\u00eanis na 1xBet Brasil \u2705ATP, WTA e Grand Slams","description":"Aproveite as apostas em t\u00eanis na 1xBet com odds ao vivo em eventos da ATP, WTA e Grand Slam. Pagamentos r\u00e1pidos e mercados de apostas empolgantes dispon\u00edveis online.","robots":{"index":"index","follow":"follow","max-snippet":"max-snippet:-1","max-image-preview":"max-image-preview:large","max-video-preview":"max-video-preview:-1"},"og_locale":"pt_BR","og_type":"article","og_title":"Apostas em t\u00eanis na 1xBet Brasil \u2705ATP, WTA e Grand Slams","og_description":"Aproveite as apostas em t\u00eanis na 1xBet com odds ao vivo em eventos da ATP, WTA e Grand Slam. Pagamentos r\u00e1pidos e mercados de apostas empolgantes dispon\u00edveis online.","og_url":"https:\/\/1xbets.plus\/br\/tennis\/","og_site_name":"1xbet Boost BR","article_modified_time":"2026-03-31T14:19:12+00:00","twitter_card":"summary_large_image","schema":{"@context":"https:\/\/schema.org","@graph":[{"@type":"WebPage","@id":"https:\/\/1xbets.plus\/br\/tennis\/","url":"https:\/\/1xbets.plus\/br\/tennis\/","name":"Apostas em t\u00eanis na 1xBet Brasil \u2705ATP, WTA e Grand Slams","isPartOf":{"@id":"https:\/\/1xbets.plus\/br\/#website"},"datePublished":"2026-03-04T14:34:51+00:00","dateModified":"2026-03-31T14:19:12+00:00","description":"Aproveite as apostas em t\u00eanis na 1xBet com odds ao vivo em eventos da ATP, WTA e Grand Slam. Pagamentos r\u00e1pidos e mercados de apostas empolgantes dispon\u00edveis online.","inLanguage":"pt-BR","potentialAction":[{"@type":"ReadAction","target":["https:\/\/1xbets.plus\/br\/tennis\/"]}]},{"@type":"WebSite","@id":"https:\/\/1xbets.plus\/br\/#website","url":"https:\/\/1xbets.plus\/br\/","name":"1xbet Boost BR","description":"My WordPress Blog","potentialAction":[{"@type":"SearchAction","target":{"@type":"EntryPoint","urlTemplate":"https:\/\/1xbets.plus\/br\/?s={search_term_string}"},"query-input":{"@type":"PropertyValueSpecification","valueRequired":true,"valueName":"search_term_string"}}],"inLanguage":"pt-BR"}]}},"_links":{"self":[{"href":"https:\/\/1xbets.plus\/br\/wp-json\/wp\/v2\/pages\/770","targetHints":{"allow":["GET"]}}],"collection":[{"href":"https:\/\/1xbets.plus\/br\/wp-json\/wp\/v2\/pages"}],"about":[{"href":"https:\/\/1xbets.plus\/br\/wp-json\/wp\/v2\/types\/page"}],"author":[{"embeddable":true,"href":"https:\/\/1xbets.plus\/br\/wp-json\/wp\/v2\/users\/1"}],"replies":[{"embeddable":true,"href":"https:\/\/1xbets.plus\/br\/wp-json\/wp\/v2\/comments?post=770"}],"version-history":[{"count":4,"href":"https:\/\/1xbets.plus\/br\/wp-json\/wp\/v2\/pages\/770\/revisions"}],"predecessor-version":[{"id":960,"href":"https:\/\/1xbets.plus\/br\/wp-json\/wp\/v2\/pages\/770\/revisions\/960"}],"wp:attachment":[{"href":"https:\/\/1xbets.plus\/br\/wp-json\/wp\/v2\/media?parent=770"}],"curies":[{"name":"wp","href":"https:\/\/api.w.org\/{rel}","templated":true}]}}